{"id":10009,"date":"2025-12-16T09:30:08","date_gmt":"2025-12-16T09:30:08","guid":{"rendered":"https:\/\/hubertpietka.bialystok.pl\/?page_id=10009"},"modified":"2025-12-16T09:30:08","modified_gmt":"2025-12-16T09:30:08","slug":"szatany-bydlaki-bestie-lajdaki-a-plan-szatana-obludy-wierutnej-ku-zbrodniom","status":"publish","type":"page","link":"https:\/\/hubertpietka.bialystok.pl\/?page_id=10009","title":{"rendered":"Szatany bydlaki bestie \u0142ajdaki \/ a plan szatana &#8211; ob\u0142udy wierutnej ku zbrodniom"},"content":{"rendered":"\n<p>1.<br>Szatany czyli *<strong>S-hate-any<\/strong>* bo<br>*<strong>Z hate<\/strong>* (z nienawi\u015bci do) *<strong>Any<\/strong>*<br>A do mnie bo<br>Do Boga tak naprawd\u0119<br>I dzieci Bo\u017cych pod\u0142ug prawdy<br>Nie k\u0142amstw szata\u0144skich i zbrodni<\/p>\n\n\n\n<p>2.<br>Szatany a *<strong>byd-laki<\/strong>*<br>Bo ich *<strong>byt (byle) jaki<\/strong>*<br>Byle tylko si\u0119 nachapa\u0107<br>Kosztem innych tych nienawi\u015bci niewinnych<\/p>\n\n\n\n<p>3.<br>I *<strong>best-yeahh<\/strong>* bo uwa\u017caj\u0105<br>\u017be my tylko jeste\u015bmy<br>*<strong>The best yeahh<\/strong>* a oni<br>Niech id\u0105 precz najlepiej<br>Od razu na \u015bmier\u0107<br>A co tam Pan B\u00f3g<br>Jaki\u015b nam te\u017c<br>Przecie\u017c tylko my jeste\u015bmy<br>*<strong>Best-yeahh<\/strong>* pod\u0142ug pychy i<br>Zadufania w sobie bezbrze\u017cnego<\/p>\n\n\n\n<p>I *<strong>why-daki<\/strong>* bo *<strong>dlaczego<\/strong>*<br>(Tak) *<strong>gdacz\u0105<\/strong>* byleby tylko<br>Znies\u0142awi\u0107 obgada\u0107 zeszmaci\u0107 tak gdacz\u0105<\/p>\n\n\n\n<figure class=\"wp-block-gallery has-nested-images columns-default is-cropped wp-block-gallery-1 is-layout-flex wp-block-gallery-is-layout-flex\">\n<figure class=\"wp-block-image size-large\"><a href=\"https:\/\/hubertpietka.bialystok.pl\/wp-content\/uploads\/2025\/12\/1000039957.jpg\"><img loading=\"lazy\" decoding=\"async\" width=\"771\" height=\"1024\" data-id=\"10010\" src=\"https:\/\/hubertpietka.bialystok.pl\/wp-content\/uploads\/2025\/12\/1000039957-771x1024.jpg\" alt=\"\" class=\"wp-image-10010\" srcset=\"https:\/\/hubertpietka.bialystok.pl\/wp-content\/uploads\/2025\/12\/1000039957-771x1024.jpg 771w, https:\/\/hubertpietka.bialystok.pl\/wp-content\/uploads\/2025\/12\/1000039957-226x300.jpg 226w, https:\/\/hubertpietka.bialystok.pl\/wp-content\/uploads\/2025\/12\/1000039957-768x1021.jpg 768w, https:\/\/hubertpietka.bialystok.pl\/wp-content\/uploads\/2025\/12\/1000039957-1156x1536.jpg 1156w, https:\/\/hubertpietka.bialystok.pl\/wp-content\/uploads\/2025\/12\/1000039957.jpg 1204w\" sizes=\"auto, (max-width: 771px) 100vw, 771px\" \/><\/a><\/figure>\n<\/figure>\n\n\n\n<p><em>Czyli taki plan maj\u0105<br>Ca\u0142kowicie pod\u0142ug szatana te szatany<br>Totalno\u015bci z\u0142a ku zbrodniom<br>Zniszczy\u0107 moj\u0105 \u017con\u0119 rodzic\u00f3w rodze\u0144stwo<br>By ta cz\u0119\u015b\u0107 rodziny znieprawiona<br>Zrobi\u0142a ze mn\u0105 co chc\u0105<br>Te szata\u0144skie bestie \u0142ajdaki wszelkie<br>Czyli taki plan maj\u0105<br>W szatanie te szatany<br>Ale te\u017c najpierw trzeba zniszczy\u0107<br>T\u0105 moj\u0105 prac\u0119 by \u0142ajdacy<br>Nie mieli przeciwno\u015bci do wszelkich<br>Tych zepsutych wierutnie szata\u0144stw swych<br>A przecie\u017c te szatany maj\u0105<br>Te\u017c do dyspozycji swej zawsze<br>Bardzo du\u017co r\u00f3\u017cnych \u015bmierci mo\u017cliwo\u015bci<br>Wszystko w szatanie u bestii<br>I tego zepsutego \u0142ajdactwa ca\u0142ego<\/em><\/p>\n\n\n\n<p><em>Podobnie te\u017c z wszelkimi zniewoleniami<br>I uderzeniami na wiele sposob\u00f3w<br>W nas naszych i nasze<br>Totalnie zepsute szatany bestie \u0142ajdaki<\/em><\/p>\n","protected":false},"excerpt":{"rendered":"<p>1.Szatany czyli *S-hate-any* bo*Z hate* (z nienawi\u015bci do) *Any*A do mnie boDo Boga tak naprawd\u0119I dzieci Bo\u017cych pod\u0142ug prawdyNie k\u0142amstw szata\u0144skich i zbrodni 2.Szatany a&hellip; <\/p>\n","protected":false},"author":1,"featured_media":0,"parent":0,"menu_order":0,"comment_status":"closed","ping_status":"closed","template":"","meta":{"footnotes":""},"class_list":["post-10009","page","type-page","status-publish","hentry"],"_links":{"self":[{"href":"https:\/\/hubertpietka.bialystok.pl\/index.php?rest_route=\/wp\/v2\/pages\/10009","targetHints":{"allow":["GET"]}}],"collection":[{"href":"https:\/\/hubertpietka.bialystok.pl\/index.php?rest_route=\/wp\/v2\/pages"}],"about":[{"href":"https:\/\/hubertpietka.bialystok.pl\/index.php?rest_route=\/wp\/v2\/types\/page"}],"author":[{"embeddable":true,"href":"https:\/\/hubertpietka.bialystok.pl\/index.php?rest_route=\/wp\/v2\/users\/1"}],"replies":[{"embeddable":true,"href":"https:\/\/hubertpietka.bialystok.pl\/index.php?rest_route=%2Fwp%2Fv2%2Fcomments&post=10009"}],"version-history":[{"count":1,"href":"https:\/\/hubertpietka.bialystok.pl\/index.php?rest_route=\/wp\/v2\/pages\/10009\/revisions"}],"predecessor-version":[{"id":10011,"href":"https:\/\/hubertpietka.bialystok.pl\/index.php?rest_route=\/wp\/v2\/pages\/10009\/revisions\/10011"}],"wp:attachment":[{"href":"https:\/\/hubertpietka.bialystok.pl\/index.php?rest_route=%2Fwp%2Fv2%2Fmedia&parent=10009"}],"curies":[{"name":"wp","href":"https:\/\/api.w.org\/{rel}","templated":true}]}}