{"id":10014,"date":"2025-12-16T22:59:43","date_gmt":"2025-12-16T22:59:43","guid":{"rendered":"https:\/\/hubertpietka.bialystok.pl\/?page_id=10014"},"modified":"2025-12-16T22:59:43","modified_gmt":"2025-12-16T22:59:43","slug":"nie-ma-innej-drogi-boga-niz-stawanie-w-prawdzie-wbrew-obludnym-klamstwom-dazen-zbrodniczych-bestii-i-rownie-lajdactwa-zepsutego","status":"publish","type":"page","link":"https:\/\/hubertpietka.bialystok.pl\/?page_id=10014","title":{"rendered":"Nie ma innej drogi Boga \/ ni\u017c stawanie w prawdzie &#8211; wbrew ob\u0142udnym k\u0142amstwom d\u0105\u017ce\u0144 zbrodniczych \/ bestii i r\u00f3wnie \u0142ajdactwa zepsutego"},"content":{"rendered":"\n<p>1.<br>Przykazanie prawdy do<br><em>Spo\u0142ecznej Krucjaty Mi\u0142o\u015bci<\/em><br>B\u0142. Kard. Stefana Wyszy\u0144skiego<br>Nie tylko dla Polski<br>Przykazanie Prawdy adekwatne do Mi\u0142o\u015bci<\/p>\n\n\n\n<p><strong>B\u0119dziesz m\u00f3wi\u0142 prawd\u0119 w Bogu<br>Je\u015bli trzeba twardo nawet je\u015bli<br>Si\u0119 to nie podoba komu\u015b<br>B\u0119dziesz stawa\u0142 w prawdzie<br>Wzgl\u0119dem ludzi i Boga<\/strong><\/p>\n\n\n\n<p>A rozwijaj\u0105c t\u0105 Bo\u017c\u0105 tre\u015b\u0107<br>Jak masz zas\u0142u\u017cy\u0107 na<br>Bo\u017ce mi\u0142osierdzie je\u015bli stawa\u0107<br>W prawdzie nie b\u0119dziesz<br>Wobec Boga i ludzi<br>Je\u015bli kierowa\u0107 si\u0119 pych\u0105 b\u0119dziesz<br>Zas\u0142ugujesz na sprawiedliwo\u015b\u0107 nie mi\u0142osierdzie<\/p>\n\n\n\n<p>I m\u00f3w twardo nawet<br>Do wszelkich Boga przeciwnik\u00f3w szatan\u00f3w<br>Mo\u017ce si\u0119 opami\u0119taj\u0105 i nawr\u00f3c\u0105<br>Inaczej czeka ich karz\u0105ca<br>Bo\u017ca sprawiedliwo\u015b\u0107 wbrew landrynkowanemu \u015bwiatu<br>Kt\u00f3ry lansuj\u0105 wsz\u0119dzie mistyfikatorzy prawdy<br>I spraw ludzkich w Bogu<\/p>\n\n\n\n<p>2.<br>M\u00f3w prawd\u0119 nawet mocno twardo<br>Nawet je\u015bli si\u0119 to<br>Nie podoba tym wszystkim *<strong>bi-esom<\/strong>*<br>Bestiom i \u0142ajdakom bo oni<br>By chcieli by\u0107 *<strong>be asami<\/strong>*<br>A s\u0105 zwyk\u0142ymi w z\u0142u<br>Wszelkim zreszt\u0105 popapra\u0144cami<br>Bo w z\u0142u chc\u0105 si\u0119<br>Fajda\u0107 ci\u0105gle ci zasta\u0144cy<br>Nie tylko wobec nas naszego<br>I naszych ale i innych<br>Z\u0142a dedykowanego przez tych niewinnym<\/p>\n\n\n\n<p>Oni ju\u017c s\u0105 chyba ca\u0142kowicie<br>Op\u0119tani w z\u0142u w zbrodniach<br>Do kt\u00f3rych na wszelkie k\u0142amliwie<br>Ob\u0142udne sposoby nieustannie d\u0105\u017c\u0105<br>Zupe\u0142nie ju\u017c chyba zdebileli po\u017c\u0105daniami<br>Z\u0142a i zbrodni bo to<br>Upo\u015bledza totalnie naturalne pragnienia dobra<br>Dla innych a oni<br>\u0141ajdaki i bestie si\u0119 zamkn\u0119li<br>W z\u0142u szata\u0144skim na zab\u00f3j<br>Chorzy ob\u0142\u0119dem \u015bmierci zniewolenia zniszcze\u0144<br>Totalnie ju\u017c im si\u0119 pod\u0142ug<br>Predykatyw szatana w g\u0142owach poprzestawia\u0142o<\/p>\n\n\n\n<p>4.<br>A teraz paradoks szata\u0144skich bestii<br>I \u0142ajdak\u00f3w jeszcze taki<br>Te szatany przecie\u017c wszelkie<br>Walcz\u0105 wszelkim z\u0142em z tymi<br>Bo\u017cymi dzie\u0107mi dzi\u0119ki kt\u00f3rym B\u00f3g<br>Jeszcze ten \u015bwiat podtrzymuje<br>Oni z nimi walcz\u0105 totalnie<br>Na zab\u00f3j a dzi\u0119ki ich<br>\u017byciu i wytrwaniu trwa jeszcze<br>Ten chory \u015bwiat spaprany ob\u0142\u0119dem<br>Tych bestii i \u0142ajdak\u00f3w wszelkich<\/p>\n\n\n\n<p>Co to za g\u0142upi \u015bwiat<br>Kt\u00f3ry uderza w podstaw\u0119 bytu<br>Dzi\u0119ki kt\u00f3rej trwa<br>Taki Bo\u017cy paradoks wobec<br>Tych bestii i \u0142ajdak\u00f3w<br>&#8222;Podcinaj\u0105 ga\u0142\u0105\u017a na kt\u00f3rej siedz\u0105&#8221;<br>\u017beby przywali\u0142a ona wszystkich<br>Nie ja to wymy\u015bli\u0142em<br>To Bo\u017ca sprawa czy to<br>Si\u0119 komu\u015b podoba czy nie<br>Raz tylko sprawdzicie si\u0119 przekonacie<br>Odwrotu nie b\u0119dzie wbrew k\u0142amstwom<br>Szata\u0144skim r\u00f3\u017cnych zepsutych z\u0142em wszelkich<\/p>\n\n\n\n<p>5.<br>A na koniec akcent pozytywny<br>Oczywi\u015bcie nie dla bestii \u0142ajdactwa<br>Bo tylko w sakramentalnym ma\u0142\u017ce\u0144stwie<br>Ma\u0142\u017conkowie mog\u0105 o sobie m\u00f3wi\u0107<br>&#8222;My&#8221; w Bogu prawdy pe\u0142ni\u0105<br>Wbrew tym szatanom wszelkim<br>Kt\u00f3rzy zgodnie z zapowiedzi\u0105 fatimsk\u0105<br>Chc\u0105 zniszczy\u0107 to ma\u0142\u017ce\u0144stwo<br>Ich wszystko i t\u0105 rodzin\u0119<br>I to jest walka ostateczna<br>Pomi\u0119dzy dzie\u0107mi diab\u0142a a<br>Bo\u017cymi dzie\u0107mi czy si\u0119 to<br>Komu\u015b podoba czy nie<br>Raz tylko si\u0119 przekonacie<br>A potem zatrata bo my<br>Tak walczymy w zgodzie<br>Z Bo\u017cym zamys\u0142em jak te<br>Biesy ca\u0142kowicie pod\u0142ug szatana<br>W po\u017c\u0105daniach zbrodni<br>I wszelkiej ob\u0142udzie k\u0142amstw<\/p>\n\n\n\n<p class=\"has-text-align-left\"><strong><em><a href=\"https:\/\/youtu.be\/78xqDDUq050?si=3835bhQgQIfe9MmM\">Magda Umer &#8211; Jeszcze poczekajmy <\/a><\/em><\/strong><\/p>\n\n\n\n<figure class=\"wp-block-image size-large\"><a href=\"https:\/\/hubertpietka.bialystok.pl\/wp-content\/uploads\/2025\/12\/1000040076-scaled.jpg\"><img loading=\"lazy\" decoding=\"async\" width=\"771\" height=\"1024\" src=\"https:\/\/hubertpietka.bialystok.pl\/wp-content\/uploads\/2025\/12\/1000040076-771x1024.jpg\" alt=\"\" class=\"wp-image-10015\" srcset=\"https:\/\/hubertpietka.bialystok.pl\/wp-content\/uploads\/2025\/12\/1000040076-771x1024.jpg 771w, https:\/\/hubertpietka.bialystok.pl\/wp-content\/uploads\/2025\/12\/1000040076-226x300.jpg 226w, https:\/\/hubertpietka.bialystok.pl\/wp-content\/uploads\/2025\/12\/1000040076-768x1020.jpg 768w, https:\/\/hubertpietka.bialystok.pl\/wp-content\/uploads\/2025\/12\/1000040076-1157x1536.jpg 1157w, https:\/\/hubertpietka.bialystok.pl\/wp-content\/uploads\/2025\/12\/1000040076-1542x2048.jpg 1542w, https:\/\/hubertpietka.bialystok.pl\/wp-content\/uploads\/2025\/12\/1000040076-scaled.jpg 1928w\" sizes=\"auto, (max-width: 771px) 100vw, 771px\" \/><\/a><\/figure>\n\n\n\n<p><strong>Na zdj. Szatany nawet samochody odpowiednio<br>Se ustawiaj\u0105 by by\u0142o pod\u0142ug<br>Ich k\u0142amstw ob\u0142udy ku zbrodniom<br>Zawsze chc\u0105 przecie\u017c wpieprzy\u0107 niebieski<br>Niby w odpowiednim k\u0142amliwym stosunku<br>Do mnie i swych wszelkich<br>Zbrodni pod\u0142ug ob\u0142udy wierutnie chorej<br>W g\u0142owach im si\u0119 poprzestawia\u0142o<br>\u017be tak ma by\u0107 jak<br>Se samochody debilnie popodstawiaj\u0105<br>Jakby mnie sko\u0144czone szatany mog\u0142y<br>Zmusi\u0107 do bycia z kimkolwiek<br>Zw\u0142aszcza kosztem \u017cycia mojej \u017cony<br>Czy cho\u0107by tego owczareczka<br>Ob\u0142\u0119d op\u0119tania tych w z\u0142u zbrodni<br>Chyba jest ju\u017c niezmierzony<\/strong><\/p>\n\n\n\n<p><strong>I jeszcze paradoks tego zdj\u0119cia<br>Jest taki \u017ce ten bydlak<br>Kt\u00f3ry kontestuje ob\u0142\u0119dem bestii<br>Ten nasz samoch\u00f3d bia\u0142y<br>Niechc\u0105cy stworzy\u0142 obraz bia\u0142o-czerwony<br>Jak polska flaga to chyba<br>Nie by\u0142o zamiarem tego \u0142ajdaka<br>A co\u015b czuj\u0119 w ko\u015bciach<br>\u017be te bestie i \u0142ajdaki<br>Nienawidz\u0105 polsko\u015bci w jej tre\u015bci<br>Pod\u0142ug cho\u0107by Bo\u017cych warto\u015bci<br>Czy te\u017c uniwersalnych komunistycznie lewacko<br>Czytaj k\u0142amliwie nie rozgrywaliby przecie\u017c<br>Tego wszystkiego pod\u0142ug najgorszej ob\u0142udy<br>Ci te\u017c \u0142ajdacy wszelcy zepsuci<br>Ob\u0142\u0119dem ob\u0142udnych po\u017c\u0105da\u0144 zbrodni bestii<\/strong><\/p>\n\n\n\n<p><em>Ps. Powiedzia\u0142bym to wszystko twardziej mocniej<br>Ale gazuj\u0105 wsz\u0119dzie te biesy<br>Gdziekolwiek zreszt\u0105 jeste\u015bmy nie tylko  k\u0142amstwem<\/em> <em>cho\u0107by<\/em> <\/p>\n","protected":false},"excerpt":{"rendered":"<p>1.Przykazanie prawdy doSpo\u0142ecznej Krucjaty Mi\u0142o\u015bciB\u0142. Kard. Stefana Wyszy\u0144skiegoNie tylko dla PolskiPrzykazanie Prawdy adekwatne do Mi\u0142o\u015bci B\u0119dziesz m\u00f3wi\u0142 prawd\u0119 w BoguJe\u015bli trzeba twardo nawet je\u015bliSi\u0119 to&hellip; <\/p>\n","protected":false},"author":1,"featured_media":0,"parent":0,"menu_order":0,"comment_status":"closed","ping_status":"closed","template":"","meta":{"footnotes":""},"class_list":["post-10014","page","type-page","status-publish","hentry"],"_links":{"self":[{"href":"https:\/\/hubertpietka.bialystok.pl\/index.php?rest_route=\/wp\/v2\/pages\/10014","targetHints":{"allow":["GET"]}}],"collection":[{"href":"https:\/\/hubertpietka.bialystok.pl\/index.php?rest_route=\/wp\/v2\/pages"}],"about":[{"href":"https:\/\/hubertpietka.bialystok.pl\/index.php?rest_route=\/wp\/v2\/types\/page"}],"author":[{"embeddable":true,"href":"https:\/\/hubertpietka.bialystok.pl\/index.php?rest_route=\/wp\/v2\/users\/1"}],"replies":[{"embeddable":true,"href":"https:\/\/hubertpietka.bialystok.pl\/index.php?rest_route=%2Fwp%2Fv2%2Fcomments&post=10014"}],"version-history":[{"count":1,"href":"https:\/\/hubertpietka.bialystok.pl\/index.php?rest_route=\/wp\/v2\/pages\/10014\/revisions"}],"predecessor-version":[{"id":10016,"href":"https:\/\/hubertpietka.bialystok.pl\/index.php?rest_route=\/wp\/v2\/pages\/10014\/revisions\/10016"}],"wp:attachment":[{"href":"https:\/\/hubertpietka.bialystok.pl\/index.php?rest_route=%2Fwp%2Fv2%2Fmedia&parent=10014"}],"curies":[{"name":"wp","href":"https:\/\/api.w.org\/{rel}","templated":true}]}}