{"id":10018,"date":"2025-12-18T09:27:09","date_gmt":"2025-12-18T09:27:09","guid":{"rendered":"https:\/\/hubertpietka.bialystok.pl\/?page_id=10018"},"modified":"2025-12-18T09:27:09","modified_gmt":"2025-12-18T09:27:09","slug":"gwiazdy-bestii-szatanskich-femme-fatale-zepsute-zarowno-obludy-wszelkiej-szatanstwem","status":"publish","type":"page","link":"https:\/\/hubertpietka.bialystok.pl\/?page_id=10018","title":{"rendered":"Gwiazdy bestii szata\u0144skich &#8211; femme fatale \/ zepsute zar\u00f3wno ob\u0142udy wszelkiej szata\u0144stwem"},"content":{"rendered":"\n<p>Obok tych szata\u0144skich bestii s\u0105<br>Te\u017c wiadomo przecie\u017c bydlaki odpowiednie<br>Ale s\u0105 te\u017c gwiazdy bestii<br>\u0141ajdaczki zepsute zar\u00f3wno bestii ob\u0142ud\u0105<br>I \u017c\u0105dz\u0105 si\u0119 nachapania<br>Czyim\u015b kosztem jak piranie<br>Z bestiami kogo\u015b po\u017cera\u0107<br>By przej\u0105\u0107 spu\u015bcizn\u0119 po nim<br>Wbrew pa\u0144stwu prawa a<br>W zgodzie z totalno\u015bci\u0105 z\u0142a<br>Tych bestii kt\u00f3re mianowa\u0107 mog\u0105<br>Kogo chc\u0105 przecie\u017c pod\u0142ug szata\u0144stwa<br>Totalizmu z\u0142a tych bestii<br>Na sukcesor\u00f3w czyjego\u015b dobra<br>Zw\u0142aszcza gdy zabij\u0105 w\u0142a\u015bcicieli podmiot\u00f3w<br>Niby prawnych w bestii totalitaryzmie<\/p>\n\n\n\n<p>I tak widz\u0119 \u017ce ksi\u0119g\u00f3weczka<br>W mojej firmie gwiazda bestii<br>Ma j\u0105 przej\u0105\u0107 jak zabij\u0105<br>Szatany w\u0142a\u015bcicieli i wiernego wsp\u00f3\u0142pracownika<br>Tego g\u0142\u00f3wnego \u0142\u0105cznie z nimi<br>Ju\u017c to g\u00f3wniara pr\u00f3buje rozgrywa\u0107<br>Ca\u0142kowicie pod\u0142ug tych bestii wytycznych<br>By mnie te\u017c wyeliminowa\u0107<br>Z tej firmy i jeszcze<br>Pod\u0142ug ca\u0142kowicie szata\u0144stwa tych bestii<br>I jej \u0142ajdactwa ma mnie<br>Mo\u017ce oskar\u017cy\u0107 o jakie\u015b nadu\u017cycia<br>Przecie\u017c widz\u0119 co si\u0119 rozgrywa<br>Tutaj przeciwko mnie ta hijena<br>Czyhaj\u0105ca na czyj\u0105\u015b spu\u015bcizn\u0119<br>Rozgrywa\u0107 ma pod\u0142ug bestii wszystko<br>Nagle si\u0119 b\u0119dzie rewidowa\u0107<br>Czas ogl\u0119dzin i wype\u0142nianie panela<br>Pod\u0142ug bestii oczywi\u015bcie niewa\u017cny przecie\u017c<br>Trud w\u0142o\u017cony w przygotowanie zlecenia<br>B\u0119dzie si\u0119 weryfikowa\u0107 \u015bcie\u017cki jazdy<br>Zreszt\u0105 wszystko g\u00f3wniareczka wierutna<br>Ma przecie\u017c robi\u0107 pod\u0142ug bestii<br>Skoro te szatany jej firm\u0119<br>Prawowiernych w\u0142a\u015bcicieli obiecali oczywi\u015bcie jak<br>Te szatany swych zbrodni dokonaj\u0105<br>A g\u00f3wniareczka i gwiazda bestii<br>Ma by\u0107 przecie\u017c im<br>W ka\u017cdym \u0142ajdactwie wierna odpowiednio<br>Przecie\u017c ja widz\u0119 szatany<br>Co wy to rozgrywacie<br>Cho\u0107by przez tak\u0105 \u0142ajdack\u0105 gwiazd\u0119<br>Suma summarum mam straci\u0107 prac\u0119<br>O to od dawna przecie\u017c<br>Chodzi tym bestiom szata\u0144skim<br>Podobnie to pr\u00f3bowali rozgrywa\u0107<br>Z tym Elfem szatany ob\u0142udne<br>To jest przecie\u017c cel szata\u0144ski<br>Tych bestii g\u0142\u00f3wny i cho\u0107by<br>\u0141ajdactwa takiego w wyrazie zepsutym<br>Jak ta pieprzona ob\u0142ud\u0105<br>Tych bestii ich gwiazda<br>Zreszt\u0105 nie jedyna przecie\u017c<br>W naszych pracach aktywno\u015bciach wszelkich<\/p>\n\n\n\n<p>Podobnie w pracy mojej \u017cony<br>Maj\u0105 tak\u0105 bydlaczk\u0119 te szatany<br>Chyba zreszt\u0105 nie jedyn\u0105<br>C\u00f3reczk\u0119 s\u0142u\u017cb specjalnych komuny<br>Wi\u0119c post\u0119puj\u0105c\u0105 naturalnie pod\u0142ug bestii<br>Naturalne nast\u0119pstwo to przecie\u017c<br>Wygodnych dzieci tamtego systemu<br>A komu <em>nadawano<\/em> niby dzia\u0142ki<br>W tamtym systemie w miejscach<br>Jak <em>Nadawka<\/em> cho\u0107by takich<br>I teraz ta pieprzona przecie\u017c<br>Gwiazda bestii rozgrywa wszystko przeciwko<br>Mojej \u017conie w pracy<br>A mo\u017ce tej te\u017c szatany<br>Dyrektorstwo cho\u0107by obieca\u0142y<br>Po tej dyrektorce kt\u00f3r\u0105 maj\u0105<br>Te bestie zabi\u0107 cho\u0107by<br>Bo jest \u017cyczliwa \u017conie<br>Tak to szatany rozgrywaj\u0105<br>I ich \u0142ajdackie wszelkie gwiazdy<\/p>\n\n\n\n<p>A teraz czy\u017c w Akcencie&#8217;<br>Tym odpowiednim nie maj\u0105 te\u017c<br>Zabi\u0107 w\u0142a\u015bcicieli wuj\u00f3w by przej\u0119\u0142a<br>To kelnerka odpowiednia pod\u0142ug bestii<br>I ich \u0142ajdactw szata\u0144skich wszelkich<br>Ta w\u0142a\u015bnie kt\u00f3ra pr\u00f3bowa\u0142a mnie<br>Otru\u0107 te\u017c odpowiednio pod\u0142ug efektu<br>Kt\u00f3ry mia\u0142 by\u0107 zgodny<br>Z tych szata\u0144skimi bestiami po\u017c\u0105daniami<br>A mo\u017ce te\u017c Czerwony Adam<br>Ma przej\u0105\u0107 sprz\u0105taczka ta pod\u0142ug<br>Bestii odpowiednia albo inni pracownicy<br>Pod\u0142ug szata\u0144stw tych bestii<br>W swych \u0142ajdactwach jak zabij\u0105<br>Te szatany prawowitych w\u0142a\u015bcicieli<br>Bo przecie\u017c to system totalitarny<br>Tu bestii nie pa\u0144stwo prawa<br>Wi\u0119c bestie se mog\u0105 robi\u0107<br>Co chc\u0105 i komu chc\u0105<br>Czytaj odpowiednim \u0142ajdakom<br>Wszystko se rozporz\u0105dza\u0107 takie szatany<br>Wierutne ob\u0142udne pod\u0142e i zbrodnicze<br>Podobnie te\u017c to wszelkie \u0142ajdactwo<br>Szatany nigdy niezaspokojone w zbrodniach<br>Bo ta pieprzona pod\u0142ug bestii<br>Sprz\u0105tareczka wie te\u017c jak ugrywa\u0107<br>Nam przeciwko cho\u0107by \u017ce tylko<br>Te psy odpowiednio brudz\u0105 itp<br>Byleby\u015bmy te\u017c stracili to mieszkanie<br>Tak to przez r\u00f3\u017cne bydlaczki<br>Zar\u00f3wno jak \u0142ajdak\u00f3w wszelakich<br>Rozgrywaj\u0105 te z gruntu szatany<br>I trzeba te\u017c jak dokonaj\u0105<br>Zbrodni swych bestie i \u0142ajdaki<br>Cho\u0107by takie wyeliminowa\u0107 z miejsc<br>Tych wszelkich nam jako\u015b \u017cyczliwych<br>Albo ich zepsu\u0107 t\u0105 ob\u0142ud\u0105<br>By byli nam odpowiednio przeciwko<\/p>\n\n\n\n<figure class=\"wp-block-gallery has-nested-images columns-default is-cropped wp-block-gallery-1 is-layout-flex wp-block-gallery-is-layout-flex\">\n<figure class=\"wp-block-image size-large\"><a href=\"https:\/\/hubertpietka.bialystok.pl\/wp-content\/uploads\/2025\/12\/1000040482.jpg\"><img loading=\"lazy\" decoding=\"async\" width=\"771\" height=\"1024\" data-id=\"10019\" src=\"https:\/\/hubertpietka.bialystok.pl\/wp-content\/uploads\/2025\/12\/1000040482-771x1024.jpg\" alt=\"\" class=\"wp-image-10019\" srcset=\"https:\/\/hubertpietka.bialystok.pl\/wp-content\/uploads\/2025\/12\/1000040482-771x1024.jpg 771w, https:\/\/hubertpietka.bialystok.pl\/wp-content\/uploads\/2025\/12\/1000040482-226x300.jpg 226w, https:\/\/hubertpietka.bialystok.pl\/wp-content\/uploads\/2025\/12\/1000040482-768x1021.jpg 768w, https:\/\/hubertpietka.bialystok.pl\/wp-content\/uploads\/2025\/12\/1000040482-1156x1536.jpg 1156w, https:\/\/hubertpietka.bialystok.pl\/wp-content\/uploads\/2025\/12\/1000040482.jpg 1204w\" sizes=\"auto, (max-width: 771px) 100vw, 771px\" \/><\/a><\/figure>\n<\/figure>\n\n\n\n<p><strong>Zepsuta szata\u0144stwem ob\u0142uda bestii<br>I tych \u0142ajdak\u00f3w \u0142ajdaczek wszelakich<br>Ju\u017c do Boga g\u0142o\u015bno wo\u0142a<br>Bo nie tylko \u017ce zabi\u0107<br>Ale spu\u015bcizn\u0119 te\u017c zabra\u0107<br>I da\u0107 wszelkim zepsutym \u0142ajdakom<br>By szkodzili odpowiednio nam<br>By rozgrywali wszystko pod\u0142ug bestii<br>A dzi\u0119ki temu ob\u0142udnicy wierutni<br>Cho\u0107by tacy mog\u0105 si\u0119 nachapa\u0107<\/strong><\/p>\n","protected":false},"excerpt":{"rendered":"<p>Obok tych szata\u0144skich bestii s\u0105Te\u017c wiadomo przecie\u017c bydlaki odpowiednieAle s\u0105 te\u017c gwiazdy bestii\u0141ajdaczki zepsute zar\u00f3wno bestii ob\u0142ud\u0105I \u017c\u0105dz\u0105 si\u0119 nachapaniaCzyim\u015b kosztem jak piranieZ bestiami kogo\u015b&hellip; <\/p>\n","protected":false},"author":1,"featured_media":0,"parent":0,"menu_order":0,"comment_status":"closed","ping_status":"closed","template":"","meta":{"footnotes":""},"class_list":["post-10018","page","type-page","status-publish","hentry"],"_links":{"self":[{"href":"https:\/\/hubertpietka.bialystok.pl\/index.php?rest_route=\/wp\/v2\/pages\/10018","targetHints":{"allow":["GET"]}}],"collection":[{"href":"https:\/\/hubertpietka.bialystok.pl\/index.php?rest_route=\/wp\/v2\/pages"}],"about":[{"href":"https:\/\/hubertpietka.bialystok.pl\/index.php?rest_route=\/wp\/v2\/types\/page"}],"author":[{"embeddable":true,"href":"https:\/\/hubertpietka.bialystok.pl\/index.php?rest_route=\/wp\/v2\/users\/1"}],"replies":[{"embeddable":true,"href":"https:\/\/hubertpietka.bialystok.pl\/index.php?rest_route=%2Fwp%2Fv2%2Fcomments&post=10018"}],"version-history":[{"count":1,"href":"https:\/\/hubertpietka.bialystok.pl\/index.php?rest_route=\/wp\/v2\/pages\/10018\/revisions"}],"predecessor-version":[{"id":10020,"href":"https:\/\/hubertpietka.bialystok.pl\/index.php?rest_route=\/wp\/v2\/pages\/10018\/revisions\/10020"}],"wp:attachment":[{"href":"https:\/\/hubertpietka.bialystok.pl\/index.php?rest_route=%2Fwp%2Fv2%2Fmedia&parent=10018"}],"curies":[{"name":"wp","href":"https:\/\/api.w.org\/{rel}","templated":true}]}}