{"id":10022,"date":"2025-12-19T10:54:41","date_gmt":"2025-12-19T10:54:41","guid":{"rendered":"https:\/\/hubertpietka.bialystok.pl\/?page_id=10022"},"modified":"2025-12-19T10:54:41","modified_gmt":"2025-12-19T10:54:41","slug":"eksterminacja-szatanska-bestii-i-z-nimi-wspolpraca-rownie-zepsutego-lajdactwa-ma-zatopic-wszystkie-kregi-nasze-od-tych-najblizszych-po-najszersze","status":"publish","type":"page","link":"https:\/\/hubertpietka.bialystok.pl\/?page_id=10022","title":{"rendered":"Eksterminacja szata\u0144ska bestii &#8211; i z nimi wsp\u00f3\u0142praca r\u00f3wnie zepsutego \u0142ajdactwa \/ ma zatopi\u0107 wszystkie kr\u0119gi nasze &#8211; od tych najbli\u017cszych po najszersze"},"content":{"rendered":"\n<p>Tak jak wiedz\u0105 bydlaki r\u00f3\u017cne<br>Pod\u0142ug bestii jak \u0142ajdaczy\u0107 odpowiednio<br>W ko\u015bciele czy przy nim<br>Tak samo wiedz\u0105 r\u00f3\u017cni ob\u0142udnicy<br>Jak wsz\u0119dzie indziej pocz\u0105wszy od<br>Tych mi\u015bk\u00f3w \u0142ajdackich po innych<br>Bestii s\u0142u\u017calc\u00f3w s\u0142u\u017cbist\u00f3w zawodowych prywatnych<br>Wszelkich bydlak\u00f3w tak\u017ce p\u0142ci \u017ce\u0144skiej<br>A mo\u017ce te\u017c tzw. gender<br>Czy tam zreszt\u0105 jacy ideologi\u015bci<br>Wsp\u00f3\u0142czesnego tego \u015bwiata zepsucia<br>Czy wobec mnie czy \u017cony<br>Wiedz\u0105 przecie\u017c zawsze r\u00f3\u017cni tacy<br>Jak to robi\u0107 ob\u0142ud\u0105 niewymown\u0105<br>Bo pod\u0142ug sfingowania \u015bciem bestii<\/p>\n\n\n\n<p>A poza tym to chyba<br>Jest cz\u0119\u015b\u0107 jakiego\u015b planu szata\u0144skiego<br>Odno\u015bnie Ko\u015bcio\u0142a \u015awi\u0119tego bo prawdziwi<br>Ksi\u0119\u017ca osoby zakonne s\u0105 przecie\u017c<br>Na czarnej li\u015bcie tych bestii<br>Podobnie w prawdzie wierz\u0105cy katolicy<br>Wi\u0119c tu mo\u017ce chyba raczej<br>Chodzi o to by tych<br>Prawdziwych zast\u0105pi\u0107 bydlakami pod\u0142ug bestii<br>W Ko\u015bciele a ksi\u0119\u017cy prawdziwych<br>Tymi pacynami niewymownie te\u017c ob\u0142udnymi<br>Bo przecie\u017c to si\u0119 wpisuje<br>W plan szata\u0144skiej eksterminacji ludob\u00f3jczej<br>Katolik\u00f3w w\u0142a\u015bnie wiernych i ksi\u0119\u017cy<br>A sk\u0105d ty\u0142u katolik\u00f3w jeszcze<br>Nie starych ju\u017c na cmentarzach<br>I wtedy z takim ko\u015bcio\u0142em<br>Szatan i bestie co chc\u0105<br>To zrobi\u0105 a oni przyk\u0142asn\u0105<br>Wszystkiemu co z nich<br>Tak jak to robi\u0105 dzisiaj<br>Czy\u017c to nie jest taki<br>W\u0142a\u015bnie plan szata\u0144ski zniszczenia tego<br>Ko\u015bcio\u0142a \u015awi\u0119tego pod\u0142ug Bo\u017cej prawdy<br>By wszystko by\u0142o pod\u0142ug k\u0142amstw<br>Szatana i bestii to zar\u00f3wno<br>A takich ju\u017c \u0142ajdacz\u0105cych si\u0119<br>Przecie\u017c pod\u0142ug bestii si\u0119 przerobi<br>Do wszystkiego co s\u0142u\u017cy tym<br>Szatanom nie tylko wobec tego<br>Niewymownie ob\u0142udnym perfidnym i pod\u0142ym<br>I totalnie te\u017c zbrodniczym<br>Zajad\u0142ym w z\u0142u wszelkim<br>Wobec dzieci Bo\u017cych tych prawowiernych<\/p>\n\n\n\n<p>A poza tym szata\u0144ska eksterminacja<br>Tych bestii ma zatacza\u0107 kr\u0119gi<br>Zreszt\u0105 wszelkie pisa\u0142em ju\u017c wczoraj<br>O naszej pracy i miejscach<br>Pisa\u0142em te\u017c wielokrotnej jak dzia\u0142aj\u0105<br>Te szatany przez bydlak\u00f3w r\u00f3\u017cnych<br>By wyeliminowa\u0107 tych nam \u017cyczliwych<br>Po to by\u015bmy stracili wszelkie<br>Nasze \u017cyciowe dobra a te<br>\u0141ajdackie wszelkie hieny mog\u0142y nachapa\u0107<br>Si\u0119 odpowiednio pod\u0142ug bestii<br>Podobnie zreszt\u0105 to bydle podwijskie<br>Tu przecie\u017c jeszcze si\u0119 nie<br>Na\u017car\u0142 zap\u0142at\u0105 za agresj\u0119 sw\u0105<br>I tu chodzenie jeszcze nie<br>Jeszcze mu ma\u0142o a<br>Poza tym jak bestie p\u0142ac\u0105<br>To wierno\u015bci w zbrodniach wymagaj\u0105<\/p>\n\n\n\n<p>Podobnie z naszymi bliskimi<br>Przyjaci\u00f3\u0142mi znajomymi tymi wszystkimi<br>Kt\u00f3rzy s\u0105 jako\u015b niepodlegli nienawi\u015bci<br>Tych bestii i \u0142ajdak\u00f3w wszelkich<br>Ich te\u017c w my\u015bl szata\u0144stw<br>\u017b\u0105dzy zbrodni tych bestii wyeliminowa\u0107<br>Trzeba odpowiednio po to<br>By te szatany mog\u0142y czyni\u0107<br>Wszelkie swe z\u0142e czyny<br>Tak\u017ce na nas definitywnie<br>To wszystko to \u015bcis\u0142y plan<br>Szata\u0144stw tych bestii ludob\u00f3jczej eksterminacji<br>Tych wszystkich kt\u00f3rzy im<br>W z\u0142u szata\u0144skim nie pasuj\u0105<br>Te wszelkie kr\u0119gi te\u017c nasze<br>Od rodziny po przyjaci\u00f3\u0142 znajomych<br>Wszelkich nam \u017cyczliwych a przynajmniej<br>Nie nienawistnych nam i przeciwnych<br>S\u0105 do ludob\u00f3jczej eksterminacji tych<br>Totalnie szata\u0144skich bestii i \u0142ajdak\u00f3w<br>Te\u017c zreszt\u0105 wszelkich przydupas\u00f3w bestii<br>I akceptor\u00f3w ich z\u0142a wszelkiego<br>Od zabicia \u017cony po innych<br>Wreszcie mnie odpowiedniego uziemienia<br>Najlepiej by zrobi\u0107 ze mnie<br>Ro\u015blink\u0119 i zabi\u0107 w konsekwencji<\/p>\n\n\n\n<p><strong>Ps. I jeszcze 1 uwaga<br>Tak jak nie pozwol\u0119 owczareczkowi<br>Kt\u00f3rego niewymownie kocham krzywdzi\u0107 kota<br>Bo jest s\u0142abszy po prostu<br>Tak nie pozwol\u0119 rodzinie bliskim<br>By budowa\u0142y co\u015b na \u017cyciu<br>Czy krzywdzie mojej \u017cony<br>Na zasadzie tej podobnej<br>\u017be ich jest wi\u0119cej<br>To mo\u017ce mog\u0105 te\u017c wszystko<br>Nie po prostu bo to<br>Po Bo\u017cemu nie jest napewno<br>Si\u0119 wynosi\u0107 czyim\u015b kosztem odpowiednio<br>Uwaga ta tutaj by\u0142a konieczna<br>Niestety bo nieprawo\u015b\u0107 tych bestii<br>I \u0142ajdak\u00f3w wszelkich wp\u0142ywa jako\u015b<br>Tak\u017ce na bliskich by tworzy\u0107<br>Koz\u0142y ofiarne w ofierze szatanowi<br>I tym bestiom totalnie szata\u0144skim<\/strong><\/p>\n\n\n\n<p><strong>I niech tego szatany<br>Nie poczytuj\u0105 przewrotnie ci ob\u0142udnicy<br>Totalnie wierutni jako akceptacj\u0119<br>Zrobienia z\u0142a temu pieskowi czy<br>Bliskim tym mo\u017ce bo tak<br>Te szatany perfidnie zbrodnicze pr\u00f3buj\u0105<br>Przekr\u0119ci\u0107 wszystko dla nas naszych<br>I naszego ku wszelkiemu z\u0142u<br>Zepsute totalnie szatany zbrodniami zajad\u0142ymi<br>Bestie znikczemnia\u0142e totalnie i \u0142ajdactwo<\/strong><\/p>\n\n\n\n<figure class=\"wp-block-gallery has-nested-images columns-default is-cropped wp-block-gallery-1 is-layout-flex wp-block-gallery-is-layout-flex\">\n<figure class=\"wp-block-image size-large\"><a href=\"https:\/\/hubertpietka.bialystok.pl\/wp-content\/uploads\/2025\/12\/1000040788.jpg\"><img loading=\"lazy\" decoding=\"async\" width=\"771\" height=\"1024\" data-id=\"10023\" src=\"https:\/\/hubertpietka.bialystok.pl\/wp-content\/uploads\/2025\/12\/1000040788-771x1024.jpg\" alt=\"\" class=\"wp-image-10023\" srcset=\"https:\/\/hubertpietka.bialystok.pl\/wp-content\/uploads\/2025\/12\/1000040788-771x1024.jpg 771w, https:\/\/hubertpietka.bialystok.pl\/wp-content\/uploads\/2025\/12\/1000040788-226x300.jpg 226w, https:\/\/hubertpietka.bialystok.pl\/wp-content\/uploads\/2025\/12\/1000040788-768x1021.jpg 768w, https:\/\/hubertpietka.bialystok.pl\/wp-content\/uploads\/2025\/12\/1000040788-1156x1536.jpg 1156w, https:\/\/hubertpietka.bialystok.pl\/wp-content\/uploads\/2025\/12\/1000040788.jpg 1204w\" sizes=\"auto, (max-width: 771px) 100vw, 771px\" \/><\/a><\/figure>\n<\/figure>\n\n\n\n<p><em>Na zdj. Krzy\u017c w\u015br\u00f3d polskich wiernych brz\u00f3z<br>&#8222;Drzew przecie\u017c nam nie zabij\u0105&#8221;<br>A mo\u017ce jednak tych kt\u00f3rzy<br>Przypominaj\u0105 szatanom drzewa kt\u00f3rzy s\u0105<br>Pod\u0142ug Boga i warto\u015bci og\u00f3lnoludzkich<br>Rodowodu wiernego brzozy szatany te\u017c<br>Przecie\u017c do waszej ludob\u00f3jczej eksterminacji<br>Jak wok\u00f3\u0142 nas wszyscy kt\u00f3rzy<br>Nie chwal\u0105 aprobuj\u0105 zbrodni bestii<br>Ich szata\u0144stw totalnie z\u0142ych wszelkich<br>Zreszt\u0105 wszelkie nasze kr\u0119gi<br>Wszelkie drzewa przypominaj\u0105ce naszych ludzi<br>S\u0105 do wyci\u0119cia przez te<br>Szata\u0144skie bestie i r\u00f3wnie \u0142ajdacz\u0105cych<br>Z nimi bydlak\u00f3w wszelakich<br>Kt\u00f3rzy za to maj\u0105 si\u0119<br>Nachapa\u0107 r\u00f3\u017cnymi korzy\u015bciami finansowymi stanowiskami<br>Zepsute ze wszech miar szata\u0144stwo<br>Zepsute z\u0142em wszelkim bestie bydlactwo<\/em><\/p>\n","protected":false},"excerpt":{"rendered":"<p>Tak jak wiedz\u0105 bydlaki r\u00f3\u017cnePod\u0142ug bestii jak \u0142ajdaczy\u0107 odpowiednioW ko\u015bciele czy przy nimTak samo wiedz\u0105 r\u00f3\u017cni ob\u0142udnicyJak wsz\u0119dzie indziej pocz\u0105wszy odTych mi\u015bk\u00f3w \u0142ajdackich po innychBestii&hellip; <\/p>\n","protected":false},"author":1,"featured_media":0,"parent":0,"menu_order":0,"comment_status":"closed","ping_status":"closed","template":"","meta":{"footnotes":""},"class_list":["post-10022","page","type-page","status-publish","hentry"],"_links":{"self":[{"href":"https:\/\/hubertpietka.bialystok.pl\/index.php?rest_route=\/wp\/v2\/pages\/10022","targetHints":{"allow":["GET"]}}],"collection":[{"href":"https:\/\/hubertpietka.bialystok.pl\/index.php?rest_route=\/wp\/v2\/pages"}],"about":[{"href":"https:\/\/hubertpietka.bialystok.pl\/index.php?rest_route=\/wp\/v2\/types\/page"}],"author":[{"embeddable":true,"href":"https:\/\/hubertpietka.bialystok.pl\/index.php?rest_route=\/wp\/v2\/users\/1"}],"replies":[{"embeddable":true,"href":"https:\/\/hubertpietka.bialystok.pl\/index.php?rest_route=%2Fwp%2Fv2%2Fcomments&post=10022"}],"version-history":[{"count":1,"href":"https:\/\/hubertpietka.bialystok.pl\/index.php?rest_route=\/wp\/v2\/pages\/10022\/revisions"}],"predecessor-version":[{"id":10024,"href":"https:\/\/hubertpietka.bialystok.pl\/index.php?rest_route=\/wp\/v2\/pages\/10022\/revisions\/10024"}],"wp:attachment":[{"href":"https:\/\/hubertpietka.bialystok.pl\/index.php?rest_route=%2Fwp%2Fv2%2Fmedia&parent=10022"}],"curies":[{"name":"wp","href":"https:\/\/api.w.org\/{rel}","templated":true}]}}