{"id":10026,"date":"2025-12-20T19:20:09","date_gmt":"2025-12-20T19:20:09","guid":{"rendered":"https:\/\/hubertpietka.bialystok.pl\/?page_id=10026"},"modified":"2025-12-20T19:20:55","modified_gmt":"2025-12-20T19:20:55","slug":"smieszny-smieciu-jestes-przeciez-osmieliles-sie-przeciwstawic-obludzie-i-zbrodniom-sromotnym-smieja-sie-bestie-rubasznie-i-machaja-rekami-i-lajdaczki-przyklaskuja-temu-niewinnymi-minkami","status":"publish","type":"page","link":"https:\/\/hubertpietka.bialystok.pl\/?page_id=10026","title":{"rendered":"*\u015amieszny \u015bmieciu* jeste\u015b przecie\u017c \/ o\u015bmieli\u0142e\u015b si\u0119 przeciwstawi\u0107 &#8211; ob\u0142udzie i zbrodniom sromotnym \/ \u015bmiej\u0105 si\u0119 bestie rubasznie i machaj\u0105 r\u0119kami &#8211; i \u0142ajdaczki przyklaskuj\u0105 temu niewinnymi minkami"},"content":{"rendered":"\n<p>Jak *<strong>\u015bmiecie<\/strong>* wy *<strong>\u015bmiecie<\/strong>*<br>W og\u00f3le cokolwiek chcie\u0107<br>*<strong>\u015amiej\u0105 si\u0119<\/strong>* bestie i \u0142ajdaki<br>Te wszelkie jak *<strong>\u015bmiecie<\/strong>* \u017cy\u0107<br>Skoro bestie zdecydowa\u0142y inaczej<br>I przyk\u0142asn\u0119\u0142y temu wierutne ob\u0142udniki<br>Czyli \u0142ajdaki ta ca\u0142a szajka <br>Kt\u00f3ra uwa\u017ca si\u0119 za elit\u0119 <br>Pod\u0142ug zasklepienia ich w betonie<br>Komuny jedynie s\u0142usznej dla lepszych<br>Kolesi i kolesi\u00f3w ich wszelkich<br>I z losem odpowiednim<br>Dla tych kt\u00f3rych uznali<br>Za gorszych bestie i \u0142ajdaki<br>Dla katolik\u00f3w prawdziwych narodowc\u00f3w itp.<br>Wyznawc\u00f3w jakichkolwiek warto\u015bci kt\u00f3re s\u0105<br>Przeciwne ideologizmom wszelakim bestii \u0142ajdak\u00f3w<br>I to z natury rzeczy<br>Aksjologii przeciwko relatyzmowi pseudowarto\u015bciom wszelkim<br>Ale poza tym to oni<br>Te\u017c g\u0142upk\u00f3w potrafi\u0105 gra\u0107 \u015bwietnie<br>Pod\u0142ug tego upo\u015bledzenia umys\u0142owego wyra\u017caj\u0105cych<br>Si\u0119 tak wtedy gdy to<br>Pasuje bestiom czy na przej\u015bciach<br>Czy w ko\u015bcio\u0142ach nie wiedz\u0105<br>Przecie\u017c co z r\u0119kami robi\u0107<br>Cho\u0107by te doros\u0142e te\u017c dzieci<br>Specjalnej przecie\u017c troski swych bestii<\/p>\n\n\n\n<p>I ta podwija bydlacka umie<br>Przecie\u017c gra\u0107 g\u0142upka agresji akurat<br>Gra\u0107 nie musi bo z\u0142owrogo\u015b\u0107<br>Niejako wysysa i nienawi\u015b\u0107<br>Z mlekiem z\u0142a od bestii<br>I z wszelakimi przy okazji korzy\u015bciami<br>Zap\u0142atami za zbrodnie pod\u0142ug bestii<br>Czy tam zreszt\u0105 inne \u0142ajdaki<br>Podobnie agresji czy ch\u0119ci z\u0142a<br>Z\u0142owrogo\u015bci tej nieopisanej oczywi\u015bcie<br>Gra\u0107 oni akurat nie musz\u0105<br>Podobnie te bandycka mi\u015bki<br>Czy inni bestii s\u0142u\u017cbi\u015bci<br>G\u0142upk\u00f3w pograj\u0105 agresji przydadz\u0105 sprowokuj\u0105<br>I ju\u017c efekt pod\u0142ug bestii<br>Ma by\u0107 jedynie s\u0142usznie odpowiedni<br>Murowany jak przysta\u0142o na betony<\/p>\n\n\n\n<p>Bo przecie\u017c jak ty *<strong>\u015bmiesz<\/strong>*<br>Si\u0119 broni\u0107 przed nami<br>Bydlakami i bestiami<br>Jak ty *<em><strong>\u015bmiesz<\/strong><\/em>* wog\u00f3le \u017cy\u0107<br>Kiedy to si\u0119 nam wcale<br>Nie podoba jak ty *<strong>\u015bmiesz<\/strong>*<br>Przecie\u017c w og\u00f3le cokolwiek robi\u0107 chcie\u0107<br>Czy cokolwiek jeszcze m\u00f3wi\u0107<br>Przecie\u017c ty jeste\u015b *<strong>\u015bmie\u0107<\/strong>*<br>Przeznaczony na po\u017carcie ty twoi<br>Twoje przez ob\u0142ud\u0119 wszelkich \u0142ajdak\u00f3w<br>I wprost szata\u0144stwo bestii zbrodni<br>*<strong>\u015amiej\u0105 si\u0119<\/strong>* bestie \u0142ajdaki wszelakiej<br>Zreszt\u0105 ma\u015bci jak on mo\u017ce<br>&#8222;W og\u00f3le cokolwiek ten pies<br>Z podkulonym ogonem odszczekiwa\u0107 si\u0119&#8221;<br>Chcie\u0107 robi\u0107 mo\u017ce\u0107 m\u00f3c nawet<\/p>\n\n\n\n<figure class=\"wp-block-gallery has-nested-images columns-default is-cropped wp-block-gallery-1 is-layout-flex wp-block-gallery-is-layout-flex\">\n<figure class=\"wp-block-image size-large\"><a href=\"https:\/\/hubertpietka.bialystok.pl\/wp-content\/uploads\/2025\/12\/1000041214-scaled.jpg\"><img loading=\"lazy\" decoding=\"async\" width=\"771\" height=\"1024\" data-id=\"10027\" src=\"https:\/\/hubertpietka.bialystok.pl\/wp-content\/uploads\/2025\/12\/1000041214-771x1024.jpg\" alt=\"\" class=\"wp-image-10027\" srcset=\"https:\/\/hubertpietka.bialystok.pl\/wp-content\/uploads\/2025\/12\/1000041214-771x1024.jpg 771w, https:\/\/hubertpietka.bialystok.pl\/wp-content\/uploads\/2025\/12\/1000041214-226x300.jpg 226w, https:\/\/hubertpietka.bialystok.pl\/wp-content\/uploads\/2025\/12\/1000041214-768x1020.jpg 768w, https:\/\/hubertpietka.bialystok.pl\/wp-content\/uploads\/2025\/12\/1000041214-1157x1536.jpg 1157w, https:\/\/hubertpietka.bialystok.pl\/wp-content\/uploads\/2025\/12\/1000041214-1542x2048.jpg 1542w, https:\/\/hubertpietka.bialystok.pl\/wp-content\/uploads\/2025\/12\/1000041214-scaled.jpg 1928w\" sizes=\"auto, (max-width: 771px) 100vw, 771px\" \/><\/a><\/figure>\n<\/figure>\n\n\n\n<p><em>Na zdj. A teraz taka babeczka<br>Kt\u00f3r\u0105 ja po\u017car\u0142em pod\u0142ug bestii<br>To znaczy oni maj\u0105 j\u0105<br>Przecie\u017c zabi\u0107 ale ja zjad\u0142em<br>To ciastko wi\u0119c j\u0105 po\u017car\u0142em<br>T\u0105 zapewne odpowiedni\u0105 pod\u0142ug kolor\u00f3w<br>A teraz przecie\u017c sko\u0144czone szatany<br>To ju\u017c fakt jest przecie\u017c<br>Bo wypowiedzia\u0142em to tutaj<br>Jak bym nie wypowiedzia\u0142 gdziekolwiek<br>To pewnie tematu by mo\u017ce<br>Nie by\u0142o chocia\u017c nie wiem<br>Bo bestie pod\u0142ug szatana maj\u0105<br>Tak zwany &#8222;sz\u00f3sty&#8221; zmys\u0142 oczywi\u015bcie<br>Wi\u0119c nie wiem bo mo\u017ce<br>Mog\u0105 akurat przez lornetk\u0119 zobaczy\u0107<br>To w oknie ale ju\u017c<br>Niewa\u017cne bo przecie\u017c to wypowiedzia\u0142em<\/em><\/p>\n\n\n\n<p><strong>Wierutne szatany i awansuj\u0105ce ju\u017c<br>Do tego miana wszelkie bydlaki<br>Zawodowe prywatne i s\u0142u\u017cbowe wszelakie<br>I jak ja \u015bmiem tak<br>W og\u00f3le m\u00f3wi\u0107 przecie\u017c cokolwiek<br>Oni chc\u0105 zabi\u0107 zniszczy\u0107 zniewoli\u0107<br>Nas naszych i nasze<br>I innych te\u017c zreszt\u0105<br>To mog\u0105 przecie\u017c pod\u0142ug szata\u0144stw<br>Przemocy ich zbrodni wszystko mog\u0105<br>I wszelkiej ob\u0142udy \u0142ajdackiej perfidnej<br>Bezczelnych zbrodni tych z premedytacj\u0105<br>Zar\u00f3wno zreszt\u0105 w spos\u00f3b jakikolwiek<br>Przecie\u017c mniejsza o to<br>Byleby tylko cele szatanskie bestii<br>I zepsutych podobnie bydlak\u00f3w ob\u0142ud\u0105<br>Z\u0142o\u015bci wszelkiej i nienawi\u015bci<br>Do prawowiernych dzieci Bo\u017cych<br>Zosta\u0142y w ko\u0144cu skonsumowane definitywnie<br>Pozostaj\u0105c w temacie ob\u0142udy ciasta<br>Kt\u00f3rym te\u017c innym mo\u017cna odpowiednio<br>Tak czy inaczej g\u0119by zatka\u0107 <\/strong><\/p>\n","protected":false},"excerpt":{"rendered":"<p>Jak *\u015bmiecie* wy *\u015bmiecie*W og\u00f3le cokolwiek chcie\u0107*\u015amiej\u0105 si\u0119* bestie i \u0142ajdakiTe wszelkie jak *\u015bmiecie* \u017cy\u0107Skoro bestie zdecydowa\u0142y inaczejI przyk\u0142asn\u0119\u0142y temu wierutne ob\u0142udnikiCzyli \u0142ajdaki ta ca\u0142a&hellip; <\/p>\n","protected":false},"author":1,"featured_media":0,"parent":0,"menu_order":0,"comment_status":"closed","ping_status":"closed","template":"","meta":{"footnotes":""},"class_list":["post-10026","page","type-page","status-publish","hentry"],"_links":{"self":[{"href":"https:\/\/hubertpietka.bialystok.pl\/index.php?rest_route=\/wp\/v2\/pages\/10026","targetHints":{"allow":["GET"]}}],"collection":[{"href":"https:\/\/hubertpietka.bialystok.pl\/index.php?rest_route=\/wp\/v2\/pages"}],"about":[{"href":"https:\/\/hubertpietka.bialystok.pl\/index.php?rest_route=\/wp\/v2\/types\/page"}],"author":[{"embeddable":true,"href":"https:\/\/hubertpietka.bialystok.pl\/index.php?rest_route=\/wp\/v2\/users\/1"}],"replies":[{"embeddable":true,"href":"https:\/\/hubertpietka.bialystok.pl\/index.php?rest_route=%2Fwp%2Fv2%2Fcomments&post=10026"}],"version-history":[{"count":3,"href":"https:\/\/hubertpietka.bialystok.pl\/index.php?rest_route=\/wp\/v2\/pages\/10026\/revisions"}],"predecessor-version":[{"id":10030,"href":"https:\/\/hubertpietka.bialystok.pl\/index.php?rest_route=\/wp\/v2\/pages\/10026\/revisions\/10030"}],"wp:attachment":[{"href":"https:\/\/hubertpietka.bialystok.pl\/index.php?rest_route=%2Fwp%2Fv2%2Fmedia&parent=10026"}],"curies":[{"name":"wp","href":"https:\/\/api.w.org\/{rel}","templated":true}]}}