{"id":10036,"date":"2025-12-22T18:23:33","date_gmt":"2025-12-22T18:23:33","guid":{"rendered":"https:\/\/hubertpietka.bialystok.pl\/?page_id=10036"},"modified":"2025-12-22T18:23:33","modified_gmt":"2025-12-22T18:23:33","slug":"totalnie-zepsuci-sromotni-wierutni-obluda","status":"publish","type":"page","link":"https:\/\/hubertpietka.bialystok.pl\/?page_id=10036","title":{"rendered":"Totalnie zepsuci \/ sromotni wierutni &#8211; ob\u0142ud\u0105"},"content":{"rendered":"\n<p>1.<br>To co tam szatany<br>Kogo macie zabi\u0107 znowu<br>A kogo zniewoli\u0107 to wiadomo<br>Ju\u017c od d\u0142u\u017cszego czasu zreszt\u0105<br>Szatany wiadomo nie mog\u0105 si\u0119<br>Zatrzyma\u0107 w swych wszelkich szata\u0144stwach<br>A kogo macie nam zabi\u0107<br>A co ukra\u015b\u0107 piekielne pokraki<br>A co zniszczy\u0107 szatany macie<br>Macie na wszystko swoich ob\u0142udnik\u00f3w<br>Wsz\u0119dzie zawsze te\u017c i owszem<br>Ju\u017c mnie roz\u015bmiesza to szata\u0144stwo<br>Popaprane zbrodniami z\u0142a piek\u0142a wszystkimi<br>Tylko zabi\u0107 zgwa\u0142ci\u0107 zniewoli\u0107 i zniszczy\u0107<br>Ca\u0142kowicie pod\u0142ug ca\u0142ego piek\u0142a szata\u0144skiego<br>A ja szatany jak wy<br>I ob\u0142udniki wszelkie wasze<br>Nie jestem morderc\u0105 z\u0142odziejem<br>Niszczycielem zwodzicielem jakim wy jeste\u015bcie<br>Niewolnicy piek\u0142a i zbrodni szatana<br>To samo chcecie ludziom zadawa\u0107<br>&#8222;Dope\u0142nijcie swoich wszelkich szata\u0144skich zbrodni&#8221;<br>B\u00f3g tak te\u017c ten \u015bwiat<br>Chory poddany bestialstwu ob\u0142udnikom zako\u0144czy<br>Wbrew ich wszelkiej hipokryzji perfidnej<br>Tak samo ten \u015bwiat zniszczy<br>Jak on si\u0119 godzi na<br>To szata\u0144skie niszczenie dzieci Bo\u017cych<\/p>\n\n\n\n<p>2.<br>&#8222;Polowania na czarownice&#8221; ci\u0105g dalszy<br>Ale bynajmniej nie tak jak<br>Przedstawiaj\u0105 to bestie i bydlaki<br>Bo polowa\u0107 na nas naszych nasze<br>Mo\u017cna wsz\u0119dzie i zawsze<br>Przez takich czy innych \u0142ajdak\u00f3w<br>Zawodowych prywatnych i s\u0142u\u017cbowych<br>Od tu tej podwiji bydlackiej<br>Po tam to prostackie ta\u0142atajstwo<br>Od misi\u00f3w ch\u0119tnie ob\u0142ud\u0105 \u0142ajdacz\u0105cych<br>Po innych bestii s\u0142u\u017cbist\u00f3w podobnych<br>A mo\u017ce i bestie osobi\u015bcie<br>Taki zaszczyt szata\u0144stwo na nas<br>Bezpo\u015brednio bo po\u015brednio to mo\u017cna<br>Przecie\u017c wsz\u0119dzie zawsze cho\u0107by przez<br>Gazowania injektowania niby przypadkowy wypadek<br>\u017be o napa\u015bciach prowokacjach zasadzkach<br>Ju\u017c nie wspomn\u0119 nawet<br>To codzienno\u015b\u0107 bydlak\u00f3w i bestii<br>W z\u0142u zbrodni dla nas<br>Wszelkich wsz\u0119dzie<\/p>\n\n\n\n<p>A teraz szatany zepsute ob\u0142ud\u0105<br>Grzechy nam liczycie cho\u0107by \u017cony<br>\u017be nie posz\u0142a do ko\u015bci\u00f3\u0142ka<br>Najlepiej zapewne na pacynkowe wyst\u0119py<br>A przecie\u017c wy szatany j\u0105<br>Zabija\u0107 zniewala\u0107 chcecie wsz\u0119dzie zawsze<br>A ko\u015bci\u00f3\u0142ek jako wasza odpowiednia<br>&#8222;Jaskinia zb\u00f3jc\u00f3w&#8221; nie jest przecie\u017c<br>Dla was przeszkod\u0105 do zbrodni<br>Dlatego jej ka\u017cde opuszczenie Mszy<br>\u015awi\u0119tej nawet w niedziel\u0119 \u015bwi\u0119ta<br>Jest usprawiedliwione odpowiednio pod\u0142ug tego<br>Pod\u0142ug waszych ch\u0119ci intencji zbrodni<br>A cho\u0107by te\u017c z powodu<br>Szopek tych pacynek ohyd\u0105 spustoszenia<br>Bo lepiej chyba nie by\u0107<br>W og\u00f3le na tym czym\u015b<br>Ni\u017c uczestniczy\u0107 w tych parodiach<br>W kt\u00f3rych z innej strony<br>\u0141ajdaki uczestnicz\u0105 przecie\u017c bardzo pobo\u017cnie<br>A jak\u017ce a przy okazji<br>Mo\u017cna z\u0142o uczyni\u0107 nienawistnym ich<br>Z\u0142o\u015bci wobec nas naszego naszych<br>Innych dzieci Bo\u017cych chyba nigdy<br>Nie z\u0142agodzonej czy poskromionej cho\u0107by<br>Niby t\u0105 na pokaz pobo\u017cno\u015bci\u0105<br>Jezu ufam Tobie Maryjo wspom\u00f3\u017c<\/p>\n\n\n\n<p>3.<br>Co za pieprzone szatany ob\u0142udnicy<br>Jak wy kiedy\u015b przed Bogiem<br>Staniecie maj\u0105c udzia\u0142 we wszelkich<br>Zbrodniach tych szata\u0144stwem z\u0142a bestii<br>Zepsutych tak samo wy<br>My\u015blicie bydlaki bydlaczki \u017ce was<br>Usprawiediiwi wasze zepsucie \u017ce jest<br>Was ob\u0142udnik\u00f3w przecie\u017c du\u017co<br>Tak\u017ce tych piepszonych zar\u00f3wno mi\u015bk\u00f3w<br>Czy innych s\u0142u\u017cbist\u00f3w naznaczonych podobnie<br>Ob\u0142ud\u0105 szata\u0144sk\u0105 totaln\u0105 tych bestii<br>Albo \u017ce was usprawiedliwi \u0142ajdacy<br>Zepsucie ca\u0142ego tego \u015bwiata<br>My\u015blicie \u017ce jak w grupie<br>Ob\u0142ud\u0105 szatanicie to ta wasza<br>Ca\u0142a szajka zreszt\u0105 jakakolwiek b\u0119dzie<br>Przed Bogiem usprawiedliwiona prosto<br>Do piek\u0142a traficie wy wszyscy<br>We wszelkich waszych kumoterstwach ku z\u0142u<br>Zbrodni tych bestii ca\u0142kowicie zepsutych<br>Je\u015bli si\u0119 nie nawr\u00f3cicie<br>Z tej potwornej waszej ob\u0142udy<br>Pod\u0142ug perfidii sromotnej pod\u0142o\u015bci bestii<\/p>\n\n\n\n<p>Szatany totalne wierutne oddane zbrodniom<br>Najgorszym bo przeciwko dzieciom Bo\u017cym<br>I wiedz\u0105 \u017ce niewinnym dlatego<br>Tak w\u0142a\u015bnie to rozgrywaj\u0105<br>Wszelkim najgorszym k\u0142amstwem pychy szata\u0144skiej<br>Tych bydlak\u00f3w cho\u0107by zreszt\u0105 jakichkolwiek<br>Zawodowych prywatnych i s\u0142u\u017cbowych<br>Wszyscy podobnie ob\u0142ud\u0105 sromotn\u0105 chorzy<br>Sady\u015bci psychopaci maj\u0105cy wsp\u00f3\u0142udzia\u0142<br>W zn\u0119caniu si\u0119 bestii prze\u015bladowaniach<\/p>\n\n\n\n<p>Szatany ob\u0142udne wierutne naci\u0105ga\u0107 nas<br>Na jak\u0105\u015b kradzie\u017c fa\u0142szowane pieni\u0105dze<br>By\u0142o tylko kwesti\u0105 czasu kiedy<br>Szatany ob\u0142udne b\u0119d\u0105 chcia\u0142y wykorzystywa\u0107<br>Rozgrywki paragonowe przeciwko nam mnie<br>Jak na tej stacji gdzie bydlaczki<br>Tak to rozgrywa\u0142y w\u0142a\u015bnie<br>Pewnie kwesti\u0105 czasu b\u0119dzie<br>Kiedy to powt\u00f3rz\u0105 ob\u0142udnicy zepsuci<br>Pod\u0142ug tych szata\u0144skich wskro\u015b bestii<br>Bo przecie\u017c te szatany bestie<br>Tak rozgrywaj\u0105 wszystko nam przeciwko<br>Przez r\u00f3\u017cnych wszelkich ob\u0142udnik\u00f3w swoich<br>Byleby tylko po\u017c\u0105dania bestii \u0142ajdactwa<br>Zbrodni dla nas zosta\u0142o ostatecznie<br>W szatanie przez nich skonsumowane<br>Totalnie zepsute te wszelkie szatany<br>Z \u017cyciem tego \u015bwiata igraj\u0105<br>Tak\u017ce w gender przez totalnie<br>R\u00f3wnie zepsute \u0142ajdaczki tych bestii<br>Zaawansowane zar\u00f3wno w ob\u0142udzie piekielnej<br>Pod\u0142e szatany przecie\u017c tak wobec<br>Nas naszego i naszych<br>W ob\u0142udzie totalnie zepsutej rozgrywaj\u0105<br>A szatan si\u0119 cieszy<br>Z takich graj\u0105cych g\u0142upk\u00f3w oczywi\u015bcie<br>Swoich na jego miar\u0119 oczywi\u015bcie<br>Zepsutych wierutn\u0105 ob\u0142ud\u0105 wszelkich<br>Masakra po prostu jak rozbestwi\u0142y<br>Si\u0119 te bestie i \u0142ajdaki<br>Pod\u0142ug nich wszelkie zawodowe prywatne<br>R\u00f3wnie zaawansowane w zbrodniach szata\u0144stw<\/p>\n\n\n\n<figure class=\"wp-block-image size-large\"><a href=\"https:\/\/hubertpietka.bialystok.pl\/wp-content\/uploads\/2025\/12\/1000041494-scaled.jpg\"><img loading=\"lazy\" decoding=\"async\" width=\"771\" height=\"1024\" src=\"https:\/\/hubertpietka.bialystok.pl\/wp-content\/uploads\/2025\/12\/1000041494-771x1024.jpg\" alt=\"\" class=\"wp-image-10037\" srcset=\"https:\/\/hubertpietka.bialystok.pl\/wp-content\/uploads\/2025\/12\/1000041494-771x1024.jpg 771w, https:\/\/hubertpietka.bialystok.pl\/wp-content\/uploads\/2025\/12\/1000041494-226x300.jpg 226w, https:\/\/hubertpietka.bialystok.pl\/wp-content\/uploads\/2025\/12\/1000041494-768x1020.jpg 768w, https:\/\/hubertpietka.bialystok.pl\/wp-content\/uploads\/2025\/12\/1000041494-1157x1536.jpg 1157w, https:\/\/hubertpietka.bialystok.pl\/wp-content\/uploads\/2025\/12\/1000041494-1542x2048.jpg 1542w, https:\/\/hubertpietka.bialystok.pl\/wp-content\/uploads\/2025\/12\/1000041494-scaled.jpg 1928w\" sizes=\"auto, (max-width: 771px) 100vw, 771px\" \/><\/a><\/figure>\n\n\n\n<p><strong>I ani mi Ani<br>Z nami naszymi i naszym<br>Jakiekolwiek zreszt\u0105 pieprzone ob\u0142ud\u0105 szatany<br>Bo B\u00f3g drastycznie zako\u0144czy t\u0105<br>Wasz\u0105 tych bestii tragiczn\u0105 fars\u0119<br>Przestrzegacie niby sprawiedliwo\u015bci a na<br>Niewinnych pod\u0142ug k\u0142amstw wierutnych najgorszych<br>Wszelakie wy sromotne zbrodniami szatany<\/strong><\/p>\n","protected":false},"excerpt":{"rendered":"<p>1.To co tam szatanyKogo macie zabi\u0107 znowuA kogo zniewoli\u0107 to wiadomoJu\u017c od d\u0142u\u017cszego czasu zreszt\u0105Szatany wiadomo nie mog\u0105 si\u0119Zatrzyma\u0107 w swych wszelkich szata\u0144stwachA kogo macie&hellip; <\/p>\n","protected":false},"author":1,"featured_media":0,"parent":0,"menu_order":0,"comment_status":"closed","ping_status":"closed","template":"","meta":{"footnotes":""},"class_list":["post-10036","page","type-page","status-publish","hentry"],"_links":{"self":[{"href":"https:\/\/hubertpietka.bialystok.pl\/index.php?rest_route=\/wp\/v2\/pages\/10036","targetHints":{"allow":["GET"]}}],"collection":[{"href":"https:\/\/hubertpietka.bialystok.pl\/index.php?rest_route=\/wp\/v2\/pages"}],"about":[{"href":"https:\/\/hubertpietka.bialystok.pl\/index.php?rest_route=\/wp\/v2\/types\/page"}],"author":[{"embeddable":true,"href":"https:\/\/hubertpietka.bialystok.pl\/index.php?rest_route=\/wp\/v2\/users\/1"}],"replies":[{"embeddable":true,"href":"https:\/\/hubertpietka.bialystok.pl\/index.php?rest_route=%2Fwp%2Fv2%2Fcomments&post=10036"}],"version-history":[{"count":1,"href":"https:\/\/hubertpietka.bialystok.pl\/index.php?rest_route=\/wp\/v2\/pages\/10036\/revisions"}],"predecessor-version":[{"id":10038,"href":"https:\/\/hubertpietka.bialystok.pl\/index.php?rest_route=\/wp\/v2\/pages\/10036\/revisions\/10038"}],"wp:attachment":[{"href":"https:\/\/hubertpietka.bialystok.pl\/index.php?rest_route=%2Fwp%2Fv2%2Fmedia&parent=10036"}],"curies":[{"name":"wp","href":"https:\/\/api.w.org\/{rel}","templated":true}]}}