{"id":10040,"date":"2025-12-24T09:55:44","date_gmt":"2025-12-24T09:55:44","guid":{"rendered":"https:\/\/hubertpietka.bialystok.pl\/?page_id=10040"},"modified":"2025-12-24T09:55:44","modified_gmt":"2025-12-24T09:55:44","slug":"wbrew-diablowi-obludnikom-zbrodniarzom-wszelkich-zlem-zepsutych-bog-sie-rodzi-na-nowo-na-swiadectwo-przeciwko-nim","status":"publish","type":"page","link":"https:\/\/hubertpietka.bialystok.pl\/?page_id=10040","title":{"rendered":"Wbrew diab\u0142owi \/ ob\u0142udnikom zbrodniarzom wszelkich z\u0142em zepsutych &#8211; &#8222;B\u00f3g si\u0119 rodzi&#8221; na nowo \/ na \u015bwiadectwo przeciwko nim"},"content":{"rendered":"\n<p>Szata\u0144ska apoteoza zbrodni z\u0142a \u015bmierci<br>Tych bestii i \u0142ajdak\u00f3w wszelkich<br>Prowadzi do wojny totalnej<br>Syn\u00f3w diab\u0142a z Bo\u017cymi dzie\u0107mi<br>Wszelkich syn\u00f3w ciemno\u015bci antywarto\u015bci Bo\u017cych<br>Z promykami \u015bwiat\u0142a tego \u015bwiata<\/p>\n\n\n\n<p>\u017bona jest ku temu tylko<br>Przyczynkiem wszelkich zepsutych zbrodniarzy<br>Poprzez bliskich po innych niewinnych<br>Bo ci z\u0142owrogo nienawistni<br>Nie mog\u0105 swych \u017c\u0105dz \u015bmierci<br>Zaspokoi\u0107 w szatanie kt\u00f3remu s\u0142u\u017cy<br>Bo on jest nigdy<br>Nie zaspokojony wszelkim z\u0142em zbrodniami<\/p>\n\n\n\n<p>Podobnie mnie zniewolenie tak naprawd\u0119<br>Ma prowadzi\u0107 do tego<br>Pod\u0142ug imperatywu z\u0142a dzieci diab\u0142a<br>I innych przeciwnik\u00f3w systemu<br>Totalitarnego z\u0142a dla syn\u00f3w ludzkich<\/p>\n\n\n\n<p>A jednak &#8222;B\u00f3g si\u0119 rodzi<br>Na t\u0105 pastw\u0119 losu&#8221; z\u0142ych<br>Jak powiedzia\u0142 gdzie\u015b kiedy\u015b poeta<br>Na przek\u00f3r niezaspokojonym zbrodniami z\u0142ych<br>Nawet je\u015bli maj\u0105 Boga<br>Na ustach to przestawiaj\u0105 parodi\u0119<br>Szata\u0144sk\u0105 wszelkich Bo\u017cych spraw<br>Bo B\u00f3g nie ma upodobania<br>W zbrodniach w ob\u0142udzie k\u0142amstwach<br>Co tacy r\u00f3\u017cni chorzy ob\u0142\u0119dem<br>Z\u0142a preferuj\u0105 wsz\u0119dzie i zawsze<\/p>\n\n\n\n<p>&#8222;B\u00f3g si\u0119 rodzi&#8221; wbrew te\u017c<br>Tym wszystkim pieprzonym ob\u0142udnikom niewini\u0105tkom<br>Kt\u00f3re niby przypadkowo albo niby<br>Z naszej winy dybi\u0105 agresj\u0105<br>I prowokacj\u0105 na nas<br>Naszych i nasze byleby tylko<br>Z\u0142o tak w\u0142a\u015bnie cho\u0107by rykoszetem<br>&#8222;B\u00f3g si\u0119 rodzi&#8221; ob\u0142udnikom zbrodniarzom<br>Tym wszelkim na przek\u00f3r<br>Zawodowym prywatnym i s\u0142u\u017cbowym<br>Zasklepionych betonem w s\u0142u\u017cbie bestiom<\/p>\n\n\n\n<p>&#8222;B\u00f3g si\u0119 rodzi&#8221; radosna nowina<br>Niech w \u015bwiat ca\u0142y wybrzmiewa<br>Wbrew chorym upodobaniom zepsutych z\u0142em<br>\u015awiat\u0142o rozb\u0142yska znowu<br>Nad wszystkimi Bo\u017cymi dzieci<br>W prawdzie dobra warto\u015bci \u017cycia<br>Wbrew manipulacjom mistyfikacjom fa\u0142szerstwom diab\u0142a<br>I s\u0142u\u017c\u0105cym mu ob\u0142udnikom wierutnym<\/p>\n\n\n\n<figure class=\"wp-block-gallery has-nested-images columns-default is-cropped wp-block-gallery-1 is-layout-flex wp-block-gallery-is-layout-flex\">\n<figure class=\"wp-block-image size-large\"><a href=\"https:\/\/hubertpietka.bialystok.pl\/wp-content\/uploads\/2025\/12\/1000041711.jpg\"><img loading=\"lazy\" decoding=\"async\" width=\"1024\" height=\"771\" data-id=\"10041\" src=\"https:\/\/hubertpietka.bialystok.pl\/wp-content\/uploads\/2025\/12\/1000041711-1024x771.jpg\" alt=\"\" class=\"wp-image-10041\" srcset=\"https:\/\/hubertpietka.bialystok.pl\/wp-content\/uploads\/2025\/12\/1000041711-1024x771.jpg 1024w, https:\/\/hubertpietka.bialystok.pl\/wp-content\/uploads\/2025\/12\/1000041711-300x226.jpg 300w, https:\/\/hubertpietka.bialystok.pl\/wp-content\/uploads\/2025\/12\/1000041711-768x578.jpg 768w, https:\/\/hubertpietka.bialystok.pl\/wp-content\/uploads\/2025\/12\/1000041711-1536x1157.jpg 1536w, https:\/\/hubertpietka.bialystok.pl\/wp-content\/uploads\/2025\/12\/1000041711.jpg 2040w\" sizes=\"auto, (max-width: 1024px) 100vw, 1024px\" \/><\/a><\/figure>\n<\/figure>\n\n\n\n<p><em>A ciemno\u015b\u0107 z\u0142a zbrodni k\u0142amstw<br>Nie mo\u017ce zakry\u0107 tego \u015awiat\u0142a<\/em><\/p>\n","protected":false},"excerpt":{"rendered":"<p>Szata\u0144ska apoteoza zbrodni z\u0142a \u015bmierciTych bestii i \u0142ajdak\u00f3w wszelkichProwadzi do wojny totalnejSyn\u00f3w diab\u0142a z Bo\u017cymi dzie\u0107miWszelkich syn\u00f3w ciemno\u015bci antywarto\u015bci Bo\u017cychZ promykami \u015bwiat\u0142a tego \u015bwiata \u017bona&hellip; <\/p>\n","protected":false},"author":1,"featured_media":0,"parent":0,"menu_order":0,"comment_status":"closed","ping_status":"closed","template":"","meta":{"footnotes":""},"class_list":["post-10040","page","type-page","status-publish","hentry"],"_links":{"self":[{"href":"https:\/\/hubertpietka.bialystok.pl\/index.php?rest_route=\/wp\/v2\/pages\/10040","targetHints":{"allow":["GET"]}}],"collection":[{"href":"https:\/\/hubertpietka.bialystok.pl\/index.php?rest_route=\/wp\/v2\/pages"}],"about":[{"href":"https:\/\/hubertpietka.bialystok.pl\/index.php?rest_route=\/wp\/v2\/types\/page"}],"author":[{"embeddable":true,"href":"https:\/\/hubertpietka.bialystok.pl\/index.php?rest_route=\/wp\/v2\/users\/1"}],"replies":[{"embeddable":true,"href":"https:\/\/hubertpietka.bialystok.pl\/index.php?rest_route=%2Fwp%2Fv2%2Fcomments&post=10040"}],"version-history":[{"count":1,"href":"https:\/\/hubertpietka.bialystok.pl\/index.php?rest_route=\/wp\/v2\/pages\/10040\/revisions"}],"predecessor-version":[{"id":10042,"href":"https:\/\/hubertpietka.bialystok.pl\/index.php?rest_route=\/wp\/v2\/pages\/10040\/revisions\/10042"}],"wp:attachment":[{"href":"https:\/\/hubertpietka.bialystok.pl\/index.php?rest_route=%2Fwp%2Fv2%2Fmedia&parent=10040"}],"curies":[{"name":"wp","href":"https:\/\/api.w.org\/{rel}","templated":true}]}}