{"id":10045,"date":"2025-12-25T22:32:30","date_gmt":"2025-12-25T22:32:30","guid":{"rendered":"https:\/\/hubertpietka.bialystok.pl\/?page_id=10045"},"modified":"2025-12-25T23:01:02","modified_gmt":"2025-12-25T23:01:02","slug":"dzieje-apostolskie-i-dzieci-boze-w-kontrze-do-bestii-zbrodni","status":"publish","type":"page","link":"https:\/\/hubertpietka.bialystok.pl\/?page_id=10045","title":{"rendered":"&#8222;Dzieje Apostolskie&#8221; \/ i dzieci Bo\u017ce &#8211; w kontrze do bestii zbrodni"},"content":{"rendered":"\n<p><em>&#8222;Gdy us\u0142yszeli to, co m\u00f3wi\u0142, zawrza\u0142y gniewem ich serca i zgrzytali z\u0119bami na nieg<\/em>o.&#8221;<\/p>\n\n\n\n<hr class=\"wp-block-separator has-alpha-channel-opacity\"\/>\n\n\n\n<p>Wiedz\u0105 dobrze szatany<br>\u017be nie jestem w stanie<br>Przypiecz\u0119towa\u0107 wszystkich ku dobru Bo\u017cemu<br>Nie ich zbrodniom szata\u0144skim totalnym<br>Zreszt\u0105 wszystko i wszystkich naszych<\/p>\n\n\n\n<p>Dlatego tak dzia\u0142aj\u0105 totalnie szata\u0144sko<br>Zepsuci wszelcy zbrodniami stopniuj\u0105c eskalacj\u0119<br>Wszelkiej przemocy od tych form<br>Wcze\u015bniej jakby nie\u015bmia\u0142o teraz z\u0142o\u015bliwie<br>Na wskro\u015b pod\u0142ug zreszt\u0105 szatana<\/p>\n\n\n\n<p>Wiedz\u0105 \u017ce nie jestem<br>W stanie przypiecz\u0119towa\u0107 Bogu wszystkich<br>Dlatego zachowuj\u0105 si\u0119 jak szakale<br>S\u0119py czy hieny pr\u00f3buj\u0105c lata\u0107<br>Ze swymi zbrodniami od jednych<br>Do drugich i na innych<br>Byleby tylko suma ich szata\u0144stw<br>Zbrodni \u015bmierci zniszczenia wszelkiego z\u0142a<br>By\u0142a spe\u0142niana pod\u0142ug ich zepsucia<br>Totalnego tej chorej moralnej zgnilizny<br>Byleby ku z\u0142u dla nas<br>Naszego i naszych zepsuci szata\u0144stwami<\/p>\n\n\n\n<p>Maj\u0105 przecie\u017c wampir\u00f3w r\u00f3\u017cnych ludob\u00f3jc\u00f3w<br>Maj\u0105 i metody \u015brodki mordercze<br>R\u00f3\u017cne i wszelkie pod\u0142ug eskalacji<br>I ob\u0142udy i szata\u0144skiej przemocy<br>Jak\u017ce\u017c to nie bestie<br>Jak\u017ce\u017c to nie \u0142ajdaki<br>Kt\u00f3rzy pochwalaj\u0105 czyny takie<br>Albo co gorsza w nich<br>Wsp\u00f3\u0142uczestnicz\u0105 jako\u015b a wobec nas<br>To przecie\u017c niewini\u0105tka pieprzone ob\u0142udne<br>Niby nic a byle ku jakiemukolwiek z\u0142u<\/p>\n\n\n\n<p>Szatany jak nie w \u017con\u0119<br>Czy w rodzin\u0119 bliskich przyjaci\u00f3\u0142<br>Znajomych to w jakichkolwiek \u017cyczliwych<br>Szatany spuszczone z \u0142a\u0144cuch\u00f3w piek\u0142a<br>Ku z\u0142u wszystkim naszym wszystkiemu<\/p>\n\n\n\n<p><strong>A ja wbrew pozorom kocham<br>Ca\u0142y \u015bwiat jako dziecko nigdy<br>Nie doszukiwa\u0142em si\u0119 w innych<br>Z\u0142a cho\u0107 nie znaczy \u017ce<br>Go nie by\u0142o gdzie\u015b tam<br>Teraz wi\u0119cej rozumiem nabra\u0142em do\u015bwiadczenia<br>Ale to nie przeszkadza mi<br>Kocha\u0107 nawet i wszystkich serce<br>Jest na tyle pojemne<br>By ich tam zmie\u015bci\u0107<br>Oczywi\u015bcie tych dobrej woli<br>Bo nie zab\u00f3jc\u00f3w morderc\u00f3w ob\u0142udnik\u00f3w<br>Je\u015bli ci si\u0119 ze z\u0142a<br>Wszelkiego swego nie nawr\u00f3c\u0105<br>Ale nadal zachowa\u0142em serca jasno\u015b\u0107<br>I dobro\u017cyczliwo\u015b\u0107 dla wszystkich<br>Kt\u00f3rzy nie maj\u0105 zamiar\u00f3w z\u0142ych<br>Przeciwko ludziom i serca pokojowi<br>Mimo wszystko jak by z\u0142a<br>Nie by\u0142o to ja jestem<br>W stanie si\u0119 zwraca\u0107<br>Do wszystkich z serdeczno\u015bci\u0105 duszy<br>Ale to warunki s\u0105 idealne<br>A tu p\u00f3ki co<br>Z\u0142o wszelkie punktowa\u0107 musz\u0119<br>Na miar\u0119 swych skromnych mo\u017cliwo\u015bci<br>Balansowa\u0107 mi\u0119dzy swoim cz\u0142owiek dusza<br>Z walk\u0105 ze z\u0142em wszelakim<br>Tu tyle chyba wystarczy<\/strong><\/p>\n\n\n\n<figure class=\"wp-block-gallery has-nested-images columns-default is-cropped wp-block-gallery-1 is-layout-flex wp-block-gallery-is-layout-flex\">\n<figure class=\"wp-block-image size-large\"><a href=\"https:\/\/hubertpietka.bialystok.pl\/wp-content\/uploads\/2025\/12\/1000041993.jpg\"><img loading=\"lazy\" decoding=\"async\" width=\"771\" height=\"1024\" data-id=\"10048\" src=\"https:\/\/hubertpietka.bialystok.pl\/wp-content\/uploads\/2025\/12\/1000041993-771x1024.jpg\" alt=\"\" class=\"wp-image-10048\" srcset=\"https:\/\/hubertpietka.bialystok.pl\/wp-content\/uploads\/2025\/12\/1000041993-771x1024.jpg 771w, https:\/\/hubertpietka.bialystok.pl\/wp-content\/uploads\/2025\/12\/1000041993-226x300.jpg 226w, https:\/\/hubertpietka.bialystok.pl\/wp-content\/uploads\/2025\/12\/1000041993-768x1021.jpg 768w, https:\/\/hubertpietka.bialystok.pl\/wp-content\/uploads\/2025\/12\/1000041993-1156x1536.jpg 1156w, https:\/\/hubertpietka.bialystok.pl\/wp-content\/uploads\/2025\/12\/1000041993.jpg 1204w\" sizes=\"auto, (max-width: 771px) 100vw, 771px\" \/><\/a><\/figure>\n<\/figure>\n\n\n\n<p><em>Dzi\u015b ju\u017c \u015bw. Szczepana m\u0119czennika<br>Ilu oni ju\u017c takich natworzyli<br>W Bogu s\u0105 przyj\u0119ci oni<br>Wbrew ich tak\u017ce k\u0142amstw szata\u0144skich<br>\u017be niby oni gorsi<br>Niby nie w pe\u0142ni ludzcy<br>Jakby o cz\u0142owiecze\u0144stwie mia\u0142a \u015bwiadczy\u0107<br>Eskalacja z\u0142a dla innych<br>Ta ob\u0142uda ku eksterminacji ludzi<br>Jakby zbrodnie mog\u0142y by\u0107 dobre<br>Szata\u0144stwo wykolejone wykr\u0119caj\u0105ce zwyk\u0142\u0105 moralno\u015b\u0107<br>I wszelkie warto\u015bci uniwersalne podwa\u017caj\u0105ce<br>\u017be o warto\u015bciach Bo\u017cych<br>Ju\u017c nawet i nie wspomn\u0119<br>Jezu ufam Tobie<br>Musia\u0142em to wyrazi\u0107 we wspomnienie<br>Pierwszego m\u0119czennika chrze\u015bcija\u0144stwa \u015bw. *<strong>Szcze-pana<\/strong>*<br>To *<strong>Szczep Pana<\/strong>* ten kt\u00f3ry<br>Oni uznali za wyrzutk\u00f3w<br>\u015amieci do eksterminacji po\u015br\u00f3d ludzi<br>Szata\u0144stwo bestii nikczemne i wierutne<br>I wszelkich \u0142ajdak\u00f3w ich zepsutych<br>Chorych tak\u017ce nienawi\u015bci\u0105 i z\u0142owrogo\u015bci\u0105<br>W istocie wszelkich z\u0142ych czyn\u00f3w<br>I k\u0142amstw maj\u0105cych je potwierdza\u0107<br>Jak wy kiedy\u015b przed Bogiem<br>Staniecie wszelcy ob\u0142udnicy nie wyt\u0142umaczy<br>Was niby nowoczesno\u015b\u0107 tego \u015bwiata<br>A zbrodnie ludob\u00f3jstwa z\u0142o wszelkie<br>Tak samo stare jak zawsze<\/em><\/p>\n\n\n\n<hr class=\"wp-block-separator has-alpha-channel-opacity\"\/>\n\n\n\n<p>&#8222;<em>A oni podnie\u015bli wielki krzyk, zatkali sobie uszy i rzucili si\u0119 na niego wszyscy razem<\/em>.&#8221;<\/p>\n\n\n\n<p><strong><em><a href=\"https:\/\/youtu.be\/7B20tUi-VBA\">Ziyo &#8211; Ikar<\/a><\/em><\/strong><\/p>\n\n\n\n<p class=\"has-text-align-center\">\/<\/p>\n\n\n\n<p class=\"has-text-align-right\"><strong><em><a href=\"https:\/\/youtu.be\/NFZCsUTGolA\">Golden Life &#8211; Wszystko to co mam<\/a><\/em><\/strong><\/p>\n\n\n\n<p><strong><em><a href=\"https:\/\/youtu.be\/P9WOddYLFTE\">TSA &#8211; Marato\u0144czyk<\/a><\/em><\/strong> <\/p>\n","protected":false},"excerpt":{"rendered":"<p>&#8222;Gdy us\u0142yszeli to, co m\u00f3wi\u0142, zawrza\u0142y gniewem ich serca i zgrzytali z\u0119bami na niego.&#8221; Wiedz\u0105 dobrze szatany\u017be nie jestem w staniePrzypiecz\u0119towa\u0107 wszystkich ku dobru Bo\u017cemuNie&hellip; <\/p>\n","protected":false},"author":1,"featured_media":0,"parent":0,"menu_order":0,"comment_status":"closed","ping_status":"closed","template":"","meta":{"footnotes":""},"class_list":["post-10045","page","type-page","status-publish","hentry"],"_links":{"self":[{"href":"https:\/\/hubertpietka.bialystok.pl\/index.php?rest_route=\/wp\/v2\/pages\/10045","targetHints":{"allow":["GET"]}}],"collection":[{"href":"https:\/\/hubertpietka.bialystok.pl\/index.php?rest_route=\/wp\/v2\/pages"}],"about":[{"href":"https:\/\/hubertpietka.bialystok.pl\/index.php?rest_route=\/wp\/v2\/types\/page"}],"author":[{"embeddable":true,"href":"https:\/\/hubertpietka.bialystok.pl\/index.php?rest_route=\/wp\/v2\/users\/1"}],"replies":[{"embeddable":true,"href":"https:\/\/hubertpietka.bialystok.pl\/index.php?rest_route=%2Fwp%2Fv2%2Fcomments&post=10045"}],"version-history":[{"count":4,"href":"https:\/\/hubertpietka.bialystok.pl\/index.php?rest_route=\/wp\/v2\/pages\/10045\/revisions"}],"predecessor-version":[{"id":10052,"href":"https:\/\/hubertpietka.bialystok.pl\/index.php?rest_route=\/wp\/v2\/pages\/10045\/revisions\/10052"}],"wp:attachment":[{"href":"https:\/\/hubertpietka.bialystok.pl\/index.php?rest_route=%2Fwp%2Fv2%2Fmedia&parent=10045"}],"curies":[{"name":"wp","href":"https:\/\/api.w.org\/{rel}","templated":true}]}}