{"id":10058,"date":"2025-12-27T16:23:32","date_gmt":"2025-12-27T16:23:32","guid":{"rendered":"https:\/\/hubertpietka.bialystok.pl\/?page_id=10058"},"modified":"2025-12-27T16:30:19","modified_gmt":"2025-12-27T16:30:19","slug":"paranoje-czy-przepowiadania-jak-to-przeszkadza-szatanstwom-zreszta-wszelkim-lajdakow-i-bestii","status":"publish","type":"page","link":"https:\/\/hubertpietka.bialystok.pl\/?page_id=10058","title":{"rendered":"Paranoje czy przepowiadania \/ jak to przeszkadza szata\u0144stwom &#8211; zreszt\u0105 wszelkim \/ \u0142ajdak\u00f3w i bestii"},"content":{"rendered":"\n<p>Szatany wierutne nazywaj\u0105 to paranoj\u0105<br>Co im nie pasuje<br>W ich szata\u0144skich z\u0142oczynieniach<br>A jakby nie te paranoje<br>Czyli przepowiadania te moje<br>To ju\u017c by\u015bmy nic chyba<br>Nie mieli i ju\u017c dawno<br>By nas nie by\u0142o i<br>Przy okazji \u015bwiata te\u017c tego<\/p>\n\n\n\n<p>Jako\u015b z Bo\u017c\u0105 pomoc\u0105<br>To si\u0119 udaje ogarnia\u0107<br>P\u00f3ki co cho\u0107 nie znaczy<br>\u017be ju\u017c nie uczynili swych<br>R\u00f3\u017cnych szata\u0144stw ale dzi\u0119ki te\u017c<br>\u0141asce Bo\u017cej nabywa do\u015bwiadczenia cz\u0142owiek<br>I w\u0142a\u015bciwego ogl\u0105du ludzi rzeczy<\/p>\n\n\n\n<p>Cho\u0107by z tymi samochodami<br>Przecie\u017c ju\u017c szatany ko\u0142o<br>W jednym z nich urwali<br>U pocz\u0105tk\u00f3w eskalacji ich przemocy<br>Nawet wiem kt\u00f3rzy i jak<br>\u017be nie wspomn\u0119 o innych<br>R\u00f3\u017cnych te\u017c rzeczach a jednak<br>Niech B\u00f3g prowadzi w tym<br>Dostrzeganiu i przepowiadaniu ich szata\u0144stw<br>Zawsze pod\u0142ug ob\u0142udy najgorszej<\/p>\n\n\n\n<p>Jak cho\u0107by w tym wkr\u0119caniu<br>W jakie\u015b kradzie\u017ce czy oszustwa<br>Szatany wierutne ju\u017c dawno by<br>Nas tak dopadli gdyby nie<br>Te jak oni nazywaj\u0105 paranoje<br>Bo ju\u017c dawno uczynili by<br>Szata\u0144stwa swoje w kozie siedzieliby\u015bmy<br>By\u0142bym ro\u015blink\u0105 albo analogicznie<br>Ju\u017c by nas i \u015bwiata<br>Tego nie by\u0142o<\/p>\n\n\n\n<p>I zobacz te\u017c jaki przypadek<br>Od pa\u017adziernika nie mam wp\u0142yw\u00f3w<br>Bo tak pasuje tym szatanom<br>Mimo \u017ce formalno\u015bci z mojej<br>Strony s\u0105 za\u0142atwione ale przecie\u017c<br>Dla tych bestii najlepiej by\u015bmy<br>\u017badnych \u015brodk\u00f3w do \u017cycia<br>Nie mieli do tego d\u0105\u017c\u0105<br>W stosunku do naszych prac<br>Te\u017c cho\u0107by te szatany<br>Tak\u017ce przez r\u00f3\u017cnych sromotnych \u0142ajdak\u00f3w<br>Bo przecie\u017c nawet instytucje spo\u0142eczne<br>Maj\u0105 s\u0142u\u017cy\u0107 szata\u0144stwom tych bestii<\/p>\n\n\n\n<p>I ci\u0105g dalszy o samochodach<br>Tak\u0105 mi dali dzisiaj alternatyw\u0119<br>Postaw z lewej strony busa<br>To za kamer\u0105 co trzeba<br>Zrobimy z tym twoim samochodem<br>Albo z drugiej jego strony<br>To ci\u0119 zachaczy przy utrudnionym<br>Wyje\u017adzie jako\u015b to nic \u017ce<br>Nie utrudnionym przecie\u017c przez ciebie<br>Albo chocia\u017c lusterka ci po\u0142ami\u0105<br>Czy zarysuj\u0105 go odpowiednio<br>Jak to robili te\u017c wcze\u015bniej<br>Tak\u017ce taka u bestii jest<br>Zawsze alternatywa wprost szata\u0144ska<br>Najlepiej by bez \u017cadnego wyj\u015bcia<\/p>\n\n\n\n<figure class=\"wp-block-gallery has-nested-images columns-default is-cropped wp-block-gallery-1 is-layout-flex wp-block-gallery-is-layout-flex\">\n<figure class=\"wp-block-image size-large\"><a href=\"https:\/\/hubertpietka.bialystok.pl\/wp-content\/uploads\/2025\/12\/1000042139-scaled.jpg\"><img loading=\"lazy\" decoding=\"async\" width=\"1024\" height=\"771\" data-id=\"10061\" src=\"https:\/\/hubertpietka.bialystok.pl\/wp-content\/uploads\/2025\/12\/1000042139-1024x771.jpg\" alt=\"\" class=\"wp-image-10061\" srcset=\"https:\/\/hubertpietka.bialystok.pl\/wp-content\/uploads\/2025\/12\/1000042139-1024x771.jpg 1024w, https:\/\/hubertpietka.bialystok.pl\/wp-content\/uploads\/2025\/12\/1000042139-300x226.jpg 300w, https:\/\/hubertpietka.bialystok.pl\/wp-content\/uploads\/2025\/12\/1000042139-768x578.jpg 768w, https:\/\/hubertpietka.bialystok.pl\/wp-content\/uploads\/2025\/12\/1000042139-1536x1157.jpg 1536w, https:\/\/hubertpietka.bialystok.pl\/wp-content\/uploads\/2025\/12\/1000042139-2048x1542.jpg 2048w\" sizes=\"auto, (max-width: 1024px) 100vw, 1024px\" \/><\/a><\/figure>\n<\/figure>\n\n\n\n<p>Ale\u017c co ja plot\u0119<br>Przecie\u017c to zbawiciele \u015bwiata<br>Po to tu przecie\u017c przyszli<br>By wybawi\u0107 ludzko\u015b\u0107 spod tej<br>Ciemnej masy katolickiej cho\u0107by<br>Po to te\u017c pewnie ta<br>Bestialska ludob\u00f3jc\u00f3w eksterminacja podrz\u0119dnych element\u00f3w<br>Zapewne kt\u00f3re nie maj\u0105 racji<br>Bytu prawa do \u017cycia<br>Jak odpowiedni u hitlerowc\u00f3w stalinowc\u00f3w<br>W stosunku do tak okre\u015blanych<br>Im niby podrz\u0119dnych przedmiot\u00f3w eksterminacji<\/p>\n\n\n\n<p><strong>A przecie\u017c szatan te\u017c si\u0119<br>Odpowiednio podaje za anio\u0142a \u015bwiat\u0142o\u015bci<br>Ale co ja im tam<br>Z zabobonami katolickimi czy chrze\u015bcija\u0144skimi<br>W tym nowoczesnym \u015bwiecie bestii<br>I \u0142ajdactwa wszelkiego im us\u0142u\u017cnego<br>W r\u00f3\u017cnych zreszt\u0105 zbrodniach<br>Najlepiej pod\u0142ug ob\u0142udy zawsze smutnej<\/strong><\/p>\n\n\n\n<p><em>Ps. A tak naprawd\u0119 dot\u0105d to<br>S\u0105 te przepowiadania paranojami<br>Dop\u00f3ki oni nie spe\u0142ni\u0105<br>Swych wszelkich rodzaj\u00f3w szata\u0144stw<br>Wtedy nagle si\u0119 oka\u017ce<br>\u017be dzia\u0142ali tak w\u0142a\u015bnie<br>Cho\u0107 lepiej w to jest<br>Nie wierzy\u0107 bo to przecie\u017c<br>Nie obliguje wtedy do prewencji<br>Przeciwko wszelkiemu z\u0142u szata\u0144skiemu<br>Tych bestii i ich \u0142ajdactwa<br>Wobec nas naszego i naszych<br>I innych te\u017c tak\u017ce<br>A gdzie si\u0119 ko\u0144czy to<br>Przepowiadanie tam w\u0142a\u015bnie dzia\u0142ania szata\u0144skie<\/em><\/p>\n","protected":false},"excerpt":{"rendered":"<p>Szatany wierutne nazywaj\u0105 to paranoj\u0105Co im nie pasujeW ich szata\u0144skich z\u0142oczynieniachA jakby nie te paranojeCzyli przepowiadania te mojeTo ju\u017c by\u015bmy nic chybaNie mieli i ju\u017c&hellip; <\/p>\n","protected":false},"author":1,"featured_media":0,"parent":0,"menu_order":0,"comment_status":"closed","ping_status":"closed","template":"","meta":{"footnotes":""},"class_list":["post-10058","page","type-page","status-publish","hentry"],"_links":{"self":[{"href":"https:\/\/hubertpietka.bialystok.pl\/index.php?rest_route=\/wp\/v2\/pages\/10058","targetHints":{"allow":["GET"]}}],"collection":[{"href":"https:\/\/hubertpietka.bialystok.pl\/index.php?rest_route=\/wp\/v2\/pages"}],"about":[{"href":"https:\/\/hubertpietka.bialystok.pl\/index.php?rest_route=\/wp\/v2\/types\/page"}],"author":[{"embeddable":true,"href":"https:\/\/hubertpietka.bialystok.pl\/index.php?rest_route=\/wp\/v2\/users\/1"}],"replies":[{"embeddable":true,"href":"https:\/\/hubertpietka.bialystok.pl\/index.php?rest_route=%2Fwp%2Fv2%2Fcomments&post=10058"}],"version-history":[{"count":3,"href":"https:\/\/hubertpietka.bialystok.pl\/index.php?rest_route=\/wp\/v2\/pages\/10058\/revisions"}],"predecessor-version":[{"id":10062,"href":"https:\/\/hubertpietka.bialystok.pl\/index.php?rest_route=\/wp\/v2\/pages\/10058\/revisions\/10062"}],"wp:attachment":[{"href":"https:\/\/hubertpietka.bialystok.pl\/index.php?rest_route=%2Fwp%2Fv2%2Fmedia&parent=10058"}],"curies":[{"name":"wp","href":"https:\/\/api.w.org\/{rel}","templated":true}]}}