{"id":10064,"date":"2025-12-28T10:12:08","date_gmt":"2025-12-28T10:12:08","guid":{"rendered":"https:\/\/hubertpietka.bialystok.pl\/?page_id=10064"},"modified":"2025-12-28T13:28:16","modified_gmt":"2025-12-28T13:28:16","slug":"cywilizacja-smierci-wyrazem-szatanskiego-zdeprawowania-ludzi-i-tego-swiata","status":"publish","type":"page","link":"https:\/\/hubertpietka.bialystok.pl\/?page_id=10064","title":{"rendered":"Cywilizacja \u015bmierci &#8211; wyrazem szata\u0144skiego zdeprawowania \/ ludzi i tego \u015bwiata"},"content":{"rendered":"\n<p>Te szatany wszystko potrafi\u0105 wykorzysta\u0107<br>Odpowiedni\u0105 manipulacj\u0105 k\u0142amstw przeciwko cz\u0142owiekowi<br>Wiedz\u0105 jak uderza\u0107 wsz\u0119dzie zawsze<\/p>\n\n\n\n<p>Je\u015bli cz\u0142owiek znosi\u0142 trudno\u015bci dnia<br>Ca\u0142ego w r\u00f3\u017cnych przeci\u0105\u017ceniach zreszt\u0105<br>I gdzie\u015b wybuch\u0142 cho\u0107by<br>Z powodu zwyk\u0142ej m\u0119skiej pr\u00f3\u017cno\u015bci<br>Bo facet lubi by\u0107 doceniany<br>To te szatany wykorzystuj\u0105 to<br>Oczywi\u015bcie przeciwko tej mojej \u017conie<br>Kt\u00f3r\u0105 chc\u0105 bezmiern\u0105 z\u0142o\u015bci\u0105 zabi\u0107<br>A ona przecie\u017c uczyni\u0142a dobro<br>Bo wychodzi\u0142a porz\u0105dnie tego pieska<br>Zreszt\u0105 tamtego te\u017c kiedy zagra\u0142o<br>Jako\u015b moje przesilenie mocniej<br>A potem ja ju\u017c by\u0142em<br>Do niczego zwyk\u0142a ludzka s\u0142abo\u015b\u0107<br>Powodowana tym czy zreszt\u0105 tamtym<br>Jakby\u015bmy mieli by\u0107 jakimi\u015b postumentami<br>I to te\u017c trzeba zawsze<br>Wykorzysta\u0107 przeciwko niej cho\u0107 przecie\u017c<br>To by\u0142a moja s\u0142abo\u015b\u0107 zaawansowana<br>Szatany wszystko przeciwko dzieciom Bo\u017cym<br>K\u0142amliw\u0105 manipulacj\u0105 obci\u0105\u017cania za wszystko<br>Chc\u0105 pod\u0142ug perfidii ob\u0142udy wykorzystywa\u0107<\/p>\n\n\n\n<p>A teraz jak ludzie mogli<br>W og\u00f3le uwierzy\u0107 \u017ce mordowanie<br>Ludzi mo\u017ce by\u0107 usprawiedliwione czymkolwiek<br>Jak oni mog\u0105 wsp\u00f3\u0142pracowa\u0107<br>Z tymi zbrodniami bestii jakkolwiek<br>Jak mo\u017cna si\u0119 by\u0142o tak<br>Podda\u0107 manipulacji k\u0142amstw szata\u0144skich<br>Cywilizacji \u015bmierci tych bestii \u0142ajdactwa<br>I nawet je\u015bli prawo s\u0142u\u017cy<br>Tym zbrodniom szata\u0144skim to cz\u0142owiek<br>Pod\u0142ug moralno\u015bci i praw Bo\u017cych<br>Nie jest zobligowany do wsp\u00f3\u0142pracy<br>Z \u017cadnymi szata\u0144skimi zbrodniami<br>Po\u017c\u0105daniami \u015bmierci takich czy innych<br>Zepsutych t\u0105 wierutn\u0105 falsyfikacj\u0105 manipulacj\u0105<br>Ob\u0142\u0119dn\u0105 \u017ce niby czyj\u0105\u015b \u015bmier\u0107<br>Mia\u0142aby s\u0142u\u017cy\u0107 jako\u015b innym ludziom<\/p>\n\n\n\n<p><strong>Jak wida\u0107 nie brakuje herold\u00f3w<br>Wsp\u00f3\u0142czesnych optuj\u0105cych za \u015bmierci\u0105 M\u0142odziank\u00f3w<br>Tak\u017ce tych wsp\u00f3\u0142czesnych w imi\u0119<br>Uzurpacji jakiejkolwiek w\u0142adzy praw Bo\u017cych<br>Decydowania o czyim\u015b \u017cyciu \u015bmierci<br>Wsp\u00f3\u0142cze\u015bni m\u0119czennicy te\u017c do Boga<br>Wo\u0142aj\u0105 ju\u017c g\u0142o\u015bno przeciwko temu<br>\u015awiatu kt\u00f3ry idzie za zbrodniami<br>Szata\u0144skimi tej ob\u0142\u0119dnej cywilizacji \u015bmierci<br>Ca\u0142un czerni przez to ju\u017c<br>Nakry\u0142 chyba ca\u0142\u0105 t\u0105 ziemi\u0119<br>\u017ba\u0142oby kirem w imi\u0119 demagogi<br>\u017be inni mog\u0105 decydowa\u0107 kto<br>Ma \u017cy\u0107 a kto umrze\u0107<br>A to szatan jest zab\u00f3jc\u0105<br>Jak powiedzia\u0142 Jezus w Ewangelii<br>I wszelcy post\u0119puj\u0105cy wed\u0142ug niego<br>S\u0105 szatanami bo Boga przeciwnikami<br>Agresorami przeciwko prawom Bo\u017cym<br>I niezbywalnym warto\u015bciom aksjologii cz\u0142owiecze\u0144stwa<br>Powrarza si\u0119 historia dominacji z\u0142a<br>Czy co\u015b to nauczy ludzi<br>\u017be nie da si\u0119 post\u0119powa\u0107 pod\u0142ug<br>Szatana i jednocze\u015bnie pod\u0142ug Boga<br>A zbrodnie k\u0142amstw i \u015bmierci<br>Nigdy nie s\u0105 wyznacznikami jakiejkolwiek<br>Drogi Bo\u017cej wsp\u00f3\u0142pracy z Nim<\/strong><\/p>\n\n\n\n<p>A teraz dalej te szatany<br>Wida\u0107 manipuluj\u0105 pogod\u0105 ca\u0142kowicie<br>Umiej\u0105 powodowa\u0107 deszcz \u015bnieg grad<br>Czy cho\u0107by mg\u0142y smole\u0144skie<br>Umiej\u0105 manipulowa\u0107 temperatur\u0105 a nawet<br>Robi\u0107 wiatry nie tylko te<br>Z dupy \u017ce si\u0119 wyra\u017c\u0119<br>Tu tak troch\u0119 obcesowo<br>Jednak nie bez powodu<br>Wi\u0119c niech nie pieprz\u0105 zepsuci<br>O zmianach klimatycznych bo sami<br>Tym klimatem manipuluj\u0105 ekologizm CO2<br>Co za bzdura kiedy te<br>Bestie z pogod\u0105 mog\u0105 robi\u0107<br>Co tam tylko wymy\u015bl\u0105 sobie<br>I potem si\u0119 szatany niby<br>Dziwi\u0105 \u017ce to si\u0119 odbija<br>Gdzie\u015b jako\u015b na tej ziemi<br>A te ideologizmy niby ekologiczne<br>To bzdura wierutna na zasadzie<br>Jak z tymi tu bestiami<br>Zabieraj\u0105 \u015bmietniki i si\u0119 dziwi\u0105<br>\u017be gdzie\u015b si\u0119 \u015bmieci walaj\u0105<br>A jednocze\u015bnie was i ciebie<br>Mo\u017cna oskar\u017ca\u0107 za ka\u017cdego peta papierek<br>Ob\u0142udnicy niesko\u0144czeni w ob\u0142\u0119dnym zepsuciu<br>A dla obni\u017cenia CO2 to<br>Najlepiej wyeliminowa\u0107 wszystkich ludzi<br>Poza t\u0105 jedynie s\u0142uszn\u0105 elit\u0105<br>Przecie\u017c ludzie wydechem C02 emituj\u0105<br>Szatany totalnie zepsute i wierutne<\/p>\n\n\n\n<p>A na nas jak idziemy<br>Z tym pieskiem konkretnym<br>To mo\u017cna napuszcza\u0107 tak\u017ce tych<br>Kt\u00f3rzy nie s\u0105 nam<br>Z tzw. zasady przeciwni<br>Tak to rozgrywaj\u0105 te szatany<br>Byleby tylko nam przeciwko wszystko <br>A \u017ce to taki straszny jest pies<br>Przecie\u017c ci ob\u0142udnicy to samo<br>Pr\u00f3bowali wmawia\u0107 z Dumk\u0105<br>Kt\u00f3ra jest oaz\u0105 \u0142agodno\u015bci<br>Kiedy by\u0142a w sile wieku<br>I odpowiednio j\u0105 ju\u017c<br>Te\u017c zaprogramowali antagonistycznie przeciwko innym<br>Konkretnym pieskom i teraz to<br>Samo pr\u00f3buj\u0105 z tym owczareczkiem<br>Wmawia\u0107 bo bardzo on przeszkadza<br>Ich wszelkim szata\u0144stwom na nas<br>Ob\u0142udnicy wierutnie zepsuci sromotni manipulanci<br>Byleby tylko przeciwko nam rozgrywa\u0107<br>Wsz\u0119dzie i wszystko pod\u0142ug konkretnych<br>Falsyfikacji i relatywizacji wszelkich warto\u015bci<br>By wszystko s\u0142u\u017cy\u0142o ich szata\u0144stwom<\/p>\n\n\n\n<figure class=\"wp-block-gallery has-nested-images columns-default is-cropped wp-block-gallery-1 is-layout-flex wp-block-gallery-is-layout-flex\">\n<figure class=\"wp-block-image size-large\"><a href=\"https:\/\/hubertpietka.bialystok.pl\/wp-content\/uploads\/2025\/12\/1000042174.jpg\"><img loading=\"lazy\" decoding=\"async\" width=\"771\" height=\"1024\" data-id=\"10067\" src=\"https:\/\/hubertpietka.bialystok.pl\/wp-content\/uploads\/2025\/12\/1000042174-771x1024.jpg\" alt=\"\" class=\"wp-image-10067\" srcset=\"https:\/\/hubertpietka.bialystok.pl\/wp-content\/uploads\/2025\/12\/1000042174-771x1024.jpg 771w, https:\/\/hubertpietka.bialystok.pl\/wp-content\/uploads\/2025\/12\/1000042174-226x300.jpg 226w, https:\/\/hubertpietka.bialystok.pl\/wp-content\/uploads\/2025\/12\/1000042174-768x1021.jpg 768w, https:\/\/hubertpietka.bialystok.pl\/wp-content\/uploads\/2025\/12\/1000042174-1156x1536.jpg 1156w, https:\/\/hubertpietka.bialystok.pl\/wp-content\/uploads\/2025\/12\/1000042174.jpg 1204w\" sizes=\"auto, (max-width: 771px) 100vw, 771px\" \/><\/a><\/figure>\n<\/figure>\n\n\n\n<p><em>Tak\u017ce tego jest weso\u0142o szatany<br>Przecie\u017c rz\u0105dz\u0105 \u015bwiatem nie inaczej<br>Skoro cywilizacja \u015bmieci bestii ma<br>Si\u0119 mie\u0107 \u015bwietnie i to<br>Zreszt\u0105 chyba wsz\u0119dzie nie tylko<br>Przecie\u017c tutaj r\u00f3\u017cni ob\u0142udnicy wierutni<br>Przecie\u017c te\u017c temu maj\u0105 s\u0142u\u017cy\u0107<br>Jezu ufam Tobie wbrew tej<br>Ob\u0142udzie sromotnie chorej d\u0105\u017ce\u0144 totalnych<br>Ku eskalacji przemocy z\u0142a wszelakiej<br>Prowad\u017a Maryjo by nie dali<br>Si\u0119 zwariowa\u0107 tym ob\u0142\u0119dem bestii<br>I \u0142ajdactwa wszelkiego niepodlegli jeszcze<br>Wobec tego na gruncie prawdziwych<br>Bo\u017cych warto\u015bci nie manipulacji szata\u0144skiej<br>Tak\u017ce r\u00f3\u017cnymi prawami cywilizacji \u015bmierci<br>Ave Maria wbrew tym szata\u0144stwom<\/em><\/p>\n\n\n\n<p><strong><em><a href=\"https:\/\/youtu.be\/iJx0YawbLms?si=hWpJ7FlvsSrPEtlR\">Rodzisz si\u0119 dzi\u015b <\/a><\/em><\/strong><\/p>\n","protected":false},"excerpt":{"rendered":"<p>Te szatany wszystko potrafi\u0105 wykorzysta\u0107Odpowiedni\u0105 manipulacj\u0105 k\u0142amstw przeciwko cz\u0142owiekowiWiedz\u0105 jak uderza\u0107 wsz\u0119dzie zawsze Je\u015bli cz\u0142owiek znosi\u0142 trudno\u015bci dniaCa\u0142ego w r\u00f3\u017cnych przeci\u0105\u017ceniach zreszt\u0105I gdzie\u015b wybuch\u0142 cho\u0107byZ&hellip; <\/p>\n","protected":false},"author":1,"featured_media":0,"parent":0,"menu_order":0,"comment_status":"closed","ping_status":"closed","template":"","meta":{"footnotes":""},"class_list":["post-10064","page","type-page","status-publish","hentry"],"_links":{"self":[{"href":"https:\/\/hubertpietka.bialystok.pl\/index.php?rest_route=\/wp\/v2\/pages\/10064","targetHints":{"allow":["GET"]}}],"collection":[{"href":"https:\/\/hubertpietka.bialystok.pl\/index.php?rest_route=\/wp\/v2\/pages"}],"about":[{"href":"https:\/\/hubertpietka.bialystok.pl\/index.php?rest_route=\/wp\/v2\/types\/page"}],"author":[{"embeddable":true,"href":"https:\/\/hubertpietka.bialystok.pl\/index.php?rest_route=\/wp\/v2\/users\/1"}],"replies":[{"embeddable":true,"href":"https:\/\/hubertpietka.bialystok.pl\/index.php?rest_route=%2Fwp%2Fv2%2Fcomments&post=10064"}],"version-history":[{"count":3,"href":"https:\/\/hubertpietka.bialystok.pl\/index.php?rest_route=\/wp\/v2\/pages\/10064\/revisions"}],"predecessor-version":[{"id":10070,"href":"https:\/\/hubertpietka.bialystok.pl\/index.php?rest_route=\/wp\/v2\/pages\/10064\/revisions\/10070"}],"wp:attachment":[{"href":"https:\/\/hubertpietka.bialystok.pl\/index.php?rest_route=%2Fwp%2Fv2%2Fmedia&parent=10064"}],"curies":[{"name":"wp","href":"https:\/\/api.w.org\/{rel}","templated":true}]}}