{"id":10071,"date":"2025-12-28T18:17:05","date_gmt":"2025-12-28T18:17:05","guid":{"rendered":"https:\/\/hubertpietka.bialystok.pl\/?page_id=10071"},"modified":"2025-12-28T18:17:05","modified_gmt":"2025-12-28T18:17:05","slug":"kolaboracja-z-systemem-totalitarnych-ideologii-wszelkich-zbrodni-czy-sumienia-sprzeciw-czyli-wiernosc-wartosciom-w-bogu-i-z-tym-co-za-tym-idzie","status":"publish","type":"page","link":"https:\/\/hubertpietka.bialystok.pl\/?page_id=10071","title":{"rendered":"Kolaboracja z systemem totalitarnych ideologii &#8211; wszelkich zbrodni \/ czy sumienia sprzeciw &#8211; czyli wierno\u015b\u0107 warto\u015bciom w Bogu \/ i z tym co za tym idzie"},"content":{"rendered":"\n<p>Poniewa\u017c ob\u0142uda tych bestii \u0142ajdactwa<br>Jest wprost galopuj\u0105ca przekre\u015blaj\u0105ca coraz<br>Szersze kr\u0119gi normalno\u015bci zdrowej wszelkiej<br>Musz\u0119 powiedzie\u0107 co ma by\u0107<br>Wypowiedziane przeciwko ob\u0142\u0119dowi choremu szatan\u00f3w<\/p>\n\n\n\n<p>Tak cho\u0107by z t\u0105 \u017con\u0105<br>Zawzi\u0119\u0142y si\u0119 szatany by j\u0105<br>Zabi\u0107 zniewoli\u0107 z\u0142owrogo uderza\u0107 jakkolwiek<br>Tak\u017ce w naszych i nasze<br>Z perfidi\u0105 pod\u0142\u0105 godn\u0105 szatan\u00f3w<br>I wszelkich zbrodni z premedytacj\u0105<br>Kt\u00f3re pod\u0142ug tych szatan\u00f3w mia\u0142yby<br>Niby przynosi\u0107 now\u0105 jak\u0105\u015b jako\u015b\u0107<br>Jakby \u015bmier\u0107 mog\u0142a nie\u015b\u0107 co\u015b<br>Innego ni\u017c tylko wy\u0142\u0105cznie zniszczenie<br>Cho\u0107by zdrowej moralno\u015bci ogl\u0105du cz\u0142owiecze\u0144stwa<\/p>\n\n\n\n<p>A ja nie odst\u0105pi\u0119 szatany<br>Je\u015bli wy trwacie w szata\u0144stwach<br>Ob\u0142\u0119du wszelkich zbrodni z\u0142a sko\u0144czonego<br>Od postawy swojej raz wyznaczonej<br>Mi przez Boga stanowiska swego<br>Wbrew waszej przemocy chorej zbrodniom<br>I szanta\u017com r\u00f3wnie zgni\u0142ym szatan\u00f3w<br>Ani mi Ani z nami<br>Naszymi i naszym odst\u0105pcie szatany<br>Zreszt\u0105 wszelakie bo wsz\u0119dzie macie<br>Swoich szpieg\u00f3w m\u0105ciwody prowokator\u00f3w agresor\u00f3w<br>Na pi\u0142ce w ko\u015bciele wsz\u0119dzie<br>Zawodowych i prywatnych i s\u0142u\u017cbowych<br>Pod\u0142ug waszej zapsutej zaplutej wody<br>K\u0142amstw pe\u0142nej m\u0119t\u00f3w chorych wszelkich<\/p>\n\n\n\n<p>A teraz &#8222;za zwodziciela zosta\u0142<br>On uznany&#8221; tak si\u0119 sta\u0142o<br>Z Chrystusem Panem przez tych<br>Ob\u0142udnik\u00f3w faryzeusze a historia z\u0142a<br>Lubi si\u0119 powtarza\u0107 schematami szatana<br>Je\u015bli Chrystus c\u00f3\u017c ja zreszt\u0105<br>A teraz bo te szatany<br>Chc\u0105 zniwelowa\u0107 usun\u0105\u0107 prawa sumienia<br>Jakby mogli rz\u0105dzi\u0107 wn\u0119trzem kogo\u015b<br>A teraz w czasie okupacji<br>Tej hitlerowskiej je\u015bli Polacy poddali<br>By si\u0119 zbrodniom niemieckim gdzie<br>Za ratowanie \u017byd\u00f3w grozi\u0142a \u015bmier\u0107<br>To czy byliby tzw. ocale\u0144cy<br>Czy przetrwa\u0142by w Europie nar\u00f3d<br>Religii judaistycznej starszych w wierze<br>Naszych braci a gdzie by\u0142oby<br>Honorowanie Sprawiedliwych w\u015br\u00f3d Narod\u00f3w \u015awiata<br>Spo\u015br\u00f3d kt\u00f3rych najwi\u0119cej jest Polak\u00f3w<br>I to nawet \u017ce tylko<br>W Polsce grozi\u0142a kara \u015bmierci<br>Tak\u017ce bliskim i przepadek mienia<br>Za ratowanie wtedy znienawidzonego narodu<br>Przez hitlerowskie Niemcy jak cho\u0107by<br>To si\u0119 sta\u0142o z t\u0105<br>B\u0142. Rodzin\u0105 Ulm\u00f3w wobec tego<br>Jest w czasach zagro\u017cenia moralno\u015bci<br>Zarazy relatywizmu instacja praw sumienia<br>Czy jej jak pod\u0142ug tych<br>Szatan\u00f3w bestii i \u0142ajdak\u00f3w<br>Mo\u017ce nie ma a Chrystus<br>Czy zbawi\u0142by \u015bwiat jakby si\u0119<br>Podda\u0142 szanta\u017com presji prze\u015bladowaniom faryzeuszy<br>Tak samo dzisiaj wsp\u00f3\u0142cze\u015bni ob\u0142udnicy<\/p>\n\n\n\n<figure class=\"wp-block-gallery has-nested-images columns-default is-cropped wp-block-gallery-1 is-layout-flex wp-block-gallery-is-layout-flex\">\n<figure class=\"wp-block-image size-large\"><a href=\"https:\/\/hubertpietka.bialystok.pl\/wp-content\/uploads\/2025\/12\/1000042247.jpg\"><img loading=\"lazy\" decoding=\"async\" width=\"1024\" height=\"771\" data-id=\"10072\" src=\"https:\/\/hubertpietka.bialystok.pl\/wp-content\/uploads\/2025\/12\/1000042247-1024x771.jpg\" alt=\"\" class=\"wp-image-10072\" srcset=\"https:\/\/hubertpietka.bialystok.pl\/wp-content\/uploads\/2025\/12\/1000042247-1024x771.jpg 1024w, https:\/\/hubertpietka.bialystok.pl\/wp-content\/uploads\/2025\/12\/1000042247-300x226.jpg 300w, https:\/\/hubertpietka.bialystok.pl\/wp-content\/uploads\/2025\/12\/1000042247-768x578.jpg 768w, https:\/\/hubertpietka.bialystok.pl\/wp-content\/uploads\/2025\/12\/1000042247-1536x1156.jpg 1536w, https:\/\/hubertpietka.bialystok.pl\/wp-content\/uploads\/2025\/12\/1000042247.jpg 1600w\" sizes=\"auto, (max-width: 1024px) 100vw, 1024px\" \/><\/a><\/figure>\n<\/figure>\n\n\n\n<p><em>A poza tym przejecha\u0142em wielekro\u0107<br>Tysi\u0119cy kilometr\u00f3w w ci\u0105gu tych<br>Lat ostatnich cho\u0107by ka\u017cdy m\u00f3j<br>Krok \u015bledz\u0105 te bydlaki misiowe<br>Na niczym mnie za bardzo nie z\u0142apali<br>Wiedz\u0105 \u017ce trudno jest chyba<br>Znale\u017a\u0107 bardziej pod\u0142ug przepis\u00f3w je\u017cd\u017c\u0105cego<br>Ale pod\u0142ug bestii ich po\u017c\u0105da\u0144<br>Wszelkich zbrodni i zepsutego \u0142ajdactwa<br>Prze\u015bladowa\u0107 mnie b\u0119d\u0105 dalej oni<br>I r\u00f3wnie zepsuci ob\u0142ud\u0105 bestii<br>Inni \u0142ajdacy s\u0142u\u017cbowi prywatni zawodowi<br>Mimo \u017ce tak naprawd\u0119 nic<br>Nam nie mog\u0105 zarzuci\u0107<br>Patrz\u0105c na ca\u0142o\u015b\u0107 spraw<br>Te wszelkie prze\u015bladowania poza k\u0142amstwami<br>Ku ob\u0142udzie tych bestii \u0142ajdactwa<br>I r\u00f3\u017cnymi konfabulacjami r\u00f3\u017cnych chorych<br>W zepsuciu tych wszelkich szatan\u00f3w<br>Jezu ufam Tobie niech spadaj\u0105<br>Oni wszyscy z t\u0105 ob\u0142ud\u0105<br>Sromotn\u0105 wierutnie pod\u0142\u0105 ku zbrodniom<br>Tych bestii r\u00f3wnie zepsutego \u0142ajdactwa<\/em><\/p>\n\n\n\n<figure class=\"wp-block-gallery has-nested-images columns-default is-cropped wp-block-gallery-2 is-layout-flex wp-block-gallery-is-layout-flex\">\n<figure class=\"wp-block-image size-large\"><a href=\"https:\/\/hubertpietka.bialystok.pl\/wp-content\/uploads\/2025\/12\/1000042248.jpg\"><img loading=\"lazy\" decoding=\"async\" width=\"1024\" height=\"771\" data-id=\"10073\" src=\"https:\/\/hubertpietka.bialystok.pl\/wp-content\/uploads\/2025\/12\/1000042248-1024x771.jpg\" alt=\"\" class=\"wp-image-10073\" srcset=\"https:\/\/hubertpietka.bialystok.pl\/wp-content\/uploads\/2025\/12\/1000042248-1024x771.jpg 1024w, https:\/\/hubertpietka.bialystok.pl\/wp-content\/uploads\/2025\/12\/1000042248-300x226.jpg 300w, https:\/\/hubertpietka.bialystok.pl\/wp-content\/uploads\/2025\/12\/1000042248-768x578.jpg 768w, https:\/\/hubertpietka.bialystok.pl\/wp-content\/uploads\/2025\/12\/1000042248-1536x1156.jpg 1536w, https:\/\/hubertpietka.bialystok.pl\/wp-content\/uploads\/2025\/12\/1000042248.jpg 1600w\" sizes=\"auto, (max-width: 1024px) 100vw, 1024px\" \/><\/a><\/figure>\n<\/figure>\n","protected":false},"excerpt":{"rendered":"<p>Poniewa\u017c ob\u0142uda tych bestii \u0142ajdactwaJest wprost galopuj\u0105ca przekre\u015blaj\u0105ca corazSzersze kr\u0119gi normalno\u015bci zdrowej wszelkiejMusz\u0119 powiedzie\u0107 co ma by\u0107Wypowiedziane przeciwko ob\u0142\u0119dowi choremu szatan\u00f3w Tak cho\u0107by z t\u0105&hellip; <\/p>\n","protected":false},"author":1,"featured_media":0,"parent":0,"menu_order":0,"comment_status":"closed","ping_status":"closed","template":"","meta":{"footnotes":""},"class_list":["post-10071","page","type-page","status-publish","hentry"],"_links":{"self":[{"href":"https:\/\/hubertpietka.bialystok.pl\/index.php?rest_route=\/wp\/v2\/pages\/10071","targetHints":{"allow":["GET"]}}],"collection":[{"href":"https:\/\/hubertpietka.bialystok.pl\/index.php?rest_route=\/wp\/v2\/pages"}],"about":[{"href":"https:\/\/hubertpietka.bialystok.pl\/index.php?rest_route=\/wp\/v2\/types\/page"}],"author":[{"embeddable":true,"href":"https:\/\/hubertpietka.bialystok.pl\/index.php?rest_route=\/wp\/v2\/users\/1"}],"replies":[{"embeddable":true,"href":"https:\/\/hubertpietka.bialystok.pl\/index.php?rest_route=%2Fwp%2Fv2%2Fcomments&post=10071"}],"version-history":[{"count":1,"href":"https:\/\/hubertpietka.bialystok.pl\/index.php?rest_route=\/wp\/v2\/pages\/10071\/revisions"}],"predecessor-version":[{"id":10074,"href":"https:\/\/hubertpietka.bialystok.pl\/index.php?rest_route=\/wp\/v2\/pages\/10071\/revisions\/10074"}],"wp:attachment":[{"href":"https:\/\/hubertpietka.bialystok.pl\/index.php?rest_route=%2Fwp%2Fv2%2Fmedia&parent=10071"}],"curies":[{"name":"wp","href":"https:\/\/api.w.org\/{rel}","templated":true}]}}