{"id":10076,"date":"2025-12-30T09:30:03","date_gmt":"2025-12-30T09:30:03","guid":{"rendered":"https:\/\/hubertpietka.bialystok.pl\/?page_id=10076"},"modified":"2025-12-30T09:30:03","modified_gmt":"2025-12-30T09:30:03","slug":"jesli-wzgardzisz-bog-cie-odrzuci-jako-konsekwencja-tzw-paradoksu-bozego","status":"publish","type":"page","link":"https:\/\/hubertpietka.bialystok.pl\/?page_id=10076","title":{"rendered":"Je\u015bli wzgardzisz \/ B\u00f3g ci\u0119 odrzuci &#8211; jako konsekwencja \/ tzw. paradoksu Bo\u017cego"},"content":{"rendered":"\n<p>\u015awiecie czy\u015b ty wzgardzi\u0142 tymi<br>Ma\u0142ymi dzie\u0107mi Bo\u017cymi ich mi\u0142o\u015bci\u0105<br>Wybieraj\u0105c wsp\u00f3\u0142prac\u0119 z przemoc\u0105 bestii<br>Kolaboracj\u0119 pod\u0142ug instynkt\u00f3w najgorszych \u0142ajdactwa<br>Ze zbrodniami tych wierutnych szatan\u00f3w<\/p>\n\n\n\n<p>Dlaczego \u015bwiecie chcesz to wszystko<br>Uk\u0142ada\u0107 po swojemu niepomny na<br>Wierno\u015b\u0107 prawdziwie s\u0142usznym sprawom Bo\u017cym<br>Dlaczego nie przemawiaj\u0105 do Ciebie<br>S\u0142owa prawdziwych prorok\u00f3w a dajesz<br>Pos\u0142uch wszelkim fa\u0142szywym ob\u0142udzie diabelskiej<br>Jak ty mo\u017cesz przetrwa\u0107 \u015bwiecie<br>Skoro lekcewa\u017cysz prawdziwe S\u0142owo Bo\u017ce<\/p>\n\n\n\n<p>Czy ty chcesz zgin\u0105\u0107 ca\u0142y<br>Jak zgin\u0119\u0142o ju\u017c tylu wiernych syn\u00f3w<br>Tego narodu ale nie tylko<br>Jak zgin\u0119li przedwcze\u015bnie bardowie Solidarno\u015bci<br>Jak gin\u0105 ci\u0105gle rockmani alternatywni<br>Dla demagogi diabelskiej rozko\u0142ysanych bestii<br>We wszelkim z\u0142u najgorszych zbrodni<br>A co si\u0119 dzieje z<br>Kazikiem temat nagle w mediach<br>Ucich\u0142 ca\u0142kowicie a co te\u017c<br>Z innymi bardami kt\u00f3rzy jeszcze<br>Tu zostali te\u017c maj\u0105 by\u0107<br>Wydani na pastw\u0119 tych bestii<br>Jak my nasi i nasze i jeszcze<br>Inni kt\u00f3rzy si\u0119 narazili na<br>Nienawi\u015b\u0107 pod\u0142\u0105 tych wszelkich szatan\u00f3w<br>Bestii \u0142ajdak\u00f3w ideolog\u00f3w bo ten<br>Komunizm lewacki wida\u0107 chyba nie<br>Upad\u0142 skoro oni wszyscy zgin\u0119li ju\u017c<br>Niby w wolnej Polsce<br>A i teraz ten szatanizm<br>Zreszt\u0105 wszelki ma si\u0119 \u015bwietnie<br>W z\u0142u wszelkim dla podpadni\u0119tych<br>Ideologistom komunistom lewakom wszelkiej ma\u015bci<br>Ilu ma jeszcze zgin\u0105\u0107 syn\u00f3w<br>Wiernych nie tylko tego narodu<br>Ale i wyznawc\u00f3w warto\u015bci Bo\u017cych<br>W tym \u015bwiecie chyba ca\u0142ym<br>Pod\u0142ug z\u0142o\u015bci bestii i \u0142ajdactwa<\/p>\n\n\n\n<p>Nie chcesz s\u0142ucha\u0107 \u015bwiecie g\u0142os\u00f3w<br>Prawdziwych prorok\u00f3w bo \u0142atwiej jest<br>Ci si\u0119 na przemoc bestii<br>Godzi\u0107 bo to si\u0119 przecie\u017c<br>Wtedy nie wi\u0105\u017ce z wyst\u0119powaniem<br>Twardym przeciwko tym wszelkim szata\u0144stwom<br>\u0141atwiej jest ci milcze\u0107 oboj\u0119tnie<br>Na zbrodnie tych wszelkich szatan\u00f3w<br>Ni\u017c im si\u0119 z ca\u0142\u0105<br>Moc\u0105 przeciwstawia\u0107 a przecie\u017c my<br>I inne dzieci Bo\u017ce pod\u0142ug<br>Prawdy warto\u015bci na sztos rzucili\u015bmy<br>To \u017cycie ma\u0142e nasze w<br>Opozycji do tych szata\u0144stw wierutnych<br>Wszelkich zbrodni najgorszych z premedytacj\u0105<\/p>\n\n\n\n<figure class=\"wp-block-gallery has-nested-images columns-default is-cropped wp-block-gallery-1 is-layout-flex wp-block-gallery-is-layout-flex\">\n<figure class=\"wp-block-image size-large\"><a href=\"https:\/\/hubertpietka.bialystok.pl\/wp-content\/uploads\/2025\/12\/1000042333.jpg\"><img loading=\"lazy\" decoding=\"async\" width=\"771\" height=\"1024\" data-id=\"10077\" src=\"https:\/\/hubertpietka.bialystok.pl\/wp-content\/uploads\/2025\/12\/1000042333-771x1024.jpg\" alt=\"\" class=\"wp-image-10077\" srcset=\"https:\/\/hubertpietka.bialystok.pl\/wp-content\/uploads\/2025\/12\/1000042333-771x1024.jpg 771w, https:\/\/hubertpietka.bialystok.pl\/wp-content\/uploads\/2025\/12\/1000042333-226x300.jpg 226w, https:\/\/hubertpietka.bialystok.pl\/wp-content\/uploads\/2025\/12\/1000042333-768x1020.jpg 768w, https:\/\/hubertpietka.bialystok.pl\/wp-content\/uploads\/2025\/12\/1000042333-1157x1536.jpg 1157w, https:\/\/hubertpietka.bialystok.pl\/wp-content\/uploads\/2025\/12\/1000042333.jpg 1536w\" sizes=\"auto, (max-width: 771px) 100vw, 771px\" \/><\/a><\/figure>\n<\/figure>\n\n\n\n<p><em>Czy or\u0119dzie z Fatimy jest<br>Ju\u017c nieaktualne bo \u0142atwiej s\u0142ucha\u0107<br>K\u0142amstw szata\u0144skich tych bestii \u0142ajdactwa<br>Czy B\u00f3g mo\u017ce zniwelowa\u0107 moc<br>Swego S\u0142owa bo tak pasuje<br>Temu ca\u0142emu \u015bwiatu by \u0142ajdaczy\u0107<br>Ze z\u0142em nie przeciwstawia\u0107 si\u0119<br>Temu co jest istotowo szata\u0144skie<br>Bo z niego s\u0105 wszelkie<br>Zbrodnie i k\u0142amstwa maj\u0105ce niby<br>Uzasadnia\u0107 wszelkie zbrodnie z\u0142a<br>Jakby mo\u017cna je by\u0142o czymkolwiek<br>W Bogu i prawdzie usprawiedliwi\u0107<\/em><\/p>\n\n\n\n<p><strong>Ale wiedz \u015bwiecie \u017ce je\u015bli<br>Finalnie wzgardzisz tymi ma\u0142ymi dzie\u0107mi<br>Pod\u0142ug prawdy Bo\u017cej to samo<br>Ciebie spotka wbrew jakimkolwiek k\u0142amstwom<br>Wszelkich zepsutych ob\u0142ud\u0105 fa\u0142szywych prorok\u00f3w<br>Czy ty naprawd\u0119 chcesz si\u0119<br>Przekona\u0107 o tym na tzw.<br>Sk\u00f3rze w\u0142asnej skoro tak ci<br>Wygodniej wierzy\u0107 k\u0142amstwom szata\u0144skim zbrodniom<br>Ni\u017c prawdzie dobra Bo\u017cego S\u0142owa<\/strong><\/p>\n\n\n\n<p><strong><em><a href=\"https:\/\/youtu.be\/qpWh9Xmzu1A\">P. Gintrowski, J. Kaczmarski , Z. \u0141api\u0144ski &#8211; Mury<\/a><\/em><\/strong><\/p>\n","protected":false},"excerpt":{"rendered":"<p>\u015awiecie czy\u015b ty wzgardzi\u0142 tymiMa\u0142ymi dzie\u0107mi Bo\u017cymi ich mi\u0142o\u015bci\u0105Wybieraj\u0105c wsp\u00f3\u0142prac\u0119 z przemoc\u0105 bestiiKolaboracj\u0119 pod\u0142ug instynkt\u00f3w najgorszych \u0142ajdactwaZe zbrodniami tych wierutnych szatan\u00f3w Dlaczego \u015bwiecie chcesz to&hellip; <\/p>\n","protected":false},"author":1,"featured_media":0,"parent":0,"menu_order":0,"comment_status":"closed","ping_status":"closed","template":"","meta":{"footnotes":""},"class_list":["post-10076","page","type-page","status-publish","hentry"],"_links":{"self":[{"href":"https:\/\/hubertpietka.bialystok.pl\/index.php?rest_route=\/wp\/v2\/pages\/10076","targetHints":{"allow":["GET"]}}],"collection":[{"href":"https:\/\/hubertpietka.bialystok.pl\/index.php?rest_route=\/wp\/v2\/pages"}],"about":[{"href":"https:\/\/hubertpietka.bialystok.pl\/index.php?rest_route=\/wp\/v2\/types\/page"}],"author":[{"embeddable":true,"href":"https:\/\/hubertpietka.bialystok.pl\/index.php?rest_route=\/wp\/v2\/users\/1"}],"replies":[{"embeddable":true,"href":"https:\/\/hubertpietka.bialystok.pl\/index.php?rest_route=%2Fwp%2Fv2%2Fcomments&post=10076"}],"version-history":[{"count":1,"href":"https:\/\/hubertpietka.bialystok.pl\/index.php?rest_route=\/wp\/v2\/pages\/10076\/revisions"}],"predecessor-version":[{"id":10078,"href":"https:\/\/hubertpietka.bialystok.pl\/index.php?rest_route=\/wp\/v2\/pages\/10076\/revisions\/10078"}],"wp:attachment":[{"href":"https:\/\/hubertpietka.bialystok.pl\/index.php?rest_route=%2Fwp%2Fv2%2Fmedia&parent=10076"}],"curies":[{"name":"wp","href":"https:\/\/api.w.org\/{rel}","templated":true}]}}