{"id":1010,"date":"2018-02-17T12:19:31","date_gmt":"2018-02-17T12:19:31","guid":{"rendered":"http:\/\/hubertpietka.bialystok.pl\/?page_id=1010"},"modified":"2018-02-17T12:23:11","modified_gmt":"2018-02-17T12:23:11","slug":"malosc","status":"publish","type":"page","link":"https:\/\/hubertpietka.bialystok.pl\/?page_id=1010","title":{"rendered":"Ma\u0142o\u015b\u0107"},"content":{"rendered":"<p><strong>Ma\u0142o\u015b\u0107<\/strong><\/p>\n<p><em>&#8222;Ele mele dudki<\/em><em><br \/>\nGospodarz malutki<br \/>\nGospodyni jeszcze mniejsza<br \/>\nAle za to roztropniejsza&#8221;<\/em><\/p>\n<p><em>Wyliczanka<\/em><\/p>\n<p>A przecie\u017c<\/p>\n<p><em>Jakub jest taki ma\u0142y<\/em><\/p>\n<p>Dlaczego ja<br \/>\nDlaczego to wszystko Panie<br \/>\nJa nie wiem<br \/>\nPrzecie\u017c<\/p>\n<p><em>Jakub jest taki ma\u0142y<\/em><\/p>\n<p>Ja nie wiem<br \/>\nAle Ty wiesz<br \/>\nI to mi wystarczy<br \/>\nMimo \u017ce<\/p>\n<p><em>Jakub jest taki ma\u0142y<\/em><\/p>\n<p>Ty sam m\u0105 spraw\u0119<br \/>\nDoko\u0144czysz<br \/>\nC\u00f3\u017c ja<br \/>\nPrzecie\u017c<\/p>\n<p><em>Jakub jest taki ma\u0142y<\/em><\/p>\n<p>I nic wi\u0119cej<br \/>\nJu\u017c nie obchodzi mnie<br \/>\nBo Ty wiesz<br \/>\n\u017be przecie\u017c<\/p>\n<p><em>Jakub jest taki ma\u0142y<\/em><\/p>\n<p>C\u00f3\u017c ja<br \/>\nNie ma mnie<br \/>\nAle Ty jeste\u015b<br \/>\nDlatego \u017ce<\/p>\n<p><em>Jakub jest taki ma\u0142y<\/em><\/p>\n<p>O nic ju\u017c nie troskam si\u0119<br \/>\nJa wiedzie\u0107 nic nie musz\u0119<br \/>\nAle Ty wiesz<br \/>\n\u017be przecie\u017c<\/p>\n<p><em>Jakub jest taki ma\u0142y<\/em><\/p>\n<p>Nic wi\u0119cej nie trzeba<br \/>\nTylko to wiem<br \/>\n\u017be Ty jeste\u015b Bogiem<br \/>\nA<\/p>\n<p><em>Jakub jest taki ma\u0142y<\/em><\/p>\n<p>I tyle<br \/>\nNic ponad to<br \/>\nKt\u00f3\u017c jak B\u00f3g<br \/>\nNiech si\u0119 stanie<br \/>\nWszystko co chcesz<br \/>\nBo<\/p>\n<p><em>Jakub jest taki ma\u0142y<\/em><\/p>\n<p>Albo albo<br \/>\nLecz Ty nie ja<br \/>\nTo wszystko<br \/>\nDlatego trzeba to<br \/>\n\u017be<\/p>\n<p><em>Jakub jest taki ma\u0142y<\/em><\/p>\n<p>I niech tak b\u0119dzie<br \/>\nCo Ty chcesz<br \/>\nA nie co ja chc\u0119<br \/>\nPoniewa\u017c<\/p>\n<p><em>Jakub jest taki ma\u0142y<\/em><\/p>\n<p><em>&#8222;Trzeba aby On wzrasta\u0142<\/em><em><br \/>\nA ja umniejsza\u0142 si\u0119&#8221; [J 3,30]<\/em><\/p>\n<p style=\"text-align: center;\"><a href=\"https:\/\/www.youtube.com\/watch?v=Wb6zJnED6D8\">Luxtorpeda &#8211; Robaki<\/a><\/p>\n","protected":false},"excerpt":{"rendered":"<p>Ma\u0142o\u015b\u0107 &#8222;Ele mele dudki Gospodarz malutki Gospodyni jeszcze mniejsza Ale za to roztropniejsza&#8221; Wyliczanka A przecie\u017c Jakub jest taki ma\u0142y Dlaczego ja Dlaczego to wszystko&hellip; <\/p>\n","protected":false},"author":1,"featured_media":0,"parent":0,"menu_order":0,"comment_status":"closed","ping_status":"closed","template":"","meta":{"footnotes":""},"class_list":["post-1010","page","type-page","status-publish","hentry"],"_links":{"self":[{"href":"https:\/\/hubertpietka.bialystok.pl\/index.php?rest_route=\/wp\/v2\/pages\/1010","targetHints":{"allow":["GET"]}}],"collection":[{"href":"https:\/\/hubertpietka.bialystok.pl\/index.php?rest_route=\/wp\/v2\/pages"}],"about":[{"href":"https:\/\/hubertpietka.bialystok.pl\/index.php?rest_route=\/wp\/v2\/types\/page"}],"author":[{"embeddable":true,"href":"https:\/\/hubertpietka.bialystok.pl\/index.php?rest_route=\/wp\/v2\/users\/1"}],"replies":[{"embeddable":true,"href":"https:\/\/hubertpietka.bialystok.pl\/index.php?rest_route=%2Fwp%2Fv2%2Fcomments&post=1010"}],"version-history":[{"count":3,"href":"https:\/\/hubertpietka.bialystok.pl\/index.php?rest_route=\/wp\/v2\/pages\/1010\/revisions"}],"predecessor-version":[{"id":1013,"href":"https:\/\/hubertpietka.bialystok.pl\/index.php?rest_route=\/wp\/v2\/pages\/1010\/revisions\/1013"}],"wp:attachment":[{"href":"https:\/\/hubertpietka.bialystok.pl\/index.php?rest_route=%2Fwp%2Fv2%2Fmedia&parent=1010"}],"curies":[{"name":"wp","href":"https:\/\/api.w.org\/{rel}","templated":true}]}}