{"id":10107,"date":"2026-01-04T18:34:29","date_gmt":"2026-01-04T18:34:29","guid":{"rendered":"https:\/\/hubertpietka.bialystok.pl\/?page_id=10107"},"modified":"2026-01-04T18:34:29","modified_gmt":"2026-01-04T18:34:29","slug":"niewiniatka-obludnicy-pieprzeni-klamstwami-bestii-kpia-se-w-zywe-oczy-z-podloscia-wrecz-niewiarygodna","status":"publish","type":"page","link":"https:\/\/hubertpietka.bialystok.pl\/?page_id=10107","title":{"rendered":"Niewini\u0105tka ob\u0142udnicy &#8211; pieprzeni k\u0142amstwami bestii \/ kpi\u0105 se w \u017cywe oczy &#8211; z pod\u0142o\u015bci\u0105 wr\u0119cz niewiarygodn\u0105"},"content":{"rendered":"\n<p>Ten ob\u0142udnik wierutny sromotny podwija<br>Gra sobie niewini\u0105tko zreszt\u0105 wraz<br>Z zepsut\u0105 sw\u0105 zar\u00f3wno gwiazd\u0105<br>A pewnie wiedz\u0105 przecie\u017c na czym<br>Maj\u0105tek ich powsta\u0142 materialne powodzenie<br>Teraz si\u0119 okazuje znowu \u017ce<br>Ja si\u0119 na tych ob\u0142udnik\u00f3w zawzi\u0105\u0142em<br>A \u015bwiadkowie \u0142a\u017cenia tego bydlaka<br>Po naszym oczywi\u015bcie nie krajoznawczo<br>Maj\u0105 by\u0107 oczywi\u015bcie odpowiednio wyeliminowani<br>Pocz\u0105wszy od Pani Zoji wiadomo bestie<br>Si\u0119 tym zajm\u0105 odpowiednio lubi\u0105<br>Oni eliminowa\u0107 \u015bwiadk\u00f3w im niewygodnych<br>I teraz ten szatan zas\u0142uguje<br>Ju\u017c ca\u0142kowicie na to miano<br>Ma wykazywa\u0107 niby sw\u0105 niewinno\u015b\u0107<br>Wraz z t\u0105 zar\u00f3wno wierutn\u0105<br>Gwiazd\u0105 jego \u0142ajdactw wobec tych<br>R\u00f3wnie zepsutych ob\u0142ud\u0105 bandyckich misi\u00f3w<br>Kt\u00f3re tak samo jak ci<br>Bydlacy pojawiaj\u0105 si\u0119 odpowiednio kiedy<br>My si\u0119 mamy pojawi\u0107 ci<br>Ob\u0142udnicy misiowi nie b\u0119d\u0105 przecie\u017c niewinnych<br>Broni\u0107 prawdziwie cho\u0107by przed naruszaniem<br>Ich domowego prywatnego miru tylko<br>Pod\u0142ug tych bestii maj\u0105 wsp\u00f3\u0142pracowa\u0107<br>W ob\u0142udzie sromotnej z tym<br>Ca\u0142kowicie zepsutym bydlakiem zepsute mi\u015bki<br>Po co wy jeste\u015bcie dla<br>Realizacji przemocy ku zbrodniom bestii<br>I takich wierutnych pod\u0142ych bydlak\u00f3w<br>Zreszt\u0105 te mi\u015bki bydlacze chc\u0105<br>Mie\u0107 swe zas\u0142ugi wobec bestii<br>Wsz\u0119dzie indziej przecie\u017c jak jeste\u015bmy<br>W samochodzie czy zreszt\u0105 gdziekolwiek<br>Tak te\u017c cho\u0107by przeszkadza ten<br>Nasz piesek \u017ce trzeba nasy\u0142a\u0107<br>Na niego prawdziwie z\u0142e psy<br>Bo maj\u0105 z\u0142e intencje pod\u0142ug<br>D\u0105\u017ce\u0144 szata\u0144skich do zbrodni bestii<br>Ale wida\u0107 pod\u0142ug tych szatan\u00f3w<br>Mo\u017cna si\u0119 przecie\u017c pos\u0142u\u017cy\u0107 ka\u017cd\u0105<br>Najgorsz\u0105 ob\u0142ud\u0105 pod\u0142\u0105 do realizacji<br>Swych zepsutych zbrodni a najlepiej<br>Odwr\u00f3ci\u0107 porz\u0105dek z niewinnych zrobi\u0107<br>Przest\u0119pc\u00f3w jakich\u015b a odpowiednio niewinnych<br>Ze zbrodniarzy byleby tylko wsp\u00f3\u0142pracowali<br>Z k\u0142amstwami ku zbrodniom bestii<br>A \u017ce tatu\u015b to dobry<br>Ubecy hitlerowcy stalini\u015bci te\u017c przecie\u017c<br>Byli dobrzy dla swych dzieci<br>Przecie\u017c tatusie niekt\u00f3rzy nawet zapewnili<br>Swym raczej zepsutym pociechom przysz\u0142o\u015b\u0107<br>Tak zwan\u0105 \u015bwietlan\u0105 z zap\u0142aty<br>Za zbrodnie cho\u0107by &#8222;bananowym dzieciom&#8221;<br>Znane to z Polski historii<br>A ju\u017c Jezus powiedzia\u0142 przecie\u017c<br>&#8222;\u017be cho\u0107 \u017ali jeste\u015bcie umiecie<br>Dawa\u0107 dobre dary swym dzieciom&#8221;<br>A tym bydlackim ob\u0142udnikom misiowym<br>Podzi\u0119kuje kiedy\u015b ich kole\u017canka kt\u00f3ra<br>Zgin\u0119\u0142a tragicznie niedawno za to<br>\u017be si\u0119 nie pomodl\u0119 ju\u017c<br>Za ni\u0105 a mia\u0142em zamiar<br>Podzi\u0119kuje ona tym ob\u0142udnikom jak<br>Oni te\u017c si\u0119 kiedy\u015b znajd\u0105<br>Po d\u0142ugiej stronie nie \u0142ud\u017acie<br>Si\u0119 wszelcy ob\u0142udnicy nie b\u0119dzie<br>\u017by\u0107 wiecznie a czeka was<br>Raczej \u015bmier\u0107 wieczna je\u015bli si\u0119<br>Nie nawr\u00f3cicie z ob\u0142udy wierutnej<\/p>\n\n\n\n<figure class=\"wp-block-gallery has-nested-images columns-default is-cropped wp-block-gallery-1 is-layout-flex wp-block-gallery-is-layout-flex\">\n<figure class=\"wp-block-image size-large\"><a href=\"https:\/\/hubertpietka.bialystok.pl\/wp-content\/uploads\/2026\/01\/1000043009.jpg\"><img loading=\"lazy\" decoding=\"async\" width=\"771\" height=\"1024\" data-id=\"10108\" src=\"https:\/\/hubertpietka.bialystok.pl\/wp-content\/uploads\/2026\/01\/1000043009-771x1024.jpg\" alt=\"\" class=\"wp-image-10108\" srcset=\"https:\/\/hubertpietka.bialystok.pl\/wp-content\/uploads\/2026\/01\/1000043009-771x1024.jpg 771w, https:\/\/hubertpietka.bialystok.pl\/wp-content\/uploads\/2026\/01\/1000043009-226x300.jpg 226w, https:\/\/hubertpietka.bialystok.pl\/wp-content\/uploads\/2026\/01\/1000043009-768x1020.jpg 768w, https:\/\/hubertpietka.bialystok.pl\/wp-content\/uploads\/2026\/01\/1000043009-1157x1536.jpg 1157w, https:\/\/hubertpietka.bialystok.pl\/wp-content\/uploads\/2026\/01\/1000043009.jpg 1536w\" sizes=\"auto, (max-width: 771px) 100vw, 771px\" \/><\/a><\/figure>\n<\/figure>\n\n\n\n<p><em>To teraz pewnie szatany mo\u017cna<br>Uderza\u0107 na wszelkie sposoby zreszt\u0105<br>A du\u017co ich macie przecie\u017c<br>Dalej we mnie w \u017con\u0119<br>Zawsze pod\u0142ug ob\u0142udy wierutnej sromotnej<br>Tudzie\u017c w nas naszych nasze i<br>Innych niewinnych przemocy nienawistnej<br>To totalnie zepsute szatany we<br>Wszelkim z\u0142u zbrodniczym s\u0105 przecie\u017c<br>I im s\u0142u\u017c\u0105cy \u0142ajdacy zepsuci<br>A totalno\u015b\u0107 z\u0142a ma dosi\u0119ga\u0107<br>Przecie\u017c nas w totalitarnym pa\u0144stwie<br>Tych bestii wida\u0107 szata\u0144skim ca\u0142kowicie<br>Ani mi Ani szatany jakiekolwiek<br>Z nami naszymi i naszym<br>I niech spadaj\u0105 wszelcy ob\u0142udnicy<br>Niewini\u0105tka pieprzone k\u0142amstwami bestii jak<br>Przypraw\u0105 ku z\u0142u wszelkim zbrodniom<br>Zepsut\u0105 sromotn\u0105 pod\u0142\u0105 niewiarygodnie popapran\u0105<br>Jezu ufam Tobie ave Maria<\/em><\/p>\n","protected":false},"excerpt":{"rendered":"<p>Ten ob\u0142udnik wierutny sromotny podwijaGra sobie niewini\u0105tko zreszt\u0105 wrazZ zepsut\u0105 sw\u0105 zar\u00f3wno gwiazd\u0105A pewnie wiedz\u0105 przecie\u017c na czymMaj\u0105tek ich powsta\u0142 materialne powodzenieTeraz si\u0119 okazuje znowu&hellip; <\/p>\n","protected":false},"author":1,"featured_media":0,"parent":0,"menu_order":0,"comment_status":"closed","ping_status":"closed","template":"","meta":{"footnotes":""},"class_list":["post-10107","page","type-page","status-publish","hentry"],"_links":{"self":[{"href":"https:\/\/hubertpietka.bialystok.pl\/index.php?rest_route=\/wp\/v2\/pages\/10107","targetHints":{"allow":["GET"]}}],"collection":[{"href":"https:\/\/hubertpietka.bialystok.pl\/index.php?rest_route=\/wp\/v2\/pages"}],"about":[{"href":"https:\/\/hubertpietka.bialystok.pl\/index.php?rest_route=\/wp\/v2\/types\/page"}],"author":[{"embeddable":true,"href":"https:\/\/hubertpietka.bialystok.pl\/index.php?rest_route=\/wp\/v2\/users\/1"}],"replies":[{"embeddable":true,"href":"https:\/\/hubertpietka.bialystok.pl\/index.php?rest_route=%2Fwp%2Fv2%2Fcomments&post=10107"}],"version-history":[{"count":1,"href":"https:\/\/hubertpietka.bialystok.pl\/index.php?rest_route=\/wp\/v2\/pages\/10107\/revisions"}],"predecessor-version":[{"id":10109,"href":"https:\/\/hubertpietka.bialystok.pl\/index.php?rest_route=\/wp\/v2\/pages\/10107\/revisions\/10109"}],"wp:attachment":[{"href":"https:\/\/hubertpietka.bialystok.pl\/index.php?rest_route=%2Fwp%2Fv2%2Fmedia&parent=10107"}],"curies":[{"name":"wp","href":"https:\/\/api.w.org\/{rel}","templated":true}]}}