{"id":10111,"date":"2026-01-05T12:30:20","date_gmt":"2026-01-05T12:30:20","guid":{"rendered":"https:\/\/hubertpietka.bialystok.pl\/?page_id=10111"},"modified":"2026-01-05T12:31:55","modified_gmt":"2026-01-05T12:31:55","slug":"nominacje-na-szatanow-przez-boga-calkowicie-potwierdzone-wprost-i-przenosnie","status":"publish","type":"page","link":"https:\/\/hubertpietka.bialystok.pl\/?page_id=10111","title":{"rendered":"Nominacje na szatan\u00f3w \/ przez Boga ca\u0142kowicie potwierdzone &#8211; wprost i przeno\u015bnie"},"content":{"rendered":"\n<p>1.<br>Pieprzone ob\u0142udniki misiowe k\u0142amstwami bestii<br>Wszelkimi najgorszymi nie powiedz\u0105 przecie\u017c<br>\u017be s\u0142u\u017c\u0105 zbrodniom bestii tylko<br>B\u0119d\u0105 przedstawia\u0107 winy niby jakie\u015b<br>Nasze najlepiej pod k\u0105tem konfabulacji<br>Szata\u0144skich wszelkich \u0142ajdak\u00f3w \u017ce szatany<br>Broni\u0105 niby prawa do zabicia<br>Mojej \u017cony tych zwierz\u0105t bliskich<br>Tego nie powiedz\u0105 \u017ce przecie\u017c<br>S\u0142u\u017c\u0105 cywilizacji \u015bmierci tych bestii<br>I \u017ce tak naprawd\u0119 jest<br>To wszystko z nienawi\u015bci z\u0142owrogiej<br>Szatan\u00f3w wszelakich bestii i \u0142ajdak\u00f3w<br>Do nas naszego i naszych<br>Tego nie powiedz\u0105 misiowe \u0142ajdaki<br>Tylko b\u0119d\u0105 gra\u0107 komediant\u00f3w jakich\u015b<br>Oczywi\u015bcie czarnej komedii ku zbrodniom<br>Szata\u0144skim bestii \u015bmierci zniewoleniu szkodzeniu<br>Jakiemukolwiek cho\u0107by jakimi\u015b chorymi mandatami<br>Pod\u0142ug totalno\u015b\u0107 systemu z\u0142a tego<br>Zepsutego totalitaryzmem pa\u0144stwa bestii \u0142ajdactwa<br>Nie powiedz\u0105 przecie\u017c \u017ce to<br>Z nienawi\u015bci z\u0142owrogiej na niewinnych<br>Te szatany s\u0142u\u017c\u0105ce najgorszym szatanom<br>Podobnie zreszt\u0105 inni s\u0142u\u017cbi\u015bci bestii<br>S\u0142u\u017c\u0105cy k\u0142amstwom szata\u0144skim tym najgorszym<br>Bo ku zepsutym szata\u0144skim zbrodniom<\/p>\n\n\n\n<p>2.<br>A teraz skoro B\u00f3g tak<br>Mi powiedzia\u0142 &#8222;\u017ce umrze dziecko<br>Tego szatana je\u015bli si\u0119 on<br>Nie nawr\u00f3ci&#8221; to ja mog\u0119<br>Tym bardziej tak ich nazywa\u0107<br>Wszystkich zepsutych cywilizacj\u0105 ob\u0142\u0119du \u015bmierci<br>\u0141ajdacz\u0105cych tak pod\u0142ug tych bestii<br>To B\u00f3g powiedzia\u0142 o podwiji<br>A skoro ci \u0142ajdacy wszelcy<br>To szatany pod\u0142ug nazewnictwa Boga<br>To te bestie tym bardziej<br>Ca\u0142kowicie zepsute przecie\u017c wszelkim szata\u0144stwem<br>D\u0105\u017ceniami ku z\u0142u dla nas<br>Naszego i naszych no chyba<br>\u017be B\u00f3g nie ma racji<br>I nie wie co m\u00f3wi<br>To zabro\u0144cie wszelkie szatany sromotne<br>Tak m\u00f3wi\u0107 Bogu i podobnie<br>Tak mo\u017cna nazywa\u0107 wszelkich s\u0142u\u017c\u0105cych<br>Z\u0142u szata\u0144skiemu tak\u017ce niewini\u0105tka ob\u0142udne<br>Wszelkie gdziekolwiek s\u0142u\u017c\u0105ce bestii ob\u0142udzie<br>Ku z\u0142u dla dzieci Bo\u017cych<br>W przeciwie\u0144stwie analogicznym s\u0142ug diab\u0142a<\/p>\n\n\n\n<p>3.<br>A teraz skoro te szatany<br>Maj\u0105 do dyspozycji gazowania<br>U nas w domu cho\u0107by<br>Ale nie tylko to mog\u0105<br>Przedstawia\u0107 jakiekolwiek pozory s\u0142u\u017c\u0105ce ich<br>Wierutnym szata\u0144stwom skoro efekt mog\u0105<br>Tym wywo\u0142a\u0107 wedle swego upodobania<br>Szata\u0144skiego w \u015bmierci dla nas<br>Dla tych zwierz\u0105t dla naszych<br>Tak se cho\u0107by upodobali szatany<br>\u017beby psy niby si\u0119 zatru\u0142y<br>Wydechem samochod\u00f3w to oni gdziekolwiek<br>Zreszt\u0105 dope\u0142ni\u0105 to sobie pod\u0142ug<br>Hegemonii gazowania czy ob\u0142\u0119dnego injektowaniu<\/p>\n\n\n\n<figure class=\"wp-block-gallery has-nested-images columns-default is-cropped wp-block-gallery-1 is-layout-flex wp-block-gallery-is-layout-flex\">\n<figure class=\"wp-block-image size-large\"><a href=\"https:\/\/hubertpietka.bialystok.pl\/wp-content\/uploads\/2026\/01\/1000043073.jpg\"><img loading=\"lazy\" decoding=\"async\" width=\"1024\" height=\"771\" data-id=\"10114\" src=\"https:\/\/hubertpietka.bialystok.pl\/wp-content\/uploads\/2026\/01\/1000043073-1024x771.jpg\" alt=\"\" class=\"wp-image-10114\" srcset=\"https:\/\/hubertpietka.bialystok.pl\/wp-content\/uploads\/2026\/01\/1000043073-1024x771.jpg 1024w, https:\/\/hubertpietka.bialystok.pl\/wp-content\/uploads\/2026\/01\/1000043073-300x226.jpg 300w, https:\/\/hubertpietka.bialystok.pl\/wp-content\/uploads\/2026\/01\/1000043073-768x578.jpg 768w, https:\/\/hubertpietka.bialystok.pl\/wp-content\/uploads\/2026\/01\/1000043073-1536x1157.jpg 1536w, https:\/\/hubertpietka.bialystok.pl\/wp-content\/uploads\/2026\/01\/1000043073.jpg 2040w\" sizes=\"auto, (max-width: 1024px) 100vw, 1024px\" \/><\/a><\/figure>\n<\/figure>\n\n\n\n<p><em>I tak oni wszystko szatany<br>Ku \u015bmierci zniewoleniu gwa\u0142towi zniszczeniu<br>Dla nas naszego i naszych<br>I innych niewinnych zepsute szatany<br>Sromotne i wierutne w ob\u0142\u0119dzie<br>D\u0105\u017ceniu ku zbrodniom pod\u0142ug ob\u0142udy<br>Zawsze bo ob\u0142uda idzie tu<br>W parze ich i \u0142ajdactwa<br>R\u00f3wnie zepsutego w ob\u0142\u0119dzie zbrodni<br><strong>Ani mi Ani z nami<br>Naszymi i naszym zepsute szatany<br>Zreszt\u0105 jakiekolwiek i lepiej si\u0119<br>Nawr\u00f3\u0107cie bo spadniecie na samo<br>Dno piek\u0142a zepsute szatany wszelkie<br>Kimkolwiek by\u015bcie nie byli zreszt\u0105<\/strong><\/em><\/p>\n","protected":false},"excerpt":{"rendered":"<p>1.Pieprzone ob\u0142udniki misiowe k\u0142amstwami bestiiWszelkimi najgorszymi nie powiedz\u0105 przecie\u017c\u017be s\u0142u\u017c\u0105 zbrodniom bestii tylkoB\u0119d\u0105 przedstawia\u0107 winy niby jakie\u015bNasze najlepiej pod k\u0105tem konfabulacjiSzata\u0144skich wszelkich \u0142ajdak\u00f3w \u017ce szatanyBroni\u0105&hellip; <\/p>\n","protected":false},"author":1,"featured_media":0,"parent":0,"menu_order":0,"comment_status":"closed","ping_status":"closed","template":"","meta":{"footnotes":""},"class_list":["post-10111","page","type-page","status-publish","hentry"],"_links":{"self":[{"href":"https:\/\/hubertpietka.bialystok.pl\/index.php?rest_route=\/wp\/v2\/pages\/10111","targetHints":{"allow":["GET"]}}],"collection":[{"href":"https:\/\/hubertpietka.bialystok.pl\/index.php?rest_route=\/wp\/v2\/pages"}],"about":[{"href":"https:\/\/hubertpietka.bialystok.pl\/index.php?rest_route=\/wp\/v2\/types\/page"}],"author":[{"embeddable":true,"href":"https:\/\/hubertpietka.bialystok.pl\/index.php?rest_route=\/wp\/v2\/users\/1"}],"replies":[{"embeddable":true,"href":"https:\/\/hubertpietka.bialystok.pl\/index.php?rest_route=%2Fwp%2Fv2%2Fcomments&post=10111"}],"version-history":[{"count":3,"href":"https:\/\/hubertpietka.bialystok.pl\/index.php?rest_route=\/wp\/v2\/pages\/10111\/revisions"}],"predecessor-version":[{"id":10115,"href":"https:\/\/hubertpietka.bialystok.pl\/index.php?rest_route=\/wp\/v2\/pages\/10111\/revisions\/10115"}],"wp:attachment":[{"href":"https:\/\/hubertpietka.bialystok.pl\/index.php?rest_route=%2Fwp%2Fv2%2Fmedia&parent=10111"}],"curies":[{"name":"wp","href":"https:\/\/api.w.org\/{rel}","templated":true}]}}