{"id":10117,"date":"2026-01-05T21:23:05","date_gmt":"2026-01-05T21:23:05","guid":{"rendered":"https:\/\/hubertpietka.bialystok.pl\/?page_id=10117"},"modified":"2026-01-05T21:23:05","modified_gmt":"2026-01-05T21:23:05","slug":"niewiarygodna-sromotnosc-obludy-podlej-bestii-lajdakow-i-pacyn-zarowno-w-szatanstwach-wszelkich-klamstw-zbrodni-przeciwko-tym-malym-dzieciom-bozym","status":"publish","type":"page","link":"https:\/\/hubertpietka.bialystok.pl\/?page_id=10117","title":{"rendered":"Niewiarygodna sromotno\u015b\u0107 ob\u0142udy pod\u0142ej &#8211; bestii \u0142ajdak\u00f3w i pacyn zar\u00f3wno \/ w szata\u0144stwach wszelkich k\u0142amstw zbrodni &#8211; przeciwko tym ma\u0142ym dzieciom Bo\u017cym"},"content":{"rendered":"\n<p>Szatany zepsute wierutne i sromotne<br>Ca\u0142kowicie ju\u017c zas\u0142uguj\u0105 na to<br>Miano tak\u017ce jak by\u0142o wcze\u015bniej pod\u0142ug<br>Te\u017c Boga bo z\u0142oczyni\u0107 maj\u0105<br>Zbrodniami \u015bmieci zniewolenia gwa\u0142tu zniszczenia<br>Na nas naszych naszym i<br>Innych niewinnych pod\u0142ug ob\u0142udy sromotnej<br>Tak w\u0142a\u015bnie wbrew temu co<br>Tu objawiam bo tak wygodnie<br>Jest tym szatanom na to<br>Nie zwa\u017ca\u0107 w swych d\u0105\u017ceniach<br>Do zbrodni swych szata\u0144skich wszelkich<br>A z kolei inni ob\u0142udnicy<br>No zobacz maj\u0105 si\u0119 powo\u0142ywa\u0107<br>Na to co tu pisz\u0119<br>Oczywi\u015bcie nam przeciwko tak te<br>Szatany \u017congluj\u0105 z\u0142em jak im<br>Akurat wygodnie jest i te<br>Bestie i r\u00f3wnie zepsute \u0142ajdactwo<br>Zreszt\u0105 wszelkie zawodowe s\u0142u\u017cbowe prywatne<br>Byleby tylko szata\u0144sko czyni\u0107 z\u0142o<br>Niewini\u0105tka wszelkie pieprzone ob\u0142ud\u0105 najgorsz\u0105<br>K\u0142amstw zepsutych wszelkich diab\u0142a bestii<br>Najlepiej przecie\u017c perfidnie podle zbrodniczy\u0107<\/p>\n\n\n\n<figure class=\"wp-block-gallery has-nested-images columns-default is-cropped wp-block-gallery-1 is-layout-flex wp-block-gallery-is-layout-flex\">\n<figure class=\"wp-block-image size-large\"><a href=\"https:\/\/hubertpietka.bialystok.pl\/wp-content\/uploads\/2026\/01\/1000043165-scaled.jpg\"><img loading=\"lazy\" decoding=\"async\" width=\"771\" height=\"1024\" data-id=\"10118\" src=\"https:\/\/hubertpietka.bialystok.pl\/wp-content\/uploads\/2026\/01\/1000043165-771x1024.jpg\" alt=\"\" class=\"wp-image-10118\" srcset=\"https:\/\/hubertpietka.bialystok.pl\/wp-content\/uploads\/2026\/01\/1000043165-771x1024.jpg 771w, https:\/\/hubertpietka.bialystok.pl\/wp-content\/uploads\/2026\/01\/1000043165-226x300.jpg 226w, https:\/\/hubertpietka.bialystok.pl\/wp-content\/uploads\/2026\/01\/1000043165-768x1020.jpg 768w, https:\/\/hubertpietka.bialystok.pl\/wp-content\/uploads\/2026\/01\/1000043165-1157x1536.jpg 1157w, https:\/\/hubertpietka.bialystok.pl\/wp-content\/uploads\/2026\/01\/1000043165-1542x2048.jpg 1542w, https:\/\/hubertpietka.bialystok.pl\/wp-content\/uploads\/2026\/01\/1000043165-scaled.jpg 1928w\" sizes=\"auto, (max-width: 771px) 100vw, 771px\" \/><\/a><\/figure>\n<\/figure>\n\n\n\n<p><em>A te pieprzone zar\u00f3wno k\u0142amstwami<br>Pacyny rzyga\u0107 mi si\u0119 ju\u017c<br>Chce na ich widok bo<br>Zobacz ob\u0142udnicy przy okazji kol\u0119dy<br>Kiedy s\u0105 zaj\u0119ci wszyscy ksi\u0119\u017ca<br>Ci prawdziwi maj\u0105 wsz\u0119dzie &#8222;ohyd\u0119 spustoszenia&#8221;<br>Sami rozdziela\u0107 t\u0105 ziej\u0105c\u0105 pustk\u0119<br>Pod\u0142ug szatana to k\u0142amstwo jak<br>Ka\u017cde zreszt\u0105 ich s\u0142owa cho\u0107by<br>Te z liturgii kt\u00f3re staj\u0105<br>Si\u0119 parodi\u0105 szata\u0144sk\u0105 wierutn\u0105 sromotn\u0105<br>W ich ustach ob\u0142ud\u0105 zepsutych<br>A nie zastanawia to jako\u015b<br>\u017be oni do Ko\u015bcio\u0142a weszli<br>W czasach dominacji przemocy bestii<br>I \u017ce tak naprawd\u0119 tam<br>Ho\u0142d oni oddaj\u0105 swojej pr\u00f3\u017cno\u015bci<br>I egoizmowi bo im tak<br>Jest wygodniej tak\u017ce od wsp\u00f3\u0142wyznawc\u00f3w<br>Tej zepsutej jadem ziej\u0105cej pustki<br>Czyli &#8222;ohydy spustoszenia&#8221; kt\u00f3ra jest<br>Przecie\u017c ca\u0142kowicie pod\u0142ug szatana bo<br>Sieje zam\u0119t zepsuty w Ko\u015bciele<br>Tak\u017ce ka\u017cde ich s\u0142owo tego<br>\u017bmijowego jadu uzasadniaj\u0105ce zbrodnie bestii<br>I wszelkie zepsute sromotnie postawy<br>Wobec dzieci Bo\u017cych maj\u0105ce ich<br>Kontestowa\u0107 nie z\u0142o zbrodnie bestii<br>\u0141ajdactwa wszelkiego lecz w\u0142a\u015bnie dzieci<br>Te Bo\u017ce kt\u00f3re by\u0142y w<br>Tym Ko\u015bciele od pocz\u0105tku a<br>Nie na skutek k\u0142amstw bestii<br>I teraz te szatany pacyny<br>Bo tak trzeba ich nazwa\u0107<br>Tu te\u017c pozbawiaj\u0105 Komunii \u015bwi\u0119tej<br>Te prawdziwe dzieci Bo\u017ce na<br>Rzecz czczenia szata\u0144skiej &#8222;ohydy spustoszenia&#8221;<br>Czcze jest to bardzo szata\u0144sko<br>Bo oni i ich wsp\u00f3\u0142wyznawcy<br>Szukaj\u0105 tylko chwa\u0142y swej w\u0142asnej<br>Kosztem ksi\u0119\u017cy prawdziwych dzieci Bo\u017cych<br>Tych kt\u00f3rzy w prawdzie trwaj\u0105<br>Obrzydliwie jest to wszystko te<br>Zepsute pacyny i ich wsp\u00f3\u0142wyznawcy<br>Tego jadu i ziej\u0105cej pustki<br>Bo tym jest ona dla<br>W prawdzie Bo\u017cej dzieci Jego<br>I jakkolwiek probowali by to<br>Zakrzycze\u0107 zdusi\u0107 wykorzeni\u0107 tak jest<br>W istocie dla prawdziwych wyznawc\u00f3w<br>Trudno jest mi to zdzier\u017cy\u0107<br>Jak to ma nie wywo\u0142ywa\u0107<br>U mnie kontestacji czy protestu<br>Skoro &#8222;gorliwo\u015b\u0107 o dom Boga<br>Czysty jasny po\u017cera mnie ca\u0142kowicie&#8221;<br>To jest te\u017c straszne szata\u0144stwo<br>Jak zreszt\u0105 wszystko w \u015bwiecie<br>Tych zepsutych bestii \u0142ajdactwa wszelkiego<br>Jak oni mog\u0105 wszyscy m\u00f3wi\u0107<br>\u017be s\u0142u\u017c\u0105 Bogu skoro przyklaskuj\u0105<br>Wszelkim szata\u0144skim k\u0142amstwom i zbrodniom<br>Zwichrowana ca\u0142kowicie por\u0105bana rzeczywisto\u015b\u0107<br>Tych szatan\u00f3w wszelkich bestii \u0142ajdak\u00f3w<br>I pacyn bo pod\u0142ug diab\u0142a<br>Tak naprawd\u0119 to wszystko oni<br>\u0141\u0105cznie z zam\u0119tem i chaosem<br>Wobec wszelkiej prawdy \u017cycia Bo\u017cej<br><strong>Jak oni uj\u015b\u0107 mog\u0105 temu<br>Bo\u017cemu gniewowi wszyscy biada biada<br>Biada musi tu odpowiednio wybrzmie\u0107<br>Bo wykrzywiaj\u0105 szata\u0144sko Bo\u017ce sprawy<br>Przekr\u0119caj\u0105c z\u0142owieszczo z\u0142owrogo ich istot\u0119<\/strong><\/em><\/p>\n","protected":false},"excerpt":{"rendered":"<p>Szatany zepsute wierutne i sromotneCa\u0142kowicie ju\u017c zas\u0142uguj\u0105 na toMiano tak\u017ce jak by\u0142o wcze\u015bniej pod\u0142ugTe\u017c Boga bo z\u0142oczyni\u0107 maj\u0105Zbrodniami \u015bmieci zniewolenia gwa\u0142tu zniszczeniaNa nas naszych naszym&hellip; <\/p>\n","protected":false},"author":1,"featured_media":0,"parent":0,"menu_order":0,"comment_status":"closed","ping_status":"closed","template":"","meta":{"footnotes":""},"class_list":["post-10117","page","type-page","status-publish","hentry"],"_links":{"self":[{"href":"https:\/\/hubertpietka.bialystok.pl\/index.php?rest_route=\/wp\/v2\/pages\/10117","targetHints":{"allow":["GET"]}}],"collection":[{"href":"https:\/\/hubertpietka.bialystok.pl\/index.php?rest_route=\/wp\/v2\/pages"}],"about":[{"href":"https:\/\/hubertpietka.bialystok.pl\/index.php?rest_route=\/wp\/v2\/types\/page"}],"author":[{"embeddable":true,"href":"https:\/\/hubertpietka.bialystok.pl\/index.php?rest_route=\/wp\/v2\/users\/1"}],"replies":[{"embeddable":true,"href":"https:\/\/hubertpietka.bialystok.pl\/index.php?rest_route=%2Fwp%2Fv2%2Fcomments&post=10117"}],"version-history":[{"count":1,"href":"https:\/\/hubertpietka.bialystok.pl\/index.php?rest_route=\/wp\/v2\/pages\/10117\/revisions"}],"predecessor-version":[{"id":10119,"href":"https:\/\/hubertpietka.bialystok.pl\/index.php?rest_route=\/wp\/v2\/pages\/10117\/revisions\/10119"}],"wp:attachment":[{"href":"https:\/\/hubertpietka.bialystok.pl\/index.php?rest_route=%2Fwp%2Fv2%2Fmedia&parent=10117"}],"curies":[{"name":"wp","href":"https:\/\/api.w.org\/{rel}","templated":true}]}}