{"id":10121,"date":"2026-01-05T23:22:03","date_gmt":"2026-01-05T23:22:03","guid":{"rendered":"https:\/\/hubertpietka.bialystok.pl\/?page_id=10121"},"modified":"2026-01-05T23:22:03","modified_gmt":"2026-01-05T23:22:03","slug":"trojca-calkowicie-zepsuta-parodia-wierutna-tej-swietej","status":"publish","type":"page","link":"https:\/\/hubertpietka.bialystok.pl\/?page_id=10121","title":{"rendered":"Tr\u00f3jca ca\u0142kowicie zepsuta \/ parodia wierutna tej \u015awi\u0119tej"},"content":{"rendered":"\n<p>1.<br>Te szatany bestie i \u0142ajdaki<br>S\u0105 zawsze krok przed nami<br>Skoro pods\u0142uchuj\u0105 nasze rozmowy<br>I \u015bledz\u0105 totalnie nasze telefony<br>W ka\u017cdym z\u0142u zbrodni kt\u00f3re<br>Chc\u0105 czyni\u0107 nam naszemu i naszym<br>Nieustannie perfidnie ob\u0142udnie ob\u0142\u0119dnie podle<br>Wierutni sromotni nienawistni z\u0142owrogo zepsuci<\/p>\n\n\n\n<p>2.<br>A szatani\u0107 mo\u017cna wida\u0107 i<br>Przy o\u0142tarzu i na ambonie<br>Jak to czyni\u0105 te pacyny<br>Ca\u0142kowicie pod\u0142ug jadu \u017cmijowego bestii<br>I profanuj\u0105c \u015bwi\u0119to\u015bci wszelkie istotne<br>Dla prawdziwych w czci Bo\u017cej<br>Jego dzieci w tym \u015bwiecie<\/p>\n\n\n\n<p>3.<br>A ta podwija wida\u0107 bydlak<br>Jest sromotnie wierutny w ob\u0142\u0119dzie<br>Ku bestii zbrodniom pod\u0142ug ob\u0142udy<br>Bo wybiera \u0142ajdaczenia pod\u0142ug bestii<br>Kosztem \u017cycia swego dziecka bo<br>Nie chce si\u0119 nawr\u00f3ci\u0107 cho\u0107<br>Ja do tego nie przy\u0142o\u017c\u0119 oczywi\u015bcie<br>Swej r\u0119ki lecz wyrokiem sprawiedliwo\u015bci<br>Tej Bo\u017cej jako nauka odp\u0142aty<br>Za z\u0142o dla wszelkich zepsutych<\/p>\n\n\n\n<figure class=\"wp-block-gallery has-nested-images columns-default is-cropped wp-block-gallery-1 is-layout-flex wp-block-gallery-is-layout-flex\">\n<figure class=\"wp-block-image size-large\"><a href=\"https:\/\/hubertpietka.bialystok.pl\/wp-content\/uploads\/2026\/01\/1000043186.jpg\"><img loading=\"lazy\" decoding=\"async\" width=\"771\" height=\"1024\" data-id=\"10122\" src=\"https:\/\/hubertpietka.bialystok.pl\/wp-content\/uploads\/2026\/01\/1000043186-771x1024.jpg\" alt=\"\" class=\"wp-image-10122\" srcset=\"https:\/\/hubertpietka.bialystok.pl\/wp-content\/uploads\/2026\/01\/1000043186-771x1024.jpg 771w, https:\/\/hubertpietka.bialystok.pl\/wp-content\/uploads\/2026\/01\/1000043186-226x300.jpg 226w, https:\/\/hubertpietka.bialystok.pl\/wp-content\/uploads\/2026\/01\/1000043186-768x1021.jpg 768w, https:\/\/hubertpietka.bialystok.pl\/wp-content\/uploads\/2026\/01\/1000043186-1156x1536.jpg 1156w, https:\/\/hubertpietka.bialystok.pl\/wp-content\/uploads\/2026\/01\/1000043186.jpg 1204w\" sizes=\"auto, (max-width: 771px) 100vw, 771px\" \/><\/a><\/figure>\n<\/figure>\n\n\n\n<p><em>Bestie \u0142ajdaki pacyny pieprzone k\u0142amstwami<br>Najgorszymi szata\u0144skimi ku wszelkim zbrodniom<br>Dla dzieci Bo\u017cych niewinnych nienawi\u015bci<br>Tych zepsutych wszystkich wsp\u00f3\u0142pracuj\u0105cych ca\u0142kowicie<br>Ze sob\u0105 ku z\u0142u szata\u0144skiemu<br>Dla w prawdzie dzieci Bo\u017cych<br>Parodia szata\u0144ska kumoterstwa w zbrodniach<br>Pod\u0142ug k\u0142amstw ob\u0142udy ob\u0142\u0119dnej najgorszej<br>Jezu ufam Tobie Maryjo prowad\u017a<br>Wbrew temu ca\u0142emu zamachowi szata\u0144skiemu<br>Na wierno\u015b\u0107 w dobru i<br>W Bogu niewinno\u015bci dzieci Boga<br>Wbrew tej ca\u0142ej klice kt\u00f3ra<br>Zamachy podst\u0119py prowokacje stosuje zawsze<br>Zgodnie w z\u0142u zbrodni dominacji pokr\u0119tnej <br>Wszelkiej przemocy systemu totalno\u015bci zajad\u0142ej nieprzejednanej wrogo\u015bci <\/em><\/p>\n","protected":false},"excerpt":{"rendered":"<p>1.Te szatany bestie i \u0142ajdakiS\u0105 zawsze krok przed namiSkoro pods\u0142uchuj\u0105 nasze rozmowyI \u015bledz\u0105 totalnie nasze telefonyW ka\u017cdym z\u0142u zbrodni kt\u00f3reChc\u0105 czyni\u0107 nam naszemu i naszymNieustannie&hellip; <\/p>\n","protected":false},"author":1,"featured_media":0,"parent":0,"menu_order":0,"comment_status":"closed","ping_status":"closed","template":"","meta":{"footnotes":""},"class_list":["post-10121","page","type-page","status-publish","hentry"],"_links":{"self":[{"href":"https:\/\/hubertpietka.bialystok.pl\/index.php?rest_route=\/wp\/v2\/pages\/10121","targetHints":{"allow":["GET"]}}],"collection":[{"href":"https:\/\/hubertpietka.bialystok.pl\/index.php?rest_route=\/wp\/v2\/pages"}],"about":[{"href":"https:\/\/hubertpietka.bialystok.pl\/index.php?rest_route=\/wp\/v2\/types\/page"}],"author":[{"embeddable":true,"href":"https:\/\/hubertpietka.bialystok.pl\/index.php?rest_route=\/wp\/v2\/users\/1"}],"replies":[{"embeddable":true,"href":"https:\/\/hubertpietka.bialystok.pl\/index.php?rest_route=%2Fwp%2Fv2%2Fcomments&post=10121"}],"version-history":[{"count":1,"href":"https:\/\/hubertpietka.bialystok.pl\/index.php?rest_route=\/wp\/v2\/pages\/10121\/revisions"}],"predecessor-version":[{"id":10123,"href":"https:\/\/hubertpietka.bialystok.pl\/index.php?rest_route=\/wp\/v2\/pages\/10121\/revisions\/10123"}],"wp:attachment":[{"href":"https:\/\/hubertpietka.bialystok.pl\/index.php?rest_route=%2Fwp%2Fv2%2Fmedia&parent=10121"}],"curies":[{"name":"wp","href":"https:\/\/api.w.org\/{rel}","templated":true}]}}