{"id":10125,"date":"2026-01-06T09:25:48","date_gmt":"2026-01-06T09:25:48","guid":{"rendered":"https:\/\/hubertpietka.bialystok.pl\/?page_id=10125"},"modified":"2026-01-06T09:25:48","modified_gmt":"2026-01-06T09:25:48","slug":"do-obludy-i-zbrodni-prawa-wobec-nienawistnych-lajdakom-i-bestiom-sa-w-tym-swiecie-zdecydowanie-najwazniejszymi-zepsutych-prawami-podlug-szatana","status":"publish","type":"page","link":"https:\/\/hubertpietka.bialystok.pl\/?page_id=10125","title":{"rendered":"Do ob\u0142udy i zbrodni prawa \/ wobec nienawistnych \u0142ajdakom i bestiom &#8211; s\u0105 w tym \u015bwiecie zdecydowanie \/ najwa\u017cniejszymi zepsutych prawami pod\u0142ug szatana"},"content":{"rendered":"\n<p>Lubi rozszczeka\u0107 si\u0119 odpowiednio nagonka<br>Szatana i wszelkich syn\u00f3w diab\u0142a<br>W imi\u0119 praw cz\u0142owieka najwa\u017cniejszych<br>Pod\u0142ug ob\u0142udnik\u00f3w wierutnych i sromotnych<br>Prawa do ob\u0142udy pod\u0142ej odpowiedniej<br>Wobec dzieci Bo\u017cych a wiadomo<br>\u017be zawsze ona pod pozorem<br>Czego\u015b innego niby obrzydliwej niewinno\u015bci<br>Byleby cho\u0107 rykoszetem uderza\u0107 w<br>Tych nienawistnych szatanowi \u0142ajdakom bestiom<br>I w imi\u0119 niby prawa do<br>Zbrodni wiadomo \u017ce wobec tych<br>Samych kt\u00f3rych ma dosi\u0119ga\u0107 zepsuta<br>Ob\u0142uda tych w\u0142a\u015bnie dwa najwa\u017cniejsze<br>Prawa zepsutego \u015bwiata bestii \u0142ajdactwa<br>Jak oni krzycz\u0105 wtedy w<br>\u015awiat ca\u0142y jaki zgie\u0142k powoduj\u0105<br>Wsz\u0119dzie w imi\u0119 tych dw\u00f3ch<br>Praw szatana bo oczywi\u015bcie nie<br>W imi\u0119 prawa do obrony<br>Dzieci Bo\u017cych przed t\u0105 ob\u0142ud\u0105<br>I wszelkimi szata\u0144skimi z\u0142a zbrodniami<\/p>\n\n\n\n<figure class=\"wp-block-gallery has-nested-images columns-default is-cropped wp-block-gallery-1 is-layout-flex wp-block-gallery-is-layout-flex\">\n<figure class=\"wp-block-image size-large\"><a href=\"https:\/\/hubertpietka.bialystok.pl\/wp-content\/uploads\/2026\/01\/1000043207.jpg\"><img loading=\"lazy\" decoding=\"async\" width=\"771\" height=\"1024\" data-id=\"10126\" src=\"https:\/\/hubertpietka.bialystok.pl\/wp-content\/uploads\/2026\/01\/1000043207-771x1024.jpg\" alt=\"\" class=\"wp-image-10126\" srcset=\"https:\/\/hubertpietka.bialystok.pl\/wp-content\/uploads\/2026\/01\/1000043207-771x1024.jpg 771w, https:\/\/hubertpietka.bialystok.pl\/wp-content\/uploads\/2026\/01\/1000043207-226x300.jpg 226w, https:\/\/hubertpietka.bialystok.pl\/wp-content\/uploads\/2026\/01\/1000043207-768x1021.jpg 768w, https:\/\/hubertpietka.bialystok.pl\/wp-content\/uploads\/2026\/01\/1000043207-1156x1536.jpg 1156w, https:\/\/hubertpietka.bialystok.pl\/wp-content\/uploads\/2026\/01\/1000043207.jpg 1204w\" sizes=\"auto, (max-width: 771px) 100vw, 771px\" \/><\/a><\/figure>\n<\/figure>\n\n\n\n<p><em>A teraz przyk\u0142ad taki sobie<br>Zinterpretuj to odpowiednio oczywi\u015bcie ob\u0142udnicy<br>Wszystko interpretuj\u0105 na swoj\u0105 korzy\u015b\u0107<br>I im podobnych w nienawi\u015bci<br>Z\u0142owrogiej do tych dzieci Bo\u017cych<br>Przed chwil\u0105 przed naszym blokiem<br>Wracam z pieskami sobie<br>Widz\u0119 \u017ce wyle\u017ali odpowiedzi m\u0142odzi<br>Z dzieckiem i stercz\u0105 sobie<br>Przed klatk\u0105 odpowiednio to my\u015bl\u0119<br>Se odejd\u0119 plac ten zabaw<br>To mo\u017ce se w ko\u0144cu<br>W kt\u00f3r\u0105\u015b stron\u0119 odpowiednio p\u00f3jd\u0105<br>Ale oni nie czekali a\u017c<br>Sobie powoli okr\u0105\u017c\u0119 a potem<br>Kroki odpowiednie w moj\u0105 stron\u0119<br>Pies zaszczeka\u0142 oczywi\u015bcie kiedy kto\u015b<br>Niespodziewanie z zaskoczenia idzie sobie<br>Odpowiednio na nas i zobacz<br>Dopiero potem tacy se poszli<br>Na placyk zabaw i zapewne<br>Krokiem kolejnym tych ob\u0142udnik\u00f3w zepsutych<br>B\u0119dzie doniesienie oskar\u017cenie gdzie\u015b pieska<br>\u017be niebezpieczny bo zaszczeka\u0142 tak<br>W\u0142a\u015bnie dzia\u0142a ob\u0142uda sromotna wierutna<br>Oczywi\u015bcie pod pozorem czego\u015b innego<br>Wszelkich \u0142ajdak\u00f3w zepsutych i oczywi\u015bcie<br>To b\u0119dzie na m\u0142yn bestii<br>\u017be pies dla otoczenia niebezpieczny<br>I \u017ce trzeba go usun\u0105\u0107<br>Przecie\u017c te ob\u0142udniki pod\u0142e r\u00f3\u017cne<br>Tak to sobie ca\u0142y czas<br>Rozgrywaj\u0105 w imi\u0119 prawa bestii<br>Do zbrodni na nas i<br>Usuni\u0119cia tego pieska naszego obro\u0144cy<br>Tak on przeszkadza przecie\u017c \u0142ajdactwu<br>I bestiom w ich szata\u0144stwach<br>Taki przyk\u0142ad ma\u0142y a przecie\u017c<br>Tych ob\u0142udnik\u00f3w chyba po raz<br>Pierwszy tu widzia\u0142em i od razu<br>Wiedzieli jak ugrywa\u0107 podlug bestii<br>Wi\u0119c o co tu chodzi<br>\u017be wszyscy tak mog\u0105<br>Cho\u0107 nawet nas nie znaj\u0105<br>Ale oczywi\u015bcie trzeba broni\u0107 ob\u0142udnik\u00f3w<br>Z ich \u015bwi\u0119tym szata\u0144sko prawem<br>Do ob\u0142udy ku zbrodniom bestii<br>Zawsze przecie\u017c mo\u017cna ukaza\u0107 szata\u0144sko<br>Odwrotno\u015b\u0107 jak\u0105\u015b takich cho\u0107by sytuacji<br>Byleby tylko s\u0142u\u017cy\u0142o to odpowiednio<br>Szata\u0144stwu ku zbrodniom \u0142ajdactwa bestii<br>Taki obrazek rodzajowy kt\u00f3ry oczywi\u015bcie<br>Ob\u0142udnicy przedstawi\u0105 ze swojej strony<br>Byleby tylko cho\u0107 rykoszetem uderza\u0107<br>W te niewinne Bo\u017ce dzieci<br>Bo to tak naprawd\u0119 wszystko<br>Spisek \u0142ajdactwa i bestii w<br>Z\u0142oczynieniu nienawistnym wobec tych ma\u0142ych<\/em><\/p>\n","protected":false},"excerpt":{"rendered":"<p>Lubi rozszczeka\u0107 si\u0119 odpowiednio nagonkaSzatana i wszelkich syn\u00f3w diab\u0142aW imi\u0119 praw cz\u0142owieka najwa\u017cniejszychPod\u0142ug ob\u0142udnik\u00f3w wierutnych i sromotnychPrawa do ob\u0142udy pod\u0142ej odpowiedniejWobec dzieci Bo\u017cych a wiadomo\u017be&hellip; <\/p>\n","protected":false},"author":1,"featured_media":0,"parent":0,"menu_order":0,"comment_status":"closed","ping_status":"closed","template":"","meta":{"footnotes":""},"class_list":["post-10125","page","type-page","status-publish","hentry"],"_links":{"self":[{"href":"https:\/\/hubertpietka.bialystok.pl\/index.php?rest_route=\/wp\/v2\/pages\/10125","targetHints":{"allow":["GET"]}}],"collection":[{"href":"https:\/\/hubertpietka.bialystok.pl\/index.php?rest_route=\/wp\/v2\/pages"}],"about":[{"href":"https:\/\/hubertpietka.bialystok.pl\/index.php?rest_route=\/wp\/v2\/types\/page"}],"author":[{"embeddable":true,"href":"https:\/\/hubertpietka.bialystok.pl\/index.php?rest_route=\/wp\/v2\/users\/1"}],"replies":[{"embeddable":true,"href":"https:\/\/hubertpietka.bialystok.pl\/index.php?rest_route=%2Fwp%2Fv2%2Fcomments&post=10125"}],"version-history":[{"count":1,"href":"https:\/\/hubertpietka.bialystok.pl\/index.php?rest_route=\/wp\/v2\/pages\/10125\/revisions"}],"predecessor-version":[{"id":10127,"href":"https:\/\/hubertpietka.bialystok.pl\/index.php?rest_route=\/wp\/v2\/pages\/10125\/revisions\/10127"}],"wp:attachment":[{"href":"https:\/\/hubertpietka.bialystok.pl\/index.php?rest_route=%2Fwp%2Fv2%2Fmedia&parent=10125"}],"curies":[{"name":"wp","href":"https:\/\/api.w.org\/{rel}","templated":true}]}}