{"id":10130,"date":"2026-01-06T22:32:08","date_gmt":"2026-01-06T22:32:08","guid":{"rendered":"https:\/\/hubertpietka.bialystok.pl\/?page_id=10130"},"modified":"2026-01-06T22:32:08","modified_gmt":"2026-01-06T22:32:08","slug":"popaprancy-szatanscy-wszelkimi-zbrodniami-analogicznie-obludy-klamstwami","status":"publish","type":"page","link":"https:\/\/hubertpietka.bialystok.pl\/?page_id=10130","title":{"rendered":"Popapra\u0144cy szata\u0144scy \/ wszelkimi zbrodniami &#8211; analogicznie ob\u0142udy k\u0142amstwami"},"content":{"rendered":"\n<p>1.<br>Chyba ich popieprzy\u0142o tych wszystkich<br>Zepsutych pisa\u0142em ju\u017c o tym<br>Wszelkimi ob\u0142udnymi k\u0142amstwami bestii \u0142ajdactwa<br>\u017be ja si\u0119 sprzeniewierz\u0119 Bo\u017cym<br>Warto\u015bciom wszelkim \u017ce \u017con\u0119 zdradz\u0119<br>I si\u0119 rzuc\u0119 w ramiona<br>Jakiej\u015b smarkuli czy kogokolwiek zreszt\u0105<br>Chyba ich popieprzy\u0142o do reszty<br>Wol\u0119 zgin\u0105\u0107 raczej ni\u017c sta\u0107<br>Si\u0119 wierutnym obrzydliwym zdrajcom takim<br>Jakimi s\u0105 inni bez problemu<br>Bo z\u0142ajdaczyli czysto\u015b\u0107 swych serc<br>Ale chyba ich powali\u0142o<br>Wszystkich \u017ce ja taki b\u0119d\u0119<br>Pisa\u0142em ju\u017c wielokro\u0107 wol\u0119 zgin\u0105\u0107<br>I niech ten \u015bwiat ginie<br>Skoro jest a\u017c tak zepsuty<br>I ja swoje a te<br>Szatany wszelkie swoje bestie \u0142ajdaki<br>Tylko \u017ce ja Bo\u017c\u0105 prawd\u0119<br>A oni mno\u017c\u0105 konfabulacje wariacje<br>Wszelkich ob\u0142udnych ku zbrodniom k\u0142amstw<br>I to nie s\u0105 tylko<br>S\u0142owa wszelkie szatany lepiej \u017ceby\u015bcie<br>Si\u0119 o tym nie przekonali<br>Wystawiaj\u0105c zepsuci Boga na pr\u00f3b\u0119<br>Ani mi Ani z r\u0105k<br>Boga nie ujdziecie nawet je\u015bli<br>Wymy\u015blicie k\u0142amstwa ob\u0142udy pod\u0142ej najpi\u0119kniejsze<br>Z nami naszymi i naszym<br>I spadajcie odpieprzcie si\u0119 szatany<\/p>\n\n\n\n<p>I chyba was popieprzy\u0142o zepsute<br>Szatany \u017ce ja si\u0119 zgodz\u0119<br>Z jakimkolwiek waszymi chorymi zbrodniami<br>Na nas naszych i naszym<br>Chyba ju\u017c was popieprzy\u0142o ca\u0142kowicie<br>Wszelcy zepsuci z\u0142em bestie \u0142ajdaki<br>Pod\u0142ug ob\u0142udy ju\u017c chyba niewyra\u017calnej<\/p>\n\n\n\n<figure class=\"wp-block-gallery has-nested-images columns-default is-cropped wp-block-gallery-1 is-layout-flex wp-block-gallery-is-layout-flex\">\n<figure class=\"wp-block-image size-large\"><a href=\"https:\/\/hubertpietka.bialystok.pl\/wp-content\/uploads\/2026\/01\/1000043259.jpg\"><img loading=\"lazy\" decoding=\"async\" width=\"771\" height=\"1024\" data-id=\"10131\" src=\"https:\/\/hubertpietka.bialystok.pl\/wp-content\/uploads\/2026\/01\/1000043259-771x1024.jpg\" alt=\"\" class=\"wp-image-10131\" srcset=\"https:\/\/hubertpietka.bialystok.pl\/wp-content\/uploads\/2026\/01\/1000043259-771x1024.jpg 771w, https:\/\/hubertpietka.bialystok.pl\/wp-content\/uploads\/2026\/01\/1000043259-226x300.jpg 226w, https:\/\/hubertpietka.bialystok.pl\/wp-content\/uploads\/2026\/01\/1000043259-768x1021.jpg 768w, https:\/\/hubertpietka.bialystok.pl\/wp-content\/uploads\/2026\/01\/1000043259-1156x1536.jpg 1156w, https:\/\/hubertpietka.bialystok.pl\/wp-content\/uploads\/2026\/01\/1000043259.jpg 1204w\" sizes=\"auto, (max-width: 771px) 100vw, 771px\" \/><\/a><\/figure>\n<\/figure>\n\n\n\n<p>2.<br>A przecie\u017c wiem te\u017c to<br>\u017be te zepsute ca\u0142kowicie szatany<br>Szanta\u017cuj\u0105 j\u0105 nieustannie wszelkim z\u0142em<br>Bo to s\u0105 szatany sromotne wierutne<br>Ob\u0142udne pod\u0142e perfidne bezwzgl\u0119dni zbrodniarze<br>To ich definiuje ca\u0142kowicie szatan\u00f3w<br>Syn\u00f3w diab\u0142a<\/p>\n\n\n\n<p>Co tam zepsute szatany wierutne<br>Jednak macie sfingowa\u0107 samob\u00f3jstwo \u017cony<br>A czym j\u0105 zepsuci sromotnicy ob\u0142udni<br>Szanta\u017cujecie \u017ce ma wsp\u00f3\u0142pracowa\u0107 odpowiednio<br>Z tym czy likwidacj\u0105 piesk\u00f3w<br>To ju\u017c nie nowotw\u00f3r hospicjum<br>Jak te\u017c przecie\u017c lubicie szatany<br>Zabija\u0107 r\u00f3\u017cnych niewinnych wam nienawistnych<br>Teraz to znowu a nie<br>Gwa\u0142t czasem cho\u0107by te\u017c to<br>Lubicie popapra\u0144cy zepsucia ju\u017c wam<br>Nie wystarczy gazowanie czy injektowanie<br>Z wywo\u0142ywaniem odpowiednich \u015bmieci objaw\u00f3w<br>Ju\u017c wam szatany nie wystarczy<br>Cho\u0107by zniewolenie szata\u0144skie zdecydujcie si\u0119<br>W ko\u0144cu popapra\u0144cy szata\u0144scy wszelkimi zbrodniami<br>A nie se \u017conglujecie zepsuci<br>Byleby tylko ku waszych zbrodniom<br>Synowie szatana w tym godni<br>I w ob\u0142udzie kt\u00f3ra ma<br>Do tego prowadzi\u0107 i te\u017c<br>Na pewno uzasadnia\u0107 i w<br>Szanta\u017cach jak te\u017c lubicie szatany<br>Zepsute popaprane wierutne ob\u0142udne sromotne<br>Nigdy nie zaspokojone w po\u017c\u0105daniach<br>Wszelkich najgorszych zbrodni nie pociesz\u0119<br>Was jednak szatany jak by\u015bcie<br>Tego nie zrobili efekt dla<br>Tego \u015bwiata ko\u0144cowy b\u0119dzie ob\u0142udnicy<br>Zreszt\u0105 wszelacy wprost taki samy<br>Raczej powinni\u015bcie si\u0119 modli\u0107 szatany<br>I nie do szatana by ona<br>Ja nasi i nasze by\u015bmy<br>Ob\u0142udnicy zbrodniczy wszelcy jednak \u017cyli<br>Je\u015bli wy chcecie \u017cy\u0107<br>Jak powiedzia\u0142 B\u00f3g i inni<br>Te\u017c zreszt\u0105 nie wsp\u00f3\u0142pracowa\u0107 \u0142ajdacko<br>Z waszymi zbrodniami i k\u0142amstwami<br>Popapra\u0144cy ob\u0142udni wierutni ku zbrodniom<br>Powiedzia\u0142em koniec i kropka<br>Musi si\u0119 zatrzyma\u0107 to szata\u0144stwo<br>Tak zreszt\u0105 czy inaczej<\/p>\n","protected":false},"excerpt":{"rendered":"<p>1.Chyba ich popieprzy\u0142o tych wszystkichZepsutych pisa\u0142em ju\u017c o tymWszelkimi ob\u0142udnymi k\u0142amstwami bestii \u0142ajdactwa\u017be ja si\u0119 sprzeniewierz\u0119 Bo\u017cymWarto\u015bciom wszelkim \u017ce \u017con\u0119 zdradz\u0119I si\u0119 rzuc\u0119 w ramionaJakiej\u015b&hellip; <\/p>\n","protected":false},"author":1,"featured_media":0,"parent":0,"menu_order":0,"comment_status":"closed","ping_status":"closed","template":"","meta":{"footnotes":""},"class_list":["post-10130","page","type-page","status-publish","hentry"],"_links":{"self":[{"href":"https:\/\/hubertpietka.bialystok.pl\/index.php?rest_route=\/wp\/v2\/pages\/10130","targetHints":{"allow":["GET"]}}],"collection":[{"href":"https:\/\/hubertpietka.bialystok.pl\/index.php?rest_route=\/wp\/v2\/pages"}],"about":[{"href":"https:\/\/hubertpietka.bialystok.pl\/index.php?rest_route=\/wp\/v2\/types\/page"}],"author":[{"embeddable":true,"href":"https:\/\/hubertpietka.bialystok.pl\/index.php?rest_route=\/wp\/v2\/users\/1"}],"replies":[{"embeddable":true,"href":"https:\/\/hubertpietka.bialystok.pl\/index.php?rest_route=%2Fwp%2Fv2%2Fcomments&post=10130"}],"version-history":[{"count":1,"href":"https:\/\/hubertpietka.bialystok.pl\/index.php?rest_route=\/wp\/v2\/pages\/10130\/revisions"}],"predecessor-version":[{"id":10132,"href":"https:\/\/hubertpietka.bialystok.pl\/index.php?rest_route=\/wp\/v2\/pages\/10130\/revisions\/10132"}],"wp:attachment":[{"href":"https:\/\/hubertpietka.bialystok.pl\/index.php?rest_route=%2Fwp%2Fv2%2Fmedia&parent=10130"}],"curies":[{"name":"wp","href":"https:\/\/api.w.org\/{rel}","templated":true}]}}