{"id":10135,"date":"2026-01-07T23:28:32","date_gmt":"2026-01-07T23:28:32","guid":{"rendered":"https:\/\/hubertpietka.bialystok.pl\/?page_id=10135"},"modified":"2026-01-07T23:28:32","modified_gmt":"2026-01-07T23:28:32","slug":"zle-psy-szatana-szostki-sluzalcy-a-obrona-niewinnych-zony-malzenstwa-ich-ichnich-ichniego","status":"publish","type":"page","link":"https:\/\/hubertpietka.bialystok.pl\/?page_id=10135","title":{"rendered":"Z\u0142e psy szatana &#8211; sz\u00f3stki s\u0142u\u017calcy \/ a obrona niewinnych &#8211; \u017cony, ma\u0142\u017ce\u0144stwa, ich, ichnich ichniego"},"content":{"rendered":"\n<p>1.<br>\u015aw. *<strong>Raj-munda<\/strong>* z *<strong>Peny-a-fort<\/strong>* by\u0142o wczoraj<br>Ale zawsze *<strong>rajem Mundka<\/strong>* czyli<br>Przedstawiciela \u015bwiata jest *<strong>PiEny<\/strong>* obrona<br>Bycie jej warowni\u0105 i fortem<br>Wbrew temu wszelkiemu z\u0142u szata\u0144skiemu<br>Zepsutych bestii i popapranego \u0142ajdactwa<br>W z\u0142u wszelkim ob\u0142udnym tamtych<br>I to powinno by\u0107 te\u017c<br>Rajem tego \u015bwiata czyli szcz\u0119\u015bciem<br>Obrona jej i niewinnych wszelkich<br>Temu z\u0142u szata\u0144skiemu tych bestii<br>Bo tylko w obronie niewinnych<br>Mo\u017cna znale\u017a\u0107 pe\u0142ne szcz\u0119\u015bcie je\u015bli<br>Si\u0119 chce by\u0107 prawdziwym wiernym<br>Bo\u017cym dzieckiem a nie jak<br>Te pindzie kt\u00f3re chc\u0105c zaj\u0105\u0107<br>Jej miejsce przyk\u0142adaj\u0105 sw\u0105 r\u0119k\u0119<br>Do zbrodni wierutnych tych bestii<br>A niekt\u00f3re nawet modliszki<br>Niby w imi\u0119 Boga modlitwy<br>A dzisiaj taka jedna pyszna<br>W\u0142a\u015bnie mi modlitw\u0119 uniemo\u017cliwi\u0142a swymi<br>Chorymi roszczeniami i urojeniami<br>Bycia przy moim boku oczywi\u015bcie<br>Kosztem mojej \u017cony tego ma\u0142\u017ce\u0144stwa<br>Jako\u015b nie widzi zepsuta \u017ce<br>To jest wysoce niemoralne zw\u0142aszcza<br>\u017be powo\u0142uje si\u0119 na wiar\u0119<\/p>\n\n\n\n<p>2.<br>&#8222;A imi\u0119 bestii jest 666&#8221;<br>Cho\u0107 powo\u0142uj\u0105 si\u0119 na Boga<br>Ci zepsuci pr\u00f3buj\u0105 nas zamkn\u0105\u0107<br>W tym i tym pr\u00f3buj\u0105<br>Uzasadnia\u0107 wszelkie swoje chore zbrodnie<br>Ca\u0142kowicie wsp\u00f3\u0142pracuj\u0105c z szatanem cho\u0107<br>Si\u0119 od tego wierutnie od\u017cegnuj\u0105<br>I pr\u00f3buj\u0105 wykaza\u0107 \u017ce to<br>Niby przypadkiem \u017ce tak ma<br>By\u0107 w\u0142a\u015bnie wszystko zepsute szatany<br>Umywaj\u0105 sobie r\u0119ce zas\u0142aniaj\u0105c si\u0119<br>(Sic) szatanem w\u0142a\u015bnie sromotni ob\u0142udnicy<br>Ob\u0142\u0119dni w swych d\u0105\u017ceniach zbrodniczych<br>Tak te bestie zepsute \u0142ajdactwo<\/p>\n\n\n\n<p>W nas naszych bliskich<br>Nasze zwierz\u0119ta samochody miejsca<br>Prace i \u015brodki do \u017cycia<br>Sze\u015b\u0107 podmiot\u00f3w nienawi\u015bci bestii kt\u00f3re<br>Zawsze s\u0105 na ich z\u0142owrogim<br>Ob\u0142udy ku zbrodniom celowniku<br>Wykorzystuj\u0105 do tego zepsutych \u0142ajdak\u00f3w<br>Jakichkolwiek zawodowych prywatnych i s\u0142u\u017cbowych<\/p>\n\n\n\n<p>\u015amier\u0107 przez gazowanie injektowanie wypadek<br>I zniszczenie przez ogie\u0144 wybuch<br>Czy zalanie sze\u015b\u0107 sposob\u00f3w morderstw<br>Nas \u017cony mnie naszych zwierz\u0105t<br>Tak w zarysie jak\u017ce\u017c to<br>Nie s\u0105 zepsute szata\u0144sko bestie<\/p>\n\n\n\n<p>Misie bandyckie s\u0142u\u017calcy grodzcy pograniczuchy<br>S\u0142u\u017cbi\u015bci medyczni skarbeczki bandyckie krokodyle<br>Sze\u015b\u0107 rodzaj\u00f3w s\u0142u\u017cbist\u00f3w wykorzystywanych \u0142ajdacko<br>Przez bestie do prowokacji zniewolenia<br>Nas razem czy osobno<\/p>\n\n\n\n<p>S\u0142u\u017cbi\u015bci bestii podwija \u0142ajdacka ta\u0142atajstwo<br>Szemra\u0144cy bandyci pospolici ochraniaczyki systemu<br>Totalno\u015bci z\u0142a bestii umoczeni w<br>Zbrodniczym z nimi wsp\u00f3\u0142dzia\u0142aniu<br>I pacyny sze\u015b\u0107 podmiot\u00f3w bestii<br>\u0141ajdacz\u0105cych z nimi bezwzgl\u0119dnie<br>Tak\u017ce jadem \u017cmijowy wszelkim<br>I tu niewini\u0105tka ob\u0142udnicy kt\u00f3rzy<br>Cho\u0107by rykoszetem uderza\u0107 pieprzeni zar\u00f3wno<br>Wszelkimi k\u0142amstwami bestii jadem ziej\u0105ce<br>Cho\u0107 si\u0119 przedstawiaj\u0105 wszyscy inaczej<\/p>\n\n\n\n<figure class=\"wp-block-gallery has-nested-images columns-default is-cropped wp-block-gallery-1 is-layout-flex wp-block-gallery-is-layout-flex\">\n<figure class=\"wp-block-image size-large\"><a href=\"https:\/\/hubertpietka.bialystok.pl\/wp-content\/uploads\/2026\/01\/1000043314.jpg\"><img loading=\"lazy\" decoding=\"async\" width=\"771\" height=\"1024\" data-id=\"10136\" src=\"https:\/\/hubertpietka.bialystok.pl\/wp-content\/uploads\/2026\/01\/1000043314-771x1024.jpg\" alt=\"\" class=\"wp-image-10136\" srcset=\"https:\/\/hubertpietka.bialystok.pl\/wp-content\/uploads\/2026\/01\/1000043314-771x1024.jpg 771w, https:\/\/hubertpietka.bialystok.pl\/wp-content\/uploads\/2026\/01\/1000043314-226x300.jpg 226w, https:\/\/hubertpietka.bialystok.pl\/wp-content\/uploads\/2026\/01\/1000043314-768x1021.jpg 768w, https:\/\/hubertpietka.bialystok.pl\/wp-content\/uploads\/2026\/01\/1000043314-1156x1536.jpg 1156w, https:\/\/hubertpietka.bialystok.pl\/wp-content\/uploads\/2026\/01\/1000043314.jpg 1204w\" sizes=\"auto, (max-width: 771px) 100vw, 771px\" \/><\/a><\/figure>\n<\/figure>\n\n\n\n<p><em>I tak w zarysie sz\u00f3stka<br>Ma inklinowa\u0107 sz\u00f3stki i zamkn\u0105\u0107<br>To w sz\u00f3stce szata\u0144skiej pod\u0142ug<br>Tych zepsutych bestii sromornego \u0142ajdactwa<br>Wszystko to szata\u0144stwo i nawet<br>Czas daty czy jakiekolwiek numerowane<br>Rzeczy u mnie u nas<br>Ma szata\u0144skim zbrodniom tych bestii<br>I zepsutego \u0142ajdactwa s\u0142u\u017cy\u0107 odpowiednio<br>Cho\u0107 si\u0119 od tego od\u017cegnuj\u0105<br>Ca\u0142kowicie wype\u0142niaj\u0105 szata\u0144sko proroctwo Apokalipsy<br>I mo\u017cna jeszcze mno\u017cy\u0107 wsz\u0119dzie<br>Szata\u0144sko te sz\u00f3stki ku zbrodniom<br>Szatan\u00f3w bestii i \u0142ajdak\u00f3w zar\u00f3wno<br>Byleby tylko tak sobie mogli<br>To przypiecz\u0119towa\u0107 od\u017cegnuj\u0105 si\u0119 od<br>Szatana a totalnie pod\u0142ug niego<br>W z\u0142u wszelkim tak dzia\u0142aj\u0105c<br>Jezu ufam Tobie ave Maria<br>Taka to ob\u0142uda pod\u0142a szatan\u00f3w<br>Zawsze we wszystkim pod\u0142ug szatana<\/em><\/p>\n","protected":false},"excerpt":{"rendered":"<p>1.\u015aw. *Raj-munda* z *Peny-a-fort* by\u0142o wczorajAle zawsze *rajem Mundka* czyliPrzedstawiciela \u015bwiata jest *PiEny* obronaBycie jej warowni\u0105 i fortemWbrew temu wszelkiemu z\u0142u szata\u0144skiemuZepsutych bestii i popapranego&hellip; <\/p>\n","protected":false},"author":1,"featured_media":0,"parent":0,"menu_order":0,"comment_status":"closed","ping_status":"closed","template":"","meta":{"footnotes":""},"class_list":["post-10135","page","type-page","status-publish","hentry"],"_links":{"self":[{"href":"https:\/\/hubertpietka.bialystok.pl\/index.php?rest_route=\/wp\/v2\/pages\/10135","targetHints":{"allow":["GET"]}}],"collection":[{"href":"https:\/\/hubertpietka.bialystok.pl\/index.php?rest_route=\/wp\/v2\/pages"}],"about":[{"href":"https:\/\/hubertpietka.bialystok.pl\/index.php?rest_route=\/wp\/v2\/types\/page"}],"author":[{"embeddable":true,"href":"https:\/\/hubertpietka.bialystok.pl\/index.php?rest_route=\/wp\/v2\/users\/1"}],"replies":[{"embeddable":true,"href":"https:\/\/hubertpietka.bialystok.pl\/index.php?rest_route=%2Fwp%2Fv2%2Fcomments&post=10135"}],"version-history":[{"count":1,"href":"https:\/\/hubertpietka.bialystok.pl\/index.php?rest_route=\/wp\/v2\/pages\/10135\/revisions"}],"predecessor-version":[{"id":10137,"href":"https:\/\/hubertpietka.bialystok.pl\/index.php?rest_route=\/wp\/v2\/pages\/10135\/revisions\/10137"}],"wp:attachment":[{"href":"https:\/\/hubertpietka.bialystok.pl\/index.php?rest_route=%2Fwp%2Fv2%2Fmedia&parent=10135"}],"curies":[{"name":"wp","href":"https:\/\/api.w.org\/{rel}","templated":true}]}}