{"id":10140,"date":"2026-01-08T09:25:34","date_gmt":"2026-01-08T09:25:34","guid":{"rendered":"https:\/\/hubertpietka.bialystok.pl\/?page_id=10140"},"modified":"2026-01-08T09:25:34","modified_gmt":"2026-01-08T09:25:34","slug":"obrazki-rodzajowe-z-wykladnia-niepozadana-przez-roznych-obludy-szatanow-bestie-i-lajdakow-zarowno-popapranych","status":"publish","type":"page","link":"https:\/\/hubertpietka.bialystok.pl\/?page_id=10140","title":{"rendered":"Obrazki rodzajowe \/ z wyk\u0142adni\u0105 niepo\u017c\u0105dan\u0105 &#8211; przez r\u00f3\u017cnych ob\u0142udy szatan\u00f3w \/ bestie i \u0142ajdak\u00f3w &#8211; zar\u00f3wno popapranych"},"content":{"rendered":"\n<p><strong>Ani mi Ani zepsute szatany<br>W jakikolwiek spos\u00f3b ca\u0142y \u015bwiat<br>Zap\u0142aci za ob\u0142ud\u0119 \u0142ajdak\u00f3w wsp\u00f3\u0142pracuj\u0105cych<br>Ze zbrodniami tych bestii szatan\u00f3w<br>Z nami naszymi i naszym i<br>Si\u0119 odpieprzcie zbrodniarze ob\u0142udnicy zar\u00f3wno<br>Od nas naszego i naszych<br>Wszelcy zepsuci k\u0142amstwami d\u0105\u017ce\u0144 z\u0142owrogich<\/strong><\/p>\n\n\n\n<figure class=\"wp-block-image size-large\"><a href=\"https:\/\/hubertpietka.bialystok.pl\/wp-content\/uploads\/2026\/01\/1000043358.jpg\"><img loading=\"lazy\" decoding=\"async\" width=\"771\" height=\"1024\" src=\"https:\/\/hubertpietka.bialystok.pl\/wp-content\/uploads\/2026\/01\/1000043358-771x1024.jpg\" alt=\"\" class=\"wp-image-10141\" srcset=\"https:\/\/hubertpietka.bialystok.pl\/wp-content\/uploads\/2026\/01\/1000043358-771x1024.jpg 771w, https:\/\/hubertpietka.bialystok.pl\/wp-content\/uploads\/2026\/01\/1000043358-226x300.jpg 226w, https:\/\/hubertpietka.bialystok.pl\/wp-content\/uploads\/2026\/01\/1000043358-768x1021.jpg 768w, https:\/\/hubertpietka.bialystok.pl\/wp-content\/uploads\/2026\/01\/1000043358-1156x1536.jpg 1156w, https:\/\/hubertpietka.bialystok.pl\/wp-content\/uploads\/2026\/01\/1000043358.jpg 1204w\" sizes=\"auto, (max-width: 771px) 100vw, 771px\" \/><\/a><\/figure>\n\n\n\n<p>Ech Polacy Polacy wszyscy ka\u017cdy<br>Ma si\u0119 w ob\u0142udzie szata\u0144skich<br>Bestii d\u0105\u017ce\u0144 do zbrodni umoczy\u0107<br>W totalitarnym pa\u0144stwie bestii tylko<br>Ob\u0142uda ku zbrodniom jest przecie\u017c<br>Demokratyczna ka\u017cdy mo\u017ce si\u0119 ni\u0105<br>Odpowiednio popapra\u0107 w niej uczestniczy\u0107<br>Zw\u0142aszcza wobec tych dzieci Bo\u017cych ma\u0142ych<br>Zadowolene z tego bestie szatan<\/p>\n\n\n\n<p>A teraz obrazek rodzajowy urz\u0119dowy<br>Ilekro\u0107 jestem w tym urz\u0119dzie<br>Chc\u0105c zapisa\u0107 samochody to zawsze<br>Odpowiednie cyrki jakie\u015b maj\u0105ce spe\u0142nia\u0107<br>Po\u017c\u0105dania bestii i zepsutego \u0142ajdactwa<br>Docelowo mnie zniewoleniem odpowiednim<br>Pod jakimkolwiek prowokacji pretekstem<br>Zaraz to wyka\u017c\u0119 tu odpowiednio<br>By\u0142em tam wczoraj chc\u0105c przyczepk\u0119<br>Sw\u0105 lekk\u0105 zapisa\u0107 jak si\u0119<br>Nale\u017cy przecie\u017c ale oczywi\u015bcie sprawa<br>Zosta\u0142a z wczoraj prze\u0142o\u017cona bo<br>Jaki\u015b inny urz\u0105d r\u00f3wnoleg\u0142y niby czego\u015b<br>Tam nie dope\u0142ni\u0142 nie wspomn\u0119<br>\u017be to ju\u017c kolejna ods\u0142ona<br>Takiej tu historii jedynie m\u0105dry<br>Jest przecie\u017c ten urz\u0105d miejscowy<br>A co si\u0119 z tym<br>Odpowiednio wi\u0105\u017ce ju\u017c dzisiaj naliczana<br>B\u0119dzie zapewne kara wy\u017csza za<br>Niedope\u0142nienie 30 dni na zapisanie<br>Bo pewnie 14 dni ubiegnie<br>Czego nie by\u0142oby wczoraj i<br>Zdecydowanie zapewne b\u0119dzie wy\u017csza odpowiednia<br>Kara urz\u0119dowa wiadomo \u017ce wtedy<br>Zbuntuje si\u0119 cz\u0142owiek bo przecie\u017c<br>By\u0142 wczoraj kiedy jeszcze sobie<br>To nie wesz\u0142o w tzw.<br>Wy\u017csze wide\u0142ki i b\u0119dzie protestowa\u0142<br>To wtedy \u0142ap cap tego<br>Przez s\u0142u\u017cbist\u00f3w odpowiednich i b\u0119dzie<br>Wreszcie dope\u0142nione po\u017c\u0105danie zniewolenia bestii<br>I z nimi wsp\u00f3\u0142pracuj\u0105cego \u0142ajdactwa<br>Tak samo zapsutego na ciep\u0142ych<br>Przecie\u017c urz\u0119dowych posadkach tylko kto<br>Za to odpowiada kierownica referuj\u0105ca<br>A mo\u017ce w\u0142odarze miasta<br>A mo\u017ce przykaz przyszed\u0142 sobie<br>Jeszcze z wy\u017cszych centralnych organ\u00f3w<br>Jedynie s\u0142usznej partii ciekawe bardzo<br>W ka\u017cdym razie tak to<br>Przez tych urz\u0119das\u00f3w jest rozgrywane<br>Nie po raz pierwszy przecie\u017c<br>Ze skutkiem szata\u0144sko jedynie po\u017c\u0105danym<br>Przez bestie i zepsute \u0142ajdactwo<br>Tak\u017ce ciep\u0142e urz\u0119dowe posadki odpowiednio<br>S\u0142u\u017cy\u0107 mog\u0105 po\u017c\u0105daniom szata\u0144skim tak\u017ce<br>Co cho\u0107by ten przyk\u0142ad wykazuje<br>A najciekawsze jest to \u017ce<br>Jakbym by\u0142 balonem buforem i<br>Nie zapisa\u0142 bym tej przyczepki<br>Tylko bym j\u0105 pchn\u0105\u0142 dalej<br>To wtedy nie dotyczy kara<br>Nawet je\u015bli ten czas by\u0142by<br>Ni\u017c wskazany du\u017co d\u0142u\u017cszy<br>Tak\u017ce takie to r\u00f3wne prawa<br>Odpowiednio w totalitarnym pa\u0144stwie bestii<br>A przecie\u017c taki zamiar mie\u0107<br>Sobie mog\u0142em ale jak frajer<br>Zdecydowa\u0142 si\u0119 jednak zapisa\u0107<br>To niech s\u0142ono p\u0142aci<br>Musz\u0105 mie\u0107 przecie\u017c z czego\u015b<br>Ciep\u0142\u0105 posadk\u0119 urz\u0119dasy cho\u0107by takie<\/p>\n\n\n\n<p>I jeszcze jeden obrazek dzisiejszy<br>Kto\u015b narzyga\u0142 na klatce czy zreszt\u0105<br>Co tam w ka\u017cdym razie<br>To tak wygl\u0105da i oczywi\u015bcie<br>Na kogo ma pa\u015b\u0107 oskar\u017cenie<br>Pod\u0142ug szatan\u00f3w bestii i \u0142ajdak\u00f3w<br>Na te pieski oskar\u017cenie przecie\u017c<br>Jedynie s\u0142uszne pod\u0142ug ich nienawi\u015bci<br>Jakby nie mog\u0142o narzyga\u0107 dziecko<br>Czy cho\u0107by jaki\u015b pijak<br>Ale w \u015bwiecie totalnego z\u0142a<br>Tych bestii i \u0142ajdak\u00f3w oczywi\u015bcie<br>Wobec nas naszego i naszych<br>Podobne oskar\u017cenia maj\u0105 by\u0107 kierowane<br>Tylko w jedn\u0105 stron\u0119 odpowiedni\u0105<br>Byleby tylko po\u017c\u0105dania nienawistne przeciwko<br>Nam pieskom zosta\u0142y skonsumowane przez<br>Takich czy innych w ko\u0144cu<br>A przecie\u017c na parterze jest<br>Monitoring z wizjera w jednym<br>Z tam mieszka\u0144 ale to<br>Nie wa\u017cne to trzeba rozegra\u0107 odpowiednio<br>Tak\u017ce tak weso\u0142o oni rozgrywaj\u0105<br>Sobie to wszystko nam przeciwko<br>Zepsute szatany wszelkie jakiekolwiek gdziekolwiek<br>I zreszt\u0105 jedynie s\u0142usznie komunistycznie<br>Wsp\u00f3\u0142pracuj\u0105c ze z\u0142em dla nas<br>Naszego i naszych mo\u017cliwym wszelkim<\/p>\n","protected":false},"excerpt":{"rendered":"<p>Ani mi Ani zepsute szatanyW jakikolwiek spos\u00f3b ca\u0142y \u015bwiatZap\u0142aci za ob\u0142ud\u0119 \u0142ajdak\u00f3w wsp\u00f3\u0142pracuj\u0105cychZe zbrodniami tych bestii szatan\u00f3wZ nami naszymi i naszym iSi\u0119 odpieprzcie zbrodniarze ob\u0142udnicy&hellip; <\/p>\n","protected":false},"author":1,"featured_media":0,"parent":0,"menu_order":0,"comment_status":"closed","ping_status":"closed","template":"","meta":{"footnotes":""},"class_list":["post-10140","page","type-page","status-publish","hentry"],"_links":{"self":[{"href":"https:\/\/hubertpietka.bialystok.pl\/index.php?rest_route=\/wp\/v2\/pages\/10140","targetHints":{"allow":["GET"]}}],"collection":[{"href":"https:\/\/hubertpietka.bialystok.pl\/index.php?rest_route=\/wp\/v2\/pages"}],"about":[{"href":"https:\/\/hubertpietka.bialystok.pl\/index.php?rest_route=\/wp\/v2\/types\/page"}],"author":[{"embeddable":true,"href":"https:\/\/hubertpietka.bialystok.pl\/index.php?rest_route=\/wp\/v2\/users\/1"}],"replies":[{"embeddable":true,"href":"https:\/\/hubertpietka.bialystok.pl\/index.php?rest_route=%2Fwp%2Fv2%2Fcomments&post=10140"}],"version-history":[{"count":1,"href":"https:\/\/hubertpietka.bialystok.pl\/index.php?rest_route=\/wp\/v2\/pages\/10140\/revisions"}],"predecessor-version":[{"id":10142,"href":"https:\/\/hubertpietka.bialystok.pl\/index.php?rest_route=\/wp\/v2\/pages\/10140\/revisions\/10142"}],"wp:attachment":[{"href":"https:\/\/hubertpietka.bialystok.pl\/index.php?rest_route=%2Fwp%2Fv2%2Fmedia&parent=10140"}],"curies":[{"name":"wp","href":"https:\/\/api.w.org\/{rel}","templated":true}]}}