{"id":10144,"date":"2026-01-11T01:11:03","date_gmt":"2026-01-11T01:11:03","guid":{"rendered":"https:\/\/hubertpietka.bialystok.pl\/?page_id=10144"},"modified":"2026-01-11T22:53:05","modified_gmt":"2026-01-11T22:53:05","slug":"ofiarowanie-swiata-i-rosji-maryi-niepokalanej-matce-ludzkosci","status":"publish","type":"page","link":"https:\/\/hubertpietka.bialystok.pl\/?page_id=10144","title":{"rendered":"Ofiarowanie \u015bwiata i Rosji \/ Maryi Niepokalanej Matce ludzko\u015bci"},"content":{"rendered":"\n<p>Jako reprezentant \u015bwiata dziecko Bo\u017ce<br>&#8222;Nothingman&#8221; i &#8222;everyman&#8221;<br>W \u0142\u0105czno\u015bci z wszystkimi prawdziwymi<br>Dzie\u0107mi Bo\u017cymi prawowiernej drabiny Ko\u015bcio\u0142a<br>Si\u0119gaj\u0105cej a\u017c do nieba kt\u00f3remu<br>Przypad\u0142a te\u017c rola Aposto\u0142a Narod\u00f3w<br>Po\u015bwi\u0119cam \u015bwiat ca\u0142y Maryi Niepokalanej<br>Tej z Fatimy Lourdes Medjugorie<br>Tej z La Sallete i<br>Z Gwietrzwa\u0142du z Kibeho<br>I tak dalej prawdziwej ka\u017cdej<br>Po\u015bwi\u0119cam ten \u015bwiat dla pokoju<br>Kt\u00f3ry niech przyjdzie dzia\u0142aniami ludzi<br>Dobrej woli i samoistnej woli<br>Mi\u0142osiernej i Sprawiedliwej Bo\u017cej Opatrzno\u015bci<\/p>\n\n\n\n<p>Wzywaj\u0105c narody \u015bwiata do modlitwy<br>I do ekspiacji za wszystkie<br>Tego \u015bwiata i ludzi zgorszenia<br>Po\u015bwi\u0119cam Matce Fatimskiej i ka\u017cdej<br>Najpierw Rosj\u0119 w obliczu<br>Post\u0119powania jej agresji na Ukrainie<br>W obliczu woli napa\u015bci Rosji<br>Na Polsk\u0119 i inne narody<br>W obliczu b\u0142\u0119d\u00f3w wsp\u00f3\u0142czesnej komuny<br>Kt\u00f3re Rosja propaguje w \u015bwiecie<br>Po\u015bwi\u0119cam m\u00f3j kraj i wszystkie<br>Integralne narody dziedzictwa historycznego \u015bwiata<br>By ka\u017cdy m\u00f3g\u0142 \u017cy\u0107<br>W pokoju i w zgodzie<br>Z wol\u0105 samostanowienia o sobie<br>Wzywam narody do ekspiacji modlitwy<br>W obliczu nasilenia zgorszenia ideologizmami<br>Cywilizacji \u015bmierci aborcji eutanazji gender<br>Tego wszystkiego co psuje naturalne<br>Poczucie moralne czysto\u015bci i \u015bwi\u0119to\u015bci<br>By te zarazy relatywizmu odwr\u00f3cenia<br>Etycznej s\u0142uszno\u015bci usta\u0142y w \u015bwiecie<br>By ka\u017cdy cz\u0142owiek m\u00f3g\u0142 cieszy\u0107<br>Si\u0119 niezbywaln\u0105 godno\u015bci\u0105 dziecka Boga<br>Wsp\u00f3\u0142egzystyj\u0105c z innymi \u017cyciem godziwym<\/p>\n\n\n\n<figure class=\"wp-block-gallery has-nested-images columns-default is-cropped wp-block-gallery-1 is-layout-flex wp-block-gallery-is-layout-flex\">\n<figure class=\"wp-block-image size-large\"><a href=\"https:\/\/hubertpietka.bialystok.pl\/wp-content\/uploads\/2026\/01\/1000043901.jpg\"><img loading=\"lazy\" decoding=\"async\" width=\"771\" height=\"1024\" data-id=\"10145\" src=\"https:\/\/hubertpietka.bialystok.pl\/wp-content\/uploads\/2026\/01\/1000043901-771x1024.jpg\" alt=\"\" class=\"wp-image-10145\" srcset=\"https:\/\/hubertpietka.bialystok.pl\/wp-content\/uploads\/2026\/01\/1000043901-771x1024.jpg 771w, https:\/\/hubertpietka.bialystok.pl\/wp-content\/uploads\/2026\/01\/1000043901-226x300.jpg 226w, https:\/\/hubertpietka.bialystok.pl\/wp-content\/uploads\/2026\/01\/1000043901-768x1021.jpg 768w, https:\/\/hubertpietka.bialystok.pl\/wp-content\/uploads\/2026\/01\/1000043901-1156x1536.jpg 1156w, https:\/\/hubertpietka.bialystok.pl\/wp-content\/uploads\/2026\/01\/1000043901.jpg 1204w\" sizes=\"auto, (max-width: 771px) 100vw, 771px\" \/><\/a><\/figure>\n<\/figure>\n\n\n\n<p>Po\u015bwi\u0119cam wreszcie siebie \u017con\u0119<br>To co mamy i tych<br>Kt\u00f3rzy s\u0105 z nami s\u0105<br>Obok cho\u0107by \u017cyczliw\u0105 obecno\u015bci\u0105<br>Bo nasza walka ze z\u0142em<br>Wbrew pozorom nie odbywa si\u0119<br>Na peryferiach tego \u015bwiata tylko<br>Po\u015bwi\u0119cam nas naszych i nasze<br>Matce Fatimskiej Cz\u0119stochowskiej Kode\u0144skiej Liche\u0144skiej<br>I ziem polskich dalej ka\u017cdej<br>Przyjmij Maryjo to moje zawierzenie<br>I niech ono ludzkie serca<br>Wszelkie kt\u00f3re mog\u0105 by\u0107 oddane<br>S\u0142u\u017cbie warto\u015bciom Bo\u017cym i og\u00f3lnoludzkim<br>Przemienia prowadzi umacnia w drodze<br>Ku wszelkim wi\u0119kszym rzeczywisto\u015bciom Boga<br>Przyjmij Maryjo moje ofiarowanie Amen<br>I ka\u017cdego tu si\u0119 wsp\u00f3\u0142ofiaruj\u0105cego<br>Ze wszystkim co go stanowi<br>Ave Maryja Totus Tuus prowad\u017a<\/p>\n\n\n\n<p class=\"has-text-align-center\"><a href=\"http:\/\/hubertpietka.bialystok.pl\/wp-content\/uploads\/2026\/01\/VID-20260111-WA0015.mp4\">Matka Boska z Guadalupe<\/a><\/p>\n\n\n\n<p class=\"has-text-align-right\">(- tw\u00f3rca filmu mi niestety nieznany, &#8222;zapo\u017cyczone&#8221; &#8211; dzi\u0119ki \u017cyczliwo\u015bci u\u017cytkownik\u00f3w Whatsappa)<\/p>\n","protected":false},"excerpt":{"rendered":"<p>Jako reprezentant \u015bwiata dziecko Bo\u017ce&#8222;Nothingman&#8221; i &#8222;everyman&#8221;W \u0142\u0105czno\u015bci z wszystkimi prawdziwymiDzie\u0107mi Bo\u017cymi prawowiernej drabiny Ko\u015bcio\u0142aSi\u0119gaj\u0105cej a\u017c do nieba kt\u00f3remuPrzypad\u0142a te\u017c rola Aposto\u0142a Narod\u00f3wPo\u015bwi\u0119cam \u015bwiat ca\u0142y&hellip; <\/p>\n","protected":false},"author":1,"featured_media":0,"parent":0,"menu_order":0,"comment_status":"closed","ping_status":"closed","template":"","meta":{"footnotes":""},"class_list":["post-10144","page","type-page","status-publish","hentry"],"_links":{"self":[{"href":"https:\/\/hubertpietka.bialystok.pl\/index.php?rest_route=\/wp\/v2\/pages\/10144","targetHints":{"allow":["GET"]}}],"collection":[{"href":"https:\/\/hubertpietka.bialystok.pl\/index.php?rest_route=\/wp\/v2\/pages"}],"about":[{"href":"https:\/\/hubertpietka.bialystok.pl\/index.php?rest_route=\/wp\/v2\/types\/page"}],"author":[{"embeddable":true,"href":"https:\/\/hubertpietka.bialystok.pl\/index.php?rest_route=\/wp\/v2\/users\/1"}],"replies":[{"embeddable":true,"href":"https:\/\/hubertpietka.bialystok.pl\/index.php?rest_route=%2Fwp%2Fv2%2Fcomments&post=10144"}],"version-history":[{"count":3,"href":"https:\/\/hubertpietka.bialystok.pl\/index.php?rest_route=\/wp\/v2\/pages\/10144\/revisions"}],"predecessor-version":[{"id":10151,"href":"https:\/\/hubertpietka.bialystok.pl\/index.php?rest_route=\/wp\/v2\/pages\/10144\/revisions\/10151"}],"wp:attachment":[{"href":"https:\/\/hubertpietka.bialystok.pl\/index.php?rest_route=%2Fwp%2Fv2%2Fmedia&parent=10144"}],"curies":[{"name":"wp","href":"https:\/\/api.w.org\/{rel}","templated":true}]}}