{"id":1015,"date":"2018-02-19T19:17:31","date_gmt":"2018-02-19T19:17:31","guid":{"rendered":"http:\/\/hubertpietka.bialystok.pl\/?page_id=1015"},"modified":"2018-02-19T19:44:21","modified_gmt":"2018-02-19T19:44:21","slug":"biada","status":"publish","type":"page","link":"https:\/\/hubertpietka.bialystok.pl\/?page_id=1015","title":{"rendered":"Biada"},"content":{"rendered":"<p><strong>Biada<\/strong><\/p>\n<p><em>Biada biada biada<br \/>\nPo trzykro\u0107 biada<br \/>\nWszelkim pacho\u0142kom i s\u0142u\u017calcom z\u0142a<br \/>\nPo trzykro\u0107 biada<br \/>\nBiada biada biada<\/em><\/p>\n<p>Czyni\u0105cym po\u017c\u0105dania swego ojca szatana<br \/>\nOjca k\u0142amstwa i zab\u00f3jcy<\/p>\n<p><em>Biada biada biada<br \/>\nPo trzykro\u0107 biada<br \/>\nWszelkim pacho\u0142kom i s\u0142u\u017calcom z\u0142a<br \/>\nPo trzykro\u0107 biada<br \/>\nBiada biada biada<\/em><\/p>\n<p>Ojciec wasz po\u017cera w\u0142asne dzieci<br \/>\nJe\u015bli si\u0119 nie nawr\u00f3cicie marnie zginiecie<br \/>\n<em>Biada biada biada<br \/>\nPo trzykro\u0107 biada<br \/>\nWszelkim pacho\u0142kom i s\u0142u\u017calcom z\u0142a<br \/>\nPo trzykro\u0107 biada<br \/>\nBiada biada biada<\/em><\/p>\n<p>Szatan jest jak \u015bwinia<br \/>\nobr\u00f3ci si\u0119 na was i pok\u0105sa was<\/p>\n<p><em>Biada biada biada<br \/>\nPo trzykro\u0107 biada<br \/>\nWszelkim pacho\u0142kom i s\u0142u\u017calcom z\u0142a<br \/>\nPo trzykro\u0107 biada<br \/>\nBiada biada biada<\/em><\/p>\n<p>S\u0142uchacie szatana nie Boga<br \/>\nOn sam was wys\u0142ucha i wed\u0142ug czyn\u00f3w waszych wam odda<\/p>\n<p><em>Biada biada biada<br \/>\nPo trzykro\u0107 biada<br \/>\nWszelkim pacho\u0142kom i s\u0142u\u017calcom z\u0142a<br \/>\nPo trzykro\u0107 biada<br \/>\nBiada biada biada<\/em><\/p>\n<p>Nie boicie si\u0119 Boga<br \/>\nOn was w piekle zatraci u waszego ojca z\u0142a<\/p>\n<p><em>Biada biada biada<br \/>\nPo trzykro\u0107 biada<br \/>\nWszelkim pacho\u0142kom i s\u0142u\u017calcom z\u0142a<br \/>\nPo trzykro\u0107 biada<br \/>\nBiada biada biada<\/em><\/p>\n<p>Je\u015bli si\u0119 nie nawr\u00f3cicie<br \/>\nMarnie poginiecie i swe \u017cycie zako\u0144czycie<\/p>\n<p><em>Biada biada biada<br \/>\nPo trzykro\u0107 biada<br \/>\nWszelkim pacho\u0142kom i s\u0142u\u017calcom z\u0142a<br \/>\nPo trzykro\u0107 biada<br \/>\nBiada biada biada<\/em><\/p>\n<p>Dope\u0142ni si\u0119 miara waszych zbrodni<br \/>\nWtedy obr\u00f3ci si\u0119 ona na was i was pogn\u0119bi<\/p>\n<p><em>Biada biada biada<br \/>\nPo trzykro\u0107 biada<br \/>\nWszelkim pacho\u0142kom i s\u0142u\u017calcom z\u0142a<br \/>\nPo trzykro\u0107 biada<br \/>\nBiada biada biada<\/em><\/p>\n<p>Jak ojciec wasz szatan k\u0142amca i morderca<br \/>\nSpo\u017cyjecie to czym siebie karmicie i dla innych robicie<br \/>\n<em><br \/>\nBiada biada biada<br \/>\nPo trzykro\u0107 biada<br \/>\nWszelkim pacho\u0142kom i s\u0142u\u017calcom z\u0142a<br \/>\nPo trzykro\u0107 biada<br \/>\nBiada biada biada<\/em><\/p>\n<p>W swoj\u0105 pu\u0142apk\u0119 sami wpadniecie<br \/>\nKt\u00f3r\u0105 na sprawiedliwych zastawiacie<\/p>\n<p><em>Biada biada biada<br \/>\nPo trzykro\u0107 biada<br \/>\nWszelkim pacho\u0142kom i s\u0142u\u017calcom z\u0142a<br \/>\nPo trzykro\u0107 biada<br \/>\nBiada biada biada<\/em><\/p>\n<p>Owoce z\u0142a wydajecie<br \/>\nSami je spo\u017cyjecie<\/p>\n<p><em>Biada biada biada<br \/>\nPo trzykro\u0107 biada<br \/>\nWszelkim pacho\u0142kom i s\u0142u\u017calcom z\u0142a<br \/>\nPo trzykro\u0107 biada<br \/>\nBiada biada biada<\/em><\/p>\n<p>Je\u015bli si\u0119 nie nawr\u00f3cicie<br \/>\nMarnie zako\u0144czycie swoje \u017cycie w piekle si\u0119 zatracicie<\/p>\n<p><em>Biada biada biada<br \/>\nPo trzykro\u0107 biada<br \/>\nWszelkim pacho\u0142kom i s\u0142u\u017calcom z\u0142a<br \/>\nPo trzykro\u0107 biada<br \/>\nBiada biada biada<\/em><\/p>\n<p>Czeka was \u015bmier\u0107 najgorsza bo druga<br \/>\nA tam p\u0142acz i zgrzytanie z\u0119b\u00f3w wam<\/p>\n<p><em>Biada biada biada<br \/>\nPo trzykro\u0107 biada<br \/>\nWszelkim pacho\u0142kom i s\u0142u\u017calcom z\u0142a<br \/>\nPo trzykro\u0107 biada<br \/>\nBiada biada biada<\/em><\/p>\n<p>Je\u015bli tego nie zrozumiecie<br \/>\nZe szatanowi s\u0142u\u017cycie i si\u0119 nie nawr\u00f3cicie marnie zginiecie<\/p>\n<p><em>Biada biada biada<br \/>\nPo trzykro\u0107 biada<br \/>\nWszelkim pacho\u0142kom i s\u0142u\u017calcom z\u0142a<br \/>\nPo trzykro\u0107 biada<br \/>\nBiada biada biada<\/em><\/p>\n<p>Nawr\u00f3\u0107cie si\u0119 ju\u017c nie grzeszcie<br \/>\nDop\u00f3ki jeszcze mo\u017cecie bo inaczej s\u0142\u00f3w brak na koniec wasz<\/p>\n<p><em>Biada biada biada<br \/>\nPo trzykro\u0107 biada<br \/>\nWszelkim pacho\u0142kom i s\u0142u\u017calcom z\u0142a<br \/>\nPo trzykro\u0107 biada<br \/>\nBiada biada biada<\/em><\/p>\n<p>Po trzykro\u0107 biada<br \/>\nPo trzykro\u0107 biada<br \/>\nPo trzykro\u0107 biada<\/p>\n<p>Biada biada biada!<\/p>\n<p>&nbsp;<\/p>\n<p style=\"text-align: center;\">\u201eOjcze, przebacz im, bo nie wiedz\u0105, co czyni\u0105.\u201d [\u0141k 23,34]<\/p>\n<p style=\"text-align: center;\"><a href=\"https:\/\/www.youtube.com\/watch?v=v8LSz4Zbsdw\">Lady Pank &#8211; Fabryka ma\u0142p<\/a><\/p>\n<p style=\"text-align: center;\"><a href=\"https:\/\/www.youtube.com\/watch?v=iGz8xw3bEQY\">\u00a0Kult &#8211; Je\u017ad\u017acy<\/a><\/p>\n<p style=\"text-align: center;\"><a href=\"https:\/\/www.youtube.com\/watch?v=p6wSDAW5d_Q\">\u00a0D\u017cem &#8211; Krewny Judasza<\/a><\/p>\n<p style=\"text-align: center;\"><a href=\"https:\/\/www.youtube.com\/watch?v=xLTYEec1NI8\">D\u017cem &#8211; Na swoim brzegu \ud83d\ude41<\/a><\/p>\n","protected":false},"excerpt":{"rendered":"<p>Biada Biada biada biada Po trzykro\u0107 biada Wszelkim pacho\u0142kom i s\u0142u\u017calcom z\u0142a Po trzykro\u0107 biada Biada biada biada Czyni\u0105cym po\u017c\u0105dania swego ojca szatana Ojca k\u0142amstwa&hellip; <\/p>\n","protected":false},"author":1,"featured_media":0,"parent":0,"menu_order":0,"comment_status":"closed","ping_status":"closed","template":"","meta":{"footnotes":""},"class_list":["post-1015","page","type-page","status-publish","hentry"],"_links":{"self":[{"href":"https:\/\/hubertpietka.bialystok.pl\/index.php?rest_route=\/wp\/v2\/pages\/1015","targetHints":{"allow":["GET"]}}],"collection":[{"href":"https:\/\/hubertpietka.bialystok.pl\/index.php?rest_route=\/wp\/v2\/pages"}],"about":[{"href":"https:\/\/hubertpietka.bialystok.pl\/index.php?rest_route=\/wp\/v2\/types\/page"}],"author":[{"embeddable":true,"href":"https:\/\/hubertpietka.bialystok.pl\/index.php?rest_route=\/wp\/v2\/users\/1"}],"replies":[{"embeddable":true,"href":"https:\/\/hubertpietka.bialystok.pl\/index.php?rest_route=%2Fwp%2Fv2%2Fcomments&post=1015"}],"version-history":[{"count":8,"href":"https:\/\/hubertpietka.bialystok.pl\/index.php?rest_route=\/wp\/v2\/pages\/1015\/revisions"}],"predecessor-version":[{"id":1023,"href":"https:\/\/hubertpietka.bialystok.pl\/index.php?rest_route=\/wp\/v2\/pages\/1015\/revisions\/1023"}],"wp:attachment":[{"href":"https:\/\/hubertpietka.bialystok.pl\/index.php?rest_route=%2Fwp%2Fv2%2Fmedia&parent=1015"}],"curies":[{"name":"wp","href":"https:\/\/api.w.org\/{rel}","templated":true}]}}