{"id":10165,"date":"2026-01-15T22:59:47","date_gmt":"2026-01-15T22:59:47","guid":{"rendered":"https:\/\/hubertpietka.bialystok.pl\/?page_id=10165"},"modified":"2026-01-15T22:59:47","modified_gmt":"2026-01-15T22:59:47","slug":"wyimki-raczej-niepopularnego-podejscia-podlug-bestii-i-podlug-lajdactwa","status":"publish","type":"page","link":"https:\/\/hubertpietka.bialystok.pl\/?page_id=10165","title":{"rendered":"Wyimki raczej niepopularnego podej\u015bcia \/ pod\u0142ug bestii i pod\u0142ug \u0142ajdactwa"},"content":{"rendered":"\n<p>1.<br>Chyba ich posra\u0142o za przeproszeniem<br>\u017be ja m\u00f3g\u0142bym sprzeda\u0107 \u017con\u0119<br>Te zwierz\u0119ta bliskich niewinnych innych<br>Nawet jak by\u015bcie mi chcieli<br>Da\u0107 ca\u0142y \u015bwiat jak szatan<br>Niby chcia\u0142 da\u0107 Jezusowi cho\u0107<br>To do Boga wszystko nale\u017cy<br>Nic u mnie nie ugracie<br>Bo ja wol\u0119 straci\u0107 \u017cycie<br>(I ten \u015bwiat je straci)<br>Ni\u017c zaprzeda\u0107 zdradziecko Bo\u017ce warto\u015bci<br>I wszelkiego wewn\u0119trznie uczciwego cz\u0142owiecze\u0144stwa<br>Wi\u0119c za przeproszeniem wiecie gdzie<br>Se mo\u017cecie wsadzi\u0107 propozycje takie<br>Tam gdzie ich miejsce<br>Gdzie g\u00f3wno b\u0142ota moralnego si\u0119<br>Te\u017c odpowiednio zmie\u015bci tak powiem<\/p>\n\n\n\n<p>2.<br>A \u017ce obra\u017cam wra\u017cliwe umys\u0142y<br>Czy uczucia a tych samych<br>Niby wra\u017cliwych chyba tylko na<br>Samych siebie i im podobnych<br>Nie obra\u017caj\u0105 zbrodnie bestii k\u0142amstwa<br>I ob\u0142uda wszelkich takich \u0142achuder<br>Oczywi\u015bcie moralnych w z\u0142oczynieniu nam<br>A tak oni przecie\u017c lubi\u0105<br>Udawa\u0107 niewini\u0105tka i odpowiednio g\u0142upk\u00f3w<br>A dno moralne jest tu<br>Jednak widzialne jak si\u0119 przypatrzy<br>Ach jak mi przykro obra\u017cam<br>Bestie a one przecie\u017c mordowa\u0107<br>I nawet zepsutego prawa totalizmu<br>Chc\u0105 tylko i obra\u017cam bydlak\u00f3w<br>Ach straszne \u017ce im utrudniam<br>Tak \u0142ajdaczenia pod\u0142ug szatana jak<br>Te bestie w ob\u0142udzie wierutnej<br>Jestem wzruszony takie to smutne<\/p>\n\n\n\n<p>3.<br>Nigdy nie sprzedam \u017cony bliskich<br>Naszych zwierz\u0105t nigdy i nikomu<br>O ile tylko B\u00f3g mi<br>Zawsze udzieli potrzebnej \u015bwiadomo\u015bci do<br>Tej s\u0142usznej i sprawiedliwej samoobrony<br>Ale ufam \u017ce tak b\u0119dzie<br>W taki czy inny spos\u00f3b<br>A tym kt\u00f3rzy chcieli by<br>Mi niby dobrze czyni\u0107<br>Na tak zwan\u0105 si\u0142\u0119 \u017ce<br>Ja niby nie wiem co<br>Mam robi\u0107 i co czyni\u0119<br>Tylko tyle powiem \u017ce nie<br>Nie uszcz\u0119\u015bliwia si\u0119 nikogo na<br>Tak zwan\u0105 si\u0142\u0119 czyli przemoc\u0105<br>Jak cho\u0107by te bestie lubi\u0105<br>Przez to si\u0119 do nich<br>Upodobniaj\u0105 ci kt\u00f3rzy tak dzia\u0142aj\u0105<br>A poza tym jak sobie<br>To wyobra\u017cacie \u017ce ja zostawi\u0119<br>Te owce na pastw\u0119 wilk\u00f3w<br>Tych w sk\u00f3rach owczych i<br>Tych zajad\u0142ych z\u0142ych dzikich<br>A sam se b\u0119d\u0119 korzysta\u0142<br>Z uciech r\u00f3\u017cnych sorry ale<br>Wol\u0119 ju\u017c by\u0107 na tym<br>Pustkowiu od warto\u015bci tych bestii<br>I wszelkiego \u0142ajdactwa r\u00f3wnie zepsutego<br>A ufam \u017ce z t\u0105<br>Bo\u017c\u0105 pomoc\u0105 przetrwamy to wszystko<\/p>\n\n\n\n<figure class=\"wp-block-gallery has-nested-images columns-default is-cropped wp-block-gallery-1 is-layout-flex wp-block-gallery-is-layout-flex\">\n<figure class=\"wp-block-image size-large\"><a href=\"https:\/\/hubertpietka.bialystok.pl\/wp-content\/uploads\/2026\/01\/1000044595-1.jpg\"><img loading=\"lazy\" decoding=\"async\" width=\"771\" height=\"1024\" data-id=\"10166\" src=\"https:\/\/hubertpietka.bialystok.pl\/wp-content\/uploads\/2026\/01\/1000044595-1-771x1024.jpg\" alt=\"\" class=\"wp-image-10166\" srcset=\"https:\/\/hubertpietka.bialystok.pl\/wp-content\/uploads\/2026\/01\/1000044595-1-771x1024.jpg 771w, https:\/\/hubertpietka.bialystok.pl\/wp-content\/uploads\/2026\/01\/1000044595-1-226x300.jpg 226w, https:\/\/hubertpietka.bialystok.pl\/wp-content\/uploads\/2026\/01\/1000044595-1-768x1021.jpg 768w, https:\/\/hubertpietka.bialystok.pl\/wp-content\/uploads\/2026\/01\/1000044595-1-1156x1536.jpg 1156w, https:\/\/hubertpietka.bialystok.pl\/wp-content\/uploads\/2026\/01\/1000044595-1.jpg 1204w\" sizes=\"auto, (max-width: 771px) 100vw, 771px\" \/><\/a><\/figure>\n<\/figure>\n\n\n\n<p>4.<br>I jeszcze jedno wbrew pacynom<br>Ob\u0142udnym cho\u0107by to powiem<br>\u017be kto nie skorzysta<br>Z Bo\u017cego mi\u0142osierdzia pod\u0142ug<br>Prawdy czystego sumienie i si\u0119<br>Odpowiednio nie nawr\u00f3ci lecz<br>Wzgardzi\u0142 tym Bo\u017cym mi\u0142osierdziem<br>Tak przedstawianym w\u0142a\u015bnie tego czeka<br>Karz\u0105ca Bo\u017ca sprawiedliwo\u015b\u0107 cho\u0107 takie<br>Uj\u0119cie w \u015bwiecie bestii \u0142ajdactwa<br>Jest niepopularne bo oni wol\u0105<br>Przecie\u017c innym z\u0142oczyni\u0107 pod\u0142ug nienawi\u015bci<br>I zuchwale wystawia\u0107 na pr\u00f3b\u0119<br>Bo\u017c\u0105 cierpliwo\u015b\u0107 i moralno\u015b\u0107 ludzk\u0105<br>Ale kochajmy bestie przebaczajmy im<br>Jak g\u0142osz\u0105 sromotne wierutne pacyny<br>A oni niech nas wszystkich<br>Opr\u00f3cz zaprzedanego \u0142ajdactwa wybij\u0105 doszcz\u0119tnie<br>A ta podwija taki mia\u0142<br>By\u0107 dobry no zobacz tatu\u015b<br>A zaprzeda\u0142 swe dziecko \u015bmierci<br>By m\u00f3c \u0142ajdaczy\u0107 pod\u0142ug bestii<br>Z tego przecie\u017c zysk wi\u0119kszy<br>Ni\u017c z \u017cycia ma\u0142ego dziecka<\/p>\n\n\n\n<p class=\"has-text-align-right\"><strong><em><a href=\"https:\/\/youtu.be\/iRXpQ7oM7oc\">Lech Janerka &#8211; W czap\u0119 <\/a><\/em><\/strong><\/p>\n","protected":false},"excerpt":{"rendered":"<p>1.Chyba ich posra\u0142o za przeproszeniem\u017be ja m\u00f3g\u0142bym sprzeda\u0107 \u017con\u0119Te zwierz\u0119ta bliskich niewinnych innychNawet jak by\u015bcie mi chcieliDa\u0107 ca\u0142y \u015bwiat jak szatanNiby chcia\u0142 da\u0107 Jezusowi cho\u0107To&hellip; <\/p>\n","protected":false},"author":1,"featured_media":0,"parent":0,"menu_order":0,"comment_status":"closed","ping_status":"closed","template":"","meta":{"footnotes":""},"class_list":["post-10165","page","type-page","status-publish","hentry"],"_links":{"self":[{"href":"https:\/\/hubertpietka.bialystok.pl\/index.php?rest_route=\/wp\/v2\/pages\/10165","targetHints":{"allow":["GET"]}}],"collection":[{"href":"https:\/\/hubertpietka.bialystok.pl\/index.php?rest_route=\/wp\/v2\/pages"}],"about":[{"href":"https:\/\/hubertpietka.bialystok.pl\/index.php?rest_route=\/wp\/v2\/types\/page"}],"author":[{"embeddable":true,"href":"https:\/\/hubertpietka.bialystok.pl\/index.php?rest_route=\/wp\/v2\/users\/1"}],"replies":[{"embeddable":true,"href":"https:\/\/hubertpietka.bialystok.pl\/index.php?rest_route=%2Fwp%2Fv2%2Fcomments&post=10165"}],"version-history":[{"count":1,"href":"https:\/\/hubertpietka.bialystok.pl\/index.php?rest_route=\/wp\/v2\/pages\/10165\/revisions"}],"predecessor-version":[{"id":10167,"href":"https:\/\/hubertpietka.bialystok.pl\/index.php?rest_route=\/wp\/v2\/pages\/10165\/revisions\/10167"}],"wp:attachment":[{"href":"https:\/\/hubertpietka.bialystok.pl\/index.php?rest_route=%2Fwp%2Fv2%2Fmedia&parent=10165"}],"curies":[{"name":"wp","href":"https:\/\/api.w.org\/{rel}","templated":true}]}}