{"id":10178,"date":"2026-01-22T09:43:05","date_gmt":"2026-01-22T09:43:05","guid":{"rendered":"https:\/\/hubertpietka.bialystok.pl\/?page_id=10178"},"modified":"2026-01-22T09:43:05","modified_gmt":"2026-01-22T09:43:05","slug":"wanted-przez-cywilizacje-przemocy-i-smierci-bestii-scigani","status":"publish","type":"page","link":"https:\/\/hubertpietka.bialystok.pl\/?page_id=10178","title":{"rendered":"&#8222;Wanted&#8221; \/ przez cywilizacj\u0119 przemocy i \u015bmierci bestii &#8211; \u015bcigani"},"content":{"rendered":"\n<p>Za obron\u0119 \u017cony \u017cycia jest<br>Wyj\u0119ty spod prawa ten polski<br>Bandyta ca\u0142y ka\u017cdy mo\u017ce go<br>Odpowiednio \u015bciga\u0107 r\u00f3\u017cne bandyckie s\u0142u\u017cby<br>Pod pretekstem lada co byle<br>Zawodowi prywatni s\u0142u\u017cbowi zepsuci wszelcy<\/p>\n\n\n\n<p>Na tym dzikim wschodzie Polski<br>Jak kiedy\u015b na dzikim zachodzie<br>&#8222;Wanted&#8221; \u015bcigany \u017cywy czy martwy<\/p>\n\n\n\n<p>Mimo \u017ce B\u00f3g przecie\u017c jest<br>Tu m\u015bcicielem zbrodni tych bestii<br>I r\u00f3wnie zepsutego \u0142ajdactwa ob\u0142udnego<br>I to w skali totalnej<\/p>\n\n\n\n<p>A poza tym co oni<br>Te szatany zrobi\u0142y z tym<br>Ca\u0142ym \u015bwiatem nie tylko przecie\u017c<br>Chyba tutaj \u017ce rozpowszechnili \u015bmier\u0107<br>\u017be jest ona niby jakim\u015b<br>Chorym prawem tych niby lepszych<br>Kosztem tych niby gorszych m\u0119czennik\u00f3w<br>Wszelkich bestialstw wsp\u00f3\u0142czesnych wszelkich zepsutych<br>Wygod\u0105 egoizmem i pych\u0105 nad\u0119tych<\/p>\n\n\n\n<p>&#8222;A przecie\u017c \u015bmier\u0107 przysz\u0142a na<br>Ten \u015bwiat przez zawi\u015b\u0107 diab\u0142a&#8221;<br>Jak m\u00f3wi S\u0142owo Bo\u017ce wi\u0119c<br>Jemu poddani s\u0105 j\u0105 propaguj\u0105cy<br>Pod\u0142ug tej zepsutej cywilizacji \u015bmierci<br>J\u0105 na wszelkie sposoby szerz\u0105cy<br>Wi\u0119c s\u0142u\u017c\u0105 oni szatanowi wymiernie<br>W tym w\u0142a\u015bnie pod\u0142ug przynale\u017cno\u015bci<br>Tej w\u0142a\u015bnie bestii takich \u0142ajdak\u00f3w<br>Szatanami karmi\u0105cymi si\u0119 \u015bmierci\u0105 innych<br>Mo\u017cna ich nazwa\u0107 potwornymi upiorami<br>Buduj\u0105cymi niby jak\u0105\u015b now\u0105 przysz\u0142o\u015b\u0107<br>Na \u015bmierci tylu niewinnych istnie\u0144<br>Jakby na zbrodniach i k\u0142amstwach<br>Maj\u0105cych je uzasadnia\u0107 na z\u0142u<br>Wszelkim szata\u0144skim mo\u017cna co\u015b zbudowa\u0107<br>A nie w paradygmacie tej<br>Bo\u017cej zasady \u017ce siewcy \u015bmierci<br>\u015amier\u0107 zbior\u0105 je\u015bli si\u0119 z<br>Tej chorej przemocy nie nawr\u00f3c\u0105<\/p>\n\n\n\n<figure class=\"wp-block-gallery has-nested-images columns-default is-cropped wp-block-gallery-1 is-layout-flex wp-block-gallery-is-layout-flex\">\n<figure class=\"wp-block-image size-large\"><a href=\"https:\/\/hubertpietka.bialystok.pl\/wp-content\/uploads\/2026\/01\/1000046201.jpg\"><img loading=\"lazy\" decoding=\"async\" width=\"771\" height=\"1024\" data-id=\"10179\" src=\"https:\/\/hubertpietka.bialystok.pl\/wp-content\/uploads\/2026\/01\/1000046201-771x1024.jpg\" alt=\"\" class=\"wp-image-10179\" srcset=\"https:\/\/hubertpietka.bialystok.pl\/wp-content\/uploads\/2026\/01\/1000046201-771x1024.jpg 771w, https:\/\/hubertpietka.bialystok.pl\/wp-content\/uploads\/2026\/01\/1000046201-226x300.jpg 226w, https:\/\/hubertpietka.bialystok.pl\/wp-content\/uploads\/2026\/01\/1000046201-768x1020.jpg 768w, https:\/\/hubertpietka.bialystok.pl\/wp-content\/uploads\/2026\/01\/1000046201-1157x1536.jpg 1157w, https:\/\/hubertpietka.bialystok.pl\/wp-content\/uploads\/2026\/01\/1000046201.jpg 1536w\" sizes=\"auto, (max-width: 771px) 100vw, 771px\" \/><\/a><\/figure>\n<\/figure>\n\n\n\n<p><em>Ani mi Ani z nami<br>Naszymi i naszym B\u00f3g jest<br>M\u015bcicielem tych wszelkich dzie\u0142 szata\u0144skich<br>Cywilizacji \u015bmierci bestii i \u0142ajdactwa<br>Popapranego te\u017c r\u00f3\u017cnymi chorymi d\u0105\u017ceniami<\/em><\/p>\n\n\n\n<p>( <strong><em><a href=\"https:\/\/youtu.be\/Rjw9iUn_0RY\">Lady Pank &#8211; Zdrada <\/a><\/em><\/strong><\/p>\n\n\n\n<p class=\"has-text-align-center\">\/<\/p>\n\n\n\n<p class=\"has-text-align-right\"><strong><em><a href=\"https:\/\/youtu.be\/VO_j8g8Cvt0\">Lady Pank &#8211; Moje \u017cycie ) <\/a><\/em><\/strong><\/p>\n","protected":false},"excerpt":{"rendered":"<p>Za obron\u0119 \u017cony \u017cycia jestWyj\u0119ty spod prawa ten polskiBandyta ca\u0142y ka\u017cdy mo\u017ce goOdpowiednio \u015bciga\u0107 r\u00f3\u017cne bandyckie s\u0142u\u017cbyPod pretekstem lada co byleZawodowi prywatni s\u0142u\u017cbowi zepsuci wszelcy&hellip; <\/p>\n","protected":false},"author":1,"featured_media":0,"parent":0,"menu_order":0,"comment_status":"closed","ping_status":"closed","template":"","meta":{"footnotes":""},"class_list":["post-10178","page","type-page","status-publish","hentry"],"_links":{"self":[{"href":"https:\/\/hubertpietka.bialystok.pl\/index.php?rest_route=\/wp\/v2\/pages\/10178","targetHints":{"allow":["GET"]}}],"collection":[{"href":"https:\/\/hubertpietka.bialystok.pl\/index.php?rest_route=\/wp\/v2\/pages"}],"about":[{"href":"https:\/\/hubertpietka.bialystok.pl\/index.php?rest_route=\/wp\/v2\/types\/page"}],"author":[{"embeddable":true,"href":"https:\/\/hubertpietka.bialystok.pl\/index.php?rest_route=\/wp\/v2\/users\/1"}],"replies":[{"embeddable":true,"href":"https:\/\/hubertpietka.bialystok.pl\/index.php?rest_route=%2Fwp%2Fv2%2Fcomments&post=10178"}],"version-history":[{"count":1,"href":"https:\/\/hubertpietka.bialystok.pl\/index.php?rest_route=\/wp\/v2\/pages\/10178\/revisions"}],"predecessor-version":[{"id":10180,"href":"https:\/\/hubertpietka.bialystok.pl\/index.php?rest_route=\/wp\/v2\/pages\/10178\/revisions\/10180"}],"wp:attachment":[{"href":"https:\/\/hubertpietka.bialystok.pl\/index.php?rest_route=%2Fwp%2Fv2%2Fmedia&parent=10178"}],"curies":[{"name":"wp","href":"https:\/\/api.w.org\/{rel}","templated":true}]}}