{"id":10182,"date":"2026-01-23T00:34:34","date_gmt":"2026-01-23T00:34:34","guid":{"rendered":"https:\/\/hubertpietka.bialystok.pl\/?page_id=10182"},"modified":"2026-01-23T00:57:04","modified_gmt":"2026-01-23T00:57:04","slug":"po-twory-bo-ciagle-w-ich-glowach-zla-twory-dla-tych-malych-dzieci-bozych","status":"publish","type":"page","link":"https:\/\/hubertpietka.bialystok.pl\/?page_id=10182","title":{"rendered":"*Po-twory* \/ bo ci\u0105gle w ich g\u0142owach &#8211; *z\u0142a twory* \/ dla tych ma\u0142ych dzieci Bo\u017cych"},"content":{"rendered":"\n<p>Tak si\u0119 staraj\u0105 zepsute szatany<br>Tacy biedni s\u0105 oni bestie<br>I \u0142ajdacy byleby tylko uderza\u0107<br>Zbrodniami byleby podwa\u017ca\u0107 rzeczy oczywiste<br>Wszelkimi pod\u0142ymi ob\u0142udnymi perfidnymi k\u0142amstwami<br>Tak si\u0119 staraj\u0105 te biedaczki<br>Byleby tylko odpowiednio pod\u0142ug z\u0142a<br>Swojego i szata\u0144skiego z nami<\/p>\n\n\n\n<p>Podwa\u017cy\u0107 oczywisto\u015b\u0107 orzecznictwa byle tylko<br>W nas uderzy\u0107 cho\u0107by finansowo<br>I przy okazji w samochody<br>Jak nie udaje si\u0119 jako\u015b<br>Tym wierutnikom ob\u0142\u0105kanym zabi\u0107 \u017cony<br>Czy tych zwierz\u0105t nas pozbawi\u0107<br>Na wszystko maj\u0105 przecie\u017c metody<br>R\u00f3\u017cne swoje r\u00f3wnie szata\u0144skie przecie\u017c<br>Oni bestie i \u0142ajdacz\u0105cy bydlacy<br>Tak si\u0119 staraj\u0105 te biedaczki<br>Ci\u0105gle im ma\u0142o chocia\u017cby i<br>Mo\u017ce mieli wszystko inne materialnie<br>Bo s\u0105 zepsuci sromotnie wiaro\u0142omnie<br>Byleby\u015bmy tam nie uko\u0144czyli remontu<br>Uderza\u0107 w tych kt\u00f3rzy pomagaj\u0105<br>Nam zreszt\u0105 w czymkolwiek<br>Co jest o\u015bcieniem w ich<br>Oczach z\u0142em zepsutych totalnie<\/p>\n\n\n\n<p>W tym takie to szatany<br>Znajduj\u0105 uj\u015bcie agresji swej przemocy<br>Byleby zniszczy\u0107 nasze miejsca<br>Nasz status nasze prace podwa\u017cy\u0107<br>Byt materialny g\u0142\u00f3wny cel szatan\u00f3w<\/p>\n\n\n\n<p>Poza ich zbrodniami \u015bmierci zniewolenia<br>A na wszystko maj\u0105 przecie\u017c<br>Swoich \u0142ajdak\u00f3w zawodowych prywatnych s\u0142u\u017cbowych<br>I metody szata\u0144skie dzia\u0142a\u0144 bezwzgl\u0119dnych<br>Byle ku z\u0142u dla nas<br>Naszego i naszych ich te\u017c<br>Mo\u017cna przecie\u017c wykorzystywa\u0107 w szata\u0144stwach<br>Takich czy innych byleby pod\u0142ug<br>Tych upior\u00f3w w k\u0142amstwach z\u0142a<br>Zreszt\u0105 wszelkich zniszczy\u0107 zabi\u0107 zniewoli\u0107<br>Lub chocia\u017c pogn\u0119bi\u0107 strat\u0119 spowodowa\u0107<br>Sromotno\u015b\u0107 zepsucia szata\u0144skim jadem wykolejona<br>Totalnie w nienawistnych z\u0142a po\u017c\u0105daniach<br>Bestii i wszelakich r\u00f3wnie zepsutych<\/p>\n\n\n\n<figure class=\"wp-block-gallery has-nested-images columns-default is-cropped wp-block-gallery-1 is-layout-flex wp-block-gallery-is-layout-flex\">\n<figure class=\"wp-block-image size-large\"><a href=\"https:\/\/hubertpietka.bialystok.pl\/wp-content\/uploads\/2026\/01\/1000046502.jpg\"><img loading=\"lazy\" decoding=\"async\" width=\"771\" height=\"1024\" data-id=\"10184\" src=\"https:\/\/hubertpietka.bialystok.pl\/wp-content\/uploads\/2026\/01\/1000046502-771x1024.jpg\" alt=\"\" class=\"wp-image-10184\" srcset=\"https:\/\/hubertpietka.bialystok.pl\/wp-content\/uploads\/2026\/01\/1000046502-771x1024.jpg 771w, https:\/\/hubertpietka.bialystok.pl\/wp-content\/uploads\/2026\/01\/1000046502-226x300.jpg 226w, https:\/\/hubertpietka.bialystok.pl\/wp-content\/uploads\/2026\/01\/1000046502-768x1020.jpg 768w, https:\/\/hubertpietka.bialystok.pl\/wp-content\/uploads\/2026\/01\/1000046502-1157x1536.jpg 1157w, https:\/\/hubertpietka.bialystok.pl\/wp-content\/uploads\/2026\/01\/1000046502.jpg 1536w\" sizes=\"auto, (max-width: 771px) 100vw, 771px\" \/><\/a><\/figure>\n<\/figure>\n\n\n\n<p><em>Ani mi Ani z nami<br>Naszymi i naszym innymi niewinnymi<br>B\u00f3g jest gwarantem naszych spraw<br>Wy zepsute sromotnie wierutne *<strong>po-kraki<\/strong>*<br>Bo w z\u0142u szata\u0144skim znajdujecie<br>Szukacie spe\u0142nie\u0144 uj\u015bcia jadu ob\u0142\u0119du<br>Z\u0142oczynienia niepohamowanego byle tylko \u0142ajdaczy\u0107<br>I *<strong>kraka\u0107<\/strong>* obmow\u0105 znies\u0142awieniem wszelakim<br>Byleby skala\u0107 dzieci Bo\u017ce k\u0142amstwem<\/em><\/p>\n\n\n\n<p><em>A *<strong>u-piory<\/strong>* bo *<strong>zaka-pior\u00f3w<\/strong>* wszelkich<br>Wykorzystuj\u0105 ci\u0105gle do *<strong>prania<\/strong>* swej<br>Ob\u0142udy pod\u0142ej ku wszelkim zbrodniom<br>Ca\u0142kowicie szata\u0144skim wed\u0142ug tez k\u0142amstw<br>Przy pozorach tam zreszt\u0105 jakichkolwiek<br>Zawsze innych ni\u017c cele zepsute<br>*<strong>Po-pa-pra\u0144cy<\/strong>* bo tak czyni\u0105<br>Z\u0142o czarne m\u00f3wi\u0105c \u017ce to<br>Jest czyste sprawiedliwe i bia\u0142e<br>Tak przestawiaj\u0105 wszelkie szata\u0144stwa i<br>Przestawiaj\u0105 naturalny Bo\u017cy porz\u0105dek moralny<\/em><\/p>\n","protected":false},"excerpt":{"rendered":"<p>Tak si\u0119 staraj\u0105 zepsute szatanyTacy biedni s\u0105 oni bestieI \u0142ajdacy byleby tylko uderza\u0107Zbrodniami byleby podwa\u017ca\u0107 rzeczy oczywisteWszelkimi pod\u0142ymi ob\u0142udnymi perfidnymi k\u0142amstwamiTak si\u0119 staraj\u0105 te biedaczkiByleby&hellip; <\/p>\n","protected":false},"author":1,"featured_media":0,"parent":0,"menu_order":0,"comment_status":"closed","ping_status":"closed","template":"","meta":{"footnotes":""},"class_list":["post-10182","page","type-page","status-publish","hentry"],"_links":{"self":[{"href":"https:\/\/hubertpietka.bialystok.pl\/index.php?rest_route=\/wp\/v2\/pages\/10182","targetHints":{"allow":["GET"]}}],"collection":[{"href":"https:\/\/hubertpietka.bialystok.pl\/index.php?rest_route=\/wp\/v2\/pages"}],"about":[{"href":"https:\/\/hubertpietka.bialystok.pl\/index.php?rest_route=\/wp\/v2\/types\/page"}],"author":[{"embeddable":true,"href":"https:\/\/hubertpietka.bialystok.pl\/index.php?rest_route=\/wp\/v2\/users\/1"}],"replies":[{"embeddable":true,"href":"https:\/\/hubertpietka.bialystok.pl\/index.php?rest_route=%2Fwp%2Fv2%2Fcomments&post=10182"}],"version-history":[{"count":3,"href":"https:\/\/hubertpietka.bialystok.pl\/index.php?rest_route=\/wp\/v2\/pages\/10182\/revisions"}],"predecessor-version":[{"id":10186,"href":"https:\/\/hubertpietka.bialystok.pl\/index.php?rest_route=\/wp\/v2\/pages\/10182\/revisions\/10186"}],"wp:attachment":[{"href":"https:\/\/hubertpietka.bialystok.pl\/index.php?rest_route=%2Fwp%2Fv2%2Fmedia&parent=10182"}],"curies":[{"name":"wp","href":"https:\/\/api.w.org\/{rel}","templated":true}]}}