{"id":10193,"date":"2026-01-24T11:32:33","date_gmt":"2026-01-24T11:32:33","guid":{"rendered":"https:\/\/hubertpietka.bialystok.pl\/?page_id=10193"},"modified":"2026-01-24T11:40:06","modified_gmt":"2026-01-24T11:40:06","slug":"wszelkiego-rodzaju-psy-mysliwskie-na-te-kaczki-i-strzaly-z-bliska-i-z-oddali-w-te-kaczki-wprost-doslownie-i-w-przenosni","status":"publish","type":"page","link":"https:\/\/hubertpietka.bialystok.pl\/?page_id=10193","title":{"rendered":"Wszelkiego rodzaju psy my\u015bliwskie &#8211; na te kaczki \/ i strza\u0142y z bliska i z oddali &#8211; w te kaczki \/ wprost dos\u0142ownie i w przeno\u015bni"},"content":{"rendered":"\n<p><strong>Dzi\u015b \u015bw. Franciszka Salezego kt\u00f3ry<br>Jest patronem rzetelnego prawdom\u00f3wnego dziennikarstwa<br>Nie na us\u0142ugach intratnych w\u0142adzy<br>Bo totalitarne pa\u0144stwo d\u0105\u017cy zawsze<br>Do zaw\u0142adni\u0119cia mediami widzieli\u015bmy to<br>Tu tutaj po zmianie opcji<br>Po to by sterowa\u0107 dok\u0142adnie<br>Tzw. kaczkami dziennikarskimi kt\u00f3re uderza\u0107<br>Maj\u0105 \u015bci\u015ble w przeciwnik\u00f3w systemu<br>Podobnie zreszt\u0105 totalno\u015b\u0107 z\u0142a obok<br>Medi\u00f3w steruje ca\u0142kowicie aparatem pa\u0144stwa<br>S\u0142u\u017cb bezpiecze\u0144stwa ca\u0142kowicie podporz\u0105dkowanych nie<br>S\u0142u\u017cbie wolnym i niewinnym obywatelom<br>Lecz interesom w\u0142adzy cz\u0119sto nienawistnym<br>Wobec tych kt\u00f3rych ideolodzy uznali<br>Za jakich\u015b wszelkich swoich wrog\u00f3w<br>In\u017cynieria dusz przez media wt\u0142aczanie<br>Jedynie s\u0142usznych podgl\u0105d\u00f3w na wszystko<br>Tak\u017ce przez konfabulacje s\u0105 teraz<br>Przecie\u017c mo\u017cliwo\u015bci by sterowa\u0107 dok\u0142adnie<br>Nie tylko foni\u0105 ale i<br>Audio czyli g\u0142osem i obrazem<br>By przedstawia\u0107 wszystko pod\u0142ug po\u017c\u0105da\u0144<br>Systemu z\u0142a widzimy to przecie\u017c<br>W tym pa\u0144stwie bestii \u017ce<br>K\u0142amstwo i konfabulacja na us\u0142ugach<br>Tu w\u0142adzy byleby tylko uderza\u0107<br>W przeciwnik\u00f3w tzw. poprawno\u015bci politycznej<br>Tak si\u0119 tworzy kaczki dziennikarskie<br>Newsy nie maj\u0105ce nic wsp\u00f3lnego<br>Z prawd\u0105 ale za to<br>Wychodz\u0105ce na przeciw k\u0142amstwom bestii<br>I r\u00f3wnie zepsutego \u0142ajdactwa zreszt\u0105<br>I aparat pa\u0144stwowy s\u0142u\u017cb bezpiecze\u0144stwa<br>Ma \u015bciga\u0107 nienawistnych z\u0142em wszelkim<br>Cho\u0107by w\u0142a\u015bnie pod\u0142ug tego<br>A paragrafy prawne aparatu s\u0105downictwa<br>Te\u017c si\u0119 dopasowuje tutaj odpowiednio<br>Kruczki prawne si\u0119 wykr\u0119ca trefnie <\/strong><\/p>\n\n\n\n<figure class=\"wp-block-gallery has-nested-images columns-default is-cropped wp-block-gallery-1 is-layout-flex wp-block-gallery-is-layout-flex\">\n<figure class=\"wp-block-image size-large\"><a href=\"https:\/\/hubertpietka.bialystok.pl\/wp-content\/uploads\/2026\/01\/1000046565.jpg\"><img loading=\"lazy\" decoding=\"async\" width=\"771\" height=\"1024\" data-id=\"10194\" src=\"https:\/\/hubertpietka.bialystok.pl\/wp-content\/uploads\/2026\/01\/1000046565-771x1024.jpg\" alt=\"\" class=\"wp-image-10194\" srcset=\"https:\/\/hubertpietka.bialystok.pl\/wp-content\/uploads\/2026\/01\/1000046565-771x1024.jpg 771w, https:\/\/hubertpietka.bialystok.pl\/wp-content\/uploads\/2026\/01\/1000046565-226x300.jpg 226w, https:\/\/hubertpietka.bialystok.pl\/wp-content\/uploads\/2026\/01\/1000046565-768x1021.jpg 768w, https:\/\/hubertpietka.bialystok.pl\/wp-content\/uploads\/2026\/01\/1000046565-1156x1536.jpg 1156w, https:\/\/hubertpietka.bialystok.pl\/wp-content\/uploads\/2026\/01\/1000046565.jpg 1204w\" sizes=\"auto, (max-width: 771px) 100vw, 771px\" \/><\/a><\/figure>\n<\/figure>\n\n\n\n<p><em>A poza tym te\u017c prywatni<br>Mog\u0105 stosowa\u0107 do z\u0142owrogich w\u0142adzy<br>W\u0142a\u015bnie jak do kaczek cho\u0107by<br>Mog\u0105 ich \u015bciga\u0107 na wszelkie<br>Zreszt\u0105 sposoby jak na polowaniu<br>Wszelkimi metodami byleby tylko to<br>Tak wygl\u0105da\u0142o \u017ce to jest<br>Ich jaka\u015b wina najlepiej przecie\u017c<br>Zwierzyna jest winna \u017ce poluj\u0105<br>Na ni\u0105 r\u00f3\u017cni k\u0142usownicy w\u0142a\u015bnie<br>Bo oni maj\u0105 jakie\u015b swoje<br>Chrapki na to czy tamto<br>I tak te\u017c z nami<br>Naszymi i naszym w tym<br>Totalitarnym z\u0142a pa\u0144stwie bestii \u0142ajdactwa<br>Aparat medi\u00f3w s\u0142u\u017cb bezpiecze\u0144stwa s\u0105downiczy<br>I prywatni wszyscy maj\u0105 przecie\u017c<br>Polowa\u0107 na nas jak na<br>Te przys\u0142owiowe kaczki cho\u0107by<br>Byleby tylko spe\u0142ni\u0142y si\u0119 po\u017c\u0105dania<br>Bestii i \u0142ajdactwa ku z\u0142u<br>Wszelkiemu dla nas naszego naszych<br>Wszelkich innych podpadni\u0119tych z\u0142owrogiej nienawi\u015bci<\/em><\/p>\n\n\n\n<p>Byleby tylko zmia\u017cd\u017cy\u0107 te \u017caby <\/p>\n","protected":false},"excerpt":{"rendered":"<p>Dzi\u015b \u015bw. Franciszka Salezego kt\u00f3ryJest patronem rzetelnego prawdom\u00f3wnego dziennikarstwaNie na us\u0142ugach intratnych w\u0142adzyBo totalitarne pa\u0144stwo d\u0105\u017cy zawszeDo zaw\u0142adni\u0119cia mediami widzieli\u015bmy toTu tutaj po zmianie opcjiPo&hellip; <\/p>\n","protected":false},"author":1,"featured_media":0,"parent":0,"menu_order":0,"comment_status":"closed","ping_status":"closed","template":"","meta":{"footnotes":""},"class_list":["post-10193","page","type-page","status-publish","hentry"],"_links":{"self":[{"href":"https:\/\/hubertpietka.bialystok.pl\/index.php?rest_route=\/wp\/v2\/pages\/10193","targetHints":{"allow":["GET"]}}],"collection":[{"href":"https:\/\/hubertpietka.bialystok.pl\/index.php?rest_route=\/wp\/v2\/pages"}],"about":[{"href":"https:\/\/hubertpietka.bialystok.pl\/index.php?rest_route=\/wp\/v2\/types\/page"}],"author":[{"embeddable":true,"href":"https:\/\/hubertpietka.bialystok.pl\/index.php?rest_route=\/wp\/v2\/users\/1"}],"replies":[{"embeddable":true,"href":"https:\/\/hubertpietka.bialystok.pl\/index.php?rest_route=%2Fwp%2Fv2%2Fcomments&post=10193"}],"version-history":[{"count":2,"href":"https:\/\/hubertpietka.bialystok.pl\/index.php?rest_route=\/wp\/v2\/pages\/10193\/revisions"}],"predecessor-version":[{"id":10198,"href":"https:\/\/hubertpietka.bialystok.pl\/index.php?rest_route=\/wp\/v2\/pages\/10193\/revisions\/10198"}],"wp:attachment":[{"href":"https:\/\/hubertpietka.bialystok.pl\/index.php?rest_route=%2Fwp%2Fv2%2Fmedia&parent=10193"}],"curies":[{"name":"wp","href":"https:\/\/api.w.org\/{rel}","templated":true}]}}