{"id":10202,"date":"2026-01-25T09:58:39","date_gmt":"2026-01-25T09:58:39","guid":{"rendered":"https:\/\/hubertpietka.bialystok.pl\/?page_id=10202"},"modified":"2026-01-25T09:58:39","modified_gmt":"2026-01-25T09:58:39","slug":"wbrew-szatanom-zepsutym-wierutnym-perspektywa-boza-jedna-tylko-wbrew-tez-obludzie-swiatowej","status":"publish","type":"page","link":"https:\/\/hubertpietka.bialystok.pl\/?page_id=10202","title":{"rendered":"Wbrew szatanom zepsutym wierutnym \/ perspektywa Bo\u017ca jedna tylko &#8211; wbrew te\u017c ob\u0142udzie \u015bwiatowej"},"content":{"rendered":"\n<p>Czy ja si\u0119 mog\u0119 oprze\u0107<br>Na tych &#8222;laskach trzcinowych&#8221; kt\u00f3re<br>Nie do\u015b\u0107 \u017ce chwiej\u0105 si\u0119<br>W r\u00f3\u017cne strony ale to<br>Akurat nie najwa\u017cniejsze to praktycznie<br>&#8222;Przebi\u0142yby moj\u0105 prawic\u0119&#8221; jakbym chcia\u0142<br>Si\u0119 na nich i oprze\u0107<br>Kimkolwiek by nie by\u0142y zreszt\u0105<br>Warto tu wykorzysta\u0107 te\u017c t\u0105<br>Perykop\u0119 biblijn\u0105 w odpowiedni spos\u00f3b<br>Bo nie wierz\u0119 w mi\u0142o\u015b\u0107<br>Kt\u00f3ra zale\u017cy od perspektywy powodzenia<br>A te w\u0142a\u015bnie pod\u0142ug tego<\/p>\n\n\n\n<p>A moja \u017cona ma nad<br>Nimi t\u0105 niesko\u0144czon\u0105 przewag\u0119 w\u0142a\u015bnie<br>\u017be przysz\u0142a kiedy by\u0142em w<br>Perspektywie du\u017co gorszej i raczej<br>Nic dobrego tu nie wr\u00f3\u017c\u0105cej<br>I chocia\u017c nie docenia daru<br>Kt\u00f3ry ma lekcewa\u017c\u0105c go cz\u0119sto<br>Wystawiaj\u0105c na karb moj\u0105 nerwowo\u015b\u0107<br>To jest to tu niewa\u017cne<br>Dop\u00f3ki nie zacznie uprawia\u0107 nierz\u0105du<br>Z tymi wierutnymi sromotnymi bestiami<br>Zdecydowanie przeciwko mnie na tym<br>Polega kazus Paw\u0142owy wed\u0142ug wyrok\u00f3w<br>Opatrzno\u015bci Bo\u017cej i to \u017ce<br>Akurat ona jest moj\u0105 \u017con\u0105<br>Ma to szcz\u0119\u015bcie tak naprawd\u0119<br>Bo ja nie mog\u0119 si\u0119<br>Jej zaprzeczy\u0107 dop\u00f3ki nie wykroczy<br>Przeciwko temu Bo\u017cemu sakramentowi ma\u0142\u017ce\u0144stwa<br>Nawet nie wed\u0142ug w\u0142asnych predyspozycji<br>Lecz wed\u0142ug tego wyroku Bo\u017cego<br>Bo tak mi B\u00f3g powiedzia\u0142<br>Masz chroni\u0107 jej to \u017cycie<br>Nawet kosztem swego w\u0142asnego<br>Z pe\u0142n\u0105 konsekwencj\u0105 dla \u015bwiata<br>Tego ca\u0142ego zepsutego ob\u0142ud\u0105 bestii<br>Tak mi Bo\u017ce i dopom\u00f3\u017c<br>I to nawet \u017ce ona<br>Nie docenia tego nawet je\u015bli<br>I czasem charakter ma wredny<br>A te wszelkie &#8222;laski trzcinowe&#8221;<br>Ja ju\u017c nie jestem nastolatkiem<br>Mnie nie zwiedziecie na jakie\u015b<br>G\u00f3wniarskie cho\u0107by porywy niby mi\u0142o\u015bci<br>A tak naprawd\u0119 gr\u0119 uczu\u0107<br>Bo moja postawa jest tu<br>Z Boga nie wed\u0142ug predyspozycji<br>Tylko i wy\u0142\u0105cznie ludzkich r\u00f3\u017cnych<br>Wi\u0119c mimo tego tu wszystkiego<br>Moje \u017cycie jest po\u0142o\u017cone tak<br>Po\u0142o\u017cone na kanwie jej \u017cycia<br>Je\u015bli ona nie zniszczy tego<br>To daru to moja postawa<br>Tu si\u0119 nie zmieni nigdy<br>A czy to szcz\u0119\u015bcie jej<br>Czy nieszcz\u0119\u015bcie bo przecie\u017c<br>Nienawi\u015b\u0107 tych szatan\u00f3w jest skierowana<br>W\u0142a\u015bnie na ni\u0105 jak wczoraj<br>Kiedy bez pardonu chcieli j\u0105<br>Przejecha\u0107 z pieskiem na przej\u015bciu<br>Zreszt\u0105 maj\u0105 mordercze metody wszelkie<br>I ku zniewoleniu maj\u0105 szatany<br>R\u00f3\u017cnych ob\u0142udnych zepsutych szatan\u00f3w wierutnych<\/p>\n\n\n\n<p>I jeszcze jedno nie buduje<br>Si\u0119 przysz\u0142o\u015bci na \u015bmierci jakichkolwiek<br>Niewinnych ludzi czego ona jest<br>Tu reprezentantem mo\u017ce st\u0105d w\u0142a\u015bnie<br>Ten Bo\u017cy przykaz dla mnie<\/p>\n\n\n\n<p>Jaki\u015b pedzio nie roz\u015bmieszajcie mnie<br>Tu nawet czym\u015b co napawa<br>Mnie obrzydzeniem ogromnym na marginesie<br>Poza tym co powiedzia\u0142em wy\u017cej<br>Jakie\u015b dzieci macie przecie\u017c ich<br>Tyle niekt\u00f3re abortujecie zabijacie ich<br>Rodzic\u00f3w pod\u0142ug tych szatan\u00f3w a<br>Naszymi s\u0105 te duchowe<br>Pod\u0142ug tego co si\u0119 tu<br>Pisze przecie\u017c nieustannie i ci\u0105gle<br>A co robocie z waszymi dzie\u0107mi<br>Wy ca\u0142y \u015bwiecie przecie\u017c tyle<br>Ich tu macie a to<br>Jest tylko pretekst dla mnie<br>Na przeciw zepsucia tego \u015bwiata<br>By zbrodnie szatan\u00f3w wszelkich uzasadni\u0107<br>Nie b\u0119dzie tu \u017cadnych dzieci<br>Siostra matka ojciec czy brat<br>Te\u017c nie tak bo ja<br>Jestem dojrza\u0142\u0105 osob\u0105 kt\u00f3ra nie<br>B\u0119dzie si\u0119 opiera\u0107 na czyich\u015b<br>Protezach zwyczajnie i po prostu<br>Moja droga jest w Bogu<br>I co tam jeszcze sobie<br>I nie wymy\u015blicie pod\u0142ug tego<br>Ca\u0142ego zepsucia ob\u0142ud\u0105 \u015bwiata tego<br>Koniec kropka nawet nie pod\u0142ug<br>Tu mnie lecz pod\u0142ug Boga<\/p>\n\n\n\n<p>Tyle mam tu do powiedzenia<br>Szatany bydlacy i \u0142ajdacy zepsuci<br>Zadna pindzia pedzio dzidzia czy<br>Co tam i zreszt\u0105<br>Powiedzia\u0142em i tego nie zmieni\u0119<br>Bo B\u00f3g tak w\u0142a\u015bnie chce<br>Wbrew temu ca\u0142emu \u015bwiatu zepsutemy<br>K\u0142amstwami tych bestii ku zbrodniom<br>Bo na zbrodniach na niewinnych<br>Nie buduje si\u0119 przysz\u0142o\u015bci dobrej<br>Na ze z\u0142em szata\u0144skim zgodzie<br>To mia\u0142o by\u0107 tu powiedziane<br>Zbrodnie bestii przysz\u0142o\u015bci nie wyznaczaj\u0105<br>Lecz przysz\u0142o\u015b\u0107 tego \u015bwiata przekre\u015blaj\u0105<\/p>\n\n\n\n<figure class=\"wp-block-gallery has-nested-images columns-default is-cropped wp-block-gallery-1 is-layout-flex wp-block-gallery-is-layout-flex\">\n<figure class=\"wp-block-image size-large\"><a href=\"https:\/\/hubertpietka.bialystok.pl\/wp-content\/uploads\/2026\/01\/1000046730.jpg\"><img loading=\"lazy\" decoding=\"async\" width=\"771\" height=\"1024\" data-id=\"10203\" src=\"https:\/\/hubertpietka.bialystok.pl\/wp-content\/uploads\/2026\/01\/1000046730-771x1024.jpg\" alt=\"\" class=\"wp-image-10203\" srcset=\"https:\/\/hubertpietka.bialystok.pl\/wp-content\/uploads\/2026\/01\/1000046730-771x1024.jpg 771w, https:\/\/hubertpietka.bialystok.pl\/wp-content\/uploads\/2026\/01\/1000046730-226x300.jpg 226w, https:\/\/hubertpietka.bialystok.pl\/wp-content\/uploads\/2026\/01\/1000046730-768x1020.jpg 768w, https:\/\/hubertpietka.bialystok.pl\/wp-content\/uploads\/2026\/01\/1000046730-1157x1536.jpg 1157w, https:\/\/hubertpietka.bialystok.pl\/wp-content\/uploads\/2026\/01\/1000046730.jpg 1536w\" sizes=\"auto, (max-width: 771px) 100vw, 771px\" \/><\/a><\/figure>\n<\/figure>\n\n\n\n<p><strong>Ani mi jej z nami<br>Naszymi i naszym i niech<br>Spadaj\u0105 wszelcy ob\u0142udnicy tych szatan\u00f3w<br>Zawodowi prywatni i s\u0142u\u017cbowi<br>I te bestie z szatanieniem<br>Wymiernym te\u017c osobi\u015bcie no przecie\u017c<br>Jezu ufam Tobie ave Maria<br>Wbrew temu ca\u0142emu zepsucia szatan\u00f3w<br>I znieprawienia \u015bwiata tego ca\u0142ego<\/strong><\/p>\n\n\n\n<p><em>Uwaga!!!<\/em><\/p>\n\n\n\n<ul class=\"wp-block-list\">\n<li><em>Nie dla dzieci\u00f3w<\/em><\/li>\n\n\n\n<li><em>Lasek przewra\u017cliwionych<\/em><\/li>\n\n\n\n<li><em>Zniewie\u015bcia\u0142ych pedzi\u00f3w<\/em><\/li>\n\n\n\n<li><em>Dla innych struktur pod\u0142ug zepsucia tego \u015bwiata ob\u0142ud\u0105 bestii<\/em><\/li>\n<\/ul>\n\n\n\n<p class=\"has-text-align-right\">( <strong><em><a href=\"https:\/\/youtu.be\/2-RlIVakju8\">Garbate Anio\u0142ki &#8211; Sqrwiel<\/a><\/em><\/strong> )<\/p>\n","protected":false},"excerpt":{"rendered":"<p>Czy ja si\u0119 mog\u0119 oprze\u0107Na tych &#8222;laskach trzcinowych&#8221; kt\u00f3reNie do\u015b\u0107 \u017ce chwiej\u0105 si\u0119W r\u00f3\u017cne strony ale toAkurat nie najwa\u017cniejsze to praktycznie&#8222;Przebi\u0142yby moj\u0105 prawic\u0119&#8221; jakbym chcia\u0142Si\u0119&hellip; <\/p>\n","protected":false},"author":1,"featured_media":0,"parent":0,"menu_order":0,"comment_status":"closed","ping_status":"closed","template":"","meta":{"footnotes":""},"class_list":["post-10202","page","type-page","status-publish","hentry"],"_links":{"self":[{"href":"https:\/\/hubertpietka.bialystok.pl\/index.php?rest_route=\/wp\/v2\/pages\/10202","targetHints":{"allow":["GET"]}}],"collection":[{"href":"https:\/\/hubertpietka.bialystok.pl\/index.php?rest_route=\/wp\/v2\/pages"}],"about":[{"href":"https:\/\/hubertpietka.bialystok.pl\/index.php?rest_route=\/wp\/v2\/types\/page"}],"author":[{"embeddable":true,"href":"https:\/\/hubertpietka.bialystok.pl\/index.php?rest_route=\/wp\/v2\/users\/1"}],"replies":[{"embeddable":true,"href":"https:\/\/hubertpietka.bialystok.pl\/index.php?rest_route=%2Fwp%2Fv2%2Fcomments&post=10202"}],"version-history":[{"count":1,"href":"https:\/\/hubertpietka.bialystok.pl\/index.php?rest_route=\/wp\/v2\/pages\/10202\/revisions"}],"predecessor-version":[{"id":10204,"href":"https:\/\/hubertpietka.bialystok.pl\/index.php?rest_route=\/wp\/v2\/pages\/10202\/revisions\/10204"}],"wp:attachment":[{"href":"https:\/\/hubertpietka.bialystok.pl\/index.php?rest_route=%2Fwp%2Fv2%2Fmedia&parent=10202"}],"curies":[{"name":"wp","href":"https:\/\/api.w.org\/{rel}","templated":true}]}}