{"id":10206,"date":"2026-01-25T13:30:17","date_gmt":"2026-01-25T13:30:17","guid":{"rendered":"https:\/\/hubertpietka.bialystok.pl\/?page_id=10206"},"modified":"2026-01-25T13:37:13","modified_gmt":"2026-01-25T13:37:13","slug":"marne-kino-w-watykanie-mane-kiny","status":"publish","type":"page","link":"https:\/\/hubertpietka.bialystok.pl\/?page_id=10206","title":{"rendered":"*Marne kino* \/ w Watykanie *mane-kiny*"},"content":{"rendered":"\n<p>Wiem \u017ce w to odpowiednio<br>Nie uwierzycie bo jeste\u015bcie zepsuci<br>Bo tak jest \u0142atwiej wygodniej<br>I nie sprzeciwia si\u0119 to<br>Szatanowi i wszelkim pod\u0142ug niego<br>W nim post\u0119puj\u0105cym i k\u0142amiacym<br>Ale ja musz\u0119 to powiedzie\u0107<br>Wype\u0142niaj\u0105c sw\u0105 wiern\u0105 misj\u0119 apostolsk\u0105<br>Bo B\u00f3g mnie uczyni\u0142 niezas\u0142u\u017cenie<br>Wed\u0142ug Swego upodobania Aposto\u0142em Narod\u00f3w<\/p>\n\n\n\n<p>Na sferze \u0142odzi piotrowej znowu<br>Zasiad\u0142 manekin pod\u0142ug zepsucia szatan\u00f3w<br>Podobnie jak by\u0142o z Franciszkiem<br>Kt\u00f3ry z Watykanu g\u0142osi niby<br>W spos\u00f3b niewinny ale ten<br>Jad \u017cmijowy przynale\u017cny bestiom cho\u0107by<br>Czy tym pacynom wierutnym ob\u0142udnikom<br>Parodia czy profanacja na szczycie<br>Podobnie zreszt\u0105 jak z tymi<br>Szopkami pacy\u0144skimi ich niby sakrament\u00f3w<br>Kluczem s\u0105 to s\u0142owa albo<br>G\u0142\u0119bi Ewangelii Bo\u017cej w przypadku<br>Prawowiernego Ko\u015bcio\u0142a albo pozor\u00f3w pobo\u017cno\u015bci<br>I jadu wobec tych prawdziwych<br>Wiernych i czystych Bo\u017cych dzieci<\/p>\n\n\n\n<p>I nawet je\u015bli ten manekin<br>Rzuci na mnie anathem\u0119 cho\u0107by<br>Chc\u0105c mnie wy\u0142\u0105czy\u0107 z Ko\u015bcio\u0142a<br>Podobnie jak to czyni\u0105 przecie\u017c<br>Te bestie i \u0142ajdactwo wszelkie<br>Chc\u0105c mnie wyj\u0105\u0107 spod prawa<br>To jest to niewa\u017cne przecie\u017c<br>To czyni manekin a prawdziwy<br>Nigdy by nie post\u0119powa\u0142 w<br>Ten zgodny z szata\u0144stwem spos\u00f3b<br>A co zrobili z Leonem<br>Tym prawdziwym kt\u00f3ry przecie\u017c m\u00f3wi\u0142<br>Zupe\u0142nie w innym duchu Bo\u017cym<br>Tym prawdziwym w stosunku do<br>Tego wierutnego manekina nawet je\u015bli<br>By tak zrobi\u0107 oni chcieli<br>Wyj\u0105\u0107 nas z pod prawa<br>Wy\u0142\u0105czy\u0107 z Ko\u015bcio\u0142a a nawet<br>Wykluczy\u0107 spo\u015br\u00f3d ludzi to B\u00f3g<br>Za nami stoi a to<br>Si\u0119 oka\u017ce kiedy\u015b w ca\u0142ej<br>Tej Bo\u017cej pe\u0142ni ale dla<br>Tego ca\u0142ego zepsutego \u015bwiata to<br>Mo\u017ce by\u0107 ju\u017c za p\u00f3\u017ano<br>Bo ja wiernie g\u0142osz\u0119 charyzmat<br>Wierno\u015bci w Bogu Ko\u015bcio\u0142owi cho\u0107by<br>W obronie wiernego ma\u0142\u017ce\u0144stwa rodziny<br>Sakrament\u00f3w i kap\u0142an\u00f3w tych prawowiernych<br>Czego szatan i wszelcy post\u0119puj\u0105cy<br>Pod\u0142ug niego nienawidz\u0105 totalnie ca\u0142kowicie<br>I tak naprawd\u0119 \u017cadne to<br>Bo\u017ce S\u0142owo nie mo\u017ce by\u0107<br>U mnie tu podwa\u017cone<br>Je\u015bli kto\u015b \u017cyje wed\u0142ug tej<br>Bo\u017cej ewangelicznej g\u0142\u0119bi a nie<br>Porusza si\u0119 tylko po r\u00f3\u017cnych<br>Poziomach pozor\u00f3w zewn\u0119trznych form nawet<br>I pobo\u017cno\u015bci ale pozbawionych tej<br>W\u0142a\u015bnie niezmiennej mocy Bo\u017cej<br>Tak mi dopom\u00f3\u017c Bo\u017ce wytrwa\u0107<br>W tej wiernej drodze nawet<br>Je\u015bli ten \u015bwiat zepsuty chce<br>Mnie nas zniszczy\u0107 zabi\u0107 zniewoli\u0107<br>Wiem \u017ce mi tu dopomo\u017cesz<br>Bo idziemy wiernie \u015bcie\u017ckami Twymi<br>Nawet je\u015bli ci wszyscy spe\u0142ni\u0105<br>Swe wszelkie po\u017c\u0105dania szata\u0144skie zreszt\u0105<br>Wtedy \u015bwiat si\u0119 obudzi<br>Ale b\u0119dzie ju\u017c za p\u00f3\u017ano<br>Nie b\u0119dzie drugiego czasu pr\u00f3by<br>W tych ostatnich czasach<br>A o manekinach papie\u017cach m\u00f3wi\u0142y<br>R\u00f3\u017cne proroctwa ju\u017c dawno ale<br>Oczywi\u015bcie wyczyszczono to odpowiednio wszystko<br>I dalej si\u0119 b\u0119dzie przekr\u0119ca\u0107<br>Podobnie zreszt\u0105 jak zosta\u0142o powiedziane<br>Nie tylko w Apokalipsie przecie\u017c<br>O tej sromotnej ohydzie spustoszenia<br>Ale nie uwierz\u0105 zepsuci zamydleni<br>Gr\u0105 pozor\u00f3w bez Bo\u017cej g\u0142\u0119bi<br>Kt\u00f3rym \u0142atwiej \u0142yka\u0107 papk\u0119 ob\u0142udn\u0105<br>K\u0142amstw wszelkich zepsutych bo nie<br>S\u0105 sprawiedliwi najpierw w sercach<br>Swych pod\u0142ug mocy sumienia czystego<br>I nawet je\u015bli za nimi<br>Wszystkimi stanie najwi\u0119ksza nawet przemoc<br>Mej drogi Bo\u017cej nie odmieni\u0105<br>Bo ja id\u0119 pod\u0142ug Boga<br>Nie tego ca\u0142ego zepsucia \u015bwiatowego<br>To musia\u0142o by\u0107 tu powiedziane<br>Wbrew k\u0142amstwom ku zbrodniom ob\u0142udy<br>Wprost ustanowionej i tej ukrytej<br>Bawcie si\u0119 \u015bmiejcie ze mnie<br>Oby czasem B\u00f3g si\u0119 odpowiednio<br>Z was te\u017c nie za\u015bmia\u0142<\/p>\n\n\n\n<figure class=\"wp-block-gallery has-nested-images columns-default is-cropped wp-block-gallery-1 is-layout-flex wp-block-gallery-is-layout-flex\">\n<figure class=\"wp-block-image size-large\"><a href=\"https:\/\/hubertpietka.bialystok.pl\/wp-content\/uploads\/2026\/01\/1000046736.jpg\"><img loading=\"lazy\" decoding=\"async\" width=\"771\" height=\"1024\" data-id=\"10207\" src=\"https:\/\/hubertpietka.bialystok.pl\/wp-content\/uploads\/2026\/01\/1000046736-771x1024.jpg\" alt=\"\" class=\"wp-image-10207\" srcset=\"https:\/\/hubertpietka.bialystok.pl\/wp-content\/uploads\/2026\/01\/1000046736-771x1024.jpg 771w, https:\/\/hubertpietka.bialystok.pl\/wp-content\/uploads\/2026\/01\/1000046736-226x300.jpg 226w, https:\/\/hubertpietka.bialystok.pl\/wp-content\/uploads\/2026\/01\/1000046736-768x1020.jpg 768w, https:\/\/hubertpietka.bialystok.pl\/wp-content\/uploads\/2026\/01\/1000046736-1157x1536.jpg 1157w, https:\/\/hubertpietka.bialystok.pl\/wp-content\/uploads\/2026\/01\/1000046736.jpg 1536w\" sizes=\"auto, (max-width: 771px) 100vw, 771px\" \/><\/a><\/figure>\n<\/figure>\n\n\n\n<p><em>I b\u0119d\u0119 si\u0119 modli\u0142 dalej<br>W intencjach i o jedno\u015b\u0107<br>Ale z tym papie\u017cem prawdziwym<br>Nie tym manekinem sromotnym wierutnym<br>Podobnie jak nie b\u0119d\u0119 si\u0119<br>Modli\u0142 w jedno\u015bci z pacynami<br>Je\u015bli na nie gdzie\u015b trafi\u0119<br>O co si\u0119 zreszt\u0105 staraj\u0105<br>Wsz\u0119dzie usilnie te zepsute bestie<\/em><\/p>\n","protected":false},"excerpt":{"rendered":"<p>Wiem \u017ce w to odpowiednioNie uwierzycie bo jeste\u015bcie zepsuciBo tak jest \u0142atwiej wygodniejI nie sprzeciwia si\u0119 toSzatanowi i wszelkim pod\u0142ug niegoW nim post\u0119puj\u0105cym i k\u0142amiacymAle&hellip; <\/p>\n","protected":false},"author":1,"featured_media":0,"parent":0,"menu_order":0,"comment_status":"closed","ping_status":"closed","template":"","meta":{"footnotes":""},"class_list":["post-10206","page","type-page","status-publish","hentry"],"_links":{"self":[{"href":"https:\/\/hubertpietka.bialystok.pl\/index.php?rest_route=\/wp\/v2\/pages\/10206","targetHints":{"allow":["GET"]}}],"collection":[{"href":"https:\/\/hubertpietka.bialystok.pl\/index.php?rest_route=\/wp\/v2\/pages"}],"about":[{"href":"https:\/\/hubertpietka.bialystok.pl\/index.php?rest_route=\/wp\/v2\/types\/page"}],"author":[{"embeddable":true,"href":"https:\/\/hubertpietka.bialystok.pl\/index.php?rest_route=\/wp\/v2\/users\/1"}],"replies":[{"embeddable":true,"href":"https:\/\/hubertpietka.bialystok.pl\/index.php?rest_route=%2Fwp%2Fv2%2Fcomments&post=10206"}],"version-history":[{"count":2,"href":"https:\/\/hubertpietka.bialystok.pl\/index.php?rest_route=\/wp\/v2\/pages\/10206\/revisions"}],"predecessor-version":[{"id":10210,"href":"https:\/\/hubertpietka.bialystok.pl\/index.php?rest_route=\/wp\/v2\/pages\/10206\/revisions\/10210"}],"wp:attachment":[{"href":"https:\/\/hubertpietka.bialystok.pl\/index.php?rest_route=%2Fwp%2Fv2%2Fmedia&parent=10206"}],"curies":[{"name":"wp","href":"https:\/\/api.w.org\/{rel}","templated":true}]}}