{"id":10215,"date":"2026-01-26T22:18:54","date_gmt":"2026-01-26T22:18:54","guid":{"rendered":"https:\/\/hubertpietka.bialystok.pl\/?page_id=10215"},"modified":"2026-01-26T22:18:54","modified_gmt":"2026-01-26T22:18:54","slug":"napomnienie-apostolskie-a-apostolska-demaskacja","status":"publish","type":"page","link":"https:\/\/hubertpietka.bialystok.pl\/?page_id=10215","title":{"rendered":"Napomnienie apostolskie \/ a apostolska demaskacja"},"content":{"rendered":"\n<p>Na mocy urz\u0119du apostolskiego<br>\u015aw. Pawe\u0142 sprzeciwi\u0142 si\u0119<br>\u015aw. Piotrowi kiedy zobaczy\u0142<br>\u017be ten post\u0119puje nieszczerze<br>A oto tutaj mamy<br>Zdecydowanie co\u015b wi\u0119cej bo<\/p>\n\n\n\n<p>Prawdziwym i ostatecznym probierzem<br>Bez \u017cadnego ale albo<br>Post\u0119powania Bo\u017cego jest obrona \u017cycia<br>\u017baden s\u0142uga Bo\u017cy prawdziwy<br>Nie mo\u017ce przeciwko temu wykracza\u0107<br>Bo B\u00f3g powiedzia\u0142 &#8222;nie zabijaj&#8221;<br>Nie mo\u017cna akceptowa\u0107 \u017cadnych zbrodni<br>Na niewinnych dzieciach Bo\u017cych<br>Pod\u0142ug Boga kt\u00f3ry stwarzaj\u0105c daj\u0105c<br>\u017bycie nigdy nie wyst\u0119puje<br>Tak naprawd\u0119 przeciwko niemu<br>&#8222;A \u015bmier\u0107 przysz\u0142a na \u015bwiat<br>Przez zawi\u015b\u0107 diab\u0142a&#8221; i<br>Tak w\u0142a\u015bnie pod\u0142ug tego<br>Post\u0119puj\u0105 szatany czyli s\u0142udzy z\u0142a<br>To jest probierz jedyny wy\u0142\u0105czny<br>W\u0142a\u015bciwej koherentnej sp\u00f3jnej postawy Bo\u017cej<\/p>\n\n\n\n<p>Jaka jest postawa bestii<br>To wiecie przecie\u017c podobnie r\u00f3wnie<br>Zepsutego \u0142ajdactwa jest taka w\u0142a\u015bnie<br>A teraz przypatrzcie si\u0119 dobrze<br>Kto pami\u0119ta ten pami\u0119ta<br>Jaka by\u0142a postawa papie\u017ca Franciszka<br>Najpierw do mniej wi\u0119cej roku<br>Przed pandemi\u0105 a jaka by\u0142a<br>Ona potem cho\u0107by tylko pod\u0142ug<br>Tego w\u0142a\u015bnie klucza obrony \u017cycia<br>A teraz jaka jest postawa<br>Tego *<strong>maine kina<\/strong>* a jaka<br>By\u0142a postawa prawdziwego papie\u017ca Leona<br>Na pocz\u0105tku odno\u015bnie tego cho\u0107by<br>\u017be o innych rzeczach kontrowersyjnych<br>Bardzo mocno ju\u017c nie wspomn\u0119<br>A jaka by\u0142a postawa cho\u0107by<br>Benedykta \u017ce o Janie Pawle<br>Ju\u017c nie wspomn\u0119 tu nawet<br>I sami wyci\u0105gnijcie wnioski w\u0142a\u015bciwe<\/p>\n\n\n\n<figure class=\"wp-block-gallery has-nested-images columns-default is-cropped wp-block-gallery-1 is-layout-flex wp-block-gallery-is-layout-flex\">\n<figure class=\"wp-block-image size-large\"><a href=\"https:\/\/hubertpietka.bialystok.pl\/wp-content\/uploads\/2026\/01\/1000046921.jpg\"><img loading=\"lazy\" decoding=\"async\" width=\"771\" height=\"1024\" data-id=\"10216\" src=\"https:\/\/hubertpietka.bialystok.pl\/wp-content\/uploads\/2026\/01\/1000046921-771x1024.jpg\" alt=\"\" class=\"wp-image-10216\" srcset=\"https:\/\/hubertpietka.bialystok.pl\/wp-content\/uploads\/2026\/01\/1000046921-771x1024.jpg 771w, https:\/\/hubertpietka.bialystok.pl\/wp-content\/uploads\/2026\/01\/1000046921-226x300.jpg 226w, https:\/\/hubertpietka.bialystok.pl\/wp-content\/uploads\/2026\/01\/1000046921-768x1021.jpg 768w, https:\/\/hubertpietka.bialystok.pl\/wp-content\/uploads\/2026\/01\/1000046921-1156x1536.jpg 1156w, https:\/\/hubertpietka.bialystok.pl\/wp-content\/uploads\/2026\/01\/1000046921.jpg 1204w\" sizes=\"auto, (max-width: 771px) 100vw, 771px\" \/><\/a><\/figure>\n<\/figure>\n\n\n\n<p>A teraz je\u015bli to<br>*<strong>Maine kinowe<\/strong>* papiestwo \u017ceby<br>Kainowe nie powiedzie\u0107 tu czasem<br>Ma mnie mo\u017ce najwierniejszego syna<br>Ko\u015bcio\u0142a \u015awi\u0119tego wykluczy\u0107 z niego<br>Bo o\u015bmielam si\u0119 m\u00f3wi\u0107 prawd\u0119<br>Nie tylko upominam ale nawet<br>Demaskuj\u0119 tu ten przekr\u0119t ca\u0142y<br>Mam ju\u017c si\u0142y i \u015bwiadomo\u015bci<br>Troch\u0119 wi\u0119cej ni\u017c za Franciszka<br>I w\u0142a\u015bnie mnie zgodnie<br>Z bestii zreszt\u0105 zamys\u0142em<br>Ma to w\u0142a\u015bnie spotka\u0107<\/p>\n\n\n\n<p>To tu jeszcze wi\u0119cej powiem<br>Wol\u0119 nie uczestniczy\u0107 cho\u0107by wcale<br>Nie mie\u0107 nic wsp\u00f3lnego<br>Z tymi szopkami pacynkowymi<br>Je\u015bli taki mia\u0142yby by\u0107 Ko\u015bci\u00f3\u0142<br>Bo wtedy by ju\u017c nie<br>By\u0142 on ko\u015bcio\u0142em bo ci<br>Siej\u0105 &#8222;ohyd\u0119 spustoszenia&#8221; bez wa\u017cnych<br>W Ko\u015bciele \u015bwi\u0119ce\u0144 kap\u0142a\u0144skich<br>\u017be nie wspomn\u0119 innych sakrament\u00f3w<br>A to jest nie tyle<br>Nawet parodia a wr\u0119cz profanacja<br>Wi\u0119c w czym\u015b takim mog\u0119<br>I nie chc\u0119 uczestniczy\u0107 wcale<br>O ile B\u00f3g mnie uposa\u017cy<br>Zawsze do w\u0142a\u015bciwego tu rozeznania<\/p>\n\n\n\n<p>A teraz ciekawy jestem<br>Jak mi t\u0105 anatem\u0119 przeka\u017ce<br>To *<strong>maine kinowe<\/strong>* papiestwo urz\u0119dowe<br>\u017be jak to jest<br>\u017be jednak co pisz\u0119 czytaj\u0105<br>Wbrew bestii tajemnicy poliszynela<br>Kt\u00f3ra oczywi\u015bcie tajemnic\u0105 si\u0119 przestaje<br>Stawa\u0107 kiedy s\u0142u\u017cy ich zbrodniom<br>Jak cho\u0107by z t\u0105 prokuratur\u0105<br>Czy tymi ca\u0142ymi misiami bandyckimi<br>Tak samo z tym nibypapiestwem<br>Czy tam innym watyka\u0144skim urz\u0119dem<br>Na podobnej zreszt\u0105 zasadzie<br>Tak to na wygl\u0105da\u0107 w\u0142a\u015bnie<\/p>\n\n\n\n<p>A nie czytaj\u0105 tylko kto\u015b<br>To doni\u00f3s\u0142 to niech si\u0119<br>Zapoznaj\u0105 z ca\u0142\u0105 tu spu\u015bcizn\u0105<br>Jakby wypada\u0142o w przypadku takim<br>Troch\u0119 im to zajmie odpowiednio<br>A mo\u017ce \u017ce czytaj\u0105 od<br>Jakiego\u015b tam oczywi\u015bcie odpowiedniego momentu<br>To wypada\u0142o te\u017c ca\u0142o\u015b\u0107 podobnie<br>A jak mi to przeka\u017c\u0105<br>I jak uzasadni\u0105 i jak<br>To w \u017cycie wcieli\u0107 maj\u0105<br>Bardzo to wszystko jest ciekawe<br>To mnie z Ko\u015bcio\u0142a wykluczanie<br>Trzeba b\u0119dzie to chyba jednak<br>Og\u0142osi\u0107 przed \u015bwiatem odpowiednio<br>I \u017ceby nie zapomnieli te\u017c<br>Czasem mnie powiadomi\u0107 o tej<br>Kolejne jednej wielkiej farsie<br>Na m\u0142yn zbrodni bestii pacyn<br>I zreszt\u0105 wszelkiego wsz\u0119dzie \u0142ajdactwa<br>A mo\u017ce niech jak bestie<br>Czy \u0142ajdactwo opublikuj\u0105 najlepiej<br>W ka\u017cdym ko\u015bciele &#8222;Wanted&#8221;<br>Wykluczony \u017cywy czy martwy<br>Bestiom to si\u0119 spodoba bardzo<\/p>\n","protected":false},"excerpt":{"rendered":"<p>Na mocy urz\u0119du apostolskiego\u015aw. Pawe\u0142 sprzeciwi\u0142 si\u0119\u015aw. Piotrowi kiedy zobaczy\u0142\u017be ten post\u0119puje nieszczerzeA oto tutaj mamyZdecydowanie co\u015b wi\u0119cej bo Prawdziwym i ostatecznym probierzemBez \u017cadnego ale&hellip; <\/p>\n","protected":false},"author":1,"featured_media":0,"parent":0,"menu_order":0,"comment_status":"closed","ping_status":"closed","template":"","meta":{"footnotes":""},"class_list":["post-10215","page","type-page","status-publish","hentry"],"_links":{"self":[{"href":"https:\/\/hubertpietka.bialystok.pl\/index.php?rest_route=\/wp\/v2\/pages\/10215","targetHints":{"allow":["GET"]}}],"collection":[{"href":"https:\/\/hubertpietka.bialystok.pl\/index.php?rest_route=\/wp\/v2\/pages"}],"about":[{"href":"https:\/\/hubertpietka.bialystok.pl\/index.php?rest_route=\/wp\/v2\/types\/page"}],"author":[{"embeddable":true,"href":"https:\/\/hubertpietka.bialystok.pl\/index.php?rest_route=\/wp\/v2\/users\/1"}],"replies":[{"embeddable":true,"href":"https:\/\/hubertpietka.bialystok.pl\/index.php?rest_route=%2Fwp%2Fv2%2Fcomments&post=10215"}],"version-history":[{"count":1,"href":"https:\/\/hubertpietka.bialystok.pl\/index.php?rest_route=\/wp\/v2\/pages\/10215\/revisions"}],"predecessor-version":[{"id":10217,"href":"https:\/\/hubertpietka.bialystok.pl\/index.php?rest_route=\/wp\/v2\/pages\/10215\/revisions\/10217"}],"wp:attachment":[{"href":"https:\/\/hubertpietka.bialystok.pl\/index.php?rest_route=%2Fwp%2Fv2%2Fmedia&parent=10215"}],"curies":[{"name":"wp","href":"https:\/\/api.w.org\/{rel}","templated":true}]}}