{"id":10219,"date":"2026-01-28T09:37:58","date_gmt":"2026-01-28T09:37:58","guid":{"rendered":"https:\/\/hubertpietka.bialystok.pl\/?page_id=10219"},"modified":"2026-01-28T09:53:19","modified_gmt":"2026-01-28T09:53:19","slug":"co-za-dupek-mowi-o-zafajdaniu-swiata-wszelka-obluda-dupna-bo-siegajaca-szatanskich-wyzyn-hipokryzji","status":"publish","type":"page","link":"https:\/\/hubertpietka.bialystok.pl\/?page_id=10219","title":{"rendered":"Co za dupek \/ m\u00f3wi o zafajdaniu \u015bwiata &#8211; wszelk\u0105 ob\u0142ud\u0105 dupn\u0105 \/ bo si\u0119gaj\u0105c\u0105 szata\u0144skich wy\u017cyn hipokryzji"},"content":{"rendered":"\n<p><strong>Uwaga!!!<br>Nie dla dzieci\u00f3w<br>Nie dla przewrazliwie\u0144c\u00f3w na swoim punkcie pind\u017a itp.<br>Nie dla pedzi\u00f3w zniewie\u015bcia\u0142ych odpowiednio<br>I tam wszelkich ob\u0142udnych system\u00f3w<\/strong><\/p>\n\n\n\n<p>( <strong><em><a href=\"https:\/\/youtu.be\/EdmZYu9Lths\">Ca\u0142ujcie mnie wszyscy w dup\u0119 &#8211; &#8222;Tuwim dla doros\u0142ych&#8221;<\/a><\/em><\/strong> )<\/p>\n\n\n\n<p>Chcia\u0142em przeprosi\u0107 niniejszym szatana i<br>Wszelkie s\u0142ugi diab\u0142a bestie \u0142ajdak\u00f3w<br>\u017be tak to tu okre\u015bl\u0119<br>Wiadomo przecie\u017c \u017ce oni s\u0105<br>Wra\u017cliwi na s\u0142owa zw\u0142aszcza moje<br>Co nie przeszkadza im wcale<br>Nie by\u0107 wra\u017cliwym na zbrodnie<br>Taki paradoks ob\u0142udnik\u00f3w lubi\u0105 oni<br>Przecie\u017c takie paradoksy zw\u0142aszcza kiedy<br>To ma uderza\u0107 w te<br>Ma\u0142e dzieci Bo\u017ce<\/p>\n\n\n\n<p>Tak\u017ce przepraszam tych wszystkich wra\u017cliwc\u00f3w<br>Gdzie wra\u017cliwo\u015b\u0107 jest przecie\u017c odg\u00f3rnie<br>Okre\u015blona odpowiednio pod\u0142ug ob\u0142udy<br>\u017be u\u017cyj\u0119 tu okre\u015blenia kontrowersyjnego<br>I tych te\u017c wszystkich katolik\u00f3w<br>Chrze\u015bcijan puryst\u00f3w ju\u017c widz\u0119 ich<br>Straszn\u0105 zgroz\u0119 \u017ce on u\u017cywa<br>S\u0142\u00f3w takich czy s\u0142owa takiego<br>Przecie\u017c te niby dzieci Bo\u017ce<br>Trzeba chowa\u0107 nieustannie pod kloszem<br>\u017beby si\u0119 nie pobrudzi\u0142y z\u0142em<br>Cho\u0107by takim co zapewne im<br>Te\u017c nie b\u0119dzie przeszkadza\u0107 by<br>Pomstowa\u0107 odpowiednio tu na mnie<br>W zgodzie z bestiami \u0142ajdakami<br>Ale to przecie\u017c tylko szczeg\u00f3\u0142<\/p>\n\n\n\n<p>Wi\u0119c powiem tu tak do\u015b\u0107<br>Ju\u017c zafajdywania szatanie s\u0142ugi diab\u0142a<br>Tego \u015bwiata ob\u0142ud\u0105 wszelk\u0105 pod\u0142\u0105<br>Na s\u0142owa Bo\u017cej prawdy<br>Kt\u00f3re niestety ja te\u017c wyra\u017cam<br>Do\u015b\u0107 ju\u017c srania z tych<br>Waszych *<strong>dup ups<\/strong>* wszelk\u0105 hipokryzj\u0105<br>Tak powiem taki jest przecie\u017c<br>Dupek ze mnie wobec szatan\u00f3w<br>Zreszt\u0105 wszelkich zepsutych ob\u0142ud\u0105<\/p>\n\n\n\n<p>Ale o co chodzi<br>Lubicie przecie\u017c chyba dupy<br>I hetero i homo gender<br>Te\u017c zapewne i odpowiednio<br>Przecie\u017c seks ma dominowa\u0107<br>\u015awiat ten i wszelkie my\u015blenie<br>A mo\u017ce powinienem u\u017cy\u0107 tu<br>Eufemizmu lepszego pupa na przyk\u0142ad<br>\u0141adniej to dla was brzmi<br>Lubicie przecie\u017c ob\u0142udnicy pupy s\u0142odkie<br>Robi\u0107 z ludzi pod\u0142ug waszej<br>Ob\u0142udy sromotnej zepsutej wierutnej<br>\u017beby u\u015bmiechali si\u0119 g\u0142upio akceptuj\u0105c<br>Wszelk\u0105 ob\u0142ud\u0119 zepsut\u0105 pod\u0142\u0105 niewymownie<br>A nam przecie\u017c te\u017c lubicie<br>Przyprawia\u0107 dupy odpowiednie zohydza\u0107 nas<br>K\u0142amstwem obmow\u0105 w oczach \u015bwiata<br>A swoj\u0105 drog\u0105 czy\u017c nie<br>Macie czasem konfabulacji niby dowod\u00f3w<br>Na zdrad\u0119 mojej \u017cony robi\u0107<br>S\u0105 przecie\u017c dzi\u015b takie mo\u017cliwo\u015bci<\/p>\n\n\n\n<p><em>Gombrowicz napisa\u0142 &#8222;Ferdydurk\u0119&#8221; ksi\u0105\u017ck\u0119 b\u0119d\u0105c\u0105<br>Kiedy\u015b lektur\u0105 ale z tego<br>Co wiem nie spe\u0142nia ona<br>Dzisiaj zalece\u0144 wszechmocnej poprawno\u015bci politycznej<br>Wi\u0119c wsp\u00f3\u0142czesna m\u0142odzie\u017c mo\u017ce nie<br>Wiedzie\u0107 o co tu chodzi<br>Co znaczy &#8222;dup\u0119 komu\u015b przyprawia\u0107&#8221;<br>A co znaczy &#8222;mie\u0107 pup\u0119<br>G\u0142upka zawsze na twarzy&#8221;<br>Odpornego na wszelkie argumenty prawdy<br>Taki ze mnie jest dupek<br>\u017be tak to tu wyuszcz\u0119<br>\u017be nie wspomn\u0119 \u017ce mi<br>R\u00f3\u017cne dupy przecie\u017c pr\u00f3bujecie przystawia\u0107<br>Nawet i wprost te\u017c odpowiednio<br>Byleby ku zbrodniom na tej<br>Cho\u0107by tu mojej \u017conie<\/em><\/p>\n\n\n\n<p><em>A mie\u0107 te\u017c pup\u0119<br>Na twarzy znaczy glupkowato\u015b\u0107 s\u0142odk\u0105<br>Co lubi\u0105 wszelcy ob\u0142udnicy niewini\u0105tka<br>Byleby tylko ku zbrodniom bestii<br>Wsz\u0119dzie zreszt\u0105 cho\u0107by tym rykoszetem<br>Wobec nas naszego naszych<br>I innych niewinnych a jak\u017ce<\/em><\/p>\n\n\n\n<p>Tak\u017ce takie to straszny te<br>Moje wulgaryzmy ale m\u00f3wi\u0105c<br>Do was inaczej ni\u017c przypowie\u015bciami<br>Nie zrozumiecie chocia\u017c wszystko przecie\u017c<br>Mo\u017cna taktowa\u0107 przewrotnie tak\u017ce parafrazy<br>Niewyszukane tu takie lubi\u0105 to<br>Ob\u0142udnicy a &#8222;dla czystych<br>Wszystko jest czyste i przeciwnie<br>Dla brudnych ob\u0142ud\u0105 jest brudne&#8221;<br>Bo odrzucaj\u0105 istot\u0119 rzeczy Bo\u017cych<br>I zawsze si\u0119 papraj\u0105<br>W tej ob\u0142udzie ku przemocy<br>Zbrodni zreszt\u0105 wszelkich ob\u0142udnik\u00f3w<br>Bestii \u0142ajdak\u00f3w zawodowych prywatnych s\u0142u\u017cbowych<br>Od tej podwiji misi\u00f3w bandyckich<br>Po tam zreszt\u0105 i jakichkolwiek<br>Ob\u0142uda popaprana musi przecie\u017c zbiera\u0107<br>Zawsze swe zepsute pod\u0142o\u015bci\u0105 owoce<br>Bo oczywi\u015bcie ob\u0142udnikom nie przeszkadzaj\u0105<br>Te na nas naszych<br>I naszym niewinnych innych<br>Wszelkie prze\u015bladowania ku najgorszym zbrodniom<br>Co za paradoks to przecie\u017c<br>Wobec tych wra\u017cliwc\u00f3w na s\u0142owa<br>I tego wyrazem ob\u0142uda niewymowna<br>Jezu ufam Tobie<br>Ja grzeszne s\u0142abe dziecko Bo\u017ce<br>Ale przez Ciebie umi\u0142owani<br>Bo pod\u0142ug prawdy \u017cy\u0107 chc\u0105cy<br>Nie ob\u0142udy wierutnej pod\u0142ej sromotnej<\/p>\n\n\n\n<figure class=\"wp-block-gallery has-nested-images columns-default is-cropped wp-block-gallery-1 is-layout-flex wp-block-gallery-is-layout-flex\">\n<figure class=\"wp-block-image size-large\"><a href=\"https:\/\/hubertpietka.bialystok.pl\/wp-content\/uploads\/2026\/01\/1000047234.jpg\"><img loading=\"lazy\" decoding=\"async\" width=\"771\" height=\"1024\" data-id=\"10220\" src=\"https:\/\/hubertpietka.bialystok.pl\/wp-content\/uploads\/2026\/01\/1000047234-771x1024.jpg\" alt=\"\" class=\"wp-image-10220\" srcset=\"https:\/\/hubertpietka.bialystok.pl\/wp-content\/uploads\/2026\/01\/1000047234-771x1024.jpg 771w, https:\/\/hubertpietka.bialystok.pl\/wp-content\/uploads\/2026\/01\/1000047234-226x300.jpg 226w, https:\/\/hubertpietka.bialystok.pl\/wp-content\/uploads\/2026\/01\/1000047234-768x1021.jpg 768w, https:\/\/hubertpietka.bialystok.pl\/wp-content\/uploads\/2026\/01\/1000047234-1156x1536.jpg 1156w, https:\/\/hubertpietka.bialystok.pl\/wp-content\/uploads\/2026\/01\/1000047234.jpg 1204w\" sizes=\"auto, (max-width: 771px) 100vw, 771px\" \/><\/a><\/figure>\n<\/figure>\n\n\n\n<p><strong><em>Na zdj. \u015aw. Anna uczy Maryj\u0119 czyta\u0107 <\/em>&#8230;<\/strong><\/p>\n","protected":false},"excerpt":{"rendered":"<p>Uwaga!!!Nie dla dzieci\u00f3wNie dla przewrazliwie\u0144c\u00f3w na swoim punkcie pind\u017a itp.Nie dla pedzi\u00f3w zniewie\u015bcia\u0142ych odpowiednioI tam wszelkich ob\u0142udnych system\u00f3w ( Ca\u0142ujcie mnie wszyscy w dup\u0119 &#8211;&hellip; <\/p>\n","protected":false},"author":1,"featured_media":0,"parent":0,"menu_order":0,"comment_status":"closed","ping_status":"closed","template":"","meta":{"footnotes":""},"class_list":["post-10219","page","type-page","status-publish","hentry"],"_links":{"self":[{"href":"https:\/\/hubertpietka.bialystok.pl\/index.php?rest_route=\/wp\/v2\/pages\/10219","targetHints":{"allow":["GET"]}}],"collection":[{"href":"https:\/\/hubertpietka.bialystok.pl\/index.php?rest_route=\/wp\/v2\/pages"}],"about":[{"href":"https:\/\/hubertpietka.bialystok.pl\/index.php?rest_route=\/wp\/v2\/types\/page"}],"author":[{"embeddable":true,"href":"https:\/\/hubertpietka.bialystok.pl\/index.php?rest_route=\/wp\/v2\/users\/1"}],"replies":[{"embeddable":true,"href":"https:\/\/hubertpietka.bialystok.pl\/index.php?rest_route=%2Fwp%2Fv2%2Fcomments&post=10219"}],"version-history":[{"count":4,"href":"https:\/\/hubertpietka.bialystok.pl\/index.php?rest_route=\/wp\/v2\/pages\/10219\/revisions"}],"predecessor-version":[{"id":10225,"href":"https:\/\/hubertpietka.bialystok.pl\/index.php?rest_route=\/wp\/v2\/pages\/10219\/revisions\/10225"}],"wp:attachment":[{"href":"https:\/\/hubertpietka.bialystok.pl\/index.php?rest_route=%2Fwp%2Fv2%2Fmedia&parent=10219"}],"curies":[{"name":"wp","href":"https:\/\/api.w.org\/{rel}","templated":true}]}}