{"id":10226,"date":"2026-01-29T08:44:11","date_gmt":"2026-01-29T08:44:11","guid":{"rendered":"https:\/\/hubertpietka.bialystok.pl\/?page_id=10226"},"modified":"2026-01-29T08:48:16","modified_gmt":"2026-01-29T08:48:16","slug":"sluszna-obrona-wlasna-a-obluda-szatana-bestii-lajdakow","status":"publish","type":"page","link":"https:\/\/hubertpietka.bialystok.pl\/?page_id=10226","title":{"rendered":"S\u0142uszna obrona w\u0142asna \/ a ob\u0142uda szatana bestii \u0142ajdak\u00f3w"},"content":{"rendered":"\n<p>1.<br>Dajcie mi tu tego manekina<br>A ja go odpowiednio przepytam<br>Zreszt\u0105 zweryfikujcie sami co on<br>M\u00f3wi na takie w\u0142a\u015bnie tematy<\/p>\n\n\n\n<p>Po pierwsze czy \u017cycia trzeba<br>Broni\u0107 wsz\u0119dzie i zawsze<br>Bez \u017cadnego albo czy ale<br>Czy mo\u017cna si\u0119 godzi\u0107<br>Na \u015bmier\u0107 niewinnych jakichkolwiek ludzi<\/p>\n\n\n\n<p>Po drugie czy sprawiedliwa s\u0142uszna<br>Samoobrona przed z\u0142em przemocy zbrodni<br>Zreszt\u0105 jakichkolwiek nie zak\u0142ada u\u017cycia<br>Wszelkich mo\u017cliwych \u015brodk\u00f3w do tej<br>Obrony siebie swojego i swoich<br>Je\u015bli chodzi o czyny wszelkie<br>Podobnie s\u0142owa nawet bardzo mocne<\/p>\n\n\n\n<p>I po trzecie czy mo\u017cna<br>Dopuszcza\u0107 do pos\u0142ugi kap\u0142a\u0144skiej<br>W Ko\u015bciele osoby bez wa\u017cnych<br>Prawowiernych w Ko\u015bciele kap\u0142a\u0144skich \u015bwi\u0119ce\u0144<\/p>\n\n\n\n<figure class=\"wp-block-gallery has-nested-images columns-default is-cropped wp-block-gallery-1 is-layout-flex wp-block-gallery-is-layout-flex\">\n<figure class=\"wp-block-image size-large\"><a href=\"https:\/\/hubertpietka.bialystok.pl\/wp-content\/uploads\/2026\/01\/1000047518.jpg\"><img loading=\"lazy\" decoding=\"async\" width=\"771\" height=\"1024\" data-id=\"10229\" src=\"https:\/\/hubertpietka.bialystok.pl\/wp-content\/uploads\/2026\/01\/1000047518-771x1024.jpg\" alt=\"\" class=\"wp-image-10229\" srcset=\"https:\/\/hubertpietka.bialystok.pl\/wp-content\/uploads\/2026\/01\/1000047518-771x1024.jpg 771w, https:\/\/hubertpietka.bialystok.pl\/wp-content\/uploads\/2026\/01\/1000047518-226x300.jpg 226w, https:\/\/hubertpietka.bialystok.pl\/wp-content\/uploads\/2026\/01\/1000047518-768x1021.jpg 768w, https:\/\/hubertpietka.bialystok.pl\/wp-content\/uploads\/2026\/01\/1000047518-1156x1536.jpg 1156w, https:\/\/hubertpietka.bialystok.pl\/wp-content\/uploads\/2026\/01\/1000047518.jpg 1204w\" sizes=\"auto, (max-width: 771px) 100vw, 771px\" \/><\/a><\/figure>\n<\/figure>\n\n\n\n<p>A co do innych rzeczy<br>To musia\u0142bym go przepyta\u0107 osobi\u015bcie<br>Ale zobaczcie co on okre\u015bla<br>Odno\u015bnie tych bardzo wa\u017cnych kwestii<br>Obrony \u017cycia prze\u015bladowanych przed przemoc\u0105<br>A poza tym kto<br>Z was powiem jak Jezus<br>Do ob\u0142udnik\u00f3w faryzeuszy mo\u017ce udowodni\u0107<br>Mi grzech ci\u0119\u017cki powiedzmy cho\u0107by<br>W ci\u0105gu lat ostatnich 7<br>W tym pe\u0142nym odpowiednio okresie<\/p>\n\n\n\n<p>2.<br>A szatan i s\u0142ugi diab\u0142a<br>Zawsze b\u0119d\u0105 broni\u0107 ob\u0142udnik\u00f3w<br>By ci mogli \u017ale czyni\u0107<br>Tym dzieciom Bo\u017cym oni przecie\u017c<br>Maj\u0105 u nich wieczyste alibi<br>Na swe \u0142ajdactwa od tej<br>Podwiji po misi\u00f3w bandyckich<br>Czy tam zreszt\u0105 jakich ob\u0142udnik\u00f3w<br>Zawodowych prywatnych czy s\u0142u\u017cbowych<br>R\u0119ka r\u0119k\u0119 myje tak w\u0142a\u015bnie<br>Post\u0119puj\u0105 te bestie wobec ob\u0142udnik\u00f3w<br>Wszelkich kt\u00f3rzy maj\u0105 nam z\u0142o<br>Czyni\u0107 jakie\u015b uderza\u0107 cho\u0107by rykoszetem<br>A przy okazji szatan bestie<br>Lubi\u0105 oczernia\u0107 niewinne dzieci Bo\u017ce<br>Jednocze\u015bnie wybielaj\u0105c tych wszelkich ob\u0142udnik\u00f3w<br>Pod\u0142ug nich a zobaczcie czy<br>Czasem ich niby niewinne dzia\u0142ania<br>Nie maj\u0105 przynie\u015b\u0107 zepsutych owoc\u00f3w<br>Oczywi\u015bcie odpowiednich pod\u0142ug bestii szatana<br>Szatan i te bestie wszelkie<br>S\u0142ugi z\u0142a zreszt\u0105 b\u0119d\u0105 broni\u0107<br>Zawsze swoich by ci z\u0142o<br>Czynili zreszt\u0105 jakiekolwiek dzieciom Bo\u017cym<br>Tak si\u0119 zamyka ko\u0142o ob\u0142udnik\u00f3w<br>Szatan i te bestie<br>Nie b\u0119d\u0105 przecie\u017c wykracza\u0107 przeciwko<br>\u0141ajdakom kt\u00f3rzy z\u0142oczyni\u0107 pod\u0142ug nich<br>Zawsze odpowiednio wobec nas naszego<br>I naszych i niewinnych innych<br>B\u0119d\u0105 usprawiedliwia\u0107 z\u0142o ob\u0142udnicy<br>Nadawa\u0107 mu pozory czego\u015b innego<br>Cho\u0107by niby naszej winy<br>Byleby tylko nam nienawistnie z\u0142oczyni\u0107<\/p>\n\n\n\n<figure class=\"wp-block-gallery has-nested-images columns-default is-cropped wp-block-gallery-2 is-layout-flex wp-block-gallery-is-layout-flex\">\n<figure class=\"wp-block-image size-large\"><a href=\"https:\/\/hubertpietka.bialystok.pl\/wp-content\/uploads\/2026\/01\/1000047519.jpg\"><img loading=\"lazy\" decoding=\"async\" width=\"771\" height=\"1024\" data-id=\"10231\" src=\"https:\/\/hubertpietka.bialystok.pl\/wp-content\/uploads\/2026\/01\/1000047519-771x1024.jpg\" alt=\"\" class=\"wp-image-10231\" srcset=\"https:\/\/hubertpietka.bialystok.pl\/wp-content\/uploads\/2026\/01\/1000047519-771x1024.jpg 771w, https:\/\/hubertpietka.bialystok.pl\/wp-content\/uploads\/2026\/01\/1000047519-226x300.jpg 226w, https:\/\/hubertpietka.bialystok.pl\/wp-content\/uploads\/2026\/01\/1000047519-768x1021.jpg 768w, https:\/\/hubertpietka.bialystok.pl\/wp-content\/uploads\/2026\/01\/1000047519-1156x1536.jpg 1156w, https:\/\/hubertpietka.bialystok.pl\/wp-content\/uploads\/2026\/01\/1000047519.jpg 1204w\" sizes=\"auto, (max-width: 771px) 100vw, 771px\" \/><\/a><\/figure>\n<\/figure>\n\n\n\n<p><em>A tak naprawd\u0119 wszyscy kt\u00f3rzy<br>Wsp\u00f3\u0142pracuj\u0105 ze zbrodniami tych bestii<br>I szatana to ob\u0142udnicy w\u0142a\u015bnie<br>Zawodowi prywatni i s\u0142u\u017cbowi<br>Niech spadaj\u0105 bo intencj\u0105 ich<br>Dzia\u0142ania mimo pozor\u00f3w jakichkolwiek<br>Jest nam z\u0142oczynienie nienawistne ob\u0142\u0119dne<br>Pod\u0142ug szatana i tych bestii<br>Ich czyny oni spe\u0142niaj\u0105<br>Niech spadaj\u0105 niech si\u0119 od nas<br>W ko\u0144cu odczepi\u0105 z t\u0105<br>Ob\u0142ud\u0105 sromotn\u0105 wierutn\u0105 ku wszelkim<br>Zreszt\u0105 zbrodniom przemocy tych bestii<br>Podobnie ani mi Ani<br>Z nami naszymi i naszym<br>Wszelkie zepsute ob\u0142ud\u0105 pod\u0142\u0105 szatany<br>Bo j\u0105 wybieraj\u0105c i realizuj\u0105c<br>Na wszelkie sposoby tym si\u0119<br>Te\u017c staj\u0105 pod\u0142ug realizator\u00f3w zbrodni<br>Czy wsp\u00f3wykonawc\u00f3w to ich dookre\u015bla<\/em><\/p>\n\n\n\n<p><\/p>\n","protected":false},"excerpt":{"rendered":"<p>1.Dajcie mi tu tego manekinaA ja go odpowiednio przepytamZreszt\u0105 zweryfikujcie sami co onM\u00f3wi na takie w\u0142a\u015bnie tematy Po pierwsze czy \u017cycia trzebaBroni\u0107 wsz\u0119dzie i zawszeBez&hellip; <\/p>\n","protected":false},"author":1,"featured_media":0,"parent":0,"menu_order":0,"comment_status":"closed","ping_status":"closed","template":"","meta":{"footnotes":""},"class_list":["post-10226","page","type-page","status-publish","hentry"],"_links":{"self":[{"href":"https:\/\/hubertpietka.bialystok.pl\/index.php?rest_route=\/wp\/v2\/pages\/10226","targetHints":{"allow":["GET"]}}],"collection":[{"href":"https:\/\/hubertpietka.bialystok.pl\/index.php?rest_route=\/wp\/v2\/pages"}],"about":[{"href":"https:\/\/hubertpietka.bialystok.pl\/index.php?rest_route=\/wp\/v2\/types\/page"}],"author":[{"embeddable":true,"href":"https:\/\/hubertpietka.bialystok.pl\/index.php?rest_route=\/wp\/v2\/users\/1"}],"replies":[{"embeddable":true,"href":"https:\/\/hubertpietka.bialystok.pl\/index.php?rest_route=%2Fwp%2Fv2%2Fcomments&post=10226"}],"version-history":[{"count":3,"href":"https:\/\/hubertpietka.bialystok.pl\/index.php?rest_route=\/wp\/v2\/pages\/10226\/revisions"}],"predecessor-version":[{"id":10232,"href":"https:\/\/hubertpietka.bialystok.pl\/index.php?rest_route=\/wp\/v2\/pages\/10226\/revisions\/10232"}],"wp:attachment":[{"href":"https:\/\/hubertpietka.bialystok.pl\/index.php?rest_route=%2Fwp%2Fv2%2Fmedia&parent=10226"}],"curies":[{"name":"wp","href":"https:\/\/api.w.org\/{rel}","templated":true}]}}