{"id":10234,"date":"2026-01-31T07:12:54","date_gmt":"2026-01-31T07:12:54","guid":{"rendered":"https:\/\/hubertpietka.bialystok.pl\/?page_id=10234"},"modified":"2026-01-31T07:12:54","modified_gmt":"2026-01-31T07:12:54","slug":"totalnosc-aparatu-panstwa-tych-szatanow-takze-administracyjno-prawnego-przeciwko-tym-dzieciom-bozym-malym-byleby-skonsumowac-przemoc-nienawisci-szatanow","status":"publish","type":"page","link":"https:\/\/hubertpietka.bialystok.pl\/?page_id=10234","title":{"rendered":"Totalno\u015b\u0107 aparatu pa\u0144stwa tych szatan\u00f3w &#8211; tak\u017ce administracyjno-prawnego \/ przeciwko tym dzieciom Bo\u017cym ma\u0142ym &#8211; byleby skonsumowa\u0107 przemoc nienawi\u015bci szatan\u00f3w"},"content":{"rendered":"\n<p>Nie wiem czy sobie odpowiednio<br>Rzeczywi\u015bcie zdajecie spraw\u0119 jak to<br>S\u0105 totalnie zepsute pod\u0142e szatany<br>Kt\u00f3re wszystko pr\u00f3buj\u0105 wykorzysta\u0107 ob\u0142udnie<br>Ob\u0142\u0119dnie przeciwko tym dzieciom Bo\u017cym<br>Jak si\u0119 nie udaje szatanom<br>Prostackie mordowanie ich ichniego ichnich<br>Szkodzenie na wszelkie sposoby to<br>Na pewno oni wykorzystaj\u0105 ka\u017cdy<br>Pretekst najmniejszy by was zniewoli\u0107<\/p>\n\n\n\n<p>Dzisiaj rano a\u017c mnie przenikn\u0119\u0142o<br>Ch\u0142odem kiedy si\u0119 obudzi\u0142em<br>Bo zda\u0142em sobie spraw\u0119<br>Co oni mog\u0105 zrobi\u0107 a<br>Zapewne ju\u017c to zrobi\u0142y szatany<br>Kiedy gdzie\u015b zapomnia\u0142e\u015b odda\u0107 pewn\u0105<br>Tak naprawd\u0119 bardzo ma\u0142\u0105 kwot\u0119<br>Bo za ni\u0105 nie kupisz<br>Nawet paczki papieros\u00f3w czyli te<br>20 z\u0142otych ale przecie\u017c<br>Nie by\u0142o tu w tym<br>Twojej z\u0142ej intencji najpierw zapomnia\u0142e\u015b<br>Potem poch\u0142on\u0119\u0142y cz\u0142owieka r\u00f3\u017cne sprawy<br>Mi\u0119dzy innymi ratowanie czyjego\u015b \u017cycia<br>Ale dla szatan\u00f3w to przecie\u017c<br>Nie wa\u017cne a nawet<br>Dodatkowy przyczynek do z\u0142oczynienia ci<br>Bo te \u017cycia kt\u00f3re chronisz<br>Oni te\u017c maj\u0105 przecie\u017c<br>W swej nieustannej chorej nienawi\u015bci<\/p>\n\n\n\n<p>I teraz te zepsute szatany<br>Rozp\u0119ta\u0107 chc\u0105 przeciwko tobie<br>Ca\u0142\u0105 machin\u0119 s\u0105downiczo-restrykcyjn\u0105<br>W\u0142\u0105cznie ze s\u0142u\u017cbami bezpiecze\u0144stwa wsp\u00f3\u0142czesnymi<br>\u017be ty t\u0105 kwot\u0119 ukrad\u0142e\u015b<br>Niewa\u017cne przecie\u017c \u017ce chcia\u0142e\u015b zap\u0142aci\u0107<br>Wtedy kart\u0105 a terminal tam<br>Nie dzia\u0142a\u0142 to przecie\u017c twoja<br>Z\u0142a intencja a te szatany<br>Nie \u0142ud\u017acie si\u0119 wszystko<br>Ka\u017cdy pretekst przeciwko tobie pod\u0142ug<br>Swych szata\u0144skich nienawistnych po\u017c\u0105da\u0144<br>Wykorzysta\u0107 b\u0119d\u0105 chcie\u0107 przewrotnie odpowiednio<br>Nie wa\u017cne te\u017c przecie\u017c \u017ce<br>Chcia\u0142e\u015b to zrobi\u0107 nie dalej<br>Jak wczoraj ale oczywi\u015bcie zak\u0142ad<br>By\u0142 ju\u017c zamkni\u0119ty 10 minut<br>Przed planowym zamkni\u0119ciem jak wiedzia\u0142y<br>Przecie\u017c te szatany \u017ce przyjad\u0119<\/p>\n\n\n\n<p>Tak\u017ce wbrew twoim intencjom ale<br>Za to zgodnie ze swym<br>Szata\u0144skim po\u017c\u0105daniem chc\u0105 z ciebie<br>Zrobi\u0107 za to z\u0142odzieja<br>Ze wszelkimi konsekwencjami temu przynale\u017cnymi<br>W tym chorym totalitarnym pa\u0144stwie<br>Tych bestii i \u0142ajdak\u00f3w<br>Tam te\u017c cho\u0107by bo ich<br>Wykorzystuj\u0105 w tym zak\u0142adzie odpowiednio<br>Do tego ku swoim szata\u0144stwom<br>Ale to szczeg\u00f3\u0142 maj\u0105 oni<br>Przecie\u017c wszelkie szanta\u017ce i przemoc<br>Do pary do wykorzystywania wszystkiego<br>Przeciwko tym dzieciom Bo\u017cym ma\u0142ym<br>Takie to s\u0105 totalne szatany<br>Mimo \u017ce wiedz\u0105 dobrze wszyscy<br>\u017be to jest tylko pretekst<br>Kolejny do ich szata\u0144skich rozgrywek<br>Bo\u017ce m\u00f3j kochany co za<br>Stomotne wierutnie totalnie zepsute szatany<br>W ob\u0142udzie pod\u0142ej ku zbrodniom<br>A teraz mo\u017ce zak\u0142ad b\u0119dzie<br>Zawsze odpowiednio zamkni\u0119ty bym przecie\u017c<br>Nie m\u00f3g\u0142 ui\u015bci\u0107 nale\u017cno\u015bci a<br>Aparat szatan\u00f3w przemocy wszelkiego z\u0142a<br>Ju\u017c w ruch wprawiony totalnie<br>M\u00f3g\u0142 osi\u0105gn\u0105\u0107 swe zgni\u0142e owoce<br>K\u0142amstw ku zbrodniom ob\u0142udy szatan\u00f3w<br>Brak s\u0142\u00f3w po prostu<br>Co za szata\u0144ska pod\u0142o\u015b\u0107<\/p>\n\n\n\n<figure class=\"wp-block-gallery has-nested-images columns-default is-cropped wp-block-gallery-1 is-layout-flex wp-block-gallery-is-layout-flex\">\n<figure class=\"wp-block-image size-large\"><a href=\"https:\/\/hubertpietka.bialystok.pl\/wp-content\/uploads\/2026\/01\/1000047656.jpg\"><img loading=\"lazy\" decoding=\"async\" width=\"771\" height=\"1024\" data-id=\"10235\" src=\"https:\/\/hubertpietka.bialystok.pl\/wp-content\/uploads\/2026\/01\/1000047656-771x1024.jpg\" alt=\"\" class=\"wp-image-10235\" srcset=\"https:\/\/hubertpietka.bialystok.pl\/wp-content\/uploads\/2026\/01\/1000047656-771x1024.jpg 771w, https:\/\/hubertpietka.bialystok.pl\/wp-content\/uploads\/2026\/01\/1000047656-226x300.jpg 226w, https:\/\/hubertpietka.bialystok.pl\/wp-content\/uploads\/2026\/01\/1000047656-768x1021.jpg 768w, https:\/\/hubertpietka.bialystok.pl\/wp-content\/uploads\/2026\/01\/1000047656-1156x1536.jpg 1156w, https:\/\/hubertpietka.bialystok.pl\/wp-content\/uploads\/2026\/01\/1000047656.jpg 1204w\" sizes=\"auto, (max-width: 771px) 100vw, 771px\" \/><\/a><\/figure>\n<\/figure>\n\n\n\n<p><em>Przecie\u017c tu wida\u0107 na d\u0142oni<br>Zepsucie w przemocy ku zbrodniom<br>Tych bestii i sromotnego \u0142ajdactwa<br>Zreszt\u0105 w wielu wobec nas<br>Podobnie wszelkich r\u00f3\u017cnych przypadkach<br>A tak\u017ce tych s\u0142u\u017cb wszelakich<br>Kt\u00f3re te szatany wykorzystuj\u0105 odpowiednio<br>Byleby tylko ku z\u0142u<br>Przeciwko tym Bo\u017cym dzieciom<\/em><\/p>\n","protected":false},"excerpt":{"rendered":"<p>Nie wiem czy sobie odpowiednioRzeczywi\u015bcie zdajecie spraw\u0119 jak toS\u0105 totalnie zepsute pod\u0142e szatanyKt\u00f3re wszystko pr\u00f3buj\u0105 wykorzysta\u0107 ob\u0142udnieOb\u0142\u0119dnie przeciwko tym dzieciom Bo\u017cymJak si\u0119 nie udaje szatanomProstackie&hellip; <\/p>\n","protected":false},"author":1,"featured_media":0,"parent":0,"menu_order":0,"comment_status":"closed","ping_status":"closed","template":"","meta":{"footnotes":""},"class_list":["post-10234","page","type-page","status-publish","hentry"],"_links":{"self":[{"href":"https:\/\/hubertpietka.bialystok.pl\/index.php?rest_route=\/wp\/v2\/pages\/10234","targetHints":{"allow":["GET"]}}],"collection":[{"href":"https:\/\/hubertpietka.bialystok.pl\/index.php?rest_route=\/wp\/v2\/pages"}],"about":[{"href":"https:\/\/hubertpietka.bialystok.pl\/index.php?rest_route=\/wp\/v2\/types\/page"}],"author":[{"embeddable":true,"href":"https:\/\/hubertpietka.bialystok.pl\/index.php?rest_route=\/wp\/v2\/users\/1"}],"replies":[{"embeddable":true,"href":"https:\/\/hubertpietka.bialystok.pl\/index.php?rest_route=%2Fwp%2Fv2%2Fcomments&post=10234"}],"version-history":[{"count":1,"href":"https:\/\/hubertpietka.bialystok.pl\/index.php?rest_route=\/wp\/v2\/pages\/10234\/revisions"}],"predecessor-version":[{"id":10236,"href":"https:\/\/hubertpietka.bialystok.pl\/index.php?rest_route=\/wp\/v2\/pages\/10234\/revisions\/10236"}],"wp:attachment":[{"href":"https:\/\/hubertpietka.bialystok.pl\/index.php?rest_route=%2Fwp%2Fv2%2Fmedia&parent=10234"}],"curies":[{"name":"wp","href":"https:\/\/api.w.org\/{rel}","templated":true}]}}