{"id":10242,"date":"2026-02-01T08:49:14","date_gmt":"2026-02-01T08:49:14","guid":{"rendered":"https:\/\/hubertpietka.bialystok.pl\/?page_id=10242"},"modified":"2026-02-01T08:49:14","modified_gmt":"2026-02-01T08:49:14","slug":"obluda-zwykla-codzienna-i-zorganizowana-systemowo-lajdakow-wszelkich-na-uslugach-bestii-byleby-przemoc-przeciw-tym-niewinnym","status":"publish","type":"page","link":"https:\/\/hubertpietka.bialystok.pl\/?page_id=10242","title":{"rendered":"Ob\u0142uda zwyk\u0142a codzienna i zorganizowana systemowo \/ \u0142ajdak\u00f3w wszelkich na us\u0142ugach bestii &#8211; byleby przemoc przeciw tym niewinnym"},"content":{"rendered":"\n<p>1.<br>B\u00f3g serca ludzkie zna<br>Ob\u0142udnicy ludzi oszukaj\u0105<br>Ale nie Boga Jego nie<br>Omami\u0105 jak mo\u017cna mami\u0107 ludzi<br>\u015aciemnia\u0107 niewinno\u015bci\u0105 przypadkowo\u015bci\u0105 pozorami jakimikolwiek<br>B\u00f3g zna intencje dobre z\u0142e<br>A ci kt\u00f3rzy ugrywaj\u0105 co\u015b<br>Jednocze\u015bnie czyni\u0105c z\u0142o os\u0105dzeni b\u0119d\u0105<br>Przez Boga z ca\u0142\u0105 surowo\u015bci\u0105<br>Je\u015bli si\u0119 nie nawr\u00f3c\u0105<br>Z tego wierutnego ob\u0142udy zepsucia<br>Sko\u0144cz\u0105 \u015bmierci\u0105 wieczn\u0105 pod\u0142ug ob\u0142udy<br>W kt\u00f3rej uczestnicz\u0105 jacytamkolwiek zreszt\u0105<br>Zawodowi prywatni s\u0142u\u017cbowi wszyscy pod\u0142ug<br>W z\u0142u szata\u0144skim swego wsp\u00f3\u0142uczestnictwa<br>Nawet je\u015bli \u015bciemniaj\u0105 najniewinniej g\u0142upkowato<br>Jednocze\u015bnie czyni\u0105c z\u0142o szata\u0144skie<br>Tym dzieciom Bo\u017cym ma\u0142ym<br>\u015awiat ich mo\u017ce usprawiedliwi<br>Bo jest zepsuty B\u00f3g nie<\/p>\n\n\n\n<p>2.<br>I w k\u0142amstwa wierz\u0105 szata\u0144skie<br>Ci kt\u00f3rym tak jest wygodniej<br>Ci kt\u00f3rzy nie wierz\u0105 Bogu<br>Bo s\u0105 \u017ali i tak<br>Chc\u0105 post\u0119powa\u0107 ze wszystkim<br>Tak\u017ce z nami bo nie<br>Pasuje im wiara Bogu<br>W Bo\u017ce prawdy czy jednak<br>To \u017ce oni wierz\u0105 ob\u0142udzie<br>Przemocy ku zbrodniom usprawiedliwia ich<br>Albo jakkolwiek determinuje Boga<br>To ich w ob\u0142udzie zepsucie<\/p>\n\n\n\n<p>3.<br>Tak jak szatan broni z\u0142ych<br>By niby mogli pope\u0142nia\u0107 z\u0142o<br>Co jest przeciwko Bo\u017cym warto\u015bciom<br>Tak podobnie ob\u0142udnicy broni\u0105 ob\u0142udnik\u00f3w<br>I ob\u0142udy przez kt\u00f3r\u0105 mog\u0105<br>Z\u0142o czyni\u0107 dzieciom Bo\u017cym jakkolwiek<br>Byleby tylko najlepiej przecie\u017c zawsze<br>Pod pozorem niewinno\u015bci lub g\u0142upkowato\u015bci<br>I najlepiej z niby win\u0105<br>Ku z\u0142ym celom tych z\u0142ych<br>Niby z win\u0105 jak\u0105\u015b tych niewinnych<br>A chodzi o to by<br>Realizowa\u0107 przemoc na niewinnych perfidnie<br>Tak naprawd\u0119 bo jest to<br>Powtarzalne oparte na z\u0142a schematach<br>Podobnie dobrzy broni\u0105 dobra niewinno\u015bci<br>Na zasadzie przeciwnej bo z\u0142o<br>Z\u0142u s\u0142u\u017cy zawsze dobro odwrotnie<br>Dlatego ob\u0142udnicy w ob\u0142udnikach zawsze<br>Znajduj\u0105 obron\u0119 i niby usprawiedliwienie<br>A tak naprawd\u0119 chodzi zawsze<br>O niewinnym z\u0142oczynienie cho\u0107by rykoszetem<br>Tak dzia\u0142a z\u0142o i ob\u0142uda<br>Kt\u00f3ra s\u0142u\u017cy z\u0142u przeciwko tym<br>Dzieciom Bo\u017cym niewinnym tej nienawi\u015bci<br>Zar\u00f3wno szatana jak i ob\u0142udnik\u00f3w<br>Taka jest prawda ju\u017c widz\u0119<br>Ten zgie\u0142k na wysoko\u015bciach ob\u0142udnik\u00f3w<br>Bo kto\u015b si\u0119 o\u015bmiela sprzeciwia\u0107<br>Ich nienawistnym d\u0105\u017ceniom do zbrodni<br>Na tych i innych niewinnych<br>Tak naprawd\u0119 ob\u0142udy<br>Przeciwko tym dzieci Bo\u017cych<br>Taka jest dedukcja moralna implikowana<br>Bo\u017cymi warto\u015bciami na przek\u00f3r wszelkiej<br>Przemocy i ob\u0142udzie z\u0142a z\u0142ych<br>Ale \u017ali chc\u0105 to zaciemnia\u0107<br>I przedstawia\u0107 odwrotnie ob\u0142udnik\u00f3w niby<br>Jako ofiary by mogli czyni\u0107<br>Z\u0142o swe wszelkie zawsze swobodnie<\/p>\n\n\n\n<p>4.<br>Lubi totalitarne pa\u0144stwo bestii demonstrowa\u0107<br>Pokaz si\u0142y pr\u0119\u017cy musku\u0142y w\u0142adzy<br>Na zwyk\u0142ych obywateli podpadni\u0119tych nienawi\u015bci<br>Systemu zepsutego bestii i \u0142ajdactwa<br>Najlepiej antyterrory\u015bci za te no<br>Dwie dychy w\u0142adza przyswaja miliony<br>Ale jej wolno bo przecie\u017c<br>Ona stanowi prawo maj\u0105ce im<br>S\u0142u\u017cy\u0107 a przeciwko obywatelom kt\u00f3rych<br>System poprawno\u015bci politycznej uzna\u0142 za<br>Wrog\u00f3w w\u0142adzy i najlepiej spo\u0142ecze\u0144stwa<br>Sfinguje si\u0119 przecie\u017c jeszcze dowody<br>Te jakie\u015b przeciwko tym takim<br>No przecie\u017c po co tak<br>Si\u0119 staraj\u0105 nagrywa\u0107 ob\u0142udnicy te<br>R\u00f3\u017cne nasze przest\u0119pstwa niby<br>Zrobi si\u0119 z takich wrog\u00f3w ludu<br>Pod\u0142ug \u015bcis\u0142ej sprawdzonej doktryny komunistycznej<br>Bandyt\u00f3w z\u0142odziei mo\u017ce narkoman\u00f3w czy<br>Co tam jeszcze s\u0142u\u017cby bezpiecze\u0144stwa<br>Na us\u0142ugach w\u0142adzy przecie\u017c zawsze<br>W totalitarnym z\u0142a tym pa\u0144stwie<br>Byleby tylko przedstawi\u0107 te\u017c takich<br>Najlepiej za wrog\u00f3w ludzko\u015bci jakich\u015b<br>Niedostosowanych spo\u0142ecznie chwasty kt\u00f3re trzeba<br>Oczywi\u015bcie przemoc\u0105 w\u0142adzy odpowiednio zniszczy\u0107<br>A mo\u017ce unieszkodliwi\u0107 po prostu<br>Bo czy\u017c nie najbardziej przeszkadza im<br>Ta moja s\u0142owem obrona s\u0142uszna<br>I sprawiedliwa przed przemoc\u0105 ob\u0142udnik\u00f3w<br>Ale to si\u0119 w\u0142adzy w\u0142a\u015bnie<br>Nie podoba \u017ce nie mo\u017ce<br>Przemocy swej wszelkiej przeprowadza\u0107 skutecznie<br>A czy\u017c to nie czasem<br>Ta przemoc ob\u0142udnik\u00f3w s\u0142u\u017cb bezpiecze\u0144stwa<br>Tak\u017ce czy\u017c to nie w\u0142a\u015bnie<br>Za obron\u0119 \u017cony przed tej<br>W\u0142adzy zbrodniami i innych niewinnych<br>To jak tam szatany antyterrory\u015bci<br>A mo\u017ce kombajn z\u0142a jaki\u015b<br>R\u00f3\u017cnych s\u0142u\u017cb bezpiecze\u0144stwa ustawki prowokacje<br>Mog\u0105 by\u0107 przecie\u017c r\u00f3\u017cne dla<br>Tego kombajnu przemocy jak najbardziej<br>Przecie\u017c lubi\u0105 to te bestie<br>Na sygnale te\u017c mo\u017cna szatani\u0107<br>A s\u0142u\u017cby bezpiecze\u0144stwa zreszt\u0105 wszelkie<br>W doktrynie w\u0142adzy komunistycznej totalitarnej<br>Maj\u0105 by\u0107 przecie\u017c ca\u0142kowicie podporz\u0105dkowane<br>Wszelkim po\u017c\u0105daniom nienawistnym z\u0142owrogim w\u0142adzy<br>Przecie\u017c nie do nich samych<br>Lecz tych kt\u00f3rych uznali zawyrokowali<br>\u017be s\u0105 wrogami przeciwnikami systemu<br>Dominacji w\u0142adzy nad zwyk\u0142ymi lud\u017ami<br>System s\u0142u\u017cb bezpiecze\u0144stwa i s\u0105downiczy<br>Pod\u0142ug zepsutego prawa bo amoralnego<br>Ma przecie\u017c s\u0142u\u017cy\u0107 tu temu<br>A wszystko te\u017c si\u0119 przecie\u017c<br>Przedstawi w odpowiednim \u015bwietle k\u0142amstwami<br>By to s\u0142u\u017cy\u0142o totalitarnej w\u0142adzy<br>Kt\u00f3ra przecie\u017c zbrodnie sobie mo\u017ce<br>Czyni\u0107 jak chce przez takich<br>Czy innych ob\u0142udnik\u00f3w s\u0142u\u017cbowych cho\u0107by<br>W s\u0142u\u017cbie totalno\u015bci z\u0142a bestii<br>I z nim wsp\u00f3\u0142pracuj\u0105cego \u0142ajdactwa<\/p>\n\n\n\n<figure class=\"wp-block-gallery has-nested-images columns-default is-cropped wp-block-gallery-1 is-layout-flex wp-block-gallery-is-layout-flex\">\n<figure class=\"wp-block-image size-large\"><a href=\"https:\/\/hubertpietka.bialystok.pl\/wp-content\/uploads\/2026\/02\/1000047905.jpg\"><img loading=\"lazy\" decoding=\"async\" width=\"771\" height=\"1024\" data-id=\"10243\" src=\"https:\/\/hubertpietka.bialystok.pl\/wp-content\/uploads\/2026\/02\/1000047905-771x1024.jpg\" alt=\"\" class=\"wp-image-10243\" srcset=\"https:\/\/hubertpietka.bialystok.pl\/wp-content\/uploads\/2026\/02\/1000047905-771x1024.jpg 771w, https:\/\/hubertpietka.bialystok.pl\/wp-content\/uploads\/2026\/02\/1000047905-226x300.jpg 226w, https:\/\/hubertpietka.bialystok.pl\/wp-content\/uploads\/2026\/02\/1000047905-768x1021.jpg 768w, https:\/\/hubertpietka.bialystok.pl\/wp-content\/uploads\/2026\/02\/1000047905-1156x1536.jpg 1156w, https:\/\/hubertpietka.bialystok.pl\/wp-content\/uploads\/2026\/02\/1000047905.jpg 1204w\" sizes=\"auto, (max-width: 771px) 100vw, 771px\" \/><\/a><\/figure>\n<\/figure>\n\n\n\n<p><em>A i jeszcze ta *<strong>gni-da<\/strong>*<br>Czyli podwija czy inne bydlaki<br>Kt\u00f3re m\u00f3wi\u0105 pozw\u00f3l nam<br>*<strong>Gni\u0107 daj<\/strong>* w tej ob\u0142udzie<br>Nie chcemy si\u0119 przecie\u017c nawraca\u0107<br>Sprzedawczykowstwo przecie\u017c pop\u0142aca a kasa<br>Jest najwa\u017cniejsza co tam moralno\u015b\u0107<br>Czy jakie\u015b tam warto\u015bci Bo\u017ce<br>Zepsuta kasa bestii nie \u015bmierdzi<br>A my tak w\u0142a\u015bnie chcemy<br>Zepsute sromotne wierutne hieny<br>Si\u0119 bogac\u0105ce na czyim\u015b nieszcz\u0119\u015bciu<\/em><\/p>\n","protected":false},"excerpt":{"rendered":"<p>1.B\u00f3g serca ludzkie znaOb\u0142udnicy ludzi oszukaj\u0105Ale nie Boga Jego nieOmami\u0105 jak mo\u017cna mami\u0107 ludzi\u015aciemnia\u0107 niewinno\u015bci\u0105 przypadkowo\u015bci\u0105 pozorami jakimikolwiekB\u00f3g zna intencje dobre z\u0142eA ci kt\u00f3rzy ugrywaj\u0105&hellip; <\/p>\n","protected":false},"author":1,"featured_media":0,"parent":0,"menu_order":0,"comment_status":"closed","ping_status":"closed","template":"","meta":{"footnotes":""},"class_list":["post-10242","page","type-page","status-publish","hentry"],"_links":{"self":[{"href":"https:\/\/hubertpietka.bialystok.pl\/index.php?rest_route=\/wp\/v2\/pages\/10242","targetHints":{"allow":["GET"]}}],"collection":[{"href":"https:\/\/hubertpietka.bialystok.pl\/index.php?rest_route=\/wp\/v2\/pages"}],"about":[{"href":"https:\/\/hubertpietka.bialystok.pl\/index.php?rest_route=\/wp\/v2\/types\/page"}],"author":[{"embeddable":true,"href":"https:\/\/hubertpietka.bialystok.pl\/index.php?rest_route=\/wp\/v2\/users\/1"}],"replies":[{"embeddable":true,"href":"https:\/\/hubertpietka.bialystok.pl\/index.php?rest_route=%2Fwp%2Fv2%2Fcomments&post=10242"}],"version-history":[{"count":1,"href":"https:\/\/hubertpietka.bialystok.pl\/index.php?rest_route=\/wp\/v2\/pages\/10242\/revisions"}],"predecessor-version":[{"id":10244,"href":"https:\/\/hubertpietka.bialystok.pl\/index.php?rest_route=\/wp\/v2\/pages\/10242\/revisions\/10244"}],"wp:attachment":[{"href":"https:\/\/hubertpietka.bialystok.pl\/index.php?rest_route=%2Fwp%2Fv2%2Fmedia&parent=10242"}],"curies":[{"name":"wp","href":"https:\/\/api.w.org\/{rel}","templated":true}]}}