{"id":10246,"date":"2026-02-04T08:55:34","date_gmt":"2026-02-04T08:55:34","guid":{"rendered":"https:\/\/hubertpietka.bialystok.pl\/?page_id=10246"},"modified":"2026-02-04T11:07:17","modified_gmt":"2026-02-04T11:07:17","slug":"calkowicie-niezalezna-laska-bozego-wybrania-i-odpowiedz-pokory-na-nia","status":"publish","type":"page","link":"https:\/\/hubertpietka.bialystok.pl\/?page_id=10246","title":{"rendered":"Ca\u0142kowicie niezale\u017cna &#8211; \u0142aska Bo\u017cego wybrania \/ i odpowied\u017a pokory na ni\u0105"},"content":{"rendered":"\n<figure class=\"wp-block-gallery has-nested-images columns-default is-cropped wp-block-gallery-1 is-layout-flex wp-block-gallery-is-layout-flex\">\n<figure class=\"wp-block-image size-large\"><a href=\"https:\/\/hubertpietka.bialystok.pl\/wp-content\/uploads\/2026\/02\/1000048714.jpg\"><img loading=\"lazy\" decoding=\"async\" width=\"771\" height=\"1024\" data-id=\"10248\" src=\"https:\/\/hubertpietka.bialystok.pl\/wp-content\/uploads\/2026\/02\/1000048714-771x1024.jpg\" alt=\"\" class=\"wp-image-10248\" srcset=\"https:\/\/hubertpietka.bialystok.pl\/wp-content\/uploads\/2026\/02\/1000048714-771x1024.jpg 771w, https:\/\/hubertpietka.bialystok.pl\/wp-content\/uploads\/2026\/02\/1000048714-226x300.jpg 226w, https:\/\/hubertpietka.bialystok.pl\/wp-content\/uploads\/2026\/02\/1000048714-768x1021.jpg 768w, https:\/\/hubertpietka.bialystok.pl\/wp-content\/uploads\/2026\/02\/1000048714-1156x1536.jpg 1156w, https:\/\/hubertpietka.bialystok.pl\/wp-content\/uploads\/2026\/02\/1000048714.jpg 1204w\" sizes=\"auto, (max-width: 771px) 100vw, 771px\" \/><\/a><\/figure>\n<\/figure>\n\n\n\n<p>Czym ja jestem to si\u0119<br>Kiedy\u015b oka\u017ce w Bogu<br>Oby nie za p\u00f3\u017ano<br>I czym jest moja modlitwa<br>Cho\u0107by o odpust zupe\u0142ny<br>Dla jakiego\u015b zmar\u0142ego i bynajmniej<br>Nie ja sam siebie tym<br>Uczyni\u0142em lecz jest to wyraz<br>Bo\u017cej \u0142aski i Jego wybrania<br>Ca\u0142kowicie niezale\u017cnego ode mnie<br>Ja na to nie zas\u0142u\u017cy\u0142em<br>I niczym lecz staram si\u0119<br>Tylko na to dobrze odpowiada\u0107<br>A sam siebie przecie\u017c ja<br>Uzna\u0142em za \u015bmiecia za ten<br>&#8222;P\u0142\u00f3d poroniony&#8221; i nawet pr\u00f3bowa\u0142em<br>Si\u0119 unicestwi\u0107 kiedy\u015b lecz tak<br>Si\u0119 nie sta\u0142o Bo\u017cym wyrokiem<br>W\u0142a\u015bnie wtedy gdy sam zosta\u0142em<br>A dzi\u0119ki \u0142asce Bo\u017cej teraz<br>Jestem kim jestem i si\u0119<br>Oka\u017ce jeszcze kim w Bogu<br>Ja b\u0119d\u0119 ca\u0142kowicie pod\u0142ug Niego<br>Jego \u0142aski i odpowiedzi na ni\u0105<br>Podobnie z \u017con\u0105 to B\u00f3g<br>J\u0105 wybra\u0142 dla mnie osobi\u015bcie<br>I ja mam by\u0107 wierny<br>Tylko temu wyborowi ca\u0142kowicie<br>Wbrew tym zepsutym wszystkim szatanom<br>Nawet kosztem w\u0142asnego \u017cycia<br>Bo taki jest wyraz tu<br>Bo\u017cej woli dla mnie<br>A B\u00f3g mo\u017ce wybiera\u0107 przecie\u017c<br>Kogo i jak chce<br>Do swoich dzie\u0142 tu tak\u017ce<br>W walce z tym szata\u0144stwem<br>O to ma\u0142\u017ce\u0144stwo o rodziny<br>I wszystko co ich stanowi<br>Wbrew z\u0142o\u015bci nienawi\u015bci bestii \u0142ajdactwa<br>I to wszystko nie powoduje<br>Bynajmniej u mnie pychy czy<br>W sobie zadufania lecz pokor\u0119<br>W odpowiedzi stanu tej \u0142aski<br>Ca\u0142kowicie zgodnej z Bo\u017c\u0105 Opatrzno\u015bci\u0105<br>Co mi Bo\u017ce dopom\u00f3\u017c zawsze<br>Wbrew tym wszelkim k\u0142amstwom szata\u0144skim<\/p>\n\n\n\n<figure class=\"wp-block-gallery has-nested-images columns-default is-cropped wp-block-gallery-2 is-layout-flex wp-block-gallery-is-layout-flex\">\n<figure class=\"wp-block-image size-large\"><a href=\"https:\/\/hubertpietka.bialystok.pl\/wp-content\/uploads\/2026\/02\/1000048715.jpg\"><img loading=\"lazy\" decoding=\"async\" width=\"771\" height=\"1024\" data-id=\"10247\" src=\"https:\/\/hubertpietka.bialystok.pl\/wp-content\/uploads\/2026\/02\/1000048715-771x1024.jpg\" alt=\"\" class=\"wp-image-10247\" srcset=\"https:\/\/hubertpietka.bialystok.pl\/wp-content\/uploads\/2026\/02\/1000048715-771x1024.jpg 771w, https:\/\/hubertpietka.bialystok.pl\/wp-content\/uploads\/2026\/02\/1000048715-226x300.jpg 226w, https:\/\/hubertpietka.bialystok.pl\/wp-content\/uploads\/2026\/02\/1000048715-768x1021.jpg 768w, https:\/\/hubertpietka.bialystok.pl\/wp-content\/uploads\/2026\/02\/1000048715-1156x1536.jpg 1156w, https:\/\/hubertpietka.bialystok.pl\/wp-content\/uploads\/2026\/02\/1000048715.jpg 1204w\" sizes=\"auto, (max-width: 771px) 100vw, 771px\" \/><\/a><\/figure>\n<\/figure>\n\n\n\n<p><strong>I ani mi Ani<br>Z nami naszymi i naszym<br>I lepiej nie wystawiajcie<br>Na pr\u00f3b\u0119 Bo\u017cej cierpliwo\u015bci<br>I sprawiedliwo\u015bci i niech spadaj\u0105<br>Wszelcy zepsuci bestie i \u0142ajdacy<br>Si\u0119 od nas naszego i naszych<br>Skutecznie wreszcie odwal\u0105<\/strong><\/p>\n\n\n\n<p>I s\u0142owo jeszcze o tych<br>Bestiach ich zbrodniach i tych<br>Kt\u00f3rzy to chwal\u0105 czy popieraj\u0105<br>Morduj\u0105 szatany ci\u0105gle dalej<br>Obr\u00f3ci si\u0119 to jeszcze wszystko<br>I na nich ten ho\u0142d<br>Sromotny w zbrodniach oddawany szatanowi<br>A czas ich ju\u017c policzony<br>I ca\u0142y \u015bwiat zap\u0142aci<br>Za ich szata\u0144stwa je\u015bli one<br>Si\u0119 nie zatrzymaj\u0105 jak powinno<br>By\u0107 w Bogu wszystko a<br>Nie pod\u0142ug bestii \u0142ajdactwa szatana<\/p>\n\n\n\n<p><em>Jezu ufam Tobie ave Maria<\/em><\/p>\n\n\n\n<p class=\"has-text-align-center\"><strong><em><a href=\"https:\/\/youtu.be\/a9OYAA_wSh8\">Efraim &#8211; Mia\u0142em Pana zawsze przed oczami<\/a><\/em><\/strong><\/p>\n\n\n\n<p class=\"has-text-align-right\"><strong><em><a href=\"https:\/\/youtu.be\/sMQtHeRKszM\">Efraim &#8211; Zaufa\u0142em Panu <\/a><\/em><\/strong><\/p>\n\n\n\n<hr class=\"wp-block-separator has-alpha-channel-opacity\"\/>\n\n\n\n<p><strong><em>Dopisek w odpowiedzi<\/em><\/strong><\/p>\n\n\n\n<p>To ja was teraz naucz\u0119<br>Szatany bestie i \u0142ajdaki wszelakie<br>Czyta\u0107 teksty duchowe poetyckie odpowiednio<br>Bo te ob\u0142udniki cho\u0107by ilustracje<br>Te muzyczne czy zreszt\u0105 jakie<br>Kt\u00f3re przybli\u017caj\u0105 r\u00f3\u017cne t\u0142a tylko<br>Cho\u0107by duchowe nastroje interpretuj\u0105 szatany<br>Dos\u0142ownie jak bym ja pisa\u0142<br>Te teksty muzyczne i oczywi\u015bcie<br>W ten spos\u00f3b jak to<br>Akurat pasuje tym ob\u0142udnikom wierutnym<br>Jakby poezja i jej ilustracja<br>By\u0142y czym\u015b koherentnym i jednoznacznym<br>Zepsute sromotne szatany jak tu<br>W tej piosence \u017ce niby<br>&#8222;Ja mam w sercu z\u0142o&#8221;<br>Ob\u0142udniki pod\u0142e wobec tego w\u0142a\u015bnie<br>O\u015bwiadczam szatany \u017ce nie mam<br>W sercu z\u0142a \u017cadnego ob\u0142udnicy<br>Bo oni wszystko przekr\u0119caj\u0105 szata\u0144sko<br>Na niekorzy\u015b\u0107 dzieci Bo\u017cych<br>Byleby tylko to si\u0119 zgadza\u0142o<br>Z ich pod\u0142ymi k\u0142amstwami<br>I zbrodniami do kt\u00f3rych te<br>Szatany bestie i \u0142ajdacy d\u0105\u017c\u0105<br>Z\u0142owrogo nienawistnie nieustannie i wszystko<br>Tak oni przeciwko dzieciom Bo\u017cym<br>&#8222;Jak oni mog\u0105 uj\u015b\u0107 pot\u0119pienia<br>W piekle&#8221; ci popaprani ob\u0142udnicy<br>Kt\u00f3rzy poezj\u0119 i jej ilustracje<br>Traktuj\u0105 jak traktat matematyczny wykoleje\u0144cy<br>Wobec prawdy Bo\u017cej interpretacji duchowej<br>Bo pod\u0142ug z\u0142ej woli u<br>Nich jest to wszystko<\/p>\n\n\n\n<p><\/p>\n","protected":false},"excerpt":{"rendered":"<p>Czym ja jestem to si\u0119Kiedy\u015b oka\u017ce w BoguOby nie za p\u00f3\u017anoI czym jest moja modlitwaCho\u0107by o odpust zupe\u0142nyDla jakiego\u015b zmar\u0142ego i bynajmniejNie ja sam siebie&hellip; <\/p>\n","protected":false},"author":1,"featured_media":0,"parent":0,"menu_order":0,"comment_status":"closed","ping_status":"closed","template":"","meta":{"footnotes":""},"class_list":["post-10246","page","type-page","status-publish","hentry"],"_links":{"self":[{"href":"https:\/\/hubertpietka.bialystok.pl\/index.php?rest_route=\/wp\/v2\/pages\/10246","targetHints":{"allow":["GET"]}}],"collection":[{"href":"https:\/\/hubertpietka.bialystok.pl\/index.php?rest_route=\/wp\/v2\/pages"}],"about":[{"href":"https:\/\/hubertpietka.bialystok.pl\/index.php?rest_route=\/wp\/v2\/types\/page"}],"author":[{"embeddable":true,"href":"https:\/\/hubertpietka.bialystok.pl\/index.php?rest_route=\/wp\/v2\/users\/1"}],"replies":[{"embeddable":true,"href":"https:\/\/hubertpietka.bialystok.pl\/index.php?rest_route=%2Fwp%2Fv2%2Fcomments&post=10246"}],"version-history":[{"count":6,"href":"https:\/\/hubertpietka.bialystok.pl\/index.php?rest_route=\/wp\/v2\/pages\/10246\/revisions"}],"predecessor-version":[{"id":10257,"href":"https:\/\/hubertpietka.bialystok.pl\/index.php?rest_route=\/wp\/v2\/pages\/10246\/revisions\/10257"}],"wp:attachment":[{"href":"https:\/\/hubertpietka.bialystok.pl\/index.php?rest_route=%2Fwp%2Fv2%2Fmedia&parent=10246"}],"curies":[{"name":"wp","href":"https:\/\/api.w.org\/{rel}","templated":true}]}}