{"id":1025,"date":"2018-02-20T16:41:13","date_gmt":"2018-02-20T16:41:13","guid":{"rendered":"http:\/\/hubertpietka.bialystok.pl\/?page_id=1025"},"modified":"2018-02-20T16:51:52","modified_gmt":"2018-02-20T16:51:52","slug":"walka","status":"publish","type":"page","link":"https:\/\/hubertpietka.bialystok.pl\/?page_id=1025","title":{"rendered":"Walka"},"content":{"rendered":"<p><strong>Walka<\/strong><\/p>\n<p><em>Czy wiesz jak to jest<\/em><\/p>\n<p>Walczy\u0107 o ka\u017cdy nowy dzie\u0144<\/p>\n<p><em>Czy wiesz jak to jest<\/em><\/p>\n<p>Broni\u0107 si\u0119 przed wszelkim z\u0142em<\/p>\n<p><em>Czy wiesz jak to jest<\/em><\/p>\n<p>Czeka\u0107 na kl\u0119sk\u0119 kiedy zwyci\u0119stwo na wyci\u0105gni\u0119cie r\u0119ki<\/p>\n<p><em>Czy wiesz jak to jest<\/em><\/p>\n<p>O wszystko i wszystkich niepokoi\u0107 si\u0119<\/p>\n<p><em>Czy wiesz jak to jest<\/em><\/p>\n<p>Nieustannie bojowa\u0107 i nie poddawa\u0107 si\u0119<\/p>\n<p><em>Czy wiesz jak to jest<\/em><\/p>\n<p>W cieniu \u015bmierci \u017cy\u0107 ci\u0105gle gdy obok \u017cycie toczy si\u0119 zwyk\u0142e<\/p>\n<p><em>Czy wiesz jak to jest<\/em><\/p>\n<p>Nieustannie \u017ce z\u0142em potyka\u0107 si\u0119 kt\u00f3re na wszystko czyha twoje<\/p>\n<p><em>Czy wiesz jak to jest<\/em><em><br \/>\nCzy wiesz jak to jest<\/em><\/p>\n<p>Oceniasz osadzaj\u0105c mnie<br \/>\nA czy ty chcia\u0142by\u015b tak cho\u0107 troch\u0119<\/p>\n<p><em>Czy wiesz jak to jest<\/em><em><br \/>\nCzy wiesz jak to jest<\/em><\/p>\n<p><em>\u00a0<\/em><\/p>\n<p style=\"text-align: center;\"><a href=\"https:\/\/www.youtube.com\/watch?v=BP3XMGRbJ8A\">D\u017cem &#8211; Malowany ptak<\/a><\/p>\n<p style=\"text-align: center;\"><a href=\"https:\/\/www.youtube.com\/watch?v=xPRnY-3zr0g\">Emigranci &#8211; Na falochronie<\/a><\/p>\n<p style=\"text-align: center;\"><a href=\"https:\/\/www.youtube.com\/watch?v=IrdZ9NNW9-0\">D\u017cem &#8211; Oboj\u0119tno\u015b\u0107<\/a><\/p>\n<p style=\"text-align: center;\"><a href=\"https:\/\/www.youtube.com\/watch?v=Utt45ZRio90\">D\u017cem &#8211; Koszmarna noc<\/a><\/p>\n<p style=\"text-align: center;\"><a href=\"https:\/\/www.youtube.com\/watch?v=8uJNx7KT0sc\">D\u017cem \u2013 Uwierz Mirando<\/a><\/p>\n","protected":false},"excerpt":{"rendered":"<p>Walka Czy wiesz jak to jest Walczy\u0107 o ka\u017cdy nowy dzie\u0144 Czy wiesz jak to jest Broni\u0107 si\u0119 przed wszelkim z\u0142em Czy wiesz jak to&hellip; <\/p>\n","protected":false},"author":1,"featured_media":0,"parent":0,"menu_order":0,"comment_status":"closed","ping_status":"closed","template":"","meta":{"footnotes":""},"class_list":["post-1025","page","type-page","status-publish","hentry"],"_links":{"self":[{"href":"https:\/\/hubertpietka.bialystok.pl\/index.php?rest_route=\/wp\/v2\/pages\/1025","targetHints":{"allow":["GET"]}}],"collection":[{"href":"https:\/\/hubertpietka.bialystok.pl\/index.php?rest_route=\/wp\/v2\/pages"}],"about":[{"href":"https:\/\/hubertpietka.bialystok.pl\/index.php?rest_route=\/wp\/v2\/types\/page"}],"author":[{"embeddable":true,"href":"https:\/\/hubertpietka.bialystok.pl\/index.php?rest_route=\/wp\/v2\/users\/1"}],"replies":[{"embeddable":true,"href":"https:\/\/hubertpietka.bialystok.pl\/index.php?rest_route=%2Fwp%2Fv2%2Fcomments&post=1025"}],"version-history":[{"count":4,"href":"https:\/\/hubertpietka.bialystok.pl\/index.php?rest_route=\/wp\/v2\/pages\/1025\/revisions"}],"predecessor-version":[{"id":1027,"href":"https:\/\/hubertpietka.bialystok.pl\/index.php?rest_route=\/wp\/v2\/pages\/1025\/revisions\/1027"}],"wp:attachment":[{"href":"https:\/\/hubertpietka.bialystok.pl\/index.php?rest_route=%2Fwp%2Fv2%2Fmedia&parent=1025"}],"curies":[{"name":"wp","href":"https:\/\/api.w.org\/{rel}","templated":true}]}}