{"id":10258,"date":"2026-02-04T19:11:37","date_gmt":"2026-02-04T19:11:37","guid":{"rendered":"https:\/\/hubertpietka.bialystok.pl\/?page_id=10258"},"modified":"2026-02-04T19:11:37","modified_gmt":"2026-02-04T19:11:37","slug":"obluda-szatanow-bestii-i-lajdakow-uprzedza-wszystko-wobec-dzieci-bozych-i-ma-ich-skonsumowac-totalnie-to-zepsucie-wszelkie","status":"publish","type":"page","link":"https:\/\/hubertpietka.bialystok.pl\/?page_id=10258","title":{"rendered":"Ob\u0142uda szatan\u00f3w &#8211; bestii i \u0142ajdak\u00f3w \/ uprzedza wszystko wobec dzieci Bo\u017cych &#8211; i ma ich skonsumowa\u0107 totalnie \/ to zepsucie wszelkie"},"content":{"rendered":"\n<p>A ty g\u00f3wniaro je\u015bli my\u015blisz<br>\u017be zajmiesz miejsce mojej \u017cony<br>Uczestnicz\u0105c w ob\u0142udzie tych bestii<br>W konfiguracji samochodu tego swojego<br>Pod\u0142ug naszych i cho\u0107by stawiaj\u0105c<br>Go nawet na miejscu tego<br>Po mojej \u017cony przy odje\u017adzie<br>To si\u0119 grubo mylisz<br>Bo nawet jakby by\u0142a taka<br>Ta opcja ale jej nie<br>Ma i nie b\u0119dzie<br>To tak by si\u0119 tu<br>Nie sta\u0142o pod\u0142ug ob\u0142udy bestii<br>W kt\u00f3rej uczestniczysz nie wa\u017cne<br>Czy tego chcesz czy nie<br>Bo to przecie\u017c na m\u0142yn<br>Zbrodni tych szatan\u00f3w i robisz<br>To bezczelnie i natr\u0119tnie<br>A ja nie znosz\u0119 tego<br>I nawet g\u00f3wniaro jak by\u015b<br>Chcia\u0142a mi wej\u015b\u0107 na g\u0142ow\u0119<br>Pod\u0142ug te\u017c tych szatan\u00f3w<br>Wyrok\u00f3w Bo\u017cych nie odmienisz<br>A chyba nic tak mnie<br>Od jakiegokolwiek cz\u0142owieka nie odrzuca<br>Jak uczestnictwo w ob\u0142udzie wierutnej<br>Pod\u0142ug tych szatan\u00f3w zepsutych<br>Tak\u017ce id\u017a precz ode mnie<\/p>\n\n\n\n<p><em>Zreszt\u0105 te\u017c gwiazdy podobne wszelkie<br>Bo gdzie by\u0142y\u015bcie gdy ja<br>By\u0142em sam przeciwko ca\u0142emu \u015bwiatu<br>Gdy na dnie \u017cycia ledwo<br>Mog\u0142em si\u0119 pozbiera\u0107 a teraz<br>Chcecie spija\u0107 nektar ewentualnego powodzenia<br>Nic z tego nie b\u0119dzie<br>Bo ta moja \u017cona to<br>W\u0142a\u015bnie ona mnie odnalaz\u0142a na<br>Tym dnie mojego \u017cycia gdy<br>Chyba ka\u017cdy si\u0119 ode mnie<br>Odwr\u00f3ci\u0142 i mnie odrzuci\u0142<br>Od bliskich wszelkich po dalszych<br>Gdzie by\u0142y\u015bcie wtedy wszelkie gwiazdy<br>I to ona si\u0119 sta\u0142a<br>\u015aw. *<strong>Wero-nik\u0105<\/strong>* mojego \u017cycia<br>Bo to dzi\u0119ki niej odkrywam<br>W Bogu swoje *<strong>prawdziwe oblicze<\/strong>*<br>Id\u017acie precz ode mnie bo<br>To wszystko na m\u0142yn zbrodni<br>Tych bestii i \u0142ajdactwa zepsutego<br>Tak czy inaczej ob\u0142ud\u0105 szatan\u00f3w<br>A pedzie nawet mi nic<br>Nie m\u00f3wcie mam wstr\u0119t do<br>Wyst\u0119pku takiego tej procedury zepsucia<br>Cho\u0107 \u017cadnych ludzi nie odrzucam<br>Chyba \u017ce chc\u0105 mnie zagarn\u0105\u0107<br>Swym grzechem cho\u0107by t\u0105 ob\u0142ud\u0105<br>Ku tych sromotnych bestii zbrodniom<br>I nie b\u0119dzie dzidzi ani<br>\u017badnych waszych chorych system\u00f3w kompilacji<br>Powiedzia\u0142em Amen niech si\u0119 stanie<\/em><\/p>\n\n\n\n<p>A te bydlaki misiowe to<br>Mo\u017ce niech od razu do<br>Samochodu \u017cony sobie wskocz\u0105<br>Wiedz\u0105 przecie\u017c \u017ce otwarty pod\u0142ug<br>Tych bestii szata\u0144skich wszystko znaj\u0105<br>A \u0142ajdacz\u0105 zobacz niby przypadkiem<br>Ob\u0142udnicy zawsze krok przed nami<br>Zreszt\u0105 wszelcy tak\u017ce w tym<br>Mentalnym sensie zawsze wiedz\u0105 przecie\u017c<br>Co my jak i gdzie<br>Cho\u0107 udaj\u0105 \u017ce nie<br>Po to w\u0142a\u015bnie by \u0142ajdaczy\u0107<br>Spe\u0142nia\u0107 ob\u0142ud\u0119 ku zbrodniom tych<br>Zepsutych totalnie szatan\u00f3w wszystko tak<br>Oni w\u0142a\u015bnie rozgrywaj\u0105 bestie \u0142ajdactwo<br>Zreszt\u0105 jakiekolwiek zawodowe prywatne s\u0142u\u017cbowe<br>A kto tu jeszcze ma<br>Si\u0119 spapra\u0107 ob\u0142ud\u0105 tych bestii<br>Bo nawet dziad stary<br>Nad grobem si\u0119 chyl\u0105cy prawie<br>Te\u017c mo\u017ce w tym na<br>Koniec sw\u00f3j uczestniczy\u0107 a mo\u017cna<br>Te\u017c przecie\u017c jak to s\u0142u\u017cy<br>Tym szatanom eksportowa\u0107 ob\u0142udnik\u00f3w zreszt\u0105<br>Gdziekolwiek i jakkolwiek pod\u0142ug szata\u0144stw<br>Bestii i r\u00f3wnie ob\u0142udnego \u0142ajdactwa<\/p>\n\n\n\n<figure class=\"wp-block-gallery has-nested-images columns-default is-cropped wp-block-gallery-1 is-layout-flex wp-block-gallery-is-layout-flex\">\n<figure class=\"wp-block-image size-large\"><a href=\"https:\/\/hubertpietka.bialystok.pl\/wp-content\/uploads\/2026\/02\/1000048822.jpg\"><img loading=\"lazy\" decoding=\"async\" width=\"771\" height=\"1024\" data-id=\"10259\" src=\"https:\/\/hubertpietka.bialystok.pl\/wp-content\/uploads\/2026\/02\/1000048822-771x1024.jpg\" alt=\"\" class=\"wp-image-10259\" srcset=\"https:\/\/hubertpietka.bialystok.pl\/wp-content\/uploads\/2026\/02\/1000048822-771x1024.jpg 771w, https:\/\/hubertpietka.bialystok.pl\/wp-content\/uploads\/2026\/02\/1000048822-226x300.jpg 226w, https:\/\/hubertpietka.bialystok.pl\/wp-content\/uploads\/2026\/02\/1000048822-768x1021.jpg 768w, https:\/\/hubertpietka.bialystok.pl\/wp-content\/uploads\/2026\/02\/1000048822-1156x1536.jpg 1156w, https:\/\/hubertpietka.bialystok.pl\/wp-content\/uploads\/2026\/02\/1000048822.jpg 1204w\" sizes=\"auto, (max-width: 771px) 100vw, 771px\" \/><\/a><\/figure>\n<\/figure>\n\n\n\n<p><strong>Jezu ufam Tobie ave Maria<br>Wbrew tej ca\u0142ej procedurze zepsucia<br>Uczestnictwa ob\u0142udnego w zbrodniach szata\u0144skich<\/strong><\/p>\n","protected":false},"excerpt":{"rendered":"<p>A ty g\u00f3wniaro je\u015bli my\u015blisz\u017be zajmiesz miejsce mojej \u017conyUczestnicz\u0105c w ob\u0142udzie tych bestiiW konfiguracji samochodu tego swojegoPod\u0142ug naszych i cho\u0107by stawiaj\u0105cGo nawet na miejscu tegoPo&hellip; <\/p>\n","protected":false},"author":1,"featured_media":0,"parent":0,"menu_order":0,"comment_status":"closed","ping_status":"closed","template":"","meta":{"footnotes":""},"class_list":["post-10258","page","type-page","status-publish","hentry"],"_links":{"self":[{"href":"https:\/\/hubertpietka.bialystok.pl\/index.php?rest_route=\/wp\/v2\/pages\/10258","targetHints":{"allow":["GET"]}}],"collection":[{"href":"https:\/\/hubertpietka.bialystok.pl\/index.php?rest_route=\/wp\/v2\/pages"}],"about":[{"href":"https:\/\/hubertpietka.bialystok.pl\/index.php?rest_route=\/wp\/v2\/types\/page"}],"author":[{"embeddable":true,"href":"https:\/\/hubertpietka.bialystok.pl\/index.php?rest_route=\/wp\/v2\/users\/1"}],"replies":[{"embeddable":true,"href":"https:\/\/hubertpietka.bialystok.pl\/index.php?rest_route=%2Fwp%2Fv2%2Fcomments&post=10258"}],"version-history":[{"count":1,"href":"https:\/\/hubertpietka.bialystok.pl\/index.php?rest_route=\/wp\/v2\/pages\/10258\/revisions"}],"predecessor-version":[{"id":10260,"href":"https:\/\/hubertpietka.bialystok.pl\/index.php?rest_route=\/wp\/v2\/pages\/10258\/revisions\/10260"}],"wp:attachment":[{"href":"https:\/\/hubertpietka.bialystok.pl\/index.php?rest_route=%2Fwp%2Fv2%2Fmedia&parent=10258"}],"curies":[{"name":"wp","href":"https:\/\/api.w.org\/{rel}","templated":true}]}}