{"id":10262,"date":"2026-02-05T12:23:49","date_gmt":"2026-02-05T12:23:49","guid":{"rendered":"https:\/\/hubertpietka.bialystok.pl\/?page_id=10262"},"modified":"2026-02-05T12:23:49","modified_gmt":"2026-02-05T12:23:49","slug":"nie-ma-dobra-ze-zbrodni-jak-to-przedstawiaja-klamstwami-zepsuci","status":"publish","type":"page","link":"https:\/\/hubertpietka.bialystok.pl\/?page_id=10262","title":{"rendered":"Nie ma dobra \/ ze zbrodni &#8211; jak to przedstawiaj\u0105 k\u0142amstwami zepsuci"},"content":{"rendered":"\n<p>1.<br>&#8222;W dup\u0119 mnie poca\u0142ujcie&#8221;<br>Z waszym przekupstwem czy czymkolwiek<br>B\u0119d\u0105 ci m\u00f3wi\u0107 szatany ob\u0142udnicy<br>\u017be oni lepiej wiedz\u0105<br>Co ja chc\u0119 ni\u017c ja<br>Zepsuci totalnie byleby tylko ku<br>Swym wszelkim zbrodniom chorym<br>Bestie i \u0142ajdacy<br>Nic z tego nie b\u0119dzie<br>Sromotnicy wierutni tak\u017ce z tych<br>Waszych przekupstw obrzydliwych wszelkich<br>Bo ja mam i\u015b\u0107<br>Pod\u0142ug Boga a nie ob\u0142udnik\u00f3w<br>A raczej tym na przek\u00f3r<br>Id\u017acie precz ode mnie<br>Mo\u017ce Boga spr\u00f3bujcie przekupi\u0107 szatany<br>Najlepiej tak\u0105 ob\u0142ud\u0105 ku zbrodniom<br>Ciekawe czy zmieni odwieczne postanowienia<\/p>\n\n\n\n<p>2.<br>I m\u00f3wi\u0119 to na teraz<br>I na zawsze ob\u0142udnicy zepsuci<br>Przecie\u017c moja postawa jest sta\u0142a<br>Ju\u017c od do\u015b\u0107 dawna i<br>Nic si\u0119 nie zmieni tu<br>Mimo waszych pod\u0142ych ku zbrodniom<br>K\u0142amstw zreszt\u0105 tam i jakimkolwiek<br>I r\u00f3\u017cnych ustawie\u0144 przekr\u0119tnych byleby<br>Tylko szata\u0144sko zbrodniczych podobnie zreszt\u0105<br>Jak w temacie prawdy zbrodni<br>Nie mo\u017ce si\u0119 zmieni\u0107 odwieczna<br>Przecie\u017c postawa Boga wbrew wszelkiej<br>Zepsutej ob\u0142udzie bestii i \u0142ajdactwa<br>Jakimtamkolwiek i zreszt\u0105 pod\u0142ug ob\u0142udy<br>D\u0105\u017ce\u0144 i zgody szata\u0144skim zbrodniom<\/p>\n\n\n\n<p>3.<br><em>Dzi\u015b \u015bw. Agaty a jej<br>Imi\u0119 &#8222;dobro&#8221; oznacza \u017cadna gwiazda<br>Nie ma u mnie zas\u0142ug<br>A \u017cona ju\u017c ma wieczne<br>Nawet je\u015bli k\u0142\u00f3cimy si\u0119 r\u00f3\u017cnimy<br>W czym\u015b cokolwiek zreszt\u0105 wymy\u015bl\u0105<br>Te szatany zepsute kt\u00f3re to<br>\u015aledz\u0105 jednak nie ku dobru<br>Lecz ku z\u0142u dla nas<br>Nikt poza moja \u017con\u0105 ob\u0142udnicy<br>Bo wtedy b\u0119dzie wielkie nic<br>Ze skutkami przeznaczenia \u015bwiatu ca\u0142emu<br>Wbrew wszelkim pozorom k\u0142amstw ob\u0142udy<br>Bestii i r\u00f3wnie chorego \u0142ajdactwa<br>W ob\u0142\u0119dzie ustawiania \u015bwiata zbrodniami<\/em><\/p>\n\n\n\n<p><em>Na zbrodniach nie buduje si\u0119<br>\u017badnego dobra \u017cadnej dobrej przysz\u0142o\u015bci<br>B\u00f3g powiedzia\u0142 &#8222;nie zabijaj&#8221;<br>I koniec a szatan to<br>Zawsze b\u0119dzie przedstawia\u0142 inaczej<br>I wszelkie zepsute diab\u0142a dzieci<\/em><\/p>\n\n\n\n<figure class=\"wp-block-gallery has-nested-images columns-default is-cropped wp-block-gallery-1 is-layout-flex wp-block-gallery-is-layout-flex\">\n<figure class=\"wp-block-image size-large\"><a href=\"https:\/\/hubertpietka.bialystok.pl\/wp-content\/uploads\/2026\/02\/1000048925.jpg\"><img loading=\"lazy\" decoding=\"async\" width=\"771\" height=\"1024\" data-id=\"10263\" src=\"https:\/\/hubertpietka.bialystok.pl\/wp-content\/uploads\/2026\/02\/1000048925-771x1024.jpg\" alt=\"\" class=\"wp-image-10263\" srcset=\"https:\/\/hubertpietka.bialystok.pl\/wp-content\/uploads\/2026\/02\/1000048925-771x1024.jpg 771w, https:\/\/hubertpietka.bialystok.pl\/wp-content\/uploads\/2026\/02\/1000048925-226x300.jpg 226w, https:\/\/hubertpietka.bialystok.pl\/wp-content\/uploads\/2026\/02\/1000048925-768x1021.jpg 768w, https:\/\/hubertpietka.bialystok.pl\/wp-content\/uploads\/2026\/02\/1000048925-1156x1536.jpg 1156w, https:\/\/hubertpietka.bialystok.pl\/wp-content\/uploads\/2026\/02\/1000048925.jpg 1204w\" sizes=\"auto, (max-width: 771px) 100vw, 771px\" \/><\/a><\/figure>\n<\/figure>\n\n\n\n<p><strong>I ani mi Ani ob\u0142udnicy<br>Z nami naszymi i naszym<br>Do\u015b\u0107 ju\u017c tej ob\u0142udy totalnej<br>Wszelkich chorych z po\u017c\u0105da\u0144 zbrodni<br>I spieprzajcie te\u017c ob\u0142udnicy wszelacy<br>Z waszymi ku zniewoleniu k\u0142amstwami<br>Id\u017acie precz i si\u0119 odpieprzcie<br>Od nas naszego naszych wreszcie<\/strong><\/p>\n","protected":false},"excerpt":{"rendered":"<p>1.&#8222;W dup\u0119 mnie poca\u0142ujcie&#8221;Z waszym przekupstwem czy czymkolwiekB\u0119d\u0105 ci m\u00f3wi\u0107 szatany ob\u0142udnicy\u017be oni lepiej wiedz\u0105Co ja chc\u0119 ni\u017c jaZepsuci totalnie byleby tylko kuSwym wszelkim zbrodniom&hellip; <\/p>\n","protected":false},"author":1,"featured_media":0,"parent":0,"menu_order":0,"comment_status":"closed","ping_status":"closed","template":"","meta":{"footnotes":""},"class_list":["post-10262","page","type-page","status-publish","hentry"],"_links":{"self":[{"href":"https:\/\/hubertpietka.bialystok.pl\/index.php?rest_route=\/wp\/v2\/pages\/10262","targetHints":{"allow":["GET"]}}],"collection":[{"href":"https:\/\/hubertpietka.bialystok.pl\/index.php?rest_route=\/wp\/v2\/pages"}],"about":[{"href":"https:\/\/hubertpietka.bialystok.pl\/index.php?rest_route=\/wp\/v2\/types\/page"}],"author":[{"embeddable":true,"href":"https:\/\/hubertpietka.bialystok.pl\/index.php?rest_route=\/wp\/v2\/users\/1"}],"replies":[{"embeddable":true,"href":"https:\/\/hubertpietka.bialystok.pl\/index.php?rest_route=%2Fwp%2Fv2%2Fcomments&post=10262"}],"version-history":[{"count":1,"href":"https:\/\/hubertpietka.bialystok.pl\/index.php?rest_route=\/wp\/v2\/pages\/10262\/revisions"}],"predecessor-version":[{"id":10264,"href":"https:\/\/hubertpietka.bialystok.pl\/index.php?rest_route=\/wp\/v2\/pages\/10262\/revisions\/10264"}],"wp:attachment":[{"href":"https:\/\/hubertpietka.bialystok.pl\/index.php?rest_route=%2Fwp%2Fv2%2Fmedia&parent=10262"}],"curies":[{"name":"wp","href":"https:\/\/api.w.org\/{rel}","templated":true}]}}