{"id":10267,"date":"2026-02-07T05:29:06","date_gmt":"2026-02-07T05:29:06","guid":{"rendered":"https:\/\/hubertpietka.bialystok.pl\/?page_id=10267"},"modified":"2026-02-07T05:29:06","modified_gmt":"2026-02-07T05:29:06","slug":"nocna-synka-wedrowka-przez-zycia-sprawy-wazkie-refleksje","status":"publish","type":"page","link":"https:\/\/hubertpietka.bialystok.pl\/?page_id=10267","title":{"rendered":"Nocna synka w\u0119dr\u00f3wka \/ przez \u017cycia sprawy wa\u017ckie &#8211; refleksje"},"content":{"rendered":"\n<p>Obym zawsze si\u0119 uni\u017ca\u0142<br>Przed Tob\u0105 Panie bo bogactwem<br>Przed Bogiem jest droga pokory<\/p>\n\n\n\n<p>A ob\u0142uda jest chyba najwi\u0119kszym<br>Dramatem cz\u0142owieka bo jest drog\u0105<br>Do \u015bmierci najgorszej bo wiecznej<br>Ob\u0142uda zniekszta\u0142ca proste \u015bcie\u017cki Bo\u017ce<br>Tak \u017ce cz\u0142owiek z pozycji<br>Pychy samolubstwo zadufania w sobie<br>Uwa\u017ca \u017ce mo\u017ce z\u0142o nazywa\u0107<br>Jakim\u015b niby wy\u017cszym dobrem<br>A dobro jednocze\u015bnie mo\u017ce niszczy\u0107<br>Uwa\u017caj\u0105c egoistycznie to za z\u0142o<br>Jakie\u015b dla siebie ob\u0142uda deprecjonuje<br>Prawd\u0119 bo uwa\u017ca \u017ce<br>W imi\u0119 z\u0142a wszystko mo\u017cna<br>Podwa\u017ca odwieczny porz\u0105dek Bo\u017cych warto\u015bci<br>Relatywizuje w imi\u0119 k\u0142amstw wszystko<br>Przedstawia fa\u0142szywie \u017ce niby z\u0142o<br>Mo\u017ce by\u0107 do dobra drog\u0105<br>Jakby ze z\u0142a nie by\u0142o<br>Nic poza zniszczeniem i \u015bmierci\u0105<br>I objawia si\u0119 ona g\u0142\u00f3wnie<br>Wobec niewinnych nienawi\u015bci Bo\u017cych dzieci<\/p>\n\n\n\n<p>St\u0105d w\u0142a\u015bnie m\u0119cze\u0144stwo wsp\u00f3\u0142czesnych bestialcom<br>Kt\u00f3rzy pod\u0142ug przemocy uzurpuj\u0105 Bo\u017ce<br>Prawo o decydowaniu o czyim\u015b<br>\u017byciu i \u015bmierci niby<br>Z pozycji tych lepszych<br>A tak naprawd\u0119 zepsutych ob\u0142ud\u0105<\/p>\n\n\n\n<p>St\u0105d przedstawianie \u017cycia mojej \u017cony<br>Jako niby czego\u015b ma\u0142o warto\u015bciowego<br>St\u0105d uderzenie w \u015bwi\u0119to\u015b\u0107 ma\u0142\u017ce\u0144stwa<br>Nasze s\u0142abo\u015bci nie maj\u0105 tu<br>Tak naprawd\u0119 nic do rzeczy<br>Bo ob\u0142udnicy zawsze znajd\u0105 pretekst<br>Czy chore potwierdzenia do zbrodni<br>Zepsutych zreszt\u0105 wszelkich swoich<br>Dysponuj\u0105c przecie\u017c zreszt\u0105 szata\u0144sk\u0105 przemoc\u0105<br>Na wielu polach ludzkiego \u017cycia<br>I indywidualn\u0105 i systemowo zorganizowan\u0105<br>Przez totalno\u015b\u0107 z\u0142a syn\u00f3w diab\u0142a<br>Wobec ich przeciwnik\u00f3w dzieci Boga<br>Ob\u0142uda deprecjonuje zawsze dobro<br>Wywy\u017cszaj\u0105c jednocze\u015bnie po\u017c\u0105dania z\u0142a<br>Okre\u015blone jako przeciwno\u015b\u0107 Bo\u017cych warto\u015bci<br>Cho\u0107 podszywaj\u0105c si\u0119 pod nie<br>Manipuluj\u0105c w nich relatywizmem ideologiami<br>Wszelkimi r\u00f3\u017cnymi byleby tylko nienawistnym<br>Z\u0142ym i ob\u0142udnym z\u0142o czyni\u0107<\/p>\n\n\n\n<p>A co my mamy<br>W tak zwanym pakiecie<br>Z\u0142a oczywi\u015bcie od tych bestii<br>&#8222;Nic sprzeda\u0107 nie mo\u017cecie&#8221;<br>Gdy szatan i te bestie<br>Po\u0142o\u017cy\u0142y na to brudn\u0105 \u0142ap\u0119<br>Piecz\u0119\u0107 z\u0142a niby jest nie<br>Do z\u0142amania uderzanie w prace<br>Z\u0142ama\u0107 nienawistnym bestiom podpor\u0119 chleba<br>Osamotni\u0107 wyalienowa\u0107 pozbawi\u0107 wsparcia jakiegokolwiek<br>Uderza\u0107 w samochody w zwierz\u0119ta<br>W te nasze miejsca<br>W ludzi dobrej woli kt\u00f3rzy<br>Dla nas z\u0142a nie chc\u0105<br>Takie to s\u0105 te bestie<br>I im s\u0142u\u017c\u0105ce zepsute \u0142ajdactwo<br>T\u0105 ob\u0142ud\u0105 wierutn\u0105 pod\u0142\u0105 sromotn\u0105<\/p>\n\n\n\n<p>Bo cho\u0107by na parkingu<br>W pakiecie zreszt\u0105 wsz\u0119dzie<br>\u0141ajdacz\u0105ce pod\u0142ug bestii mi\u015bki<br>Czy inni s\u0142u\u017cbi\u015bci bo przecie\u017c<br>W promocji to bydle podwijskie<br>Tudzie\u017c inne bydlaki kt\u00f3re r\u00f3wnie<br>Dobrze pod\u0142ug szatan\u00f3w mog\u0105 zabi\u0107<br>Nie tylko zniewoli\u0107 czy zniszczy\u0107<br>Ale i zabi\u0107 i owszem<br>Takie to Panie zepsute szatany<\/p>\n\n\n\n<p>I jeszcze s\u0142owo o<br>Czcicielach pacyn i przy okazji<br>&#8222;Ohydy spustoszenia&#8221; nie wiedz\u0105 oni<br>Co czyni\u0105 bo pustki ha\u0144bi\u0105cej<br>By nie czcili i tych<br>Kt\u00f3rzy j\u0105 szerz\u0105 w opozycji<br>Do prawdziwych Bo\u017cych Sakrament\u00f3w<br>A czy kto\u015b mi<br>O tym odpowiednio powiedzia\u0142<br>To sk\u0105d to wiem ob\u0142udnicy<br>A jak m\u00f3wi te\u017c to<br>S\u0142owo Bo\u017ce odpowiednio o tym<br>U czas\u00f3w \u015bwiata tego kresu<\/p>\n\n\n\n<p>A przecie\u017c te szatany<br>Bestie i \u0142ajdaki i pacyny<br>Nawet S\u0142owo Bo\u017ce wykorzystuj\u0105 ku<br>Ob\u0142udzie byleby tylko spe\u0142nia\u0107 po\u017c\u0105dania<br>Z\u0142a wszelkie to wtedy k\u0142amliwie<br>Z\u0142o mo\u017cna t\u0142umaczy\u0107 S\u0142owem Bo\u017cym<br>Byleby tylko bestie \u0142ajdactwo pacyny<br>Zadowolone by\u0142y \u017ce nie wspomn\u0119<br>\u017be podobnie mo\u017cna wykorzystywa\u0107 Dzienniczek<br>\u015awi\u0119tej Faustyny podobnie wspomnienia \u015bwi\u0119tych<br>Takie to szata\u0144stwo zepsute ob\u0142udne<br>Tak naprawd\u0119 byleby tylko<br>Uderza\u0107 w ten prawowiernym<br>Ko\u015bci\u00f3\u0142 \u015awi\u0119ty kt\u00f3ry jest moj\u0105<br>Wielk\u0105 mi\u0142o\u015bci\u0105 dlatego to tak<br>Mnie boli w\u0142a\u015bnie i was<br>Te\u017c to bole\u0107 powinno odpowiednio<br>Te nawet nie tyle uzurpacje<br>Co profanacje \u015awi\u0119tych Bo\u017cych Sakrament\u00f3w<br>I wszelkich dla prawdziwych katolik\u00f3w<br>R\u00f3\u017cnych \u015bwi\u0119to\u015bci wymiernych w Bogu<\/p>\n\n\n\n<p>A dzi\u015b na tym pogrzebie<br>Te\u017c ma pacyna by\u0107 odpowiednio<br>Co oni chc\u0105 osi\u0105gn\u0105\u0107 szatany<br>\u017be ja niby zaakceptuj\u0119 te<br>Profanacje jakby to ode mnie<br>Zale\u017ca\u0142o \u017ce one s\u0105 tym<br>W istocie w\u0142a\u015bnie te uzurpacje<br>Na prawowierne w Ko\u015bciele kap\u0142a\u0144stwo<br>Nigdy tego nie zaakceptuj\u0119<br>Je\u015bli tylko b\u0119d\u0119 mia\u0142 tego<br>Odpowiedni\u0105 \u015bwiadomo\u015b\u0107 bo to<br>Tak naprawd\u0119 jest przeciwko Bogu<br>I dzieciom Bo\u017cym tym prawdziwym<br>To nie ja mam zaakceptowa\u0107<br>Te profanacje i k\u0142amstwa lecz<br>Je\u015bli to ma by\u0107 to<br>Powinno by\u0107 na Bo\u017cych zasadach<br>A nie ustaleniach ludzkich<br>Pod\u0142ug bestii bo prawowierne kap\u0142a\u0144stwo<br>Ma \u015bwi\u0119ce\u0144 w Ko\u015bciele<br>Okre\u015blone warunki i sprecyzowane odg\u00f3rnie<br>Nie pod\u0142ug czyich\u015b chorych \u017cycze\u0144<br>Jezu ufam Tobie<\/p>\n\n\n\n<figure class=\"wp-block-gallery has-nested-images columns-default is-cropped wp-block-gallery-1 is-layout-flex wp-block-gallery-is-layout-flex\">\n<figure class=\"wp-block-image size-large\"><a href=\"https:\/\/hubertpietka.bialystok.pl\/wp-content\/uploads\/2026\/02\/1000049107.jpg\"><img loading=\"lazy\" decoding=\"async\" width=\"1024\" height=\"771\" data-id=\"10268\" src=\"https:\/\/hubertpietka.bialystok.pl\/wp-content\/uploads\/2026\/02\/1000049107-1024x771.jpg\" alt=\"\" class=\"wp-image-10268\" srcset=\"https:\/\/hubertpietka.bialystok.pl\/wp-content\/uploads\/2026\/02\/1000049107-1024x771.jpg 1024w, https:\/\/hubertpietka.bialystok.pl\/wp-content\/uploads\/2026\/02\/1000049107-300x226.jpg 300w, https:\/\/hubertpietka.bialystok.pl\/wp-content\/uploads\/2026\/02\/1000049107-768x578.jpg 768w, https:\/\/hubertpietka.bialystok.pl\/wp-content\/uploads\/2026\/02\/1000049107-1536x1157.jpg 1536w, https:\/\/hubertpietka.bialystok.pl\/wp-content\/uploads\/2026\/02\/1000049107.jpg 2040w\" sizes=\"auto, (max-width: 1024px) 100vw, 1024px\" \/><\/a><\/figure>\n<\/figure>\n\n\n\n<p class=\"has-text-align-right\"><strong><em><a href=\"https:\/\/youtu.be\/4etuL6T8tBA\">\u015awi\u0119ty na zawsze \/ Holy Forever <\/a><\/em><\/strong><\/p>\n","protected":false},"excerpt":{"rendered":"<p>Obym zawsze si\u0119 uni\u017ca\u0142Przed Tob\u0105 Panie bo bogactwemPrzed Bogiem jest droga pokory A ob\u0142uda jest chyba najwi\u0119kszymDramatem cz\u0142owieka bo jest drog\u0105Do \u015bmierci najgorszej bo wiecznejOb\u0142uda&hellip; <\/p>\n","protected":false},"author":1,"featured_media":0,"parent":0,"menu_order":0,"comment_status":"closed","ping_status":"closed","template":"","meta":{"footnotes":""},"class_list":["post-10267","page","type-page","status-publish","hentry"],"_links":{"self":[{"href":"https:\/\/hubertpietka.bialystok.pl\/index.php?rest_route=\/wp\/v2\/pages\/10267","targetHints":{"allow":["GET"]}}],"collection":[{"href":"https:\/\/hubertpietka.bialystok.pl\/index.php?rest_route=\/wp\/v2\/pages"}],"about":[{"href":"https:\/\/hubertpietka.bialystok.pl\/index.php?rest_route=\/wp\/v2\/types\/page"}],"author":[{"embeddable":true,"href":"https:\/\/hubertpietka.bialystok.pl\/index.php?rest_route=\/wp\/v2\/users\/1"}],"replies":[{"embeddable":true,"href":"https:\/\/hubertpietka.bialystok.pl\/index.php?rest_route=%2Fwp%2Fv2%2Fcomments&post=10267"}],"version-history":[{"count":1,"href":"https:\/\/hubertpietka.bialystok.pl\/index.php?rest_route=\/wp\/v2\/pages\/10267\/revisions"}],"predecessor-version":[{"id":10269,"href":"https:\/\/hubertpietka.bialystok.pl\/index.php?rest_route=\/wp\/v2\/pages\/10267\/revisions\/10269"}],"wp:attachment":[{"href":"https:\/\/hubertpietka.bialystok.pl\/index.php?rest_route=%2Fwp%2Fv2%2Fmedia&parent=10267"}],"curies":[{"name":"wp","href":"https:\/\/api.w.org\/{rel}","templated":true}]}}