{"id":10274,"date":"2026-02-08T12:53:15","date_gmt":"2026-02-08T12:53:15","guid":{"rendered":"https:\/\/hubertpietka.bialystok.pl\/?page_id=10274"},"modified":"2026-02-08T13:04:50","modified_gmt":"2026-02-08T13:04:50","slug":"falszywe-oskarzenia-opinie-i-oceny-jak-sie-nie-uda-szatanom-zniszczyc-odpowiednio-przez-przesladowania-nieustanne-lajdakow-roznych","status":"publish","type":"page","link":"https:\/\/hubertpietka.bialystok.pl\/?page_id=10274","title":{"rendered":"Fa\u0142szywe oskar\u017cenia opinie i oceny \/ jak si\u0119 nie uda szatanom zniszczy\u0107 odpowiednio &#8211; przez prze\u015bladowania nieustanne \u0142ajdak\u00f3w r\u00f3\u017cnych"},"content":{"rendered":"\n<p class=\"has-text-align-right\"><strong><em><a href=\"https:\/\/youtu.be\/PAY3V6l40gk\">Ziembul &#8211; Kto ty jeste\u015b<\/a><\/em><\/strong><\/p>\n\n\n\n<p>Prze\u015bladuj\u0105 nas na kroku prawie ka\u017cdym<br>Szatany bestie przez swoich \u0142ajdak\u00f3w<br>I to ju\u017c od lat<br>Przecie\u017c tylu prawie nieustannie<br>I b\u0119d\u0105 s\u0105dzi\u0107 ocenia\u0107<br>To \u017cycie nasze zepsuci ob\u0142udnicy<br>\u017be my sobie niby jako\u015b<br>Nie radzimy \u017ce niedostosowani spo\u0142ecznie<br>A czy jest chocia\u017c jedna<br>Rzeczywisto\u015b\u0107 naszego \u017cycia w kt\u00f3r\u0105<br>By\u015bcie szatany na wszelkie sposoby<br>Nie uderzali chocia\u017c taka jedna<br>Czy jest chocia\u017c jeden aspekt<br>Naszego \u017cycia kt\u00f3rego by\u015bcie<br>Nie chcieli zniszczy\u0107 zepsuci ob\u0142udnicy<br>I tacy za to chyba<br>\u017be jeszcze \u017cyjemy \u017ce jeszcze<br>Im si\u0119 nie uda\u0142o zniszczy\u0107<br>Nas naszego i naszych<br>B\u0119d\u0105 nas s\u0105dzi\u0107 jeszcze<br>Ocenia\u0107 nasze \u017cycie obron\u0119 przed<br>Ich wszelkimi zbrodniami ci ob\u0142udnicy<br>A s\u0142uszna i sprawiedliwa jest<br>Obrona ka\u017cda przed takimi szatanami<\/p>\n\n\n\n<p class=\"has-text-align-center\"><strong><em><a href=\"https:\/\/youtu.be\/RzqpzAeA1vw\">Ziembul &#8211; Algorytmy<\/a><\/em><\/strong><\/p>\n\n\n\n<hr class=\"wp-block-separator has-alpha-channel-opacity\"\/>\n\n\n\n<p class=\"has-text-align-right\">(- <em>albo \u017cycia rytmy, albo algorytmy<\/em>!?)<\/p>\n\n\n\n<p>A ci misiowi ob\u0142udnicy<br>R\u00f3wnie zepsuci w czym my<br>Niby \u017ce\u015bmy tak strasznie zawinili<br>Wam spo\u0142ecze\u0144stwu tym szatanom<br>Bestiom i \u0142ajdakom wszelkim<br>Chyba tym \u017ce si\u0119 ci\u0105gle<br>Ze skuteczno\u015bci\u0105 r\u00f3\u017cn\u0105 ale bronimy<br>Co wy misiowi ob\u0142udnicy macie<br>Niby na nas poza \u015bciemnianiem tych<br>Wszelkich szatan\u00f3w ku zbrodniom<br>W kt\u00f3rych wy przecie\u017c<br>I albo inni bandyccy s\u0142u\u017cbi\u015bci<br>Macie mie\u0107 sw\u00f3j wsp\u00f3\u0142udzia\u0142<br>Tak naprawd\u0119 przeciwko niewinnym obywatelom<br>Tego totalitarnego pa\u0144stwa bestii \u0142ajdactwa<\/p>\n\n\n\n<p>A w czym my niby<br>\u017be\u015bmy zawinili temu bydlakowi podwiji<br>Albo innym zepsutym \u0142ajdakom<br>Ku zbrodniom bestii wszelakim<br>\u017be napada\u0107 chc\u0105 nas ci\u0105gle<br>W imi\u0119 w\u0142a\u015bnie bestii zbrodni<\/p>\n\n\n\n<p><strong><em><a href=\"https:\/\/youtu.be\/WRKEVf4-qCc\">Ziembul &#8211; Jak Tommy Lee Jones<\/a><\/em><\/strong> <\/p>\n\n\n\n<p><strong>Id\u017acie ode mnie precz korupcjoni\u015bci<br>Ze sprzedawczykowstwem waszym<br>Ja nigdy nie by\u0142em<br>I nie b\u0119d\u0119 judaszem<br>\u017badnych dzieci Bo\u017cych o ile<br>Mam tego \u015bwiadomo\u015b\u0107 i jako\u015b<br>Co\u015b mog\u0119 tym bardziej \u017cony<br>Zepsute szatany bestie i \u0142ajdaki<br>Id\u017acie precz ode mnie<br>Z tym szata\u0144stwem ob\u0142udy pod\u0142ej<br>Zepsutej wierutnej sromotnej zreszt\u0105 wszelk\u0105<\/strong><\/p>\n\n\n\n<figure class=\"wp-block-gallery has-nested-images columns-default is-cropped wp-block-gallery-1 is-layout-flex wp-block-gallery-is-layout-flex\">\n<figure class=\"wp-block-image size-large\"><a href=\"https:\/\/hubertpietka.bialystok.pl\/wp-content\/uploads\/2026\/02\/1000049283-scaled.jpg\"><img loading=\"lazy\" decoding=\"async\" width=\"771\" height=\"1024\" data-id=\"10277\" src=\"https:\/\/hubertpietka.bialystok.pl\/wp-content\/uploads\/2026\/02\/1000049283-771x1024.jpg\" alt=\"\" class=\"wp-image-10277\" srcset=\"https:\/\/hubertpietka.bialystok.pl\/wp-content\/uploads\/2026\/02\/1000049283-771x1024.jpg 771w, https:\/\/hubertpietka.bialystok.pl\/wp-content\/uploads\/2026\/02\/1000049283-226x300.jpg 226w, https:\/\/hubertpietka.bialystok.pl\/wp-content\/uploads\/2026\/02\/1000049283-768x1020.jpg 768w, https:\/\/hubertpietka.bialystok.pl\/wp-content\/uploads\/2026\/02\/1000049283-1157x1536.jpg 1157w, https:\/\/hubertpietka.bialystok.pl\/wp-content\/uploads\/2026\/02\/1000049283-1542x2048.jpg 1542w, https:\/\/hubertpietka.bialystok.pl\/wp-content\/uploads\/2026\/02\/1000049283-scaled.jpg 1928w\" sizes=\"auto, (max-width: 771px) 100vw, 771px\" \/><\/a><\/figure>\n<\/figure>\n\n\n\n<p><em>A poza wyka\u0144czaniem nas naszego<br>I naszych trzeba te\u017c wyko\u0144czy\u0107<br>Wszelkich anio\u0142\u00f3w muzyki dobrych warto\u015bci<br>Nie uczestnicz\u0105cych w z\u0142u bestii<br>W tym zepsuciu ich propaguj\u0105cym<br>I wszelkich z\u0142a antywarto\u015bci<br>Jak Barta Witka i tylu<br>Tylu innych nie spos\u00f3b ich<br>Tu nawet wymieni\u0107 bo to<br>By ju\u017c by\u0142a ogromna litania<br>I ci\u0105gle jest ma\u0142o \u015bmierci<br>Zbrodni tym wszelkim zepsutym szatanom<br>A co tam milcz\u0105 bestie<br>I \u0142ajdaki o Kaziku<br>Najlepiej wyka\u0144cza\u0107 w spo\u0142ecznej ciszy<br>A z \u0141yczkiem \u015bwie\u017cego powietrza<br>A z Mu-min-kiem a z<br>Pa\u0144stwem Punka i ilu jeszcze<br>Szatany macie na swej li\u015bcie<br>Czarnej z\u0142a ku \u015bmierci bestii<br>Wszystkich zabi\u0107 chcecie z tych<br>Kt\u00f3rzy nam przeciwni nie s\u0105<br>Szatany zepsute w \u015bmierci sromotno\u015bci<br>Pod\u0142e kanalie kar\u0142y ludzko\u015bci<br>Tak naprawd\u0119 bo to wszystko<br>Przeciwko warto\u015bciom cz\u0142owiecze\u0144stwa prawdziwego<br>W imi\u0119 egoizmu antywarto\u015bci szata\u0144skiej<br>Cywilizacji \u015bmierci bestii i \u0142ajdactwa<br>Totalizm z\u0142a ma zniszczy\u0107 przeciwnik\u00f3w<br>Tych szata\u0144stw wszelkich szatan zadowolony<br>By by\u0142 tylko i te<br>Pod\u0142e bestie i \u0142ajdactwo wszelkie<\/em><\/p>\n\n\n\n<p class=\"has-text-align-right\"><strong><em><a href=\"https:\/\/youtu.be\/ITpCWKk0ip0\">Ziembul &#8211; Nie ma czasu<\/a><\/em><\/strong><\/p>\n\n\n\n<p><\/p>\n","protected":false},"excerpt":{"rendered":"<p>Ziembul &#8211; Kto ty jeste\u015b Prze\u015bladuj\u0105 nas na kroku prawie ka\u017cdymSzatany bestie przez swoich \u0142ajdak\u00f3wI to ju\u017c od latPrzecie\u017c tylu prawie nieustannieI b\u0119d\u0105 s\u0105dzi\u0107 ocenia\u0107To&hellip; <\/p>\n","protected":false},"author":1,"featured_media":0,"parent":0,"menu_order":0,"comment_status":"closed","ping_status":"closed","template":"","meta":{"footnotes":""},"class_list":["post-10274","page","type-page","status-publish","hentry"],"_links":{"self":[{"href":"https:\/\/hubertpietka.bialystok.pl\/index.php?rest_route=\/wp\/v2\/pages\/10274","targetHints":{"allow":["GET"]}}],"collection":[{"href":"https:\/\/hubertpietka.bialystok.pl\/index.php?rest_route=\/wp\/v2\/pages"}],"about":[{"href":"https:\/\/hubertpietka.bialystok.pl\/index.php?rest_route=\/wp\/v2\/types\/page"}],"author":[{"embeddable":true,"href":"https:\/\/hubertpietka.bialystok.pl\/index.php?rest_route=\/wp\/v2\/users\/1"}],"replies":[{"embeddable":true,"href":"https:\/\/hubertpietka.bialystok.pl\/index.php?rest_route=%2Fwp%2Fv2%2Fcomments&post=10274"}],"version-history":[{"count":3,"href":"https:\/\/hubertpietka.bialystok.pl\/index.php?rest_route=\/wp\/v2\/pages\/10274\/revisions"}],"predecessor-version":[{"id":10278,"href":"https:\/\/hubertpietka.bialystok.pl\/index.php?rest_route=\/wp\/v2\/pages\/10274\/revisions\/10278"}],"wp:attachment":[{"href":"https:\/\/hubertpietka.bialystok.pl\/index.php?rest_route=%2Fwp%2Fv2%2Fmedia&parent=10274"}],"curies":[{"name":"wp","href":"https:\/\/api.w.org\/{rel}","templated":true}]}}