{"id":10280,"date":"2026-02-09T10:47:47","date_gmt":"2026-02-09T10:47:47","guid":{"rendered":"https:\/\/hubertpietka.bialystok.pl\/?page_id=10280"},"modified":"2026-02-09T10:47:47","modified_gmt":"2026-02-09T10:47:47","slug":"spectrum-wartosci-mojej-zony-pelnie-nakreslajac-wazkimi-kwestiami","status":"publish","type":"page","link":"https:\/\/hubertpietka.bialystok.pl\/?page_id=10280","title":{"rendered":"Spectrum warto\u015bci \/ mojej \u017cony &#8211; pe\u0142ni\u0119 nakre\u015blaj\u0105c \/ wa\u017ckimi kwestiami"},"content":{"rendered":"\n<p>Nie lubi\u0119 jako\u015b sadzi\u0107 komplement\u00f3w<br>Tak jak nie lubi\u0119 wcale<br>Gdy mi si\u0119 bezrefleksyjnie kadzi<br>A Ty wiesz \u017cono \u017ce<br>Jeste\u015b w sercu moim<br>Z ca\u0142ym dobrodziejstwem spraw Bo\u017cych<br>I tych ludzkich pod\u0142ug g\u0142\u0119bi<br>Uczu\u0107 warto\u015bci d\u0105\u017ce\u0144 cel\u00f3w prawdy<br>Dobra i mi\u0142o\u015bci tobie najpierw<br>Zaraz po Bogu w porz\u0105dku<br>W\u0142a\u015bciwym ludzkiej mi\u0142o\u015bci<\/p>\n\n\n\n<p>Na drugiego cz\u0142owieka otwarto\u015b\u0107<br>Czasem a\u017c za bardzo<br>By da\u0107 z siebie<br>Wi\u0119cej nawet ni\u017c by wypada\u0142o<\/p>\n\n\n\n<p>Go\u015bcinno\u015b\u0107 serca dla ka\u017cdego<br>Tak naprawd\u0119 jest w nim<br>U ciebie w\u0142a\u015bciwe miejsce<br>Cho\u0107 nie zawsze da si\u0119<br>To uskuteczni\u0107 w tych czasach<br>Dominacji ob\u0142udy i z\u0142ych ludzi<\/p>\n\n\n\n<p>Spojrzenie wykraczaj\u0105ce poza powierzchni\u0119<br>Z pr\u00f3b\u0105 pe\u0142nego zrozumienia<br>Tolerancja dla otoczenia nawet je\u015bli<br>Mo\u017cna si\u0119 tym troch\u0119 sparzy\u0107<\/p>\n\n\n\n<p>Relacyjno\u015b\u0107 pi\u0119kna to ciebie wype\u0142nia<br>Otwarto\u015b\u0107 na drugiego czasem nawet<br>Zbyt du\u017cym kosztem samej siebie<\/p>\n\n\n\n<p>Trwanie w Bo\u017cych warto\u015bciach<br>Mimo r\u00f3\u017cnych trudnych sytuacji<br>Kt\u00f3rych los nam nie szcz\u0119dzi<br>Mnie wspieranie i innych<\/p>\n\n\n\n<p>Wierno\u015b\u0107 czysta na przek\u00f3r<br>Zdrad wszelkich tego \u015bwiata<br>Co nie znaczy \u017ce b\u0142\u0119d\u00f3w<br>Przecie\u017c nie pope\u0142niamy<br>Rodzinno\u015b\u0107 przyjacielsko\u015b\u0107 cho\u0107 bywa<br>\u017be trudno to uskuteczni\u0107<\/p>\n\n\n\n<p>\u017bycie z przes\u0142aniem dla innych<br>Dzieci w szkole i bliskich<br>Pod\u0142ug intratnych warto\u015bci cz\u0142owiecze\u0144stwa uniwersum<\/p>\n\n\n\n<p>Precyzja i pi\u0119kno s\u0142owa<br>Si\u0119 wyra\u017cania spojrzenie u\u015bmiechem<br>Kt\u00f3re ty realizujesz w pe\u0142ni<br>Mimo zm\u0119czenia trwanie w nadziei<\/p>\n\n\n\n<p>I mimo \u017ce ma\u0142e<br>Te moje s\u0142owa chcia\u0142bym ci<br>Tu zwr\u00f3ci\u0107 ten szacunek<br>Kt\u00f3rym d\u0105\u017cysz mnie innych ludzi<br>I mimo upadk\u00f3w r\u00f3\u017cnych naszych<br>To wsp\u00f3lne trwanie niech wype\u0142nia<br>Jestestwo nasze na drodze ma\u0142\u017ce\u0144skiej<br>Do kt\u00f3rej B\u00f3g nas powo\u0142a\u0142<br>To jest nasz najwi\u0119kszy i<br>Zarazem najpi\u0119kniejszy obowi\u0105zek cho\u0107 przebiega<br>On mo\u017ce bez wsp\u00f3\u0142czesnego blichtru<br>Powierzchowno\u015bci i realizacji czyich\u015b uprzedze\u0144<br>Ale tak ma by\u0107<br>W Bogu pod\u0142ug dr\u00f3g naszych<br>Kt\u00f3re zawsze si\u0119 \u0142\u0105cz\u0105 odpowiednio<\/p>\n\n\n\n<p><strong><em><a href=\"https:\/\/youtu.be\/ZQgX9VuETHQ\">Stachursky &#8211; Tylko ty<\/a><\/em><\/strong><\/p>\n\n\n\n<p>A twoja uparto\u015b\u0107 przeciwko kt\u00f3rej<br>Si\u0119 te\u017c buntuj\u0119 czasem<br>Niejednokrotnie mog\u0142a spowodowa\u0107 si\u0119 przestrojenie<br>Jednak na bardziej fale Bo\u017ce<br>Trwamy w tej mi\u0142o\u015bci czystej<\/p>\n\n\n\n<figure class=\"wp-block-gallery has-nested-images columns-default is-cropped wp-block-gallery-1 is-layout-flex wp-block-gallery-is-layout-flex\">\n<figure class=\"wp-block-image size-large\"><a href=\"https:\/\/hubertpietka.bialystok.pl\/wp-content\/uploads\/2026\/02\/1000049439.jpg\"><img loading=\"lazy\" decoding=\"async\" width=\"771\" height=\"1024\" data-id=\"10281\" src=\"https:\/\/hubertpietka.bialystok.pl\/wp-content\/uploads\/2026\/02\/1000049439-771x1024.jpg\" alt=\"\" class=\"wp-image-10281\" srcset=\"https:\/\/hubertpietka.bialystok.pl\/wp-content\/uploads\/2026\/02\/1000049439-771x1024.jpg 771w, https:\/\/hubertpietka.bialystok.pl\/wp-content\/uploads\/2026\/02\/1000049439-226x300.jpg 226w, https:\/\/hubertpietka.bialystok.pl\/wp-content\/uploads\/2026\/02\/1000049439-768x1021.jpg 768w, https:\/\/hubertpietka.bialystok.pl\/wp-content\/uploads\/2026\/02\/1000049439-1156x1536.jpg 1156w, https:\/\/hubertpietka.bialystok.pl\/wp-content\/uploads\/2026\/02\/1000049439.jpg 1204w\" sizes=\"auto, (max-width: 771px) 100vw, 771px\" \/><\/a><\/figure>\n<\/figure>\n","protected":false},"excerpt":{"rendered":"<p>Nie lubi\u0119 jako\u015b sadzi\u0107 komplement\u00f3wTak jak nie lubi\u0119 wcaleGdy mi si\u0119 bezrefleksyjnie kadziA Ty wiesz \u017cono \u017ceJeste\u015b w sercu moimZ ca\u0142ym dobrodziejstwem spraw Bo\u017cychI tych&hellip; <\/p>\n","protected":false},"author":1,"featured_media":0,"parent":0,"menu_order":0,"comment_status":"closed","ping_status":"closed","template":"","meta":{"footnotes":""},"class_list":["post-10280","page","type-page","status-publish","hentry"],"_links":{"self":[{"href":"https:\/\/hubertpietka.bialystok.pl\/index.php?rest_route=\/wp\/v2\/pages\/10280","targetHints":{"allow":["GET"]}}],"collection":[{"href":"https:\/\/hubertpietka.bialystok.pl\/index.php?rest_route=\/wp\/v2\/pages"}],"about":[{"href":"https:\/\/hubertpietka.bialystok.pl\/index.php?rest_route=\/wp\/v2\/types\/page"}],"author":[{"embeddable":true,"href":"https:\/\/hubertpietka.bialystok.pl\/index.php?rest_route=\/wp\/v2\/users\/1"}],"replies":[{"embeddable":true,"href":"https:\/\/hubertpietka.bialystok.pl\/index.php?rest_route=%2Fwp%2Fv2%2Fcomments&post=10280"}],"version-history":[{"count":1,"href":"https:\/\/hubertpietka.bialystok.pl\/index.php?rest_route=\/wp\/v2\/pages\/10280\/revisions"}],"predecessor-version":[{"id":10282,"href":"https:\/\/hubertpietka.bialystok.pl\/index.php?rest_route=\/wp\/v2\/pages\/10280\/revisions\/10282"}],"wp:attachment":[{"href":"https:\/\/hubertpietka.bialystok.pl\/index.php?rest_route=%2Fwp%2Fv2%2Fmedia&parent=10280"}],"curies":[{"name":"wp","href":"https:\/\/api.w.org\/{rel}","templated":true}]}}