{"id":10288,"date":"2026-02-12T09:03:00","date_gmt":"2026-02-12T09:03:00","guid":{"rendered":"https:\/\/hubertpietka.bialystok.pl\/?page_id=10288"},"modified":"2026-02-12T09:03:00","modified_gmt":"2026-02-12T09:03:00","slug":"tysiac-milion-razy-mozesz-wspaniale-a-i-tak-puszcza-bloto-by-cie-oblepic-ku-wszelkim-zepsutym-zbrodniom-zreszta","status":"publish","type":"page","link":"https:\/\/hubertpietka.bialystok.pl\/?page_id=10288","title":{"rendered":"Tysi\u0105c milion razy mo\u017cesz wspaniale \/ a i tak puszcz\u0105 b\u0142oto &#8211; by ci\u0119 oblepi\u0107 \/ ku wszelkim zepsutym zbrodniom zreszt\u0105"},"content":{"rendered":"\n<p>1.<br>Mo\u017cesz napisa\u0107 1000 pi\u0119knych wierszy<br>Stworzy\u0107 100 koncept\u00f3w kt\u00f3re wykorzystuj\u0105<br>Potem wsz\u0119dzie zreszt\u0105 nawet przeciwnicy<br>Mo\u017cesz stworzy\u0107 schemat poezji internetowej<br>Z muzyk\u0105 i z obrazem<br>A i tak ci\u0119 b\u0119d\u0105<br>Pomniejsza\u0107 we wszystkim ci ob\u0142udnicy<br>M\u00f3wi\u0105c \u017ce to nie ty<br>Ale B\u00f3g wie jaka jest<br>Tu prawda i co oni<br>Nieustannie kombinuj\u0105 by pomniejsza\u0107 twoje<br>Zas\u0142ugi cho\u0107by na gruncie literatury<br>Zawsze te\u017c ci co\u015b zarzuc\u0105<br>Nawet tym pi\u0119knym prostym wierszom<\/p>\n\n\n\n<p>A teraz to musi by\u0107<br>Poezja walcz\u0105ca albo raczej obronna<br>Wobec tego wszelakiego szata\u0144stwa zepsutego<br>Mo\u017cesz u\u017cy\u0107 tysi\u0105ca pi\u0119knych s\u0142\u00f3w<br>Wyzyskuj\u0105c z ich potencja\u0142u r\u00f3\u017cne<br>Inne tre\u015bci a te szatany<br>Widzie\u0107 b\u0119d\u0105 tylko twoje wulgaryzmy<br>I s\u0142owa twarde kt\u00f3re musz\u0105<br>By\u0107 jednak wykorzystywane w tej<br>Naszej obronie \u015bmiertelnej by cho\u0107by<br>To by\u0142o dosadne i wymowne<br>A i tak te szatany<br>\u0141ajdaki i bestie b\u0119d\u0105 ci\u0119<br>Zawsze we wszystkim chcie\u0107 pomniejsza\u0107<br>Pr\u00f3buj\u0105c kompromitowa\u0107 wszystko co jako\u015b<br>Nie pasuje im zepsutym szata\u0144stwom<br>M\u00f3wi\u0107 b\u0119d\u0105 powszechnie na m\u0142yn<br>K\u0142amstw ku zbrodniom ob\u0142udnym<br>&#8222;Poeta ale g\u0142owa nie ta&#8221;<br>Cho\u0107 nikt nie wytworzy\u0142 wcze\u015bniej<br>Takiego paradygmatu ca\u0142o\u015bciowego okre\u015blonej poezji<br>Byleby tylko m\u00f3c szata\u0144sko zbrodniczy\u0107<br>Na nas naszych i naszym<\/p>\n\n\n\n<p>A kt\u00f3\u017c przecie\u017c dzi\u015b si\u0119<br>Zna na poezji ludziom mo\u017cna<br>Przecie\u017c wm\u00f3wi\u0107 wszystko byleby tylko<br>Czyni\u0107 swe szata\u0144stwa wszelkie zepsute<br>Odpowiednie dla szatan\u00f3w wszelkie fa\u0142szowanie<br>A filolog\u00f3w przecie\u017c si\u0119 usunie<br>Tych kt\u00f3rzy by mogli powiedzie\u0107<br>Co\u015b co sprzeciwia si\u0119 k\u0142amstwom<br>Ob\u0142udy ku zbrodniom bestii \u0142ajdactwa<\/p>\n\n\n\n<p>2.<br>Mo\u017cesz przejecha\u0107 milion kilometr\u00f3w bezb\u0142\u0119dnie<br>A spr\u00f3buj tylko jaki\u015b b\u0142\u0105d<br>Pope\u0142ni\u0107 gdzie\u015b to wszystko b\u0119dzie<br>Nie wa\u017cne skoro pod\u0142ug tezy szatan\u00f3w<br>Ka\u017cdy b\u0142\u0105d nawet ma\u0142a rzecz<br>Ma kompromitowa\u0107 ci\u0119 jakby oni<br>Wszyscy byli ca\u0142kowicie bezb\u0142\u0119dni<br>Tak\u017ce te \u0142ajdackie mi\u015bki<br>I inni s\u0142u\u017cbowi bydlacy<br>Kt\u00f3re wsp\u00f3\u0142pracuj\u0105 z takimi szata\u0144stwami<br>Bestii i r\u00f3wnie zepsutego \u0142ajdactwa<br>Wtedy milion kilometr\u00f3w jest niewa\u017cny<br>Bo przecie\u017c ci\u0119 maj\u0105 \u015bciga\u0107 szatany<br>A oni potrzebuj\u0105 tylko pretekstu<br>Ku swym zepsutym szata\u0144stwom wszelkim<br>Cho\u0107by by pozbawi\u0107 nas mo\u017cliwo\u015bci<br>Swobodnego poruszania si\u0119 samochodami<\/p>\n\n\n\n<p>3.<br>I tak oni wszystko szatany<br>Bestie i \u0142ajdactwo mo\u017cesz tysi\u0105c<br>Razy zebra\u0107 kupy po pieskach<br>Ale jak zobaczy \u0142ajdak bestia<br>\u017be czasem mo\u017ce by\u0107 inaczej<br>To masz po prostu przer\u0105bane<br>Pod\u0142ug szatan\u00f3w jakby oni sami<br>Byli we wszystkim \u015bci\u015ble idealni<br>Jakby ludzkie \u017cycie nie zak\u0142ada\u0142o<br>Jednak jakiej\u015b zwyk\u0142ej nawet s\u0142abo\u015bci<br>A zw\u0142aszcza w przeci\u0105\u017ceniach takich<br>Kt\u00f3re nam funduj\u0105 te szatany<br>Podobnie zreszt\u0105 cho\u0107by ze \u015bmieciami<br>Mo\u017cesz selekcjonowa\u0107 ka\u017cd\u0105 folijk\u0119 papierek<br>A i tak szatany znajd\u0105<br>Sobie pretekst odpowiedni zawsze by<br>Si\u0119 przyczepi\u0107 ci\u0119 skompromitowa\u0107 ukara\u0107<br>Pod\u0142ug odpowiednich zreszt\u0105 tez szata\u0144skich<br>Niby naszego spo\u0142ecznego jakiego\u015b niedostosowania<\/p>\n\n\n\n<p>4.<br>Mo\u017cesz da\u0107 milion dowod\u00f3w mi\u0142o\u015bci<br>Do \u017cony i wprost i<br>Metaforycznie nawet pi\u0119kne wiersze pisz\u0105c<br>A i tak dla szatan\u00f3w<br>Zawsze ma\u0142o bo oni zawsze<br>Przecie\u017c zinterpretuj\u0105 wszystko przeciwko wam<br>I waszej mi\u0142o\u015bci bo oni<br>Chc\u0105 nieustannie spe\u0142nia\u0107 swe szata\u0144stwa<br>Na niej i na mnie<br>I to nawet w tym<br>Perfidnym z\u0142owrogim przeci\u0105\u017ceniu kt\u00f3re nam<br>Funduj\u0105 mo\u017cesz da\u0107 tysi\u0105ce dowod\u00f3w<br>Waszej mi\u0142o\u015bci a szatany zawsze<br>B\u0119d\u0105 to odpowiednio pomniejsza\u0142y<br>&#8222;Szukaj\u0105c dziury w ca\u0142ym&#8221;<br>Byleby tylko spe\u0142nia\u0107 swe wszelkie<br>Zbrodnie szata\u0144skie na was waszym<br>I tych kt\u00f3rzy nie s\u0105<br>Wam wrodzy czy przeciwni genetycznie<\/p>\n\n\n\n<p>5.<br>Tak\u017ce mo\u017cesz da\u0107 tysi\u0105c dowod\u00f3w<br>Na swoj\u0105 wysok\u0105 \u015bwiadomo\u015b\u0107 tych<br>Spraw wielu stworzy\u0107 tysi\u0105ce koncept\u00f3w<br>Potwierdza\u0107 z moc\u0105 wiary przejawy<br>A i tak jak to<br>Pasuje tym szatanom powiedz\u0105 \u017ce<br>Nie\u015bwiadomy bo chc\u0105 mnie udupi\u0107<br>Tak przeszkadzam tym wszelkim szatanom<br>Bestiom i \u0142ajdakom ich zbrodniom<br>I wszelkim zepsutym ob\u0142udy k\u0142amstwom<br>&#8222;Odszed\u0142 od zmys\u0142\u00f3w&#8221; b\u0119d\u0105 m\u00f3wi\u0107<br>Zreszt\u0105 jak m\u00f3wili o Jezusie<br>Byleby spe\u0142nia\u0107 szata\u0144skie zbrodnie swoje<\/p>\n\n\n\n<p>6.<br>A jednak s\u0142u\u017cba wierna Bogu<br>W prawdzie jest usprawiedliwiona zawsze<br>I s\u0142u\u017cba mi\u0142o\u015bci tej czystej<br>Wbrew tej ob\u0142udzie sromotnej bestii<br>I wszelkiego \u0142ajdactwa usprawiedliwiona te\u017c<br>Ka\u017cda jest obrona przed ich<br>Zbrodniami zepsutymi ka\u017cdy jej wyraz<br>Bo w obliczu \u015bmiertelnej walki<br>Nie tylko s\u0142owem ale czynem<br>Mo\u017cna te\u017c i zabi\u0107 to<br>Zak\u0142ada samoobrona s\u0142uszna i sprawiedliwa<br>Co te\u017c przecie\u017c bardzo przeszkadza<br>Tym szatanom a im bardziej<br>Oni eskaluj\u0105 perfidi\u0119 i ob\u0142ud\u0119<br>D\u0105\u017ce\u0144 do swych zbrodni tym<br>Bardziej to wymaga odpowiedzi twardych<br>Pewnie \u017ce woleliby bym mamla\u0142<br>Jak\u017ce\u017c by\u0142oby im \u0142atwiej spe\u0142nia\u0107<br>Wszelkie swe po\u017c\u0105dania zepsute szata\u0144skie<\/p>\n\n\n\n<p>7.<br>I tak to ob\u0142udnicy<br>B\u0119d\u0105 ci\u0119 oskar\u017ca\u0107 zawsze<br>I za wszystko nawet za<br>Zbrodnie tych szatan\u00f3w bestii \u0142ajdak\u00f3w<br>Jakby\u015b ty je czyni\u0142 komu\u015b<br>A przecie\u017c ty tylko bronisz<br>Przed tym wszelkim szata\u0144stwem<br>K\u0142amstwami ob\u0142udy i zbrodniami<br>Swego swoich i was w\u0142a\u015bnie<br>I to najbardziej przeszkadza<br>Tym szatanom ich zepsutej przemocy<br>Taka jest prawda w Bogu<br>Ze wszystkim zreszt\u0105 odpowiednio usprawiedliwiona<br>A szatan i s\u0142ugi diab\u0142a<br>Zawsze b\u0119d\u0105 oskar\u017ca\u0107 nas to<br>Bo\u017ce ma\u0142\u017ce\u0144stwo i dzieci Bo\u017ce<br>Wszelkie w prawdzie Bo\u017cej wierne<br>Nie id\u0105ce na kompromis zepsuty<br>Z ich szata\u0144stwami bestii \u0142ajdactwa<br>Jezu ufam Tobie ave Maria<\/p>\n\n\n\n<p>8.<br>I mo\u017cesz przepowiedzie\u0107 tysi\u0105ce rzeczy<br>Nawet dok\u0142adnie przepowiada\u0107 to nieustannie<br>A i tak b\u0119d\u0105 to<br>Pomniejsza\u0107 byleby tylko czyni\u0107<br>Swe wszelkie zepsute szata\u0144stwa<br>B\u0119d\u0105 przek\u0142amywa\u0107 ob\u0142udnie i konfabulowa\u0107<br>Rzeczywisto\u015b\u0107 byleby tylko ci\u0119 pomniejsza\u0107<br>Cho\u0107by zas\u0142ugi twe dla poezji<br>Tak\u017ce wykorzystywanej na gruncie innym<br>By\u0142yby tylko m\u00f3c szata\u0144sko z\u0142oczyni\u0107<br>Wobec nas naszego i naszych<br>Mo\u017cesz nawet stwierdza\u0107 rzeczy sprawy<br>O kt\u00f3rych nikt ci przecie\u017c<br>Nie powiedzia\u0142 bo tajemnica poliszynela<br>Byleby tylko ci bestie \u0142ajdactwo<br>Mogli spe\u0142nia\u0107 wszelkie swe zbrodnie<br>Szata\u0144stw a najlepiej czyni\u0107 to<br>Przecie\u017c maj\u0105c podparcie we wszelkim<br>Ob\u0142udnym k\u0142amstwie przeinaczeniu falsyfikanctwie<br>Mistyfikacjom przeciw dzieciom Bo\u017cym szatana<br>I wszelkim wymiernie w tym<br>W\u0142a\u015bnie dzieci diab\u0142a przeciwko temu<br>Ma\u0142\u017ce\u0144stwu tej rodzinie i ichniemu<br>Ichnim wszystkiego co stanowi dobrodziejstwo<br>W Bogu dzieci wiernych Jego<br>Tak to przeszkadza wszystko tym<br>Szatanom i wszelkim ich szata\u0144stwom<br>Jezu prowad\u017a wraz z Mari\u0105<\/p>\n\n\n\n<figure class=\"wp-block-gallery has-nested-images columns-default is-cropped wp-block-gallery-1 is-layout-flex wp-block-gallery-is-layout-flex\">\n<figure class=\"wp-block-image size-large\"><a href=\"https:\/\/hubertpietka.bialystok.pl\/wp-content\/uploads\/2026\/02\/1000049882.jpg\"><img loading=\"lazy\" decoding=\"async\" width=\"771\" height=\"1024\" data-id=\"10289\" src=\"https:\/\/hubertpietka.bialystok.pl\/wp-content\/uploads\/2026\/02\/1000049882-771x1024.jpg\" alt=\"\" class=\"wp-image-10289\" srcset=\"https:\/\/hubertpietka.bialystok.pl\/wp-content\/uploads\/2026\/02\/1000049882-771x1024.jpg 771w, https:\/\/hubertpietka.bialystok.pl\/wp-content\/uploads\/2026\/02\/1000049882-226x300.jpg 226w, https:\/\/hubertpietka.bialystok.pl\/wp-content\/uploads\/2026\/02\/1000049882-768x1021.jpg 768w, https:\/\/hubertpietka.bialystok.pl\/wp-content\/uploads\/2026\/02\/1000049882-1156x1536.jpg 1156w, https:\/\/hubertpietka.bialystok.pl\/wp-content\/uploads\/2026\/02\/1000049882.jpg 1204w\" sizes=\"auto, (max-width: 771px) 100vw, 771px\" \/><\/a><\/figure>\n<\/figure>\n\n\n\n<p><strong>Ani mi Ani z nami<br>Naszymi naszym id\u017acie precz szatany<\/strong><\/p>\n","protected":false},"excerpt":{"rendered":"<p>1.Mo\u017cesz napisa\u0107 1000 pi\u0119knych wierszyStworzy\u0107 100 koncept\u00f3w kt\u00f3re wykorzystuj\u0105Potem wsz\u0119dzie zreszt\u0105 nawet przeciwnicyMo\u017cesz stworzy\u0107 schemat poezji internetowejZ muzyk\u0105 i z obrazemA i tak ci\u0119 b\u0119d\u0105Pomniejsza\u0107&hellip; <\/p>\n","protected":false},"author":1,"featured_media":0,"parent":0,"menu_order":0,"comment_status":"closed","ping_status":"closed","template":"","meta":{"footnotes":""},"class_list":["post-10288","page","type-page","status-publish","hentry"],"_links":{"self":[{"href":"https:\/\/hubertpietka.bialystok.pl\/index.php?rest_route=\/wp\/v2\/pages\/10288","targetHints":{"allow":["GET"]}}],"collection":[{"href":"https:\/\/hubertpietka.bialystok.pl\/index.php?rest_route=\/wp\/v2\/pages"}],"about":[{"href":"https:\/\/hubertpietka.bialystok.pl\/index.php?rest_route=\/wp\/v2\/types\/page"}],"author":[{"embeddable":true,"href":"https:\/\/hubertpietka.bialystok.pl\/index.php?rest_route=\/wp\/v2\/users\/1"}],"replies":[{"embeddable":true,"href":"https:\/\/hubertpietka.bialystok.pl\/index.php?rest_route=%2Fwp%2Fv2%2Fcomments&post=10288"}],"version-history":[{"count":1,"href":"https:\/\/hubertpietka.bialystok.pl\/index.php?rest_route=\/wp\/v2\/pages\/10288\/revisions"}],"predecessor-version":[{"id":10290,"href":"https:\/\/hubertpietka.bialystok.pl\/index.php?rest_route=\/wp\/v2\/pages\/10288\/revisions\/10290"}],"wp:attachment":[{"href":"https:\/\/hubertpietka.bialystok.pl\/index.php?rest_route=%2Fwp%2Fv2%2Fmedia&parent=10288"}],"curies":[{"name":"wp","href":"https:\/\/api.w.org\/{rel}","templated":true}]}}