{"id":10297,"date":"2026-02-13T18:23:05","date_gmt":"2026-02-13T18:23:05","guid":{"rendered":"https:\/\/hubertpietka.bialystok.pl\/?page_id=10297"},"modified":"2026-02-13T18:23:05","modified_gmt":"2026-02-13T18:23:05","slug":"totalitarne-wielkie-panstwo-bestii-i-szacunek-przynalezny-wielkopanstwu-zreszta-wszelkiemu-podlug-nich-oczywiscie-odpowiednio-lajdaczacemu","status":"publish","type":"page","link":"https:\/\/hubertpietka.bialystok.pl\/?page_id=10297","title":{"rendered":"Totalitarne wielkie pa\u0144stwo bestii \/ i szacunek przynale\u017cny wielkopa\u0144stwu zreszt\u0105 wszelkiemu &#8211; pod\u0142ug nich oczywi\u015bcie odpowiednio \u0142ajdacz\u0105cemu"},"content":{"rendered":"\n<p>Dzisiaj u\u015bwiadomi\u0142y mnie bestie odpowiednio<br>Kto jest panem a kto<br>Pod\u0142ug nich zapewne najgorszym \u015bmieciem<br>A wszystko sprawi\u0142 tiru\u015b *<strong><em>Sir-a<\/em>-mis<\/strong>*<br>Co ma oznacza\u0107 odpowiednio<br>Dla mnie oczywi\u015bcie i wszystkich<br>Podpadni\u0119tych nienawi\u015bci bestii i \u0142ajdactwa<br>\u017be *<strong>panem jest mi\u015b<\/strong>* jak zreszt\u0105<br>Przecie\u017c ca\u0142y aparat s\u0142u\u017cb bezpiecze\u0144stwa<br>W totalitarnym tym pa\u0144stwie bestii<br>Wiadomo przecie\u017c \u017ce s\u0142u\u017cby bezpiecze\u0144stwa<br>S\u0105 wyra\u017anym zamkiem dominacji totalnej<br>No ale oczywi\u015bcie bestie te\u017c<br>S\u0105 panami najwi\u0119kszymi to si\u0119<br>Przecie\u017c wie bez zda\u0144 dw\u00f3ch<br>I wszelkie przecie\u017c szatani\u0105ce pod\u0142ug<br>Nich \u0142ajdactwo te\u017c to zapewne<br>Jest wielkie pa\u0144stwo bo przecie\u017c<br>Ten tytu\u0142 przypada odpowiednio pod\u0142ug<br>\u0141ajdaczenia szatanienia ob\u0142ud\u0105 ku zbrodniom<br>A ja g\u0142upi my\u015bla\u0142em<br>\u017be szacunek nale\u017cy si\u0119<br>Tym kt\u00f3rzy s\u0105 wysokich lot\u00f3w<br>Ale tych moralnych a tutaj<br>Bestie mnie u\u015bwiadomi\u0142y \u017ce on<br>Si\u0119 przynale\u017cy spe\u0142niaj\u0105cych przemoc d\u0105\u017ce\u0144<br>Wszelkich szata\u0144skich tych zepsutych bestii<br>I g\u0142upkowaty \u0142ysowaty my\u015bla\u0142em<br>\u017be Jezus jest przecie\u017c Panem<br>O naiwny panami s\u0105 bestie<br>I pod\u0142ug nich z\u0142oczyni\u0105cy przecie\u017c<br>Pod\u0142ug tego w\u0142a\u015bnie szatan jest<br>Panem i wszelcy post\u0119puj\u0105cy szata\u0144sko<br>I nie nazywaj ob\u0142udni\u00f3w ob\u0142udnikami<br>Bo si\u0119 obra\u017c\u0105 bestie \u0142ajdacy<br>Szacunek przynale\u017cny pod\u0142ug paradygmatu przemocy<br>Ustalaj\u0105 przecie\u017c zawsze odpowiedni ob\u0142udnicy<br>A i panami s\u0105 pacyny<br>Nie Jezus to nie o<br>Niego przecie\u017c im chodzi lecz<br>O pod\u0142ug bestii szacunek przynale\u017cny<br>Jedynie s\u0142uszny w totalitarnym pa\u0144stwie<br>To bestie przecie\u017c okre\u015blaj\u0105 co<br>Jest dobre i z\u0142e nie<br>Nie B\u00f3g bynajmniej i komu<br>I za co przynale\u017cy si\u0119<br>Ca\u0142kowity szacunek czytaj pos\u0142usze\u0144stwo pod\u0142ug<br>Ob\u0142udnych d\u0105\u017ce\u0144 ku zbrodniom bestii<br>Og\u00f3lnie rzecz bior\u0105c przynale\u017cy si\u0119<br>Szacunek zawsze jedynie s\u0142uszny bestiom<br>I s\u0142u\u017c\u0105cym im we<br>Wszelkim zreszt\u0105 zepsutym z\u0142u \u0142ajdakom<br>A \u017ce ja jednak troch\u0119<br>Niepoprawny politycznie jestem to tego<br>Wszelkie zepsute bydlaki jednak tu<br>Nie dostan\u0105 ode mnie nawet<br>Je\u015bli stoi za nimi ca\u0142a<br>Przemoc wszelkie k\u0142amstwa totalitarnego ca\u0142kowicie<br>Tych bestii zepsutego jednak pa\u0144stwa<br>U mnie szacunek jednak b\u0119dzie<br>Przynale\u017ca\u0142 nie z\u0142oczy\u0144com katom k\u0142amcom<br>Lecz raczej ich wszelkim ofiarom<\/p>\n\n\n\n<figure class=\"wp-block-gallery has-nested-images columns-default is-cropped wp-block-gallery-1 is-layout-flex wp-block-gallery-is-layout-flex\">\n<figure class=\"wp-block-image size-large\"><a href=\"https:\/\/hubertpietka.bialystok.pl\/wp-content\/uploads\/2026\/02\/1000050168-scaled.jpg\"><img loading=\"lazy\" decoding=\"async\" width=\"771\" height=\"1024\" data-id=\"10298\" src=\"https:\/\/hubertpietka.bialystok.pl\/wp-content\/uploads\/2026\/02\/1000050168-771x1024.jpg\" alt=\"\" class=\"wp-image-10298\" srcset=\"https:\/\/hubertpietka.bialystok.pl\/wp-content\/uploads\/2026\/02\/1000050168-771x1024.jpg 771w, https:\/\/hubertpietka.bialystok.pl\/wp-content\/uploads\/2026\/02\/1000050168-226x300.jpg 226w, https:\/\/hubertpietka.bialystok.pl\/wp-content\/uploads\/2026\/02\/1000050168-768x1020.jpg 768w, https:\/\/hubertpietka.bialystok.pl\/wp-content\/uploads\/2026\/02\/1000050168-1157x1536.jpg 1157w, https:\/\/hubertpietka.bialystok.pl\/wp-content\/uploads\/2026\/02\/1000050168-1542x2048.jpg 1542w, https:\/\/hubertpietka.bialystok.pl\/wp-content\/uploads\/2026\/02\/1000050168-scaled.jpg 1928w\" sizes=\"auto, (max-width: 771px) 100vw, 771px\" \/><\/a><\/figure>\n<\/figure>\n\n\n\n<p>A i durniu sobie zapami\u0119taj<br>\u017be dobrze nale\u017cy m\u00f3wi\u0107 o<br>Tych bestiach i wszelkich \u0142ajdakach<br>Kochajmy bestie a oni niech<br>Nas zabijaj\u0105 sobie nie mo\u017cna<br>Przecie\u017c powodowa\u0107 dyskomfortu jakiego\u015b<br>U bestii by nie mog\u0142y<br>One spokojnie sobie zabija\u0107 niszczy\u0107<br>Kogo im si\u0119 spodoba<br>To bardzo nie \u0142adnie<br>M\u00f3wi\u0107 przecie\u017c o bestiach \u017ale<br>Kiedy one w przemocy by\u0107<br>Chyba maj\u0105 panami ca\u0142ego \u015bwiata<br>Obra\u017c\u0105 si\u0119 bestie i co<br>Wtedy z tym wszystkim b\u0119dzie<br>I nie m\u00f3w te\u017c czasem<br>\u0179le o ob\u0142udnik\u00f3w przecie\u017c jak<br>Chc\u0105 to jak bestie mog\u0105<br>Sobie z\u0142o komu chc\u0105 czyni\u0107<br>To bardzo nie \u0142adnie ob\u0142udnik\u00f3w<br>Te\u017c obra\u017ca\u0107 zw\u0142aszcza je\u015bli oni<br>Chc\u0105 tylko post\u0119powa\u0107 pod\u0142ug bestii<br>I ich z\u0142a a co<br>Przecie\u017c ka\u017cdemu tak wolno<br>Zw\u0142aszcza kiedy nibyprzypadkowo czy<br>Pod pozorem czego\u015b innego mimochodem<br>Najgorsza rzecz przecie\u017c obra\u017ca\u0107 bestie<br>I \u0142ajdak\u00f3w ob\u0142udnik\u00f3w jak chc\u0105<br>To mog\u0105 nienawistnie z\u0142oczyni\u0107<br>A ty nie wa\u017c si\u0119 tego<br>Wszystkiego m\u00f3wi\u0107 bo to przeszkadza<br>We wszelkich szata\u0144stwach tym szatanom<br>Tak kochajmy bestie i \u0142ajdactwo<br>I zdawajmy si\u0119 na ich<br>Raczej nie\u0142ask\u0119 przynajmniej my nasi<br>W totalitarnym pa\u0144stwie bestii ideologicznie<br>Nie mo\u017cna przecie\u017c prawdy m\u00f3wi\u0107<br>A zw\u0142aszcza warto\u015bciowa\u0107 moralnie bo<br>To si\u0119 nie podoba szatanom<br>To mowa nienawi\u015bci jest przecie\u017c<br>Co innego nienawi\u015b\u0107 w zbrodniach<br>To przecie\u017c w chorym \u015bwiecie<br>Bestii i \u0142ajdactwa mo\u017cna zawsze<br>Oczywi\u015bcie tym poci\u0105gni\u0119tym ich z\u0142owrogo\u015bci<br>Tu s\u0142owa a tam czyny<br>Ale to przecie\u017c bestie decyduj\u0105<br>Co jest w\u0142a\u015bciwe jedynie s\u0142uszne<br>Jezu ufam Tobie wbrew tej<br>Ca\u0142ej ob\u0142\u0119dnie chorej bestii paranoi<\/p>\n\n\n\n<p><\/p>\n","protected":false},"excerpt":{"rendered":"<p>Dzisiaj u\u015bwiadomi\u0142y mnie bestie odpowiednioKto jest panem a ktoPod\u0142ug nich zapewne najgorszym \u015bmieciemA wszystko sprawi\u0142 tiru\u015b *Sir-a-mis*Co ma oznacza\u0107 odpowiednioDla mnie oczywi\u015bcie i wszystkichPodpadni\u0119tych nienawi\u015bci&hellip; <\/p>\n","protected":false},"author":1,"featured_media":0,"parent":0,"menu_order":0,"comment_status":"closed","ping_status":"closed","template":"","meta":{"footnotes":""},"class_list":["post-10297","page","type-page","status-publish","hentry"],"_links":{"self":[{"href":"https:\/\/hubertpietka.bialystok.pl\/index.php?rest_route=\/wp\/v2\/pages\/10297","targetHints":{"allow":["GET"]}}],"collection":[{"href":"https:\/\/hubertpietka.bialystok.pl\/index.php?rest_route=\/wp\/v2\/pages"}],"about":[{"href":"https:\/\/hubertpietka.bialystok.pl\/index.php?rest_route=\/wp\/v2\/types\/page"}],"author":[{"embeddable":true,"href":"https:\/\/hubertpietka.bialystok.pl\/index.php?rest_route=\/wp\/v2\/users\/1"}],"replies":[{"embeddable":true,"href":"https:\/\/hubertpietka.bialystok.pl\/index.php?rest_route=%2Fwp%2Fv2%2Fcomments&post=10297"}],"version-history":[{"count":1,"href":"https:\/\/hubertpietka.bialystok.pl\/index.php?rest_route=\/wp\/v2\/pages\/10297\/revisions"}],"predecessor-version":[{"id":10299,"href":"https:\/\/hubertpietka.bialystok.pl\/index.php?rest_route=\/wp\/v2\/pages\/10297\/revisions\/10299"}],"wp:attachment":[{"href":"https:\/\/hubertpietka.bialystok.pl\/index.php?rest_route=%2Fwp%2Fv2%2Fmedia&parent=10297"}],"curies":[{"name":"wp","href":"https:\/\/api.w.org\/{rel}","templated":true}]}}