{"id":10318,"date":"2026-02-17T09:54:52","date_gmt":"2026-02-17T09:54:52","guid":{"rendered":"https:\/\/hubertpietka.bialystok.pl\/?page_id=10318"},"modified":"2026-02-17T09:58:07","modified_gmt":"2026-02-17T09:58:07","slug":"apokalipsy-znaki-wobec-tego-calego-zepsutego-swiata-od-bestii-przez-sekte-pacynek-po-wszelkich-pozostalych","status":"publish","type":"page","link":"https:\/\/hubertpietka.bialystok.pl\/?page_id=10318","title":{"rendered":"Apokalipsy znaki \/ wobec tego ca\u0142ego zepsutego \u015bwiata &#8211; od bestii przez sekt\u0119 pacynek \/ po wszelkich innych"},"content":{"rendered":"\n<p>A teraz zepsuci ob\u0142udnicy wszelkiej<br>Sromotno\u015bci pod\u0142ej ku wierutnym zbrodniom<\/p>\n\n\n\n<p>A je\u015bli B\u00f3g m\u00f3wi o<br>Tych &#8222;dw\u00f3ch ostatnich \u015bwiadkach&#8221; wiary<br>Tej prawdziwej maj\u0105c na my\u015bli<br>To ma\u0142\u017ce\u0144stwo w obliczu cho\u0107by<br>Manekinostwa tamtego to co wtedy<br>Jak m\u00f3wi Jezus do was<br>Ob\u0142udnicy &#8222;post\u0105pili z nimi<br>Tak jak chcieli&#8221; na przeciw<br>Swej z\u0142o\u015bci ob\u0142udzie ku zbrodniom<\/p>\n\n\n\n<p>A czemu B\u00f3g pyta ob\u0142udnicy<br>&#8222;Czy znajdzie wiar\u0119 na ziemi<br>Gdy przyjdzie&#8221; w obliczu tego<br>Plemienia pacynkowstwa sekty bestii<br>Kt\u00f3rzy razem do jednej bramki<br>Zepsucia wszelkiego graj\u0105 a jest<br>Ich przecie\u017c wszystkich tak wielu<br>Ale m\u00f3wi i o nich<br>W li\u015bcie do ko\u015bcio\u0142\u00f3w o tej<br>&#8222;Sekcie nikolait\u00f3w&#8221; kt\u00f3rej nie mo\u017cna<br>Dawa\u0107 pos\u0142uchu pod\u0142ug ich zepsucia<\/p>\n\n\n\n<p>(Bestie znieprawiaj\u0105 pacyny te znowu<br>T\u0105 sekt\u0119 a ci t\u0105<br>Ob\u0142ud\u0119 zepsucia przelewaj\u0105 na wszystkich<br>Dlatego jest \u015bwiat tak zepsuty<br>Wierz\u0105c zbrodniom tych szatan\u00f3w wszelkich)<\/p>\n\n\n\n<p>A je\u015bli ci niewinni m\u0119czennicy<br>To w\u0142a\u015bnie wsp\u00f3\u0142czesne ofiary tych<br>Bestii i r\u00f3wnie zepsutego \u0142ajdactwa<br>Kt\u00f3rych &#8222;czara m\u0119cze\u0144stwa&#8221; w Bogu<br>Ju\u017c si\u0119 wype\u0142nia a je\u015bli<\/p>\n\n\n\n<p>\u017be nie wspomn\u0119 o tej<br>&#8222;Ohydzie spustoszenia&#8221; o &#8222;stolicy zepsucia&#8221;<br>Czy o &#8222;liczbie szatana&#8221;<br>&#8222;\u017be nic sprzeda\u0107 nie mog\u0105&#8221;<br>(Wiele takich macie znak\u00f3w<br>Ale ob\u0142udnicy b\u0119d\u0105 je na<br>Sw\u00f3j zepsuty ku zbrodniom spos\u00f3b<br>Oczywi\u015bcie t\u0142umaczy\u0107 zreszt\u0105 i wszelacy)<\/p>\n\n\n\n<p>Bo\u017ce m\u00f3j oni wszystko odpowiednio<br>Przetransponuj\u0105 ob\u0142udnicy ku swym zbrodniom<br>Jak ca\u0142y czas zreszt\u0105 czyni\u0105<br>Znieprawiaj\u0105c ten \u015bwiat chyba totalnie<br>\u017be ob\u0142udzie i zbrodniom wierzy<\/p>\n\n\n\n<p>I dlaczego ob\u0142udnicy pomijacie tzw<br>Istot\u0119 rzeczy a skupiacie si\u0119<br>Na liter\u00f3wkach czy innych formalizmach<br>Byleby tylko zaprzeczy\u0107 prawdzie Bo\u017cej<br>Temu sednowi spraw Bo\u017cych wszelkich<br>A tymczasem to trzeba s\u0142ucha\u0107 i wype\u0142nia\u0107 <br>A pomin\u0105\u0107 wszelkie zreszt\u0105 drobiazgi<br>Bo b\u0142\u0119dy nie definiuj\u0105 i<br>Nie deformuj\u0105 dr\u00f3g Bo\u017cych<br>Chyba \u017ce pod\u0142ug ob\u0142udy zepsutej<br>B\u0142\u0119dy s\u0105 cz\u0119\u015bci\u0105 drogi ludzkiej<br>I wy je te\u017c ob\u0142udnicy<br>Pope\u0142niacie doskona\u0142o\u015b\u0107 wszelka w niebie<br>Dopiero b\u0119dzie &#8222;a kto m\u00f3wi<br>\u017be jest inaczej jest k\u0142amc\u0105&#8221;<\/p>\n\n\n\n<figure class=\"wp-block-gallery has-nested-images columns-default is-cropped wp-block-gallery-1 is-layout-flex wp-block-gallery-is-layout-flex\">\n<figure class=\"wp-block-image size-large\"><a href=\"https:\/\/hubertpietka.bialystok.pl\/wp-content\/uploads\/2026\/02\/1000050825.jpg\"><img loading=\"lazy\" decoding=\"async\" width=\"771\" height=\"1024\" data-id=\"10319\" src=\"https:\/\/hubertpietka.bialystok.pl\/wp-content\/uploads\/2026\/02\/1000050825-771x1024.jpg\" alt=\"\" class=\"wp-image-10319\" srcset=\"https:\/\/hubertpietka.bialystok.pl\/wp-content\/uploads\/2026\/02\/1000050825-771x1024.jpg 771w, https:\/\/hubertpietka.bialystok.pl\/wp-content\/uploads\/2026\/02\/1000050825-226x300.jpg 226w, https:\/\/hubertpietka.bialystok.pl\/wp-content\/uploads\/2026\/02\/1000050825-768x1021.jpg 768w, https:\/\/hubertpietka.bialystok.pl\/wp-content\/uploads\/2026\/02\/1000050825-1156x1536.jpg 1156w, https:\/\/hubertpietka.bialystok.pl\/wp-content\/uploads\/2026\/02\/1000050825.jpg 1204w\" sizes=\"auto, (max-width: 771px) 100vw, 771px\" \/><\/a><\/figure>\n<\/figure>\n\n\n\n<p><em>A je\u015bli jest tak w\u0142a\u015bnie<br>Ob\u0142udnicy i zbrodniarze bestie pacyny<br>Sekciarze i wszelcy \u0142ajdacy sromotni<br>Ca\u0142y ty \u015bwiecie zepsuty<br>Je\u015bli jest tak w\u0142a\u015bnie to<br>Co wtedy z wami b\u0119dzie<br>Ob\u0142udnicy wszelcy ca\u0142y chory \u015bwiecie<br>Je\u015bli swych zbrodni ob\u0142\u0119dnych dope\u0142nicie<br>Tylko zastan\u00f3wcie si\u0119 dobrze nad<br>Tym wszystkim &#8222;wydajcie os\u0105d sprawiedliwy&#8221;<br>Nie pod\u0142ug k\u0142amstw ob\u0142udy bestii<br>Tego ca\u0142ego zepsutego k\u0142amstwami \u0142ajdactwa<br>Pacynkowstwa ich sekty itp itd<br>Lecz pod\u0142ug Bo\u017cej prawdy i<br>Pami\u0119tajcie \u017ce to was spotka<br>To w\u0142a\u015bnie czego ob\u0142udnie pr\u00f3bujecie<br>Unikn\u0105\u0107 to w\u0142a\u015bnie na was<br>Wszystkich przyjdzie je\u015bli nie wyjdziecie<br>Na przeciw Bo\u017cej prawdzie<br>Wbrew tym wszystkim zepsutym ob\u0142udnikom<br>Dla kt\u00f3rych zbrodnie maj\u0105 by\u0107<br>Przejawem woli Bo\u017cej ob\u0142\u0119dnie chorzy<\/em><\/p>\n\n\n\n<p class=\"has-text-align-right\"><strong><em><a href=\"https:\/\/youtu.be\/fKHx5wCXQwg\">Oto stoj\u0119 u drzwi <\/a><\/em><\/strong><\/p>\n\n\n\n<p class=\"has-text-align-center\">\/<\/p>\n\n\n\n<p><strong><em><a href=\"https:\/\/youtu.be\/LDU14hrwuoE\">Serce niez\u0142omne <\/a><\/em><\/strong><\/p>\n","protected":false},"excerpt":{"rendered":"<p>A teraz zepsuci ob\u0142udnicy wszelkiejSromotno\u015bci pod\u0142ej ku wierutnym zbrodniom A je\u015bli B\u00f3g m\u00f3wi oTych &#8222;dw\u00f3ch ostatnich \u015bwiadkach&#8221; wiaryTej prawdziwej maj\u0105c na my\u015bliTo ma\u0142\u017ce\u0144stwo w obliczu&hellip; <\/p>\n","protected":false},"author":1,"featured_media":0,"parent":0,"menu_order":0,"comment_status":"closed","ping_status":"closed","template":"","meta":{"footnotes":""},"class_list":["post-10318","page","type-page","status-publish","hentry"],"_links":{"self":[{"href":"https:\/\/hubertpietka.bialystok.pl\/index.php?rest_route=\/wp\/v2\/pages\/10318","targetHints":{"allow":["GET"]}}],"collection":[{"href":"https:\/\/hubertpietka.bialystok.pl\/index.php?rest_route=\/wp\/v2\/pages"}],"about":[{"href":"https:\/\/hubertpietka.bialystok.pl\/index.php?rest_route=\/wp\/v2\/types\/page"}],"author":[{"embeddable":true,"href":"https:\/\/hubertpietka.bialystok.pl\/index.php?rest_route=\/wp\/v2\/users\/1"}],"replies":[{"embeddable":true,"href":"https:\/\/hubertpietka.bialystok.pl\/index.php?rest_route=%2Fwp%2Fv2%2Fcomments&post=10318"}],"version-history":[{"count":2,"href":"https:\/\/hubertpietka.bialystok.pl\/index.php?rest_route=\/wp\/v2\/pages\/10318\/revisions"}],"predecessor-version":[{"id":10322,"href":"https:\/\/hubertpietka.bialystok.pl\/index.php?rest_route=\/wp\/v2\/pages\/10318\/revisions\/10322"}],"wp:attachment":[{"href":"https:\/\/hubertpietka.bialystok.pl\/index.php?rest_route=%2Fwp%2Fv2%2Fmedia&parent=10318"}],"curies":[{"name":"wp","href":"https:\/\/api.w.org\/{rel}","templated":true}]}}