{"id":10323,"date":"2026-02-18T05:50:58","date_gmt":"2026-02-18T05:50:58","guid":{"rendered":"https:\/\/hubertpietka.bialystok.pl\/?page_id=10323"},"modified":"2026-02-18T05:50:58","modified_gmt":"2026-02-18T05:50:58","slug":"na-przekor-obludzie-i-zbrodniom-nie-tylko-na-progu-tego-wielkiego-postu","status":"publish","type":"page","link":"https:\/\/hubertpietka.bialystok.pl\/?page_id=10323","title":{"rendered":"Na przek\u00f3r ob\u0142udzie i zbrodniom \/ nie tylko na progu tego Wielkiego Postu"},"content":{"rendered":"\n<p>A teraz stoj\u0105c u progu<br>Wielkiego Postu nale\u017cy powiedzie\u0107<br>Co nast\u0119puje dalej<\/p>\n\n\n\n<p>Kto jest szatanem przeciwnikiem Boga<br>Jak nie ten kto sprzeciwia<br>Si\u0119 przykazaniom nie zabijaj<br>Nie cudzo\u0142\u00f3\u017c nie k\u0142am fa\u0142szywie<\/p>\n\n\n\n<p>Dlaczego ten \u015bwiat stoi nieustannie<br>Nad przepa\u015bci\u0105 bo jedne szatany<br>Wyroki \u015bmierci og\u0142aszaj\u0105 nakazuj\u0105 zabija\u0107<br>Inne tej niby nowej warto\u015bci<br>Broni\u0105 a inne to czyni\u0105<br>Przy przyzwoleniu jeszcze innych<\/p>\n\n\n\n<p>A teraz czy ja jestem<br>Nie\u015bwiadomy broni\u0105c \u017cycia swojej \u017cony<br>I innych niewinnych zbrodniom nienawistnych<br>Czy takimi byli podczas okupacji<br>Hitlerowskiej w Polsce ci kt\u00f3rzy<br>Chronili cz\u0119sto swoim najwy\u017cszym kosztem<br>\u017bycie \u017byd\u00f3w poddanych niemieckiej czystce<br>Czy nie im historia przyzna\u0142a racj\u0119<br>A nie kolaborantom wsp\u00f3\u0142pracuj\u0105cym<br>Z niemieckim holocaustem wybi\u00f3rczym<br>Czy nie Hitlerowi i Niemcom<br>S\u0142u\u017c\u0105cym tym zbrodniom musia\u0142 przeciwstawi\u0107<br>Si\u0119 ca\u0142y \u015bwiat gdzie by\u015bmy<br>Dzisiaj byli jakby Faszyzm zwyci\u0119\u017cy\u0142<\/p>\n\n\n\n<p>Czy nie tylko zreszt\u0105<br>W Wielkim Po\u015bcie nie nale\u017cy<br>Broni\u0107 \u017cycia i wolno\u015bci niewinnych<br>W s\u0142owie i w czynie<br>Czy nie nale\u017cy przeciwstawi\u0107 si\u0119<br>Ka\u017cdej przemocy kt\u00f3ra zniewala zabija<\/p>\n\n\n\n<p>Czy s\u0142uszno\u015b\u0107 nale\u017cy przyzna\u0107 pacynom<br>Tej sekcie cho\u0107by kt\u00f3ra uwa\u017ca<br>\u017be mo\u017cna zabija\u0107 czy zniewala\u0107<br>Byleby tylko oni mieli spok\u00f3j<br>Czy tam zreszt\u0105 jacy ob\u0142udnicy<\/p>\n\n\n\n<p>Wynosi\u0107 pacyny i t\u0105 sekt\u0119<br>Kosztem prawdziwych dzieci Bo\u017cych i<br>Kap\u0142an\u00f3w prawowiernych kt\u00f3rzy podpadli<br>Szata\u0144skiemu systemowi broni\u0105c Bo\u017cych warto\u015bci<\/p>\n\n\n\n<p>Ustawia\u0107 procesy s\u0105dowe jak<br>Z ks. Olszewskim byleby tylko<br>Skaza\u0107 tych kt\u00f3rzy sprzeciwiaj\u0105 si\u0119<br>Temu systemowi z\u0142a totalno\u015bci<br>Zepsutej cywilizacji \u015bmierci i ob\u0142udy<br>Bo to zawsze idzie<br>W parze pod\u0142ug upowszechnienia zepsucia<\/p>\n\n\n\n<p>\u017be \u015bwiat jest nowoczesny<br>A zbrodnie szata\u0144skie te same<br>W taki czy inny spos\u00f3b<br>Przetransponowane ob\u0142udnie g\u0142oszone i potwierdzane<br>Czy B\u00f3g przyzna zbrodniarzom racj\u0119<br>Nawet w obliczu przemocy totalnej<br>Nie \u0142ud\u017acie si\u0119 zbrodnie zniewolenie<br>Sprzeciwiaj\u0105 si\u0119 Bogu ju\u017c genetycznie<\/p>\n\n\n\n<p>Czy w Wielkim Po\u015bcie jak<br>G\u0142osz\u0105 ob\u0142udnicy nie nale\u017cy s\u0142ucha\u0107<br>Muzyki oczywi\u015bcie takiej kt\u00f3ra sprzeciwia<br>Si\u0119 przemocy i ob\u0142udzie szatan\u00f3w<br>Kt\u00f3ra g\u0142osi wszelkie Bo\u017ce warto\u015bci<\/p>\n\n\n\n<p>Czy Wielki Post to nie<br>&#8222;Obrzezywanie serc&#8221; lecz gra pozor\u00f3w<br>Wszelkich ob\u0142udnik\u00f3w w s\u0142u\u017cbie zbrodniarzom<\/p>\n\n\n\n<p>I czy ja ob\u0142udnicy mia\u0142bym<br>Na grobie mojej \u017cony<br>Sobie swawoli\u0107 zreszt\u0105 z kimkolwiek<br>\u017be niby dziecko pretekst diabelski<br>Do zbrodni na niej tych<br>Znieprawionych zepsutych ob\u0142ud\u0105 d\u0105\u017ce\u0144<br>Ku zbrodniom na nie zgody<\/p>\n\n\n\n<p>Szatany si\u0119 przecie\u017c zawsze doszukuj\u0105<br>Pretekst\u00f3w ku swym zbrodniom wszelkim<br>Przedstawiaj\u0105c rzeczywisto\u015b\u0107 ob\u0142udnie k\u0142amliwie<br>Byleby tylko realizowa\u0107 sw\u0105 przemoc<br>Byleby niszczy\u0107 Bo\u017ce warto\u015bci t\u0105<br>Wsp\u00f3\u0142czesn\u0105 cywilizacj\u0105 chorego ob\u0142\u0119du \u015bmierci<br>I k\u0142amstw fa\u0142szywych wszelkiej ob\u0142udy<\/p>\n\n\n\n<figure class=\"wp-block-gallery has-nested-images columns-default is-cropped wp-block-gallery-1 is-layout-flex wp-block-gallery-is-layout-flex\">\n<figure class=\"wp-block-image size-large\"><a href=\"https:\/\/hubertpietka.bialystok.pl\/wp-content\/uploads\/2026\/02\/1000051135.jpg\"><img loading=\"lazy\" decoding=\"async\" width=\"771\" height=\"1024\" data-id=\"10324\" src=\"https:\/\/hubertpietka.bialystok.pl\/wp-content\/uploads\/2026\/02\/1000051135-771x1024.jpg\" alt=\"\" class=\"wp-image-10324\" srcset=\"https:\/\/hubertpietka.bialystok.pl\/wp-content\/uploads\/2026\/02\/1000051135-771x1024.jpg 771w, https:\/\/hubertpietka.bialystok.pl\/wp-content\/uploads\/2026\/02\/1000051135-226x300.jpg 226w, https:\/\/hubertpietka.bialystok.pl\/wp-content\/uploads\/2026\/02\/1000051135-768x1021.jpg 768w, https:\/\/hubertpietka.bialystok.pl\/wp-content\/uploads\/2026\/02\/1000051135-1156x1536.jpg 1156w, https:\/\/hubertpietka.bialystok.pl\/wp-content\/uploads\/2026\/02\/1000051135.jpg 1204w\" sizes=\"auto, (max-width: 771px) 100vw, 771px\" \/><\/a><\/figure>\n<\/figure>\n\n\n\n<p><em>I czy ja mam si\u0119<br>Podda\u0107 temu terroryzmowi z\u0142a ca\u0142ego<br>Kosztem obrony wszelkich Bo\u017cych warto\u015bci<br>Byleby ob\u0142udnicy tylko byli zadowoleni<br>Ja nie mog\u0119 zaprzeczy\u0107 Bogu<br>W tym wszystkim a\u017c do<br>Ko\u0144ca mam broni\u0107 warto\u015bci \u017cycia<br>Prawdy czysto\u015bci i wierno\u015bci wbrew<br>Temu wszelkiemu zepsuciu \u015bwiatowemu<br>Nawet kosztem \u017cycia swego<br>Wbrew wszelkim zbrodniarzom i ob\u0142udnikom<\/em><\/p>\n\n\n\n<p><strong>Broni\u0107 Krzy\u017ca to broni\u0107 \u017cycia <\/strong><\/p>\n","protected":false},"excerpt":{"rendered":"<p>A teraz stoj\u0105c u proguWielkiego Postu nale\u017cy powiedzie\u0107Co nast\u0119puje dalej Kto jest szatanem przeciwnikiem BogaJak nie ten kto sprzeciwiaSi\u0119 przykazaniom nie zabijajNie cudzo\u0142\u00f3\u017c nie k\u0142am&hellip; <\/p>\n","protected":false},"author":1,"featured_media":0,"parent":0,"menu_order":0,"comment_status":"closed","ping_status":"closed","template":"","meta":{"footnotes":""},"class_list":["post-10323","page","type-page","status-publish","hentry"],"_links":{"self":[{"href":"https:\/\/hubertpietka.bialystok.pl\/index.php?rest_route=\/wp\/v2\/pages\/10323","targetHints":{"allow":["GET"]}}],"collection":[{"href":"https:\/\/hubertpietka.bialystok.pl\/index.php?rest_route=\/wp\/v2\/pages"}],"about":[{"href":"https:\/\/hubertpietka.bialystok.pl\/index.php?rest_route=\/wp\/v2\/types\/page"}],"author":[{"embeddable":true,"href":"https:\/\/hubertpietka.bialystok.pl\/index.php?rest_route=\/wp\/v2\/users\/1"}],"replies":[{"embeddable":true,"href":"https:\/\/hubertpietka.bialystok.pl\/index.php?rest_route=%2Fwp%2Fv2%2Fcomments&post=10323"}],"version-history":[{"count":1,"href":"https:\/\/hubertpietka.bialystok.pl\/index.php?rest_route=\/wp\/v2\/pages\/10323\/revisions"}],"predecessor-version":[{"id":10325,"href":"https:\/\/hubertpietka.bialystok.pl\/index.php?rest_route=\/wp\/v2\/pages\/10323\/revisions\/10325"}],"wp:attachment":[{"href":"https:\/\/hubertpietka.bialystok.pl\/index.php?rest_route=%2Fwp%2Fv2%2Fmedia&parent=10323"}],"curies":[{"name":"wp","href":"https:\/\/api.w.org\/{rel}","templated":true}]}}