{"id":10327,"date":"2026-02-19T12:22:15","date_gmt":"2026-02-19T12:22:15","guid":{"rendered":"https:\/\/hubertpietka.bialystok.pl\/?page_id=10327"},"modified":"2026-02-19T12:22:15","modified_gmt":"2026-02-19T12:22:15","slug":"wiernosc-i-wiara-w-bogu-wlasciwie-uporzadkowane","status":"publish","type":"page","link":"https:\/\/hubertpietka.bialystok.pl\/?page_id=10327","title":{"rendered":"Wierno\u015b\u0107 i wiara \/ w Bogu w\u0142a\u015bciwie uporz\u0105dkowane"},"content":{"rendered":"\n<p>1.<br>Jedynym wyznacznikiem prawdziwej ca\u0142o\u015bciowo wierno\u015bci<br>Jest B\u00f3g w innym przypadku<br>To tylko zadatki dlatego piecz\u0119\u0107<br>Sakramentu ma\u0142\u017ce\u0144stwa jest odzwierciedleniem tej<br>Bo\u017cej mi\u0142o\u015bci i czystej wierno\u015bci<br>Je\u015bli si\u0119 w tym trwa<br>Do ko\u0144ca i nawet i<br>Na przek\u00f3r wszystkim i wszystkiemu<br>Zw\u0142aszcza zbrodniom szata\u0144skim kt\u00f3re chc\u0105<br>Zniszczy\u0107 tych &#8222;dwoje \u015bwiadk\u00f3w&#8221; tak\u017ce<br>Obmow\u0105 fa\u0142szem ob\u0142ud\u0105 i k\u0142amstwami<br>Czy chorym sprzedawczykowstwem jakby wierni<br>\u015awiadkowie mogli sprzeda\u0107 dar Bo\u017cy<br>I wbrew tej przemocy totalnej<br>Bestii i reprezentanuj\u0105cego ich \u0142ajdactwa<br>Do ko\u0144ca nawet najwi\u0119kszym kosztem<br>Nie tylko naszym te\u017c \u015bwiata<\/p>\n\n\n\n<p>2.<br>B\u00f3g da\u0142 mi pewne rozeznanie<br>Czym jest to pacynkowstwo ca\u0142e<br>\u017be pochodz\u0105 oni z innych<br>Wsp\u00f3lnot chrze\u015bcija\u0144skich dlatego popiera<br>Ich sekta bo uwa\u017ca \u017ce<br>Ja im cze\u015b\u0107 nale\u017cn\u0105 odbieram<br>Tym pacynom teraz to rozumiem<br>Wszystko jednak musi by\u0107<br>Po Bo\u017cemu bo teraz to<br>Jest na wariackich papierach<br>A czy\u017c ja sam nie<br>Z Boga m\u00f3g\u0142bym rozezna\u0107 to<br>Mam jednak pewien dar Bo\u017cy<br>Pochodz\u0105cy cho\u0107by z \u015bwiadectwa \u017cycia<br>Naszego na przek\u00f3r wszelkiemu z\u0142u<\/p>\n\n\n\n<figure class=\"wp-block-gallery has-nested-images columns-default is-cropped wp-block-gallery-1 is-layout-flex wp-block-gallery-is-layout-flex\">\n<figure class=\"wp-block-image size-large\"><a href=\"https:\/\/hubertpietka.bialystok.pl\/wp-content\/uploads\/2026\/02\/1000051331.jpg\"><img loading=\"lazy\" decoding=\"async\" width=\"771\" height=\"1024\" data-id=\"10329\" src=\"https:\/\/hubertpietka.bialystok.pl\/wp-content\/uploads\/2026\/02\/1000051331-771x1024.jpg\" alt=\"\" class=\"wp-image-10329\" srcset=\"https:\/\/hubertpietka.bialystok.pl\/wp-content\/uploads\/2026\/02\/1000051331-771x1024.jpg 771w, https:\/\/hubertpietka.bialystok.pl\/wp-content\/uploads\/2026\/02\/1000051331-226x300.jpg 226w, https:\/\/hubertpietka.bialystok.pl\/wp-content\/uploads\/2026\/02\/1000051331-768x1021.jpg 768w, https:\/\/hubertpietka.bialystok.pl\/wp-content\/uploads\/2026\/02\/1000051331-1156x1536.jpg 1156w, https:\/\/hubertpietka.bialystok.pl\/wp-content\/uploads\/2026\/02\/1000051331.jpg 1204w\" sizes=\"auto, (max-width: 771px) 100vw, 771px\" \/><\/a><\/figure>\n<\/figure>\n\n\n\n<p>A teraz skoro oni s\u0105<br>Ju\u017c w Ko\u015bciele to \u017ceby<br>To nie by\u0142 sabota\u017c spraw<br>Bo\u017cych powinno to zosta\u0107 uporz\u0105dkowane<br>Ale w\u0142a\u015bciwie nie przyj\u0119li oni<br>Przecie\u017c \u015bwi\u0119ce\u0144 kap\u0142a\u0144skich zgodnych z<br>Prymatem papierza wi\u0119c w \u015bwietle<br>Wiary nie powinni sprawowa\u0107 tej<br>Naj\u015bwi\u0119tszej Ofiary bo tak<br>Z niej czyni\u0105 &#8222;spustoszenia ohyd\u0119&#8221;<br>Jednak szanuj\u0105c ich formacj\u0119 religijn\u0105<br>Cho\u0107 odmienn\u0105 my\u015bl\u0119 \u017ce mo\u017cna<br>By to zr\u00f3wna\u0107 z diakonatem<br>O po odpowiedniej formacji w Ko\u015bciele<br>Mogliby przyjmowa\u0107 kap\u0142a\u0144stwo w pe\u0142ni<br>Pod\u0142ug zasad tradycji Ko\u015bcio\u0142a katolickiego<br>Nie przemoc\u0105 nie czyim\u015b tylko<br>Widzimisi\u0119 i wtedy to b\u0119dzie<br>Do uznania w pe\u0142ni inaczej<br>Nie b\u0119d\u0119 m\u00f3g\u0142 nie kontestowa\u0107<br>Tej rzeczywisto\u015bci bo mimo mo\u017ce<br>Dobrych ch\u0119ci jest to profanacja<br>Spraw Bo\u017cych w Ko\u015bciele Chrystusowym<br>I nie jest to bynajmniej<br>Na przek\u00f3r tej sekcie powiedzmy<br>Czy jakimkolwiek wiernym innych wyzna\u0144<br>Kt\u00f3re do Ko\u015bcio\u0142a wesz\u0142y lecz s\u0105<br>To zdrowe zasady wiary Bo\u017cej<br>Inaczej nie b\u0119d\u0119 m\u00f3g\u0142<br>Nie kontestowa\u0107 tej rzeczywisto\u015bci<br>I jest to Bo\u017ce polecenie<br>Nawet nie m\u00f3j w\u0142asny wyb\u00f3r<br>Ja sam z siebie m\u00f3g\u0142bym<br>Je\u015bli w og\u00f3le to<br>Bardzo niewiele na przek\u00f3r<br>Temu wszystkiemu co si\u0119 dzieje<\/p>\n\n\n\n<figure class=\"wp-block-gallery has-nested-images columns-default is-cropped wp-block-gallery-2 is-layout-flex wp-block-gallery-is-layout-flex\">\n<figure class=\"wp-block-image size-large\"><a href=\"https:\/\/hubertpietka.bialystok.pl\/wp-content\/uploads\/2026\/02\/1000051330.jpg\"><img loading=\"lazy\" decoding=\"async\" width=\"1024\" height=\"771\" data-id=\"10328\" src=\"https:\/\/hubertpietka.bialystok.pl\/wp-content\/uploads\/2026\/02\/1000051330-1024x771.jpg\" alt=\"\" class=\"wp-image-10328\" srcset=\"https:\/\/hubertpietka.bialystok.pl\/wp-content\/uploads\/2026\/02\/1000051330-1024x771.jpg 1024w, https:\/\/hubertpietka.bialystok.pl\/wp-content\/uploads\/2026\/02\/1000051330-300x226.jpg 300w, https:\/\/hubertpietka.bialystok.pl\/wp-content\/uploads\/2026\/02\/1000051330-768x578.jpg 768w, https:\/\/hubertpietka.bialystok.pl\/wp-content\/uploads\/2026\/02\/1000051330-1536x1156.jpg 1536w, https:\/\/hubertpietka.bialystok.pl\/wp-content\/uploads\/2026\/02\/1000051330.jpg 1600w\" sizes=\"auto, (max-width: 1024px) 100vw, 1024px\" \/><\/a><\/figure>\n<\/figure>\n\n\n\n<p><em>Prowad\u017a Panie by pod\u0142ug prawdy<br>Bo\u017cej to wszystko zosta\u0142o uporz\u0105dkowane<br>Tak jak by\u0107 powinno<br>By nie przybierali oblicza<br>Wilk\u00f3w w owczych sk\u00f3rach<br>Wobec tych prawdziwych Bo\u017cych dzieci<br>To znaczy trwaj\u0105cych w Ko\u015bciele<br>Z wiar\u0105 uporz\u0105dkowan\u0105 i by<br>Inni wyznawcy nie stawali si\u0119<br>Wilkami chc\u0105cymi po\u017cre\u0107 obro\u0144c\u00f3w<br>Czystych wiary Ko\u015bcio\u0142a substancji<br>Nie jestem przeciw wam lecz<br>Ma to zosta\u0107 uporz\u0105dkowane w\u0142a\u015bciwie<br>Nie pod\u0142ug tylko ludzkich zamys\u0142\u00f3w<br>Lecz g\u0142\u0119bi istoty praw Bo\u017cych<br>By to nie przybiera\u0142o wymiar\u00f3w<br>Kt\u00f3re ma teraz nawet nie<br>Parodii lecz profanacji istoty Bo\u017cej<\/em><\/p>\n","protected":false},"excerpt":{"rendered":"<p>1.Jedynym wyznacznikiem prawdziwej ca\u0142o\u015bciowo wierno\u015bciJest B\u00f3g w innym przypadkuTo tylko zadatki dlatego piecz\u0119\u0107Sakramentu ma\u0142\u017ce\u0144stwa jest odzwierciedleniem tejBo\u017cej mi\u0142o\u015bci i czystej wierno\u015bciJe\u015bli si\u0119 w tym trwaDo&hellip; <\/p>\n","protected":false},"author":1,"featured_media":0,"parent":0,"menu_order":0,"comment_status":"closed","ping_status":"closed","template":"","meta":{"footnotes":""},"class_list":["post-10327","page","type-page","status-publish","hentry"],"_links":{"self":[{"href":"https:\/\/hubertpietka.bialystok.pl\/index.php?rest_route=\/wp\/v2\/pages\/10327","targetHints":{"allow":["GET"]}}],"collection":[{"href":"https:\/\/hubertpietka.bialystok.pl\/index.php?rest_route=\/wp\/v2\/pages"}],"about":[{"href":"https:\/\/hubertpietka.bialystok.pl\/index.php?rest_route=\/wp\/v2\/types\/page"}],"author":[{"embeddable":true,"href":"https:\/\/hubertpietka.bialystok.pl\/index.php?rest_route=\/wp\/v2\/users\/1"}],"replies":[{"embeddable":true,"href":"https:\/\/hubertpietka.bialystok.pl\/index.php?rest_route=%2Fwp%2Fv2%2Fcomments&post=10327"}],"version-history":[{"count":1,"href":"https:\/\/hubertpietka.bialystok.pl\/index.php?rest_route=\/wp\/v2\/pages\/10327\/revisions"}],"predecessor-version":[{"id":10330,"href":"https:\/\/hubertpietka.bialystok.pl\/index.php?rest_route=\/wp\/v2\/pages\/10327\/revisions\/10330"}],"wp:attachment":[{"href":"https:\/\/hubertpietka.bialystok.pl\/index.php?rest_route=%2Fwp%2Fv2%2Fmedia&parent=10327"}],"curies":[{"name":"wp","href":"https:\/\/api.w.org\/{rel}","templated":true}]}}