{"id":10332,"date":"2026-02-21T15:43:07","date_gmt":"2026-02-21T15:43:07","guid":{"rendered":"https:\/\/hubertpietka.bialystok.pl\/?page_id=10332"},"modified":"2026-02-21T15:43:07","modified_gmt":"2026-02-21T15:43:07","slug":"slawic-prawa-bestii-i-przy-okazji-szatana-przeciwko-prawdzie-bozej-niewygodnej-obludnikom-i-zbrodniarzom-wszelkim-zepsutym-faryzeuszom","status":"publish","type":"page","link":"https:\/\/hubertpietka.bialystok.pl\/?page_id=10332","title":{"rendered":"S\u0142awi\u0107 prawa bestii &#8211; i przy okazji szatana przeciwko \/ prawdzie Bo\u017cej niewygodnej &#8211; ob\u0142udnikom i zbrodniarzom \/ wszelkim zepsutym faryzeuszom"},"content":{"rendered":"\n<p>Prawos\u0142awni obok r\u00f3\u017cnych popapra\u0144c\u00f3w przest\u0119pc\u00f3w<br>S\u0105 dzie\u0107mi ob\u0142udy tych bestii<br>Ku zbrodniom wobec tych dzieci<br>Bo\u017cych tak sobie upodobali mie\u0107<br>Udzia\u0142 w bestii chorej ob\u0142udzie<\/p>\n\n\n\n<p>A m\u00f3wi\u0142a mi babcia<br>Uwa\u017caj na nich s\u0105 m\u015bciwi<br>I z\u0142o\u015bliwi nie wierzy\u0142em my\u015bla\u0142em<br>Dzieci jednego Boga to przecie\u017c<br>No to mamy co mamy<\/p>\n\n\n\n<p>To oni chyba g\u0142\u00f3wnie stanowi\u0105<br>Sekt\u0119 tych pacyn niszcz\u0105cych nas<br>Mnie za m\u00f3wienie Bo\u017cej prawdy<br>Bo oni przecie\u017c prawo s\u0142awi\u0105<br>Ale tych bestii totalno\u015bci z\u0142a<br>Byleby wobec tych dzieci Bo\u017cych<\/p>\n\n\n\n<p>Sami si\u0119 kompromituj\u0105 si\u0119 skompromitowali<br>Cho\u0107by przez te miejsca prawos\u0142awne<br>Kt\u00f3re odpowiednio na nas nastaj\u0105<br>W ob\u0142udzie tej misiowej tak\u017ce<br>Czy innej s\u0142u\u017cbowej ale i<br>Prywatnej bo nawet g\u00f3wniarze kt\u00f3re<br>Ledwie od ziemi odros\u0142y mog\u0105<br>Mie\u0107 udzia\u0142 w ob\u0142udzie prawos\u0142awnych<br>Ca\u0142kowicie pod\u0142ug tych bestii wobec<br>Tych dzieci Bo\u017cych si\u0142a z\u0142ego<br>Na jednego lubi\u0105 to ob\u0142udnicy<br>Zreszt\u0105 wszelacy a zw\u0142aszcza prawos\u0142awni<\/p>\n\n\n\n<p>Dzieci jednego Boga a mie\u0107<br>Udzia\u0142 sw\u00f3j sromotny w ob\u0142udzie<br>Szata\u0144skiej tych bestii za m\u00f3wienie<br>Prawdy nominalnej o sprawach Bo\u017cych<br>Przecie\u017c nie pod\u0142ug siebie samego<br>Swojego upodobania tak to przeszkadza<br>Tym wszelkim szatanom bo maj\u0105cym<br>Udzia\u0142 w ob\u0142udzie ku zbrodniom<br>Tych bestii wobec dzieci Bo\u017cych<br>Ale to jako\u015b nie przeszkadza<br>Tym zepsutym z\u0142o\u015bci\u0105 i nienawi\u015bci\u0105<br>A tak \u0142adnie o mi\u0142o\u015bci<br>I przebaczeniu m\u00f3wi\u0105 te pacyny<br>No przecie\u017c nie do tych<br>Dzieci Bo\u017cych a tylko wobec<br>Siebie samych i do bestii<\/p>\n\n\n\n<figure class=\"wp-block-gallery has-nested-images columns-default is-cropped wp-block-gallery-1 is-layout-flex wp-block-gallery-is-layout-flex\">\n<figure class=\"wp-block-image size-large\"><a href=\"https:\/\/hubertpietka.bialystok.pl\/wp-content\/uploads\/2026\/02\/1000051745-scaled.jpg\"><img loading=\"lazy\" decoding=\"async\" width=\"771\" height=\"1024\" data-id=\"10333\" src=\"https:\/\/hubertpietka.bialystok.pl\/wp-content\/uploads\/2026\/02\/1000051745-771x1024.jpg\" alt=\"\" class=\"wp-image-10333\" srcset=\"https:\/\/hubertpietka.bialystok.pl\/wp-content\/uploads\/2026\/02\/1000051745-771x1024.jpg 771w, https:\/\/hubertpietka.bialystok.pl\/wp-content\/uploads\/2026\/02\/1000051745-226x300.jpg 226w, https:\/\/hubertpietka.bialystok.pl\/wp-content\/uploads\/2026\/02\/1000051745-768x1020.jpg 768w, https:\/\/hubertpietka.bialystok.pl\/wp-content\/uploads\/2026\/02\/1000051745-1157x1536.jpg 1157w, https:\/\/hubertpietka.bialystok.pl\/wp-content\/uploads\/2026\/02\/1000051745-1542x2048.jpg 1542w, https:\/\/hubertpietka.bialystok.pl\/wp-content\/uploads\/2026\/02\/1000051745-scaled.jpg 1928w\" sizes=\"auto, (max-width: 771px) 100vw, 771px\" \/><\/a><\/figure>\n<\/figure>\n\n\n\n<p><em>Przecie\u017c szata\u0144skie zbrodnie tamtych byleby<br>Tylko nie dotyka\u0142y tych prawos\u0142awnych<br>To oni tym szatanom przecie\u017c<br>Wydadz\u0105 ich zbrodniom dzieci Bo\u017ce<br>Bo oni nie pod\u0142ug prawdy<br>Tej Bo\u017cej i og\u00f3lnoludzkiej<br>Oni s\u0142awi\u0105 prawo z\u0142a bestii<br>Ale byleby nie wobec nich<br>Tak \u0142atwo wydaj\u0105 ob\u0142udnicy tych<br>Kt\u00f3rych po\u017cre\u0107 chc\u0105 ob\u0142ud\u0105 szatany<br>I nie tylko wszystkie zbrodnie<br>Usprawiedliwione w prawie bestii s\u0142awieniu<br>Dok\u0142adnie jak faryzeusze za Jezusa<br>Przeciwko Jezusowi dope\u0142nijcie i wy<br>Ob\u0142udnicy zreszt\u0105 wszelacy dzie\u0142 swoich<br>B\u00f3g wam zap\u0142aci nie pod\u0142ug<br>Zepsutego prawa nienawi\u015bci kt\u00f3re s\u0142awicie<br>Lecz pod\u0142ug prawdy Bo\u017cej kt\u00f3r\u0105<br>Ja czy wam si\u0119 to<br>Podoba czy nie ale g\u0142osz\u0119<\/em><\/p>\n","protected":false},"excerpt":{"rendered":"<p>Prawos\u0142awni obok r\u00f3\u017cnych popapra\u0144c\u00f3w przest\u0119pc\u00f3wS\u0105 dzie\u0107mi ob\u0142udy tych bestiiKu zbrodniom wobec tych dzieciBo\u017cych tak sobie upodobali mie\u0107Udzia\u0142 w bestii chorej ob\u0142udzie A m\u00f3wi\u0142a mi babciaUwa\u017caj&hellip; <\/p>\n","protected":false},"author":1,"featured_media":0,"parent":0,"menu_order":0,"comment_status":"closed","ping_status":"closed","template":"","meta":{"footnotes":""},"class_list":["post-10332","page","type-page","status-publish","hentry"],"_links":{"self":[{"href":"https:\/\/hubertpietka.bialystok.pl\/index.php?rest_route=\/wp\/v2\/pages\/10332","targetHints":{"allow":["GET"]}}],"collection":[{"href":"https:\/\/hubertpietka.bialystok.pl\/index.php?rest_route=\/wp\/v2\/pages"}],"about":[{"href":"https:\/\/hubertpietka.bialystok.pl\/index.php?rest_route=\/wp\/v2\/types\/page"}],"author":[{"embeddable":true,"href":"https:\/\/hubertpietka.bialystok.pl\/index.php?rest_route=\/wp\/v2\/users\/1"}],"replies":[{"embeddable":true,"href":"https:\/\/hubertpietka.bialystok.pl\/index.php?rest_route=%2Fwp%2Fv2%2Fcomments&post=10332"}],"version-history":[{"count":1,"href":"https:\/\/hubertpietka.bialystok.pl\/index.php?rest_route=\/wp\/v2\/pages\/10332\/revisions"}],"predecessor-version":[{"id":10334,"href":"https:\/\/hubertpietka.bialystok.pl\/index.php?rest_route=\/wp\/v2\/pages\/10332\/revisions\/10334"}],"wp:attachment":[{"href":"https:\/\/hubertpietka.bialystok.pl\/index.php?rest_route=%2Fwp%2Fv2%2Fmedia&parent=10332"}],"curies":[{"name":"wp","href":"https:\/\/api.w.org\/{rel}","templated":true}]}}