{"id":10336,"date":"2026-02-21T23:00:13","date_gmt":"2026-02-21T23:00:13","guid":{"rendered":"https:\/\/hubertpietka.bialystok.pl\/?page_id=10336"},"modified":"2026-02-21T23:00:13","modified_gmt":"2026-02-21T23:00:13","slug":"czciciele-bestii-prawoslawni-zbrodniarze-obludnicy-obok-popaprancow-wszelkich-innych-w-zlu-zgodnie-przeciwko-w-prawdzie-dzieciom-bozym","status":"publish","type":"page","link":"https:\/\/hubertpietka.bialystok.pl\/?page_id=10336","title":{"rendered":"Czciciele bestii &#8211; prawos\u0142awni zbrodniarze ob\u0142udnicy obok popapra\u0144c\u00f3w wszelkich innych \/ w z\u0142u zgodnie &#8211; przeciwko w prawdzie dzieciom Bo\u017cym"},"content":{"rendered":"\n<p>Chyba rozpracowa\u0142em tych szatan\u00f3w bestie<br>I ich g\u0142\u00f3wnych wyznawc\u00f3w czyli<br>Ich szata\u0144stw czy\u017c to nie<br>Ob\u0142udnicy prawos\u0142awni i zbrodniarze<br>Te\u017c przy okazji cho\u0107by wobec<br>\u017bony tych piesk\u00f3w mnie naszego<br>A mo\u017ce i naszych<br>W ka\u017cdym razie niekt\u00f3rych bo<br>To oni maj\u0105 by\u0107 wykonawcami<br>I s\u0105 zbrodni tych szatan\u00f3w<br>Zreszt\u0105 wsz\u0119dzie jacy z nich<br>Wyznawcy Boga skoro oni maj\u0105<br>Uczestniczy\u0107 w bestii szata\u0144skich zbrodniach<\/p>\n\n\n\n<p>Ob\u0142udnicy prawos\u0142awni sami si\u0119 skompromitowali<br>Cho\u0107by w tych wioskach naszych<br>I w Bia\u0142ymstoku a mo\u017ce<br>Bardziej *<strong>Be\u0142stoku<\/strong>* przys\u0142owiowych gruszek<br>W popiele nie zasypuj\u0105 *<strong>be\u0142taj\u0105c<\/strong>* ob\u0142ud\u0105<br>Ku zbrodniom tych szatan\u00f3w<br>Na nas naszych i naszym<br>I to wsz\u0119dzie bo czy\u017c<br>Ob\u0142udniki niewini\u0105tka to nie czasem<br>W\u0142a\u015bnie te ob\u0142udniki prawos\u0142awne<br>W ko\u015bcio\u0142ach jaskinie zb\u00f3jc\u00f3w te\u017c<br>Czyni\u0105 g\u0142\u00f3wnie oni i w szko\u0142ach<br>G\u00f3wniarze zepsuci i poza nimi<br>Czy\u017c nie te\u017c z tego<br>Ob\u0142udnego rodu przemocy ob\u0142udni zbrodni<br>Wobec tych dzieci Bo\u017cych<br>Zreszt\u0105 i wsz\u0119dzie czy\u017c nas<br>Nie prze\u015bladuj\u0105 ob\u0142udnicy prawos\u0142awni misiowi<br>S\u0142u\u017cbowi prywatni niby przypadkowo pod<br>Jakimtamkolwiek pozorem byle spe\u0142nia\u0107 po\u017c\u0105dania<br>Ob\u0142\u0119dnie chore tych szata\u0144skich bestii<br>Tak z \u017con\u0105 z nami<br>W samochodach w miejscach naszych<br>Wsz\u0119dzie zepsuci prawos\u0142awni ob\u0142udnicy<br>&#8222;Si\u0142a z\u0142ego przecie\u017c na jednego&#8221;<br>I z tym pieskiem pod\u0142ug<br>Tez zepsutych tych szatan\u00f3w bo<br>Tak ich \u0142ajdactwom wszelkim przeszkadza<br>Trzeba to robi\u0107 co ob\u0142udnicy<br>Pr\u00f3bowali te\u017c przecie\u017c wcze\u015bniej z<br>Dumk\u0105 kiedy by\u0142a w tzw.<br>Sile wieku tak i z<br>Tym owczareczkiem jak on przeszkadza<br>Prawos\u0142awnym ob\u0142udnikom \u017ce ze mn\u0105<br>W samochodzie je\u017adzi cho\u0107by \u017ce<br>Mamy takiego obro\u0144c\u0119 cho\u0107by przed<\/p>\n\n\n\n<p>Tym te\u017c bydlakiem podwijskim teraz<br>Ka\u017cda taka zepsuta sprzedawczykowa menda<br>Prowieniencji katolickiej lub te\u017c innej<br>Jest u tych ob\u0142udnik\u00f3w prawos\u0142awnych<br>I bestii za cen\u0119 z\u0142ota<br>Bo ona niby przeczy tezie<br>Zepsutych ob\u0142udnik\u00f3w prawos\u0142awnych i dzia\u0142a\u0144<br>Bezpo\u015brednich tych szata\u0144sko ob\u0142\u0119dnych bestii<br>B\u0119d\u0105 teraz szuka\u0107 takich ceni\u0107<br>Ob\u0142udnicy prawos\u0142awni i bestie byle<br>Zado\u015b\u0107 uczyni\u0107 po\u017c\u0105daniom chorych zbrodni<br>Tak zepsute ob\u0142ud\u0105 s\u0105 szatany<br>Nienasycone krwi\u0105 zniszczeniem Bo\u017cych dzieci<br>W prawdzie nie pod\u0142ug samookre\u015ble\u0144<br>Ob\u0142udnik\u00f3w zreszt\u0105 wszelakich jak to<br>Nie sekta skoro dzia\u0142a szata\u0144sko<br>Pod\u0142ug bestii a nie Boga<\/p>\n\n\n\n<p>I zapewne ci prawos\u0142awni ob\u0142udnicy<br>Jakby tu wkroczyli ci ruscy<br>To b\u0119d\u0105 ich wita\u0107 jako<br>Zbawiciel\u00f3w nowych znamy to przecie\u017c<br>Z historii chlebem i sol\u0105<br>Zepsuci prawos\u0142awni ob\u0142udnicy skoro cho\u0107by<br>*<strong>Be\u0142stok<\/strong>*<br>S\u0105 zawsze przeciwko prawdziwym katolikom<br>I polskim patriotom to im<br>Zawsze przychodzi\u0142o bardzo \u0142atwo<br>Zdrada Polski i katolik\u00f3w zdrada<br>Jak by\u0142o w historii zreszt\u0105<br>I tak jest te\u017c teraz<br>Chc\u0105 by\u0107 w Ko\u015bciele sekt\u0105<br>By pe\u0142ni\u0107 dzie\u0142a tych bestii<br>To i zapewne im nie<br>B\u0119dzie przeszkadza\u0107 wyst\u0119powa\u0107 przeciwko braciom<br>Je\u015bli tak im naka\u017c\u0105 ruscy<br>\u015awiata maj\u0105cy by\u0107 przecie\u017c wszechw\u0142adcy<\/p>\n\n\n\n<figure class=\"wp-block-gallery has-nested-images columns-default is-cropped wp-block-gallery-1 is-layout-flex wp-block-gallery-is-layout-flex\">\n<figure class=\"wp-block-image size-large\"><a href=\"https:\/\/hubertpietka.bialystok.pl\/wp-content\/uploads\/2026\/02\/1000051791-scaled.jpg\"><img loading=\"lazy\" decoding=\"async\" width=\"771\" height=\"1024\" data-id=\"10337\" src=\"https:\/\/hubertpietka.bialystok.pl\/wp-content\/uploads\/2026\/02\/1000051791-771x1024.jpg\" alt=\"\" class=\"wp-image-10337\" srcset=\"https:\/\/hubertpietka.bialystok.pl\/wp-content\/uploads\/2026\/02\/1000051791-771x1024.jpg 771w, https:\/\/hubertpietka.bialystok.pl\/wp-content\/uploads\/2026\/02\/1000051791-226x300.jpg 226w, https:\/\/hubertpietka.bialystok.pl\/wp-content\/uploads\/2026\/02\/1000051791-768x1020.jpg 768w, https:\/\/hubertpietka.bialystok.pl\/wp-content\/uploads\/2026\/02\/1000051791-1157x1536.jpg 1157w, https:\/\/hubertpietka.bialystok.pl\/wp-content\/uploads\/2026\/02\/1000051791-1542x2048.jpg 1542w, https:\/\/hubertpietka.bialystok.pl\/wp-content\/uploads\/2026\/02\/1000051791-scaled.jpg 1928w\" sizes=\"auto, (max-width: 771px) 100vw, 771px\" \/><\/a><\/figure>\n<\/figure>\n\n\n\n<p><em>Chyba to tak jako\u015b si\u0119<br>Samo rozpracowa\u0142o poprzez ob\u0142ud\u0119 prawos\u0142awnych<br>Reszta zapewne te\u017c dopisze si\u0119<br>Odpowiednio w zbrodniach kolejnych wobec<br>Tych Bo\u017cych dzieci ich braci<br>Ale nie pod\u0142ug zasad sekty<br>Pod\u0142ug tych zasad mo\u017cna przecie\u017c<br>Zawsze wsz\u0119dzie m\u015bci\u0107 na niewinnych<br>Pod\u0142ug zepsucia szata\u0144skiego bestii ca\u0142kowicie<br>Zreszt\u0105 no ale to szczeg\u00f3\u0142<br>A innowiercze polskie szuje te\u017c<br>Mo\u017ce ju\u017c wyci\u0105gaj\u0105 szyje<br>Po kas\u0119 bestii za \u0142ajdactwa<br>I zobacz co za paradoks<br>Wspaniali prawos\u0142awni z aborterami genderowcami<br>Homo co\u015b tam nie wiadomo<br>I zwyk\u0142ymi bandytami jako oni<br>Wszyscy zgodnie w ob\u0142udzie ku<br>Zbrodniom sromotnym tych bestii wsp\u00f3\u0142graj\u0105<br>Przeciwko tym dzieciom Bo\u017cym niewinnym<br>Tej nienawi\u015bci chorej ichniemu ichnim<br>Koniec kropka taka prawda Bo\u017ca<br>Na przek\u00f3r ob\u0142udnikom zbrodniarzom wszelakim<\/em><\/p>\n","protected":false},"excerpt":{"rendered":"<p>Chyba rozpracowa\u0142em tych szatan\u00f3w bestieI ich g\u0142\u00f3wnych wyznawc\u00f3w czyliIch szata\u0144stw czy\u017c to nieOb\u0142udnicy prawos\u0142awni i zbrodniarzeTe\u017c przy okazji cho\u0107by wobec\u017bony tych piesk\u00f3w mnie naszegoA mo\u017ce&hellip; <\/p>\n","protected":false},"author":1,"featured_media":0,"parent":0,"menu_order":0,"comment_status":"closed","ping_status":"closed","template":"","meta":{"footnotes":""},"class_list":["post-10336","page","type-page","status-publish","hentry"],"_links":{"self":[{"href":"https:\/\/hubertpietka.bialystok.pl\/index.php?rest_route=\/wp\/v2\/pages\/10336","targetHints":{"allow":["GET"]}}],"collection":[{"href":"https:\/\/hubertpietka.bialystok.pl\/index.php?rest_route=\/wp\/v2\/pages"}],"about":[{"href":"https:\/\/hubertpietka.bialystok.pl\/index.php?rest_route=\/wp\/v2\/types\/page"}],"author":[{"embeddable":true,"href":"https:\/\/hubertpietka.bialystok.pl\/index.php?rest_route=\/wp\/v2\/users\/1"}],"replies":[{"embeddable":true,"href":"https:\/\/hubertpietka.bialystok.pl\/index.php?rest_route=%2Fwp%2Fv2%2Fcomments&post=10336"}],"version-history":[{"count":1,"href":"https:\/\/hubertpietka.bialystok.pl\/index.php?rest_route=\/wp\/v2\/pages\/10336\/revisions"}],"predecessor-version":[{"id":10338,"href":"https:\/\/hubertpietka.bialystok.pl\/index.php?rest_route=\/wp\/v2\/pages\/10336\/revisions\/10338"}],"wp:attachment":[{"href":"https:\/\/hubertpietka.bialystok.pl\/index.php?rest_route=%2Fwp%2Fv2%2Fmedia&parent=10336"}],"curies":[{"name":"wp","href":"https:\/\/api.w.org\/{rel}","templated":true}]}}