{"id":1034,"date":"2018-02-21T12:06:52","date_gmt":"2018-02-21T12:06:52","guid":{"rendered":"http:\/\/hubertpietka.bialystok.pl\/?page_id=1034"},"modified":"2018-02-21T12:40:07","modified_gmt":"2018-02-21T12:40:07","slug":"kocham-cie","status":"publish","type":"page","link":"https:\/\/hubertpietka.bialystok.pl\/?page_id=1034","title":{"rendered":"Kocham Ci\u0119"},"content":{"rendered":"<p><strong>Kocham Ci\u0119<\/strong><\/p>\n<p>&nbsp;<\/p>\n<p>\u017bono moja<\/p>\n<p>rodzino droga<\/p>\n<p>&nbsp;<\/p>\n<p><em>kocham Was<\/em><\/p>\n<p><em>kocham Ci\u0119<\/em><\/p>\n<p><em>siostro i bracie<\/em><\/p>\n<p>&#8211; we krwi pokrewie\u0144stwie<\/p>\n<p>&nbsp;<\/p>\n<p>przyjaciele<\/p>\n<p>i koledzy<\/p>\n<p>&nbsp;<\/p>\n<p><em>kocham Was<\/em><\/p>\n<p><em>kocham Ci\u0119<\/em><\/p>\n<p><em>siostro i bracie<\/em><\/p>\n<p>&#8211; w \u017cycia wsp\u00f3lnocie<\/p>\n<p>&nbsp;<\/p>\n<p>s\u0105siedzi<\/p>\n<p>i wsp\u00f3\u0142pracownicy<\/p>\n<p>&nbsp;<\/p>\n<p><em>kocham Was<\/em><\/p>\n<p><em>kocham Ci\u0119<\/em><\/p>\n<p><em>siostro i bracie<\/em><\/p>\n<p>&#8211; we wsp\u00f3lnej \u017cycia drodze<\/p>\n<p>&nbsp;<\/p>\n<p>Polacy<\/p>\n<p>wszystkie narody<\/p>\n<p>&nbsp;<\/p>\n<p><em>kocham Was<\/em><\/p>\n<p><em>kocham Ci\u0119<\/em><\/p>\n<p><em>siostro i bracie<\/em><\/p>\n<p>&#8211; we wsp\u00f3lnym ludzkim bycie<\/p>\n<p>&nbsp;<\/p>\n<p>bliscy i dalecy<\/p>\n<p>znajomi i nieznajomi<\/p>\n<p>&nbsp;<\/p>\n<p><em>kocham Was<\/em><\/p>\n<p><em>kocham Ci\u0119<\/em><\/p>\n<p><em>siostro i bracie<\/em><\/p>\n<p>&#8211; w tym naszym \u015bwiecie<\/p>\n<p>&nbsp;<\/p>\n<p>wszyscy ludzie<\/p>\n<p>dobrzy i \u017ali<\/p>\n<p>&nbsp;<\/p>\n<p><em>kocham Was<\/em><\/p>\n<p><em>kocham Ci\u0119<\/em><\/p>\n<p><em>siostro i bracie<\/em><\/p>\n<p>&#8211; we wsp\u00f3lnej \u017cycia drodze<\/p>\n<p>&nbsp;<\/p>\n<p>\u017cywi i umarli<\/p>\n<p>wierz\u0105cy i nie<\/p>\n<p>&nbsp;<\/p>\n<p><em>kocham Was<\/em><\/p>\n<p><em>kocham Ci\u0119<\/em><\/p>\n<p><em>siostro i bracie<\/em><\/p>\n<p>&#8211; w naszym eschatologicznym bycie<\/p>\n<p>&nbsp;<\/p>\n<p>mimo \u017ce czasem<\/p>\n<p>patykiem na piasku pisz\u0119<\/p>\n<p>bo musz\u0119<\/p>\n<p>ale dlatego to \u017ce<\/p>\n<p>&nbsp;<\/p>\n<p><em>kocham Was<\/em><\/p>\n<p><em>kocham Ci\u0119<\/em><\/p>\n<p><em>siostro i bracie<\/em><\/p>\n<p>&#8211; w rado\u015bci i \u0142ez wsp\u00f3lnocie<\/p>\n<p>&nbsp;<\/p>\n<p>za to \u017ce jeste\u015b\/my<\/p>\n<p>za zadania i cele cz\u0142owieka<\/p>\n<p>&nbsp;<\/p>\n<p>kocham Was<\/p>\n<p>kocham Ci\u0119<\/p>\n<p>siostro i bracie<\/p>\n<p>&#8211; a Ty mnie?<\/p>\n<p>&nbsp;<\/p>\n<p style=\"text-align: center;\"><strong><a href=\"https:\/\/www.youtube.com\/watch?v=onz2jdOkAtY\">D\u017cem &#8211; Abym m\u00f3g\u0142 przed siebie i\u015b\u0107<\/a><\/strong><\/p>\n<p style=\"text-align: center;\"><strong><a href=\"https:\/\/www.youtube.com\/watch?v=661sTP275nE\">Perfect &#8211; Chcemy by\u0107 sob\u0105<\/a><\/strong><\/p>\n<p style=\"text-align: center;\"><strong><a href=\"https:\/\/www.youtube.com\/watch?v=L2k2rmhT2lM\">Maanam &#8211; Kocham ci\u0119, kochanie moje<\/a><\/strong><\/p>\n<h1 class=\"title style-scope ytd-video-primary-info-renderer\" style=\"text-align: center;\"><a href=\"https:\/\/www.youtube.com\/watch?v=NHCgJIL2DXg\">Nosowska &amp; Voo Voo &#8211; Nim stanie si\u0119 tak<\/a><\/h1>\n<p style=\"text-align: center;\"><strong><a href=\"https:\/\/www.youtube.com\/watch?v=KOY_05KwJYk\">Krzysztof Krawczyk &#8211; Bo jeste\u015b ty<\/a><\/strong><\/p>\n","protected":false},"excerpt":{"rendered":"<p>Kocham Ci\u0119 &nbsp; \u017bono moja rodzino droga &nbsp; kocham Was kocham Ci\u0119 siostro i bracie &#8211; we krwi pokrewie\u0144stwie &nbsp; przyjaciele i koledzy &nbsp; kocham&hellip; <\/p>\n","protected":false},"author":1,"featured_media":0,"parent":0,"menu_order":0,"comment_status":"closed","ping_status":"closed","template":"","meta":{"footnotes":""},"class_list":["post-1034","page","type-page","status-publish","hentry"],"_links":{"self":[{"href":"https:\/\/hubertpietka.bialystok.pl\/index.php?rest_route=\/wp\/v2\/pages\/1034","targetHints":{"allow":["GET"]}}],"collection":[{"href":"https:\/\/hubertpietka.bialystok.pl\/index.php?rest_route=\/wp\/v2\/pages"}],"about":[{"href":"https:\/\/hubertpietka.bialystok.pl\/index.php?rest_route=\/wp\/v2\/types\/page"}],"author":[{"embeddable":true,"href":"https:\/\/hubertpietka.bialystok.pl\/index.php?rest_route=\/wp\/v2\/users\/1"}],"replies":[{"embeddable":true,"href":"https:\/\/hubertpietka.bialystok.pl\/index.php?rest_route=%2Fwp%2Fv2%2Fcomments&post=1034"}],"version-history":[{"count":7,"href":"https:\/\/hubertpietka.bialystok.pl\/index.php?rest_route=\/wp\/v2\/pages\/1034\/revisions"}],"predecessor-version":[{"id":1042,"href":"https:\/\/hubertpietka.bialystok.pl\/index.php?rest_route=\/wp\/v2\/pages\/1034\/revisions\/1042"}],"wp:attachment":[{"href":"https:\/\/hubertpietka.bialystok.pl\/index.php?rest_route=%2Fwp%2Fv2%2Fmedia&parent=1034"}],"curies":[{"name":"wp","href":"https:\/\/api.w.org\/{rel}","templated":true}]}}