{"id":10340,"date":"2026-02-22T21:41:38","date_gmt":"2026-02-22T21:41:38","guid":{"rendered":"https:\/\/hubertpietka.bialystok.pl\/?page_id=10340"},"modified":"2026-02-22T21:49:01","modified_gmt":"2026-02-22T21:49:01","slug":"prawoslawni-obludnicy-zepsuci-nic-nie-rozumieja-z-tego-co-znaczy-byc-w-kosciele-prawdziwymi-bozymi-dziecmi-ci-majacy-wspoludzial-w-zbrodniach-bestii-zepsutych","status":"publish","type":"page","link":"https:\/\/hubertpietka.bialystok.pl\/?page_id=10340","title":{"rendered":"Prawos\u0142awni ob\u0142udnicy zepsuci \/ nic nie rozumiej\u0105 z tego &#8211; co znaczy by\u0107 w Ko\u015bciele \/ prawdziwymi Bo\u017cymi dzie\u0107mi &#8211; ci maj\u0105cy sw\u00f3j udzia\u0142 \/ w zbrodniach bestii"},"content":{"rendered":"\n<p>1.<br>To tak naprawd\u0119 pokazuje \u017ce<br>Nic nie rozumiej\u0105 z prawdziwej<br>Wiary w Ko\u015bciele prawos\u0142awni ob\u0142udnicy<br>Skoro dla nich bycie w<br>Ko\u015bciele oznacza chore chronienie niby<br>Praw tej sekty i przy okazji<br>Doskonale si\u0119 wpisuj\u0105 w ob\u0142ud\u0119<br>Ku zbrodniom bestii na nas<br>Wobec nas naszego i naszych<br>To pokazuje \u017ce oni nic<br>Nie rozumiej\u0105 z prawdziwej wiary<br>Skoro mo\u017cna \u0142ajdaczy\u0107 nawet przy<br>Naj\u015bwi\u0119tszym Sakramencie w ko\u015bciele i<br>Przy ko\u015bciele nic nie rozumiej\u0105<br>Prawos\u0142awni ob\u0142udnicy skoro oni my\u015bl\u0105<br>\u017be bycie w sekcie daje<br>Im prawo do z\u0142oczynienia wobec<br>Tych dzieci Bo\u017cych ichniemu ichnim<br>W taki czy inny spos\u00f3b<br>Bo nie zrozumieli ob\u0142udnicy bestii<br>\u017be nie nale\u017cy z\u0142oczyni\u0107 wcale<br>I \u017ce nienawi\u015b\u0107 ob\u0142udnik\u00f3w wszelakich<br>Nie jest tu usprawiedliwieniem \u017cadnym<br>Dlatego s\u0105 sekt\u0105 w Ko\u015bciele<br>Bo post\u0119puj\u0105 pod\u0142ug tego ku<br>Z\u0142u wszelkiemu zreszt\u0105 wobec tych<br>Niewinnych tak naprawd\u0119 Bo\u017cych dzieci<br>Kt\u00f3re przez g\u0142oszenie Bo\u017cej prawdy<br>Narazi\u0142y si\u0119 na ob\u0142udnik\u00f3w sromotnych nienawi\u015b\u0107<br>Prawos\u0142awnych czy tam zepsutych jakich<\/p>\n\n\n\n<p>Czy\u017c to nie dotyczy te\u017c<br>Tej ob\u0142udy misiowej s\u0142u\u017cbist\u00f3w innych<br>Ca\u0142kowicie pod\u0142ug tej sekty nienawi\u015bci<br>I co za paradoks ca\u0142kowicie<br>Te\u017c ze z\u0142owrogo\u015bci\u0105 bestii szata\u0144skich<br>Nie rozumiej\u0105 ob\u0142udnicy prawos\u0142awni inni<br>Zepsuci \u017ce nie mo\u017cna mie\u0107<br>Nic wsp\u00f3lnego ze z\u0142em bestii<br>Z ich ob\u0142ud\u0105 ku zbrodniom<br>A tymczasem ci ob\u0142udnicy to<br>Wype\u0142niaj\u0105 w\u0142a\u015bnie ca\u0142kowicie hipokryzja totalna<br>I oni s\u0105 niby tymi<br>W Ko\u015bciele Bo\u017cymi dzie\u0107mi totalnie<br>Wsp\u00f3\u0142pracuj\u0105c ze zbrodniami tych bestii<br>Ku \u015bmierci zniewoleniu i zniszczeniu<br>Wobec nas naszych i naszego<br>Nie rozumiej\u0105 biedni moraln\u0105 n\u0119dz\u0105<br>\u017be nie powinni mie\u0107 nic<br>Z tym wsp\u00f3lnego je\u015bli chc\u0105<br>By\u0107 w prawdzie dzie\u0107mi Bo\u017cymi<br>Ale chyba wol\u0105 by\u0107 w\u0142a\u015bnie<br>Takimi obludnikami prostackimi s\u0142u\u017calcami bestii<br>W z\u0142u zepsutym totalnie wszelkim<\/p>\n\n\n\n<p>2.<br>Zadowolone szatany \u017ce dzisiaj pi\u0142ki<br>Tej nie mia\u0142em a pewnie<br>Oni si\u0119 ze z\u0142a ka\u017cdego<br>Dla nas ciesz\u0105 zepsuci ob\u0142udnicy<br>Troch\u0119 mniej pewnie s\u0105 zadowoleni<br>Z postawy jagiello\u0144czyk\u00f3w w futsalu<br>Bo m\u0142odzie\u017c\u00f3wka do lat 19<br>Zdoby\u0142a w\u0142a\u015bnie Mistrzostwo Polski a<br>Ich koledzy seniorzy 8:2 rozgromili<br>Szczecin w 1 lidze futsalu<br>No i Jagiellonia na trawie<br>Cho\u0107 nie wygrali to te\u017c<br>Nie przegrali z Radomiakiem my\u015bl\u0119<br>\u017be to nie jest pow\u00f3d<br>Do zadowolenie tych bestii a<br>Po dniu takich cho\u0107by sukces\u00f3w<br>Pasuje szatanom bym sam se<br>Nie pogra\u0142 wiadomo pi\u0142ka zdrowie<\/p>\n\n\n\n<p>3.<br>I tak przeszkadza szata\u0144skim ob\u0142udnikom<br>I zbrodniarzom przy okazji<br>Bo jedno do drugiego prowadzi<br>Wra\u017cliwo\u015b\u0107 \u017cony na potrzeby moje<br>Oni przecie\u017c maj\u0105 inne gwiazdy<br>Wra\u017cliwe raczej na siebie same<br>A to pasuje tym szatanom<br>Dobra potencjalno\u015b\u0107 to przecie\u017c do<br>\u0141ajdaczenia takiego czy innego ewentualnie<\/p>\n\n\n\n<p>I zobacz ob\u0142udnicy wszystko policz\u0105<br>\u017bonie brak uczestnictwa w Eucharystii<br>Tej niedzielnej wiadomo przecie\u017c \u017ce<br>Szatany cho\u0107by ob\u0142udnicy ci prawos\u0142awni<br>Chc\u0105 j\u0105 i tam zabi\u0107<br>Wi\u0119c ob\u0142udnicy szata\u0144scy wierutni sromotni<br>Ka\u017cda jej nieobecno\u015b\u0107 taka jest<br>W\u0142a\u015bnie tym usprawiedliwiona waszymi chorymi<br>D\u0105\u017ceniami do \u015bmierci zniewolenia jej<br>W Bogu jest to hipokryci<br>Dok\u0142adnie policzone i wbrew waszej<br>Ob\u0142udzie ob\u0142\u0119dnie chorej ca\u0142kowicie usprawiedliwione<\/p>\n\n\n\n<figure class=\"wp-block-gallery has-nested-images columns-default is-cropped wp-block-gallery-1 is-layout-flex wp-block-gallery-is-layout-flex\">\n<figure class=\"wp-block-image size-large\"><a href=\"https:\/\/hubertpietka.bialystok.pl\/wp-content\/uploads\/2026\/02\/1000051897.jpg\"><img loading=\"lazy\" decoding=\"async\" width=\"771\" height=\"1024\" data-id=\"10342\" src=\"https:\/\/hubertpietka.bialystok.pl\/wp-content\/uploads\/2026\/02\/1000051897-771x1024.jpg\" alt=\"\" class=\"wp-image-10342\" srcset=\"https:\/\/hubertpietka.bialystok.pl\/wp-content\/uploads\/2026\/02\/1000051897-771x1024.jpg 771w, https:\/\/hubertpietka.bialystok.pl\/wp-content\/uploads\/2026\/02\/1000051897-226x300.jpg 226w, https:\/\/hubertpietka.bialystok.pl\/wp-content\/uploads\/2026\/02\/1000051897-768x1021.jpg 768w, https:\/\/hubertpietka.bialystok.pl\/wp-content\/uploads\/2026\/02\/1000051897-1156x1536.jpg 1156w, https:\/\/hubertpietka.bialystok.pl\/wp-content\/uploads\/2026\/02\/1000051897.jpg 1204w\" sizes=\"auto, (max-width: 771px) 100vw, 771px\" \/><\/a><\/figure>\n<\/figure>\n\n\n\n<p><em>Nie rozumiej\u0105 ob\u0142udnicy cho\u0107by prawos\u0142awni<br>\u017be najwi\u0119kszym nieszcz\u0119\u015bciem jest udzia\u0142<br>W zbrodniach tych bestii nic<br>Nie rozumiej\u0105 sekciarze z prawdy<br>Postawy prawdziwej w Ko\u015bciele bycia<br>A poza tym w\u0142a\u015bnie tacy<br>Mog\u0105 na ka\u017cdym kroku wobec<br>Nas ob\u0142udnie \u0142ajdaczy\u0107 ku zbrodniom<br>Tych bestii w szata\u0144stwach chorym<br>Mog\u0105 nas prze\u015bladowa\u0107 wsz\u0119dzie ob\u0142udnicy<br>Zepsuci prawos\u0142awni czy tam jacy<br>Zawodowi prywatni i s\u0142u\u017cbowi<br>Bo nic nie rozumiej\u0105 hipokryci<br>Co znaczy by\u0107 w prawdzie<br>Bo\u017cymi dzie\u0107mi tak\u017ce wobec braci<br>Cho\u0107 udaj\u0105 \u017ce s\u0105 w<br>Ko\u015bciele tym samym chyba<br>Po to tylko by spe\u0142nia\u0107<br>Swe chore ambicje i pacyn<br>Skoro nie przeszkadzaj\u0105 im zbrodnie<br>Bestii ka\u017cde ich z\u0142o szata\u0144skie<br>Chc\u0105cy perfidnie mie\u0107 sw\u00f3j wsp\u00f3\u0142udzia\u0142<br>W tych prze\u015bladowaniach chorych bestii<br>Wobec dzieci Bo\u017cych ich ichniego<\/em><\/p>\n","protected":false},"excerpt":{"rendered":"<p>1.To tak naprawd\u0119 pokazuje \u017ceNic nie rozumiej\u0105 z prawdziwejWiary w Ko\u015bciele prawos\u0142awni ob\u0142udnicySkoro dla nich bycie wKo\u015bciele oznacza chore chronienie nibyPraw tej sekty i przy&hellip; <\/p>\n","protected":false},"author":1,"featured_media":0,"parent":0,"menu_order":0,"comment_status":"closed","ping_status":"closed","template":"","meta":{"footnotes":""},"class_list":["post-10340","page","type-page","status-publish","hentry"],"_links":{"self":[{"href":"https:\/\/hubertpietka.bialystok.pl\/index.php?rest_route=\/wp\/v2\/pages\/10340","targetHints":{"allow":["GET"]}}],"collection":[{"href":"https:\/\/hubertpietka.bialystok.pl\/index.php?rest_route=\/wp\/v2\/pages"}],"about":[{"href":"https:\/\/hubertpietka.bialystok.pl\/index.php?rest_route=\/wp\/v2\/types\/page"}],"author":[{"embeddable":true,"href":"https:\/\/hubertpietka.bialystok.pl\/index.php?rest_route=\/wp\/v2\/users\/1"}],"replies":[{"embeddable":true,"href":"https:\/\/hubertpietka.bialystok.pl\/index.php?rest_route=%2Fwp%2Fv2%2Fcomments&post=10340"}],"version-history":[{"count":4,"href":"https:\/\/hubertpietka.bialystok.pl\/index.php?rest_route=\/wp\/v2\/pages\/10340\/revisions"}],"predecessor-version":[{"id":10346,"href":"https:\/\/hubertpietka.bialystok.pl\/index.php?rest_route=\/wp\/v2\/pages\/10340\/revisions\/10346"}],"wp:attachment":[{"href":"https:\/\/hubertpietka.bialystok.pl\/index.php?rest_route=%2Fwp%2Fv2%2Fmedia&parent=10340"}],"curies":[{"name":"wp","href":"https:\/\/api.w.org\/{rel}","templated":true}]}}